{"id":11826,"date":"2025-04-08T16:20:49","date_gmt":"2025-04-08T09:20:49","guid":{"rendered":"https:\/\/thietbidienlama.com\/?post_type=product&#038;p=11826"},"modified":"2025-04-12T07:10:33","modified_gmt":"2025-04-12T00:10:33","slug":"den-gan-tuong-euroto-cn-152-trang-tri-ban-cong","status":"publish","type":"product","link":"https:\/\/www.thietbidienlama.com\/en\/den-gan-tuong-euroto-cn-152-trang-tri-ban-cong\/","title":{"rendered":"\u0110\u00e8n G\u1eafn T\u01b0\u1eddng Trang Tr\u00ed Euroto CN-152"},"content":{"rendered":"<h2><span style=\"color: #000000;\">\u0110\u00e8n g\u1eafn t\u01b0\u1eddng trang tr\u00ed hi\u1ec7n \u0111\u1ea1i <\/span><span style=\"color: #000000;\">Euroto CN-152<\/span><\/h2>\n<p><span style=\"color: #000000;\">K\u00edch th\u01b0\u1edbc: \u00d870 x H200<\/span><\/p>\n<p><span style=\"color: #000000;\">IP: 54<\/span><\/p>\n<p><span style=\"color: #000000;\">Ch\u1ea5t li\u1ec7u: kim lo\u1ea1i s\u01a1n t\u0129nh \u0111i\u1ec7n, chao th\u1ee7y tinh<\/span><\/p>\n<p><span style=\"color: #000000;\">\u0110\u00e8n s\u1eed d\u1ee5ng b\u00f3ng: SMD \u2013 5W x 2 b\u00f3ng<\/span><\/p>\n<p><span style=\"color: #000000;\">\u0110\u00e8n \u0111\u00e3 bao g\u1ed3m b\u00f3ng<\/span><\/p>\n<p><span style=\"color: #000000;\">B\u1ea3o h\u00e0nh: 2 n\u0103m<\/span><\/p>","protected":false},"excerpt":{"rendered":"<p>\u0110\u00e8n g\u1eafn t\u01b0\u1eddng trang tr\u00ed hi\u1ec7n \u0111\u1ea1i Euroto CN-152 K\u00edch th\u01b0\u1edbc: \u00d870 x H200 IP: 54 Ch\u1ea5t li\u1ec7u: kim lo\u1ea1i<\/p>","protected":false},"featured_media":11830,"comment_status":"closed","ping_status":"closed","template":"","meta":[],"product_brand":[],"product_cat":[505,847,845],"product_tag":[],"class_list":{"0":"post-11826","1":"product","2":"type-product","3":"status-publish","4":"has-post-thumbnail","6":"product_cat-den-trang-tri","7":"product_cat-den-trang-tri-ngoai-troi","8":"product_cat-den-tuong-trang-tri","10":"first","11":"instock","12":"sale","13":"shipping-taxable","14":"purchasable","15":"product-type-simple"},"_links":{"self":[{"href":"https:\/\/www.thietbidienlama.com\/en\/wp-json\/wp\/v2\/product\/11826","targetHints":{"allow":["GET"]}}],"collection":[{"href":"https:\/\/www.thietbidienlama.com\/en\/wp-json\/wp\/v2\/product"}],"about":[{"href":"https:\/\/www.thietbidienlama.com\/en\/wp-json\/wp\/v2\/types\/product"}],"replies":[{"embeddable":true,"href":"https:\/\/www.thietbidienlama.com\/en\/wp-json\/wp\/v2\/comments?post=11826"}],"version-history":[{"count":5,"href":"https:\/\/www.thietbidienlama.com\/en\/wp-json\/wp\/v2\/product\/11826\/revisions"}],"predecessor-version":[{"id":11908,"href":"https:\/\/www.thietbidienlama.com\/en\/wp-json\/wp\/v2\/product\/11826\/revisions\/11908"}],"wp:featuredmedia":[{"embeddable":true,"href":"https:\/\/www.thietbidienlama.com\/en\/wp-json\/wp\/v2\/media\/11830"}],"wp:attachment":[{"href":"https:\/\/www.thietbidienlama.com\/en\/wp-json\/wp\/v2\/media?parent=11826"}],"wp:term":[{"taxonomy":"product_brand","embeddable":true,"href":"https:\/\/www.thietbidienlama.com\/en\/wp-json\/wp\/v2\/product_brand?post=11826"},{"taxonomy":"product_cat","embeddable":true,"href":"https:\/\/www.thietbidienlama.com\/en\/wp-json\/wp\/v2\/product_cat?post=11826"},{"taxonomy":"product_tag","embeddable":true,"href":"https:\/\/www.thietbidienlama.com\/en\/wp-json\/wp\/v2\/product_tag?post=11826"}],"curies":[{"name":"wp","href":"https:\/\/api.w.org\/{rel}","templated":true}]}}