{"id":11798,"date":"2025-04-08T10:04:16","date_gmt":"2025-04-08T03:04:16","guid":{"rendered":"https:\/\/thietbidienlama.com\/?post_type=product&#038;p=11798"},"modified":"2025-04-11T06:28:40","modified_gmt":"2025-04-10T23:28:40","slug":"den-tuong-trang-tri-euroto-v-296","status":"publish","type":"product","link":"https:\/\/www.thietbidienlama.com\/en\/den-tuong-trang-tri-euroto-v-296\/","title":{"rendered":"\u0110\u00e8n T\u01b0\u1eddng Trang Tr\u00ed Ph\u00f2ng Ng\u1ee7 Euroto V-296"},"content":{"rendered":"<h2><span style=\"color: #000000;\"><strong>\u0110\u00e8n t\u01b0\u1eddng trang tr\u00ed ph\u00f2ng ng\u1ee7 Euroto V-296<\/strong><\/span><\/h2>\n<p><span style=\"color: #000000;\"><strong>D\u00f2ng s\u1ea3n ph\u1ea9m<\/strong>: \u0110\u00e8n t\u01b0\u1eddng ph\u00f2ng ng\u1ee7<\/span><br \/>\n<span style=\"color: #000000;\"><strong>M\u00e0u s\u1eafc \u00e1nh s\u00e1ng<\/strong>: \u00c1nh s\u00e1ng tr\u1eafng ho\u1eb7c v\u00e0ng.<\/span><br \/>\n<span style=\"color: #000000;\"><strong>Chi\u1ec1u ngang \u0111\u00e8n<\/strong>: 130mm.<\/span><br \/>\n<span style=\"color: #000000;\"><strong>Chi\u1ec1u cao \u0111\u00e8n<\/strong>: 280mm.<\/span><br \/>\n<span style=\"color: #000000;\"><strong>Ch\u1ea5t li\u1ec7u<\/strong>: Th\u00e2n \u0111\u00e8n b\u1eb1ng inox v\u00e0 chao \u0111\u00e8n b\u1eb1ng th\u1ee7y tinh.<\/span><br \/>\n<span style=\"color: #000000;\"><strong>Xu\u1ea5t x\u1ee9<\/strong>: H\u00e0ng nh\u1eadp kh\u1ea9u.<\/span><br \/>\n<span style=\"color: #000000;\"><strong>Lo\u1ea1i b\u00f3ng<\/strong>: B\u00f3ng E27 x 1, gi\u00e1 tr\u00ean ch\u01b0a bao g\u1ed3m b\u00f3ng.<\/span><br \/>\n<span style=\"color: #000000;\"><strong>M\u00f4 t\u1ea3<\/strong>: \u0110\u00e8n t\u01b0\u1eddng trang tr\u00ed \u0111\u01b0\u1ee3c c\u1ea5u t\u1ea1o v\u1edbi m\u00e2m \u0111\u00e8n b\u1eb1ng inox v\u00e0 chao \u0111\u00e8n b\u1eb1ng th\u1ee7y tinh k\u1ebft h\u1ee3p v\u1edbi b\u00f3ng led cho kh\u00f4ng gian chi\u1ebfu s\u00e1ng th\u00eam \u1ea5n t\u01b0\u1ee3ng.<\/span><br \/>\n<span style=\"color: #000000;\"><strong>\u1ee8ng d\u1ee5ng<\/strong>: S\u1eed d\u1ee5ng trong trang tr\u00ed ph\u00f2ng kh\u00e1ch, ph\u00f2ng ng\u1ee7, kh\u00f4ng gian sinh ho\u1ea1t chung.<\/span><br \/>\n<span style=\"color: #000000;\"><strong>B\u1ea3o h\u00e0nh<\/strong>: 12 th\u00e1ng.<\/span><\/p>","protected":false},"excerpt":{"rendered":"<p>\u0110\u00e8n t\u01b0\u1eddng trang tr\u00ed ph\u00f2ng ng\u1ee7 Euroto V-296 D\u00f2ng s\u1ea3n ph\u1ea9m: \u0110\u00e8n t\u01b0\u1eddng ph\u00f2ng ng\u1ee7 M\u00e0u s\u1eafc \u00e1nh s\u00e1ng: \u00c1nh<\/p>","protected":false},"featured_media":11825,"comment_status":"closed","ping_status":"closed","template":"","meta":[],"product_brand":[],"product_cat":[505,845],"product_tag":[],"class_list":{"0":"post-11798","1":"product","2":"type-product","3":"status-publish","4":"has-post-thumbnail","6":"product_cat-den-trang-tri","7":"product_cat-den-tuong-trang-tri","9":"first","10":"instock","11":"sale","12":"shipping-taxable","13":"purchasable","14":"product-type-simple"},"_links":{"self":[{"href":"https:\/\/www.thietbidienlama.com\/en\/wp-json\/wp\/v2\/product\/11798","targetHints":{"allow":["GET"]}}],"collection":[{"href":"https:\/\/www.thietbidienlama.com\/en\/wp-json\/wp\/v2\/product"}],"about":[{"href":"https:\/\/www.thietbidienlama.com\/en\/wp-json\/wp\/v2\/types\/product"}],"replies":[{"embeddable":true,"href":"https:\/\/www.thietbidienlama.com\/en\/wp-json\/wp\/v2\/comments?post=11798"}],"version-history":[{"count":4,"href":"https:\/\/www.thietbidienlama.com\/en\/wp-json\/wp\/v2\/product\/11798\/revisions"}],"predecessor-version":[{"id":11909,"href":"https:\/\/www.thietbidienlama.com\/en\/wp-json\/wp\/v2\/product\/11798\/revisions\/11909"}],"wp:featuredmedia":[{"embeddable":true,"href":"https:\/\/www.thietbidienlama.com\/en\/wp-json\/wp\/v2\/media\/11825"}],"wp:attachment":[{"href":"https:\/\/www.thietbidienlama.com\/en\/wp-json\/wp\/v2\/media?parent=11798"}],"wp:term":[{"taxonomy":"product_brand","embeddable":true,"href":"https:\/\/www.thietbidienlama.com\/en\/wp-json\/wp\/v2\/product_brand?post=11798"},{"taxonomy":"product_cat","embeddable":true,"href":"https:\/\/www.thietbidienlama.com\/en\/wp-json\/wp\/v2\/product_cat?post=11798"},{"taxonomy":"product_tag","embeddable":true,"href":"https:\/\/www.thietbidienlama.com\/en\/wp-json\/wp\/v2\/product_tag?post=11798"}],"curies":[{"name":"wp","href":"https:\/\/api.w.org\/{rel}","templated":true}]}}