{"id":11796,"date":"2025-04-08T09:48:27","date_gmt":"2025-04-08T02:48:27","guid":{"rendered":"https:\/\/thietbidienlama.com\/?post_type=product&#038;p=11796"},"modified":"2025-04-11T13:42:18","modified_gmt":"2025-04-11T06:42:18","slug":"den-chum-led-euroto-c-404-8","status":"publish","type":"product","link":"https:\/\/www.thietbidienlama.com\/en\/den-chum-led-euroto-c-404-8\/","title":{"rendered":"\u0110\u00e8n Ch\u00f9m Led Euroto C-404\/8"},"content":{"rendered":"<h2>\u0110\u00e8n Ch\u00f9m Led Euroto C-404\/8<\/h2>\n<h3><span style=\"color: #000000;\"><strong>Th\u00f4ng S\u1ed1 K\u1ef9 Thu\u1eadt<\/strong><\/span><\/h3>\n<p><span style=\"color: #000000;\"><strong>\u0110\u00e8n ch\u00f9m LED Ph\u00f2ng Kh\u00e1ch Euroto C-404\/8<\/strong><\/span><\/p>\n<p><span style=\"color: #000000;\">M\u00e3 h\u00e0ng : C-404\/8 ( M\u00e3 m\u1edbi )<\/span><\/p>\n<p><span style=\"color: #000000;\">\u00c1nh s\u00e1ng 3 ch\u1ebf \u0111\u1ed9 : Tr\u1eafng \u2013 V\u00e0ng \u2013 Trung t\u00ednh<\/span><\/p>\n<p><span style=\"color: #000000;\">LED : 70Wx2<\/span><\/p>\n<p><span style=\"color: #000000;\">K\u00edch th\u01b0\u1edbc \u0111\u00e8n : L1250 x H300 mm <\/span><\/p>\n<p><span style=\"color: #000000;\">B\u1ea3o h\u00e0nh : 12 th\u00e1ng<\/span><\/p>\n<div style=\"width: 720px;\" class=\"wp-video\"><!--[if lt IE 9]><script>document.createElement('video');<\/script><![endif]-->\n<video class=\"wp-video-shortcode\" id=\"video-11796-1\" width=\"720\" height=\"1280\" preload=\"metadata\" controls=\"controls\"><source type=\"video\/mp4\" src=\"http:\/\/thietbidienlama.com\/wp-content\/uploads\/2025\/04\/den-chum-euroto-c-404.mp4?_=1\" \/><a href=\"http:\/\/thietbidienlama.com\/wp-content\/uploads\/2025\/04\/den-chum-euroto-c-404.mp4\">http:\/\/thietbidienlama.com\/wp-content\/uploads\/2025\/04\/den-chum-euroto-c-404.mp4<\/a><\/video><\/div>","protected":false},"excerpt":{"rendered":"<p>\u0110\u00e8n Ch\u00f9m Led Euroto C-404\/8 Th\u00f4ng S\u1ed1 K\u1ef9 Thu\u1eadt \u0110\u00e8n ch\u00f9m LED Ph\u00f2ng Kh\u00e1ch Euroto C-404\/8 M\u00e3 h\u00e0ng : C-404\/8<\/p>","protected":false},"featured_media":11794,"comment_status":"closed","ping_status":"closed","template":"","meta":[],"product_brand":[],"product_cat":[505,849,851,850],"product_tag":[],"class_list":{"0":"post-11796","1":"product","2":"type-product","3":"status-publish","4":"has-post-thumbnail","6":"product_cat-den-trang-tri","7":"product_cat-den-chum-phong-khach","8":"product_cat-den-tran-phong-khach","9":"product_cat-den-trang-tri-phong-khach","11":"first","12":"instock","13":"sale","14":"shipping-taxable","15":"purchasable","16":"product-type-simple"},"_links":{"self":[{"href":"https:\/\/www.thietbidienlama.com\/en\/wp-json\/wp\/v2\/product\/11796","targetHints":{"allow":["GET"]}}],"collection":[{"href":"https:\/\/www.thietbidienlama.com\/en\/wp-json\/wp\/v2\/product"}],"about":[{"href":"https:\/\/www.thietbidienlama.com\/en\/wp-json\/wp\/v2\/types\/product"}],"replies":[{"embeddable":true,"href":"https:\/\/www.thietbidienlama.com\/en\/wp-json\/wp\/v2\/comments?post=11796"}],"version-history":[{"count":5,"href":"https:\/\/www.thietbidienlama.com\/en\/wp-json\/wp\/v2\/product\/11796\/revisions"}],"predecessor-version":[{"id":11918,"href":"https:\/\/www.thietbidienlama.com\/en\/wp-json\/wp\/v2\/product\/11796\/revisions\/11918"}],"wp:featuredmedia":[{"embeddable":true,"href":"https:\/\/www.thietbidienlama.com\/en\/wp-json\/wp\/v2\/media\/11794"}],"wp:attachment":[{"href":"https:\/\/www.thietbidienlama.com\/en\/wp-json\/wp\/v2\/media?parent=11796"}],"wp:term":[{"taxonomy":"product_brand","embeddable":true,"href":"https:\/\/www.thietbidienlama.com\/en\/wp-json\/wp\/v2\/product_brand?post=11796"},{"taxonomy":"product_cat","embeddable":true,"href":"https:\/\/www.thietbidienlama.com\/en\/wp-json\/wp\/v2\/product_cat?post=11796"},{"taxonomy":"product_tag","embeddable":true,"href":"https:\/\/www.thietbidienlama.com\/en\/wp-json\/wp\/v2\/product_tag?post=11796"}],"curies":[{"name":"wp","href":"https:\/\/api.w.org\/{rel}","templated":true}]}}