{"id":11779,"date":"2025-03-24T22:35:38","date_gmt":"2025-03-24T15:35:38","guid":{"rendered":"https:\/\/thietbidienlama.com\/?post_type=product&#038;p=11779"},"modified":"2025-08-23T14:27:36","modified_gmt":"2025-08-23T07:27:36","slug":"cong-tac-panasonic-wevh5033-7-dong-halumie-2-tiep-diem-co-den-bao","status":"publish","type":"product","link":"https:\/\/www.thietbidienlama.com\/en\/cong-tac-panasonic-wevh5033-7-dong-halumie-2-tiep-diem-co-den-bao\/","title":{"rendered":"C\u00f4ng T\u1eafc Panasonic WEVH5033-7 D\u00f2ng Halumie 2 Ti\u1ebfp \u0110i\u1ec3m C\u00f3 \u0110\u00e8n B\u00e1o"},"content":{"rendered":"<h2><span style=\"color: #000000;\"><strong>Th\u00f4ng tin c\u00f4ng t\u1eafc Panasonic\u00a0WEVH5033-7<\/strong><\/span><\/h2>\n<ul>\n<li><span style=\"color: #000000;\">D\u00f2ng s\u1ea3n ph\u1ea9m:\u00a0Halumie<\/span><\/li>\n<li><span style=\"color: #000000;\">C\u00f4ng t\u1eafc D, 2 ti\u1ebfp \u0111i\u1ec3m<\/span><\/li>\n<li><span style=\"color: #000000;\">C\u00f3 \u0111\u00e8n b\u00e1o<\/span><\/li>\n<li><span style=\"color: #000000;\">Ngu\u1ed3n \u0111i\u1ec7n: 250VAC &#8211;\u00a020A<\/span><\/li>\n<li><span style=\"color: #000000;\">\u0110\u00f3ng g\u00f3i 10 c\u00e1i\/h\u1ed9p, 100 c\u00e1i\/th\u00f9ng<\/span><\/li>\n<li><span style=\"color: #000000;\">M\u00e0u s\u1eafc : Tr\u1eafng<\/span><\/li>\n<\/ul>\n<div id=\"attachment_11780\" style=\"width: 310px\" class=\"wp-caption aligncenter\"><img fetchpriority=\"high\" decoding=\"async\" aria-describedby=\"caption-attachment-11780\" class=\"size-medium wp-image-11780\" src=\"http:\/\/thietbidienlama.com\/wp-content\/uploads\/2025\/03\/cong-tac-panasonic-wevh5033-7-halumie-300x300.jpg\" alt=\"Cong Tac Panasonic Wevh5033 7 Halumie\" width=\"300\" height=\"300\" srcset=\"https:\/\/www.thietbidienlama.com\/wp-content\/uploads\/2025\/03\/cong-tac-panasonic-wevh5033-7-halumie-300x300.jpg 300w, https:\/\/www.thietbidienlama.com\/wp-content\/uploads\/2025\/03\/cong-tac-panasonic-wevh5033-7-halumie-150x150.jpg 150w, https:\/\/www.thietbidienlama.com\/wp-content\/uploads\/2025\/03\/cong-tac-panasonic-wevh5033-7-halumie-12x12.jpg 12w, https:\/\/www.thietbidienlama.com\/wp-content\/uploads\/2025\/03\/cong-tac-panasonic-wevh5033-7-halumie.jpg 500w\" sizes=\"(max-width: 300px) 100vw, 300px\" \/><p id=\"caption-attachment-11780\" class=\"wp-caption-text\">Cong Tac Panasonic Wevh5033 7 Halumie<\/p><\/div>","protected":false},"excerpt":{"rendered":"<p>Th\u00f4ng tin c\u00f4ng t\u1eafc Panasonic\u00a0WEVH5033-7 D\u00f2ng s\u1ea3n ph\u1ea9m:\u00a0Halumie C\u00f4ng t\u1eafc D, 2 ti\u1ebfp \u0111i\u1ec3m C\u00f3 \u0111\u00e8n b\u00e1o Ngu\u1ed3n \u0111i\u1ec7n: 250VAC<\/p>","protected":false},"featured_media":11780,"comment_status":"closed","ping_status":"closed","template":"","meta":[],"product_brand":[],"product_cat":[501,856,858,562],"product_tag":[840,844],"class_list":{"0":"post-11779","1":"product","2":"type-product","3":"status-publish","4":"has-post-thumbnail","6":"product_cat-thiet-bi-dien","7":"product_cat-cong-tac-panasonic","8":"product_cat-cong-tac-panasonic-halumie","9":"product_cat-thiet-bi-dien-panasonic","10":"product_tag-cong-tac-halumie","11":"product_tag-cong-tac-halumie-2-tiep-diem","13":"first","14":"instock","15":"sale","16":"shipping-taxable","17":"purchasable","18":"product-type-simple"},"_links":{"self":[{"href":"https:\/\/www.thietbidienlama.com\/en\/wp-json\/wp\/v2\/product\/11779","targetHints":{"allow":["GET"]}}],"collection":[{"href":"https:\/\/www.thietbidienlama.com\/en\/wp-json\/wp\/v2\/product"}],"about":[{"href":"https:\/\/www.thietbidienlama.com\/en\/wp-json\/wp\/v2\/types\/product"}],"replies":[{"embeddable":true,"href":"https:\/\/www.thietbidienlama.com\/en\/wp-json\/wp\/v2\/comments?post=11779"}],"version-history":[{"count":1,"href":"https:\/\/www.thietbidienlama.com\/en\/wp-json\/wp\/v2\/product\/11779\/revisions"}],"predecessor-version":[{"id":11781,"href":"https:\/\/www.thietbidienlama.com\/en\/wp-json\/wp\/v2\/product\/11779\/revisions\/11781"}],"wp:featuredmedia":[{"embeddable":true,"href":"https:\/\/www.thietbidienlama.com\/en\/wp-json\/wp\/v2\/media\/11780"}],"wp:attachment":[{"href":"https:\/\/www.thietbidienlama.com\/en\/wp-json\/wp\/v2\/media?parent=11779"}],"wp:term":[{"taxonomy":"product_brand","embeddable":true,"href":"https:\/\/www.thietbidienlama.com\/en\/wp-json\/wp\/v2\/product_brand?post=11779"},{"taxonomy":"product_cat","embeddable":true,"href":"https:\/\/www.thietbidienlama.com\/en\/wp-json\/wp\/v2\/product_cat?post=11779"},{"taxonomy":"product_tag","embeddable":true,"href":"https:\/\/www.thietbidienlama.com\/en\/wp-json\/wp\/v2\/product_tag?post=11779"}],"curies":[{"name":"wp","href":"https:\/\/api.w.org\/{rel}","templated":true}]}}