{"id":11776,"date":"2025-03-24T22:27:55","date_gmt":"2025-03-24T15:27:55","guid":{"rendered":"https:\/\/thietbidienlama.com\/?post_type=product&#038;p=11776"},"modified":"2025-10-30T14:51:55","modified_gmt":"2025-10-30T07:51:55","slug":"mat-cong-tac-panasonic-wevh68010-dong-halumie","status":"publish","type":"product","link":"https:\/\/www.thietbidienlama.com\/en\/mat-cong-tac-panasonic-wevh68010-dong-halumie\/","title":{"rendered":"M\u1eb7t C\u00f4ng T\u1eafc Panasonic WEVH68010 M\u00e0u Tr\u1eafng D\u00f2ng Halumie 1 Thi\u1ebft B\u1ecb"},"content":{"rendered":"<h2 style=\"text-align: center;\"><span style=\"color: #000000;\">M\u1eb7t C\u00f4ng T\u1eafc Panasonic WEVH68010 M\u00e0u Tr\u1eafng D\u00f2ng Halumie 1 Thi\u1ebft B\u1ecb<\/span><\/h2>\n<p class=\"Y3BBE\" data-hveid=\"CAEIAhAA\" data-processed=\"true\" data-complete=\"true\"><span style=\"font-size: 12pt; color: #000000;\"><strong><span style=\"color: #ff6600;\"><a style=\"color: #ff6600;\" href=\"https:\/\/thietbidienlama.com\/mat-cong-tac-panasonic-wevh68010-dong-halumie\/\">M\u1eb7t C\u00f4ng T\u1eafc <span class=\"T286Pc\" data-sfc-cp=\"\" data-complete=\"true\" data-processed=\"true\">Panasonic<\/span><\/a> <\/span><\/strong><span class=\"T286Pc\" data-sfc-cp=\"\" data-complete=\"true\" data-processed=\"true\">Halumie WEVH68010<\/span> l\u00e0 m\u1eb7t che d\u00f9ng cho 1 thi\u1ebft b\u1ecb \u0111i\u1ec7n (nh\u01b0 c\u00f4ng t\u1eafc, \u1ed5 c\u1eafm) thu\u1ed9c d\u00f2ng s\u1ea3n ph\u1ea9m Halumie, c\u00f3 m\u00e0u tr\u1eafng tinh t\u1ebf.<\/span><\/p>\n<p><img fetchpriority=\"high\" decoding=\"async\" class=\"aligncenter wp-image-11777 size-medium\" src=\"http:\/\/thietbidienlama.com\/wp-content\/uploads\/2025\/03\/mat-cong-tac-panasonic-wevh68010-halumie-300x300.jpg\" alt=\"Mat Cong Tac Panasonic Wevh68010 Halumie\" width=\"300\" height=\"300\" srcset=\"https:\/\/www.thietbidienlama.com\/wp-content\/uploads\/2025\/03\/mat-cong-tac-panasonic-wevh68010-halumie-300x300.jpg 300w, https:\/\/www.thietbidienlama.com\/wp-content\/uploads\/2025\/03\/mat-cong-tac-panasonic-wevh68010-halumie-150x150.jpg 150w, https:\/\/www.thietbidienlama.com\/wp-content\/uploads\/2025\/03\/mat-cong-tac-panasonic-wevh68010-halumie-12x12.jpg 12w, https:\/\/www.thietbidienlama.com\/wp-content\/uploads\/2025\/03\/mat-cong-tac-panasonic-wevh68010-halumie.jpg 500w\" sizes=\"(max-width: 300px) 100vw, 300px\" \/><\/p>\n<h3 class=\"otQkpb\" role=\"heading\" aria-level=\"3\" data-complete=\"true\" data-processed=\"true\"><span style=\"font-size: 14pt; color: #000000;\">Th\u00f4ng s\u1ed1 k\u1ef9 thu\u1eadt<\/span><\/h3>\n<ul class=\"KsbFXc U6u95\" data-complete=\"true\" data-processed=\"true\">\n<li data-hveid=\"CAEIBBAA\" data-complete=\"true\" data-sae=\"\"><span class=\"T286Pc\" style=\"font-size: 12pt; color: #000000;\" data-sfc-cp=\"\" data-complete=\"true\"><strong class=\"Yjhzub\" data-complete=\"true\">M\u00e3 s\u1ea3n ph\u1ea9m:<\/strong>\u00a0WEVH68010<\/span><\/li>\n<li data-hveid=\"CAEIBBAB\" data-complete=\"true\" data-sae=\"\"><span class=\"T286Pc\" style=\"font-size: 12pt; color: #000000;\" data-sfc-cp=\"\" data-complete=\"true\"><strong class=\"Yjhzub\" data-complete=\"true\">D\u00f2ng s\u1ea3n ph\u1ea9m:<\/strong>\u00a0Halumie<\/span><\/li>\n<li data-hveid=\"CAEIBBAC\" data-complete=\"true\" data-sae=\"\"><span class=\"T286Pc\" style=\"font-size: 12pt; color: #000000;\" data-sfc-cp=\"\" data-complete=\"true\"><strong class=\"Yjhzub\" data-complete=\"true\">Ch\u1ee7ng lo\u1ea1i:<\/strong>\u00a0M\u1eb7t d\u00f9ng cho 1 thi\u1ebft b\u1ecb (1 gang)<\/span><\/li>\n<li data-hveid=\"CAEIBBAD\" data-complete=\"true\" data-sae=\"\"><span class=\"T286Pc\" style=\"font-size: 12pt; color: #000000;\" data-sfc-cp=\"\" data-complete=\"true\"><strong class=\"Yjhzub\" data-complete=\"true\">M\u00e0u s\u1eafc:<\/strong>\u00a0Tr\u1eafng<\/span><\/li>\n<li data-hveid=\"CAEIBBAE\" data-complete=\"true\" data-sae=\"\"><span class=\"T286Pc\" style=\"font-size: 12pt; color: #000000;\" data-sfc-cp=\"\" data-complete=\"true\"><strong class=\"Yjhzub\" data-complete=\"true\">Thi\u1ebft k\u1ebf:<\/strong>\u00a0H\u00ecnh vu\u00f4ng, bo tr\u00f2n \u1edf c\u00e1c g\u00f3c, mang l\u1ea1i v\u1ebb ngo\u00e0i hi\u1ec7n \u0111\u1ea1i v\u00e0 trang nh\u00e3.<\/span><\/li>\n<li data-hveid=\"CAEIBBAF\" data-complete=\"true\" data-sae=\"\"><span class=\"T286Pc\" style=\"font-size: 12pt; color: #000000;\" data-sfc-cp=\"\" data-complete=\"true\"><strong class=\"Yjhzub\" data-complete=\"true\">Ch\u1ea5t li\u1ec7u:<\/strong>\u00a0Nh\u1ef1a cao c\u1ea5p, c\u00f3 kh\u1ea3 n\u0103ng c\u00e1ch \u0111i\u1ec7n v\u00e0 ch\u1ecbu nhi\u1ec7t t\u1ed1t, b\u1ec1n b\u1ec9 theo th\u1eddi gian.<\/span><\/li>\n<li data-hveid=\"CAEIBBAG\" data-complete=\"true\" data-sae=\"\"><span style=\"font-size: 12pt; color: #000000;\"><span class=\"T286Pc\" data-sfc-cp=\"\" data-complete=\"true\"><strong class=\"Yjhzub\" data-complete=\"true\">Quy c\u00e1ch \u0111\u00f3ng g\u00f3i:<\/strong> 10 c\u00e1i\/h\u1ed9p, 200 c\u00e1i\/th\u00f9ng.<\/span><\/span><\/li>\n<\/ul>\n<p class=\"Fsg96\" data-complete=\"true\" data-processed=\"true\">\n<h3 class=\"otQkpb\" role=\"heading\" aria-level=\"3\" data-processed=\"true\" data-complete=\"true\"><span style=\"font-size: 14pt; color: #000000;\">\u0110\u1eb7c \u0111i\u1ec3m n\u1ed5i b\u1eadt<\/span><\/h3>\n<ul class=\"KsbFXc U6u95\" data-complete=\"true\" data-processed=\"true\">\n<li data-hveid=\"CAEIBhAA\" data-complete=\"true\" data-sae=\"\"><span class=\"T286Pc\" style=\"font-size: 12pt; color: #000000;\" data-sfc-cp=\"\" data-complete=\"true\"><strong class=\"Yjhzub\" data-complete=\"true\">Thi\u1ebft k\u1ebf hi\u1ec7n \u0111\u1ea1i, tinh t\u1ebf:<\/strong>\u00a0V\u1edbi ki\u1ec3u d\u00e1ng vu\u00f4ng v\u1ee9c v\u00e0 m\u00e0u tr\u1eafng trang nh\u00e3, m\u1eb7t\u00a0Halumie WEVH68010\u00a0d\u1ec5 d\u00e0ng ph\u00f9 h\u1ee3p v\u1edbi nhi\u1ec1u phong c\u00e1ch n\u1ed9i th\u1ea5t kh\u00e1c nhau, \u0111\u1eb7c bi\u1ec7t l\u00e0 c\u00e1c kh\u00f4ng gian s\u1ed1ng hi\u1ec7n \u0111\u1ea1i.<\/span><\/li>\n<li data-hveid=\"CAEIBhAB\" data-complete=\"true\" data-sae=\"\"><span class=\"T286Pc\" style=\"font-size: 12pt; color: #000000;\" data-sfc-cp=\"\" data-complete=\"true\"><strong class=\"Yjhzub\" data-complete=\"true\">Ch\u1ea5t li\u1ec7u b\u1ec1n b\u1ec9:<\/strong>\u00a0S\u1ea3n ph\u1ea9m \u0111\u01b0\u1ee3c l\u00e0m t\u1eeb nh\u1ef1a cao c\u1ea5p, kh\u00f4ng ch\u1ec9 b\u1ec1n \u0111\u1eb9p m\u00e0 c\u00f2n c\u00f3 kh\u1ea3 n\u0103ng ch\u1ecbu nhi\u1ec7t v\u00e0 c\u00e1ch \u0111i\u1ec7n t\u1ed1t, \u0111\u1ea3m b\u1ea3o an to\u00e0n cho ng\u01b0\u1eddi s\u1eed d\u1ee5ng.<\/span><\/li>\n<li data-hveid=\"CAEIBhAC\" data-complete=\"true\" data-sae=\"\"><span class=\"T286Pc\" style=\"font-size: 12pt; color: #000000;\" data-sfc-cp=\"\" data-complete=\"true\"><strong class=\"Yjhzub\" data-complete=\"true\">L\u1eafp \u0111\u1eb7t d\u1ec5 d\u00e0ng:<\/strong>\u00a0Thi\u1ebft k\u1ebf c\u1ee7a m\u1eb7t che cho ph\u00e9p l\u1eafp \u0111\u1eb7t nhanh ch\u00f3ng v\u00e0 ti\u1ec7n l\u1ee3i v\u00e0o c\u00e1c \u0111\u1ebf \u00e2m ho\u1eb7c \u0111\u1ebf n\u1ed5i chuy\u00ean d\u1ee5ng.<\/span><\/li>\n<li data-hveid=\"CAEIBhAD\" data-complete=\"true\" data-sae=\"\"><span class=\"T286Pc\" style=\"font-size: 12pt; color: #000000;\" data-sfc-cp=\"\" data-complete=\"true\"><strong class=\"Yjhzub\" data-complete=\"true\">Th\u01b0\u01a1ng hi\u1ec7u uy t\u00edn:<\/strong>\u00a0\u0110\u01b0\u1ee3c s\u1ea3n xu\u1ea5t b\u1edfi Panasonic, m\u1ed9t th\u01b0\u01a1ng hi\u1ec7u h\u00e0ng \u0111\u1ea7u v\u1ec1 thi\u1ebft b\u1ecb \u0111i\u1ec7n, s\u1ea3n ph\u1ea9m \u0111\u1ea3m b\u1ea3o ch\u1ea5t l\u01b0\u1ee3ng v\u00e0 \u0111\u1ed9 an to\u00e0n cao.<\/span><\/li>\n<\/ul>\n<p>&nbsp;<\/p>\n<p class=\"Y3BBE\" data-hveid=\"CAEICBAA\" data-complete=\"true\" data-processed=\"true\"><span style=\"font-size: 12pt; color: #000000;\"><strong>LI\u00caN H\u1ec6 : Hotline: 0935 228 204 ( Ms Lam )<\/strong><\/span><\/p>\n<p><span style=\"font-size: 12pt; color: #000000;\"><strong>Facebook:\u00a0<span style=\"color: #ff6600;\"><a style=\"color: #ff6600;\" href=\"https:\/\/www.facebook.com\/thietbidienlama\" target=\"_blank\" rel=\"noopener\">THI\u1ebeT\u00a0B\u1eca \u0110I\u1ec6N LAMA<\/a><\/span><\/strong><\/span><\/p>\n<p><span style=\"font-size: 12pt; color: #000000;\"><strong>Tiktok:\u00a0<span style=\"color: #ff6600;\"><a style=\"color: #ff6600;\" href=\"https:\/\/www.tiktok.com\/@thietbidienlama\" target=\"_blank\" rel=\"noopener\">THI\u1ebeT\u00a0B\u1eca \u0110I\u1ec6N LAMA<\/a><\/span><\/strong><\/span><\/p>","protected":false},"excerpt":{"rendered":"<p>M\u1eb7t C\u00f4ng T\u1eafc Panasonic WEVH68010 M\u00e0u Tr\u1eafng D\u00f2ng Halumie 1 Thi\u1ebft B\u1ecb M\u1eb7t C\u00f4ng T\u1eafc Panasonic Halumie WEVH68010 l\u00e0 m\u1eb7t<\/p>","protected":false},"featured_media":11777,"comment_status":"closed","ping_status":"closed","template":"","meta":[],"product_brand":[],"product_cat":[562,837,954,911,804],"product_tag":[],"class_list":{"0":"post-11776","1":"product","2":"type-product","3":"status-publish","4":"has-post-thumbnail","6":"product_cat-thiet-bi-dien-panasonic","7":"product_cat-cong-tac-o-cam-halumie","8":"product_cat-mat-cong-tac-panasonic","9":"product_cat-mat-panasonic","10":"product_cat-cong-tac-o-cam-panasonic","12":"first","13":"instock","14":"sale","15":"shipping-taxable","16":"purchasable","17":"product-type-simple"},"_links":{"self":[{"href":"https:\/\/www.thietbidienlama.com\/en\/wp-json\/wp\/v2\/product\/11776","targetHints":{"allow":["GET"]}}],"collection":[{"href":"https:\/\/www.thietbidienlama.com\/en\/wp-json\/wp\/v2\/product"}],"about":[{"href":"https:\/\/www.thietbidienlama.com\/en\/wp-json\/wp\/v2\/types\/product"}],"replies":[{"embeddable":true,"href":"https:\/\/www.thietbidienlama.com\/en\/wp-json\/wp\/v2\/comments?post=11776"}],"version-history":[{"count":3,"href":"https:\/\/www.thietbidienlama.com\/en\/wp-json\/wp\/v2\/product\/11776\/revisions"}],"predecessor-version":[{"id":13457,"href":"https:\/\/www.thietbidienlama.com\/en\/wp-json\/wp\/v2\/product\/11776\/revisions\/13457"}],"wp:featuredmedia":[{"embeddable":true,"href":"https:\/\/www.thietbidienlama.com\/en\/wp-json\/wp\/v2\/media\/11777"}],"wp:attachment":[{"href":"https:\/\/www.thietbidienlama.com\/en\/wp-json\/wp\/v2\/media?parent=11776"}],"wp:term":[{"taxonomy":"product_brand","embeddable":true,"href":"https:\/\/www.thietbidienlama.com\/en\/wp-json\/wp\/v2\/product_brand?post=11776"},{"taxonomy":"product_cat","embeddable":true,"href":"https:\/\/www.thietbidienlama.com\/en\/wp-json\/wp\/v2\/product_cat?post=11776"},{"taxonomy":"product_tag","embeddable":true,"href":"https:\/\/www.thietbidienlama.com\/en\/wp-json\/wp\/v2\/product_tag?post=11776"}],"curies":[{"name":"wp","href":"https:\/\/api.w.org\/{rel}","templated":true}]}}