{"id":11773,"date":"2025-03-24T22:24:19","date_gmt":"2025-03-24T15:24:19","guid":{"rendered":"https:\/\/thietbidienlama.com\/?post_type=product&#038;p=11773"},"modified":"2025-10-30T15:36:29","modified_gmt":"2025-10-30T08:36:29","slug":"mat-cong-tac-panasonic-wevh68030-dong-halumie-3-thiet-bi","status":"publish","type":"product","link":"https:\/\/www.thietbidienlama.com\/en\/mat-cong-tac-panasonic-wevh68030-dong-halumie-3-thiet-bi\/","title":{"rendered":"M\u1eb7t C\u00f4ng T\u1eafc Panasonic 3 Thi\u1ebft B\u1ecb WEVH68030 D\u00f2ng Halumie"},"content":{"rendered":"<h2 style=\"text-align: center;\"><span style=\"color: #000000;\">M\u1eb7t C\u00f4ng T\u1eafc Panasonic 3 Thi\u1ebft B\u1ecb WEVH68030 D\u00f2ng Halumie<\/span><\/h2>\n<p class=\"Y3BBE\" data-hveid=\"CAEIAhAA\" data-complete=\"true\" data-processed=\"true\"><span style=\"font-size: 12pt; color: #000000;\"><strong><span style=\"color: #ff6600;\"><a style=\"color: #ff6600;\" href=\"https:\/\/thietbidienlama.com\/mat-cong-tac-panasonic-wevh68030-dong-halumie-3-thiet-bi\/\">M\u1eb7t C\u00f4ng T\u1eafc Panasonic<\/a><\/span><\/strong><strong class=\"Yjhzub\" data-complete=\"true\" data-processed=\"true\"><span class=\"T286Pc\" data-sfc-cp=\"\" data-complete=\"true\" data-processed=\"true\">\u00a0Halumie WEVH68030<\/span><\/strong>\u00a0l\u00e0 m\u1eb7t che d\u00f9ng cho 3 thi\u1ebft b\u1ecb \u0111i\u1ec7n (nh\u01b0 c\u00f4ng t\u1eafc, \u1ed5 c\u1eafm) thu\u1ed9c d\u00f2ng s\u1ea3n ph\u1ea9m Halumie. S\u1ea3n ph\u1ea9m n\u00e0y c\u00f3 m\u00e0u tr\u1eafng tinh t\u1ebf v\u00e0 \u0111\u01b0\u1ee3c thi\u1ebft k\u1ebf \u0111\u1ec3 l\u1eafp \u0111\u1eb7t \u00e2m t\u01b0\u1eddng.<\/span><\/p>\n<p><img fetchpriority=\"high\" decoding=\"async\" class=\"size-medium wp-image-11774 aligncenter\" src=\"http:\/\/thietbidienlama.com\/wp-content\/uploads\/2025\/03\/mat-cong-tac-panasonic-wevh68030-halumie-300x300.jpg\" alt=\"Mat Cong Tac Panasonic Wevh68030 Halumie\" width=\"300\" height=\"300\" srcset=\"https:\/\/www.thietbidienlama.com\/wp-content\/uploads\/2025\/03\/mat-cong-tac-panasonic-wevh68030-halumie-300x300.jpg 300w, https:\/\/www.thietbidienlama.com\/wp-content\/uploads\/2025\/03\/mat-cong-tac-panasonic-wevh68030-halumie-150x150.jpg 150w, https:\/\/www.thietbidienlama.com\/wp-content\/uploads\/2025\/03\/mat-cong-tac-panasonic-wevh68030-halumie-12x12.jpg 12w, https:\/\/www.thietbidienlama.com\/wp-content\/uploads\/2025\/03\/mat-cong-tac-panasonic-wevh68030-halumie.jpg 500w\" sizes=\"(max-width: 300px) 100vw, 300px\" \/><\/p>\n<h3 class=\"otQkpb\" role=\"heading\" aria-level=\"3\" data-complete=\"true\" data-processed=\"true\"><span style=\"font-size: 14pt; color: #000000;\">Th\u00f4ng s\u1ed1 k\u1ef9 thu\u1eadt<\/span><\/h3>\n<ul class=\"KsbFXc U6u95\" data-complete=\"true\" data-processed=\"true\">\n<li data-hveid=\"CAEIBBAA\" data-complete=\"true\" data-sae=\"\"><span class=\"T286Pc\" style=\"font-size: 12pt; color: #000000;\" data-sfc-cp=\"\" data-complete=\"true\"><strong class=\"Yjhzub\" data-complete=\"true\">M\u00e3 s\u1ea3n ph\u1ea9m:<\/strong>\u00a0WEVH68030<\/span><\/li>\n<li data-hveid=\"CAEIBBAB\" data-complete=\"true\" data-sae=\"\"><span class=\"T286Pc\" style=\"font-size: 12pt; color: #000000;\" data-sfc-cp=\"\" data-complete=\"true\"><strong class=\"Yjhzub\" data-complete=\"true\">Th\u01b0\u01a1ng hi\u1ec7u:<\/strong>\u00a0Panasonic<\/span><\/li>\n<li data-hveid=\"CAEIBBAC\" data-complete=\"true\" data-sae=\"\"><span class=\"T286Pc\" style=\"font-size: 12pt; color: #000000;\" data-sfc-cp=\"\" data-complete=\"true\"><strong class=\"Yjhzub\" data-complete=\"true\">D\u00f2ng s\u1ea3n ph\u1ea9m:<\/strong>\u00a0Halumie<\/span><\/li>\n<li data-hveid=\"CAEIBBAD\" data-complete=\"true\" data-sae=\"\"><span class=\"T286Pc\" style=\"font-size: 12pt; color: #000000;\" data-sfc-cp=\"\" data-complete=\"true\"><strong class=\"Yjhzub\" data-complete=\"true\">Ch\u1ee7ng lo\u1ea1i:<\/strong>\u00a0M\u1eb7t d\u00f9ng cho 3 thi\u1ebft b\u1ecb (1-Gang 3-Devices)<\/span><\/li>\n<li data-hveid=\"CAEIBBAE\" data-complete=\"true\" data-sae=\"\"><span class=\"T286Pc\" style=\"font-size: 12pt; color: #000000;\" data-sfc-cp=\"\" data-complete=\"true\"><strong class=\"Yjhzub\" data-complete=\"true\">M\u00e0u s\u1eafc:<\/strong>\u00a0Tr\u1eafng<\/span><\/li>\n<li data-hveid=\"CAEIBBAF\" data-complete=\"true\" data-sae=\"\"><span class=\"T286Pc\" style=\"font-size: 12pt; color: #000000;\" data-sfc-cp=\"\" data-complete=\"true\"><strong class=\"Yjhzub\" data-complete=\"true\">Thi\u1ebft k\u1ebf:<\/strong>\u00a0H\u00ecnh ch\u1eef nh\u1eadt, bo tr\u00f2n \u1edf c\u00e1c g\u00f3c, mang \u0111\u1ebfn v\u1ebb ngo\u00e0i hi\u1ec7n \u0111\u1ea1i.<\/span><\/li>\n<li data-hveid=\"CAEIBBAG\" data-complete=\"true\" data-sae=\"\"><span class=\"T286Pc\" style=\"font-size: 12pt; color: #000000;\" data-sfc-cp=\"\" data-complete=\"true\"><strong class=\"Yjhzub\" data-complete=\"true\">Ch\u1ea5t li\u1ec7u:<\/strong>\u00a0Nh\u1ef1a polimer ho\u1eb7c ABS cao c\u1ea5p, c\u00f3 kh\u1ea3 n\u0103ng c\u00e1ch \u0111i\u1ec7n v\u00e0 ch\u1ecbu nhi\u1ec7t t\u1ed1t.<\/span><\/li>\n<li data-hveid=\"CAEIBBAH\" data-complete=\"true\" data-sae=\"\"><span style=\"font-size: 12pt; color: #000000;\"><span class=\"T286Pc\" data-sfc-cp=\"\" data-complete=\"true\"><strong class=\"Yjhzub\" data-complete=\"true\">Quy c\u00e1ch \u0111\u00f3ng g\u00f3i:<\/strong>\u00a010 c\u00e1i\/h\u1ed9p, 200 c\u00e1i\/th\u00f9ng (t\u00f9y thu\u1ed9c nh\u00e0 cung c\u1ea5p).<\/span><span class=\"uJ19be notranslate\" data-wiz-uids=\"legiEc_1b,legiEc_1c\" data-complete=\"true\"><span class=\"vKEkVd\" data-animation-atomic=\"\" data-sae=\"\">\u00a0<button class=\"rBl3me\" tabindex=\"0\" data-amic=\"true\" data-icl-uuid=\"bf9e9398-6b38-494b-8d4b-f9922603c4ac\" aria-label=\"Xem c\u00e1c \u0111\u01b0\u1eddng li\u00ean k\u1ebft c\u00f3 li\u00ean quan\" data-wiz-attrbind=\"disabled=legiEc_1b_C5gNJc;class=legiEc_1b_UpSNec;\" data-ved=\"2ahUKEwinpruvwcuQAxXLh68BHeNFBYwQye0OegYIAQgEEAg\"><\/button><\/span><\/span><\/span><\/li>\n<\/ul>\n<h3 class=\"otQkpb\" role=\"heading\" aria-level=\"3\" data-complete=\"true\" data-processed=\"true\"><span style=\"font-size: 14pt; color: #000000;\">\u0110\u1eb7c \u0111i\u1ec3m n\u1ed5i b\u1eadt<\/span><\/h3>\n<ul class=\"KsbFXc U6u95\" data-complete=\"true\" data-processed=\"true\">\n<li data-hveid=\"CAEIBhAA\" data-complete=\"true\" data-sae=\"\"><span class=\"T286Pc\" style=\"font-size: 12pt; color: #000000;\" data-sfc-cp=\"\" data-complete=\"true\"><strong class=\"Yjhzub\" data-complete=\"true\">Thi\u1ebft k\u1ebf tinh t\u1ebf:<\/strong>\u00a0M\u1eb7t che Halumie WEVH68030 c\u00f3 thi\u1ebft k\u1ebf \u0111\u01a1n gi\u1ea3n, hi\u1ec7n \u0111\u1ea1i v\u00e0 m\u00e0u tr\u1eafng thanh l\u1ecbch, d\u1ec5 d\u00e0ng ph\u00f9 h\u1ee3p v\u1edbi nhi\u1ec1u phong c\u00e1ch n\u1ed9i th\u1ea5t kh\u00e1c nhau.<\/span><\/li>\n<li data-hveid=\"CAEIBhAB\" data-complete=\"true\" data-sae=\"\"><span class=\"T286Pc\" style=\"font-size: 12pt; color: #000000;\" data-sfc-cp=\"\" data-complete=\"true\"><strong class=\"Yjhzub\" data-complete=\"true\">\u0110\u1ed9 b\u1ec1n cao:<\/strong>\u00a0S\u1ea3n ph\u1ea9m \u0111\u01b0\u1ee3c l\u00e0m t\u1eeb nh\u1ef1a cao c\u1ea5p, kh\u00f4ng b\u1ecb phai m\u00e0u hay \u1ed1 v\u00e0ng theo th\u1eddi gian, \u0111\u1ea3m b\u1ea3o t\u00ednh th\u1ea9m m\u1ef9 v\u00e0 \u0111\u1ed9 b\u1ec1n.<\/span><\/li>\n<li data-hveid=\"CAEIBhAC\" data-complete=\"true\" data-sae=\"\"><span class=\"T286Pc\" style=\"font-size: 12pt; color: #000000;\" data-sfc-cp=\"\" data-complete=\"true\"><strong class=\"Yjhzub\" data-complete=\"true\">An to\u00e0n v\u00e0 d\u1ec5 d\u00e0ng l\u1eafp \u0111\u1eb7t:<\/strong>\u00a0Ch\u1ea5t li\u1ec7u nh\u1ef1a c\u00f3 kh\u1ea3 n\u0103ng c\u00e1ch \u0111i\u1ec7n, \u0111\u1ea3m b\u1ea3o an to\u00e0n cho ng\u01b0\u1eddi s\u1eed d\u1ee5ng. S\u1ea3n ph\u1ea9m d\u1ec5 d\u00e0ng l\u1eafp \u0111\u1eb7t v\u00e0o c\u00e1c \u0111\u1ebf \u00e2m ho\u1eb7c \u0111\u1ebf n\u1ed5i chuy\u00ean d\u1ee5ng.<\/span><\/li>\n<li data-hveid=\"CAEIBhAD\" data-complete=\"true\" data-sae=\"\"><span class=\"T286Pc\" style=\"font-size: 12pt; color: #000000;\" data-sfc-cp=\"\" data-complete=\"true\"><strong class=\"Yjhzub\" data-complete=\"true\">T\u00ednh linh ho\u1ea1t:<\/strong>\u00a0C\u00f3 th\u1ec3 k\u1ebft h\u1ee3p v\u1edbi c\u00e1c lo\u1ea1i c\u00f4ng t\u1eafc v\u00e0 \u1ed5 c\u1eafm thu\u1ed9c d\u00f2ng Halumie c\u1ee7a Panasonic.<\/span><\/li>\n<\/ul>\n<p>&nbsp;<\/p>\n<p class=\"Y3BBE\" data-hveid=\"CAEICBAA\" data-complete=\"true\" data-processed=\"true\"><span style=\"font-size: 12pt; color: #000000;\"><strong>LI\u00caN H\u1ec6 : Hotline: 0935 228 204 ( Ms Lam )<\/strong><\/span><\/p>\n<p><span style=\"font-size: 12pt; color: #000000;\"><strong>Facebook:\u00a0<span style=\"color: #ff6600;\"><a style=\"color: #ff6600;\" href=\"https:\/\/www.facebook.com\/thietbidienlama\" target=\"_blank\" rel=\"noopener\">THI\u1ebeT\u00a0B\u1eca \u0110I\u1ec6N LAMA<\/a><\/span><\/strong><\/span><\/p>\n<p><span style=\"font-size: 12pt; color: #000000;\"><strong>Tiktok:\u00a0<span style=\"color: #ff6600;\"><a style=\"color: #ff6600;\" href=\"https:\/\/www.tiktok.com\/@thietbidienlama\" target=\"_blank\" rel=\"noopener\">THI\u1ebeT\u00a0B\u1eca \u0110I\u1ec6N LAMA<\/a><\/span><\/strong><\/span><\/p>","protected":false},"excerpt":{"rendered":"<p>M\u1eb7t C\u00f4ng T\u1eafc Panasonic 3 Thi\u1ebft B\u1ecb WEVH68030 D\u00f2ng Halumie M\u1eb7t C\u00f4ng T\u1eafc Panasonic\u00a0Halumie WEVH68030\u00a0l\u00e0 m\u1eb7t che d\u00f9ng cho 3<\/p>","protected":false},"featured_media":11774,"comment_status":"closed","ping_status":"closed","template":"","meta":[],"product_brand":[],"product_cat":[837,954,911,562,804],"product_tag":[958],"class_list":{"0":"post-11773","1":"product","2":"type-product","3":"status-publish","4":"has-post-thumbnail","6":"product_cat-cong-tac-o-cam-halumie","7":"product_cat-mat-cong-tac-panasonic","8":"product_cat-mat-panasonic","9":"product_cat-thiet-bi-dien-panasonic","10":"product_cat-cong-tac-o-cam-panasonic","11":"product_tag-mat-cong-tac-panasonic","13":"first","14":"instock","15":"sale","16":"shipping-taxable","17":"purchasable","18":"product-type-simple"},"_links":{"self":[{"href":"https:\/\/www.thietbidienlama.com\/en\/wp-json\/wp\/v2\/product\/11773","targetHints":{"allow":["GET"]}}],"collection":[{"href":"https:\/\/www.thietbidienlama.com\/en\/wp-json\/wp\/v2\/product"}],"about":[{"href":"https:\/\/www.thietbidienlama.com\/en\/wp-json\/wp\/v2\/types\/product"}],"replies":[{"embeddable":true,"href":"https:\/\/www.thietbidienlama.com\/en\/wp-json\/wp\/v2\/comments?post=11773"}],"version-history":[{"count":4,"href":"https:\/\/www.thietbidienlama.com\/en\/wp-json\/wp\/v2\/product\/11773\/revisions"}],"predecessor-version":[{"id":13458,"href":"https:\/\/www.thietbidienlama.com\/en\/wp-json\/wp\/v2\/product\/11773\/revisions\/13458"}],"wp:featuredmedia":[{"embeddable":true,"href":"https:\/\/www.thietbidienlama.com\/en\/wp-json\/wp\/v2\/media\/11774"}],"wp:attachment":[{"href":"https:\/\/www.thietbidienlama.com\/en\/wp-json\/wp\/v2\/media?parent=11773"}],"wp:term":[{"taxonomy":"product_brand","embeddable":true,"href":"https:\/\/www.thietbidienlama.com\/en\/wp-json\/wp\/v2\/product_brand?post=11773"},{"taxonomy":"product_cat","embeddable":true,"href":"https:\/\/www.thietbidienlama.com\/en\/wp-json\/wp\/v2\/product_cat?post=11773"},{"taxonomy":"product_tag","embeddable":true,"href":"https:\/\/www.thietbidienlama.com\/en\/wp-json\/wp\/v2\/product_tag?post=11773"}],"curies":[{"name":"wp","href":"https:\/\/api.w.org\/{rel}","templated":true}]}}