{"id":11767,"date":"2025-03-24T22:11:06","date_gmt":"2025-03-24T15:11:06","guid":{"rendered":"https:\/\/thietbidienlama.com\/?post_type=product&#038;p=11767"},"modified":"2025-08-23T14:21:49","modified_gmt":"2025-08-23T07:21:49","slug":"cong-tac-panasonic-wevh5532-wevh5532","status":"publish","type":"product","link":"https:\/\/www.thietbidienlama.com\/en\/cong-tac-panasonic-wevh5532-wevh5532\/","title":{"rendered":"C\u00f4ng T\u1eafc Panasonic WEVH5532\/WEVH5532-7 D\u00f2ng Halumie 2 Chi\u1ec1u"},"content":{"rendered":"<h2><span style=\"color: #000000;\"><strong>Th\u00f4ng tin c\u00f4ng t\u1eafc Panasonic\u00a0WEVH5532\/WEVH5532-7<\/strong><\/span><\/h2>\n<ul>\n<li><span style=\"color: #000000;\">D\u00f2ng s\u1ea3n ph\u1ea9m:\u00a0Halumie<\/span><\/li>\n<li><span style=\"color: #000000;\">C\u00f4ng t\u1eafc C, 2 chi\u1ec1u, lo\u1ea1i nh\u1ecf<\/span><\/li>\n<li><span style=\"color: #000000;\">Ngu\u1ed3n \u0111i\u1ec7n: 250VAC &#8211;\u00a016A<\/span><\/li>\n<li><span style=\"color: #000000;\">\u0110\u00f3ng g\u00f3i 10 c\u00e1i\/h\u1ed9p, 100 c\u00e1i\/th\u00f9ng<\/span><\/li>\n<li><span style=\"color: #000000;\">WEVH5532 : C\u1eafm nhanh<\/span><\/li>\n<li><span style=\"color: #000000;\">WEVH5532-7 : B\u1eaft v\u00edt<\/span><\/li>\n<li><span style=\"color: #000000;\">M\u00e0u s\u1eafc : Tr\u1eafng<\/span><\/li>\n<\/ul>\n<div id=\"attachment_11768\" style=\"width: 310px\" class=\"wp-caption aligncenter\"><img fetchpriority=\"high\" decoding=\"async\" aria-describedby=\"caption-attachment-11768\" class=\"size-medium wp-image-11768\" src=\"http:\/\/thietbidienlama.com\/wp-content\/uploads\/2025\/03\/cong-tac-panasonic-wevh5532-wevh5532-7-halumie--300x300.jpg\" alt=\"Cong Tac Panasonic Wevh5532 Wevh5532 7 Halumie \" width=\"300\" height=\"300\" srcset=\"https:\/\/www.thietbidienlama.com\/wp-content\/uploads\/2025\/03\/cong-tac-panasonic-wevh5532-wevh5532-7-halumie--300x300.jpg 300w, https:\/\/www.thietbidienlama.com\/wp-content\/uploads\/2025\/03\/cong-tac-panasonic-wevh5532-wevh5532-7-halumie--150x150.jpg 150w, https:\/\/www.thietbidienlama.com\/wp-content\/uploads\/2025\/03\/cong-tac-panasonic-wevh5532-wevh5532-7-halumie--12x12.jpg 12w, https:\/\/www.thietbidienlama.com\/wp-content\/uploads\/2025\/03\/cong-tac-panasonic-wevh5532-wevh5532-7-halumie-.jpg 500w\" sizes=\"(max-width: 300px) 100vw, 300px\" \/><p id=\"caption-attachment-11768\" class=\"wp-caption-text\">Cong Tac Panasonic Wevh5532 Wevh5532 7 Halumie<\/p><\/div>","protected":false},"excerpt":{"rendered":"<p>Th\u00f4ng tin c\u00f4ng t\u1eafc Panasonic\u00a0WEVH5532\/WEVH5532-7 D\u00f2ng s\u1ea3n ph\u1ea9m:\u00a0Halumie C\u00f4ng t\u1eafc C, 2 chi\u1ec1u, lo\u1ea1i nh\u1ecf Ngu\u1ed3n \u0111i\u1ec7n: 250VAC &#8211;\u00a016A \u0110\u00f3ng<\/p>","protected":false},"featured_media":11768,"comment_status":"closed","ping_status":"closed","template":"","meta":[],"product_brand":[],"product_cat":[501,856,858,562],"product_tag":[841,694,840,734],"class_list":{"0":"post-11767","1":"product","2":"type-product","3":"status-publish","4":"has-post-thumbnail","6":"product_cat-thiet-bi-dien","7":"product_cat-cong-tac-panasonic","8":"product_cat-cong-tac-panasonic-halumie","9":"product_cat-thiet-bi-dien-panasonic","10":"product_tag-cong-tac-2-chieu-halumie","11":"product_tag-cong-tac-2-chieu-panasonic","12":"product_tag-cong-tac-halumie","13":"product_tag-cong-tac-panasonic","15":"first","16":"instock","17":"sale","18":"shipping-taxable","19":"purchasable","20":"product-type-simple"},"_links":{"self":[{"href":"https:\/\/www.thietbidienlama.com\/en\/wp-json\/wp\/v2\/product\/11767","targetHints":{"allow":["GET"]}}],"collection":[{"href":"https:\/\/www.thietbidienlama.com\/en\/wp-json\/wp\/v2\/product"}],"about":[{"href":"https:\/\/www.thietbidienlama.com\/en\/wp-json\/wp\/v2\/types\/product"}],"replies":[{"embeddable":true,"href":"https:\/\/www.thietbidienlama.com\/en\/wp-json\/wp\/v2\/comments?post=11767"}],"version-history":[{"count":1,"href":"https:\/\/www.thietbidienlama.com\/en\/wp-json\/wp\/v2\/product\/11767\/revisions"}],"predecessor-version":[{"id":11769,"href":"https:\/\/www.thietbidienlama.com\/en\/wp-json\/wp\/v2\/product\/11767\/revisions\/11769"}],"wp:featuredmedia":[{"embeddable":true,"href":"https:\/\/www.thietbidienlama.com\/en\/wp-json\/wp\/v2\/media\/11768"}],"wp:attachment":[{"href":"https:\/\/www.thietbidienlama.com\/en\/wp-json\/wp\/v2\/media?parent=11767"}],"wp:term":[{"taxonomy":"product_brand","embeddable":true,"href":"https:\/\/www.thietbidienlama.com\/en\/wp-json\/wp\/v2\/product_brand?post=11767"},{"taxonomy":"product_cat","embeddable":true,"href":"https:\/\/www.thietbidienlama.com\/en\/wp-json\/wp\/v2\/product_cat?post=11767"},{"taxonomy":"product_tag","embeddable":true,"href":"https:\/\/www.thietbidienlama.com\/en\/wp-json\/wp\/v2\/product_tag?post=11767"}],"curies":[{"name":"wp","href":"https:\/\/api.w.org\/{rel}","templated":true}]}}