{"id":11764,"date":"2025-03-24T22:05:28","date_gmt":"2025-03-24T15:05:28","guid":{"rendered":"https:\/\/thietbidienlama.com\/?post_type=product&#038;p=11764"},"modified":"2025-08-23T14:24:14","modified_gmt":"2025-08-23T07:24:14","slug":"cong-tac-panasonic-wevh5531k-wevh5531-7k","status":"publish","type":"product","link":"https:\/\/www.thietbidienlama.com\/en\/cong-tac-panasonic-wevh5531k-wevh5531-7k\/","title":{"rendered":"C\u00f4ng T\u1eafc Panasonic WEVH5531K\/WEVH5531-7K D\u00f2ng Halumie 1 Chi\u1ec1u"},"content":{"rendered":"<h2><span style=\"color: #000000;\"><strong>Th\u00f4ng tin c\u00f4ng t\u1eafc Panasonic\u00a0WEVH5531K\/WEVH5531-7K<\/strong><\/span><\/h2>\n<ul>\n<li><span style=\"color: #000000;\">D\u00f2ng s\u1ea3n ph\u1ea9m:\u00a0Halumie<\/span><\/li>\n<li><span style=\"color: #000000;\">C\u00f4ng t\u1eafc B, 1 chi\u1ec1u, lo\u1ea1i nh\u1ecf<\/span><\/li>\n<li><span style=\"color: #000000;\">Ngu\u1ed3n \u0111i\u1ec7n: 250VAC &#8211;\u00a016A<\/span><\/li>\n<li><span style=\"color: #000000;\">\u0110\u00f3ng g\u00f3i 10 c\u00e1i \/h\u1ed9p, 100 c\u00e1i\/1 th\u00f9ng<\/span><\/li>\n<li><span style=\"color: #000000;\">WEVH5531K : C\u1eafm nhanh<\/span><\/li>\n<li><span style=\"color: #000000;\">WEVH5531-7K : B\u1eaft v\u00edt<\/span><\/li>\n<li><span style=\"color: #000000;\">M\u00e0u s\u1eafc : Tr\u1eafng<\/span><\/li>\n<\/ul>\n<div id=\"attachment_11765\" style=\"width: 310px\" class=\"wp-caption aligncenter\"><img fetchpriority=\"high\" decoding=\"async\" aria-describedby=\"caption-attachment-11765\" class=\"size-medium wp-image-11765\" src=\"http:\/\/thietbidienlama.com\/wp-content\/uploads\/2025\/03\/cong-tac-panasonic-wevh5531k-wevh5531-7k-300x300.jpg\" alt=\"Cong Tac Panasonic Wevh5531k Wevh5531 7k\" width=\"300\" height=\"300\" srcset=\"https:\/\/www.thietbidienlama.com\/wp-content\/uploads\/2025\/03\/cong-tac-panasonic-wevh5531k-wevh5531-7k-300x300.jpg 300w, https:\/\/www.thietbidienlama.com\/wp-content\/uploads\/2025\/03\/cong-tac-panasonic-wevh5531k-wevh5531-7k-150x150.jpg 150w, https:\/\/www.thietbidienlama.com\/wp-content\/uploads\/2025\/03\/cong-tac-panasonic-wevh5531k-wevh5531-7k-12x12.jpg 12w, https:\/\/www.thietbidienlama.com\/wp-content\/uploads\/2025\/03\/cong-tac-panasonic-wevh5531k-wevh5531-7k.jpg 500w\" sizes=\"(max-width: 300px) 100vw, 300px\" \/><p id=\"caption-attachment-11765\" class=\"wp-caption-text\">Cong Tac Panasonic Wevh5531k Wevh5531 7k<\/p><\/div>","protected":false},"excerpt":{"rendered":"<p>Th\u00f4ng tin c\u00f4ng t\u1eafc Panasonic\u00a0WEVH5531K\/WEVH5531-7K D\u00f2ng s\u1ea3n ph\u1ea9m:\u00a0Halumie C\u00f4ng t\u1eafc B, 1 chi\u1ec1u, lo\u1ea1i nh\u1ecf Ngu\u1ed3n \u0111i\u1ec7n: 250VAC &#8211;\u00a016A \u0110\u00f3ng<\/p>","protected":false},"featured_media":11765,"comment_status":"closed","ping_status":"closed","template":"","meta":[],"product_brand":[],"product_cat":[562,856,858,501],"product_tag":[],"class_list":{"0":"post-11764","1":"product","2":"type-product","3":"status-publish","4":"has-post-thumbnail","6":"product_cat-thiet-bi-dien-panasonic","7":"product_cat-cong-tac-panasonic","8":"product_cat-cong-tac-panasonic-halumie","9":"product_cat-thiet-bi-dien","11":"first","12":"instock","13":"sale","14":"shipping-taxable","15":"purchasable","16":"product-type-simple"},"_links":{"self":[{"href":"https:\/\/www.thietbidienlama.com\/en\/wp-json\/wp\/v2\/product\/11764","targetHints":{"allow":["GET"]}}],"collection":[{"href":"https:\/\/www.thietbidienlama.com\/en\/wp-json\/wp\/v2\/product"}],"about":[{"href":"https:\/\/www.thietbidienlama.com\/en\/wp-json\/wp\/v2\/types\/product"}],"replies":[{"embeddable":true,"href":"https:\/\/www.thietbidienlama.com\/en\/wp-json\/wp\/v2\/comments?post=11764"}],"version-history":[{"count":1,"href":"https:\/\/www.thietbidienlama.com\/en\/wp-json\/wp\/v2\/product\/11764\/revisions"}],"predecessor-version":[{"id":11766,"href":"https:\/\/www.thietbidienlama.com\/en\/wp-json\/wp\/v2\/product\/11764\/revisions\/11766"}],"wp:featuredmedia":[{"embeddable":true,"href":"https:\/\/www.thietbidienlama.com\/en\/wp-json\/wp\/v2\/media\/11765"}],"wp:attachment":[{"href":"https:\/\/www.thietbidienlama.com\/en\/wp-json\/wp\/v2\/media?parent=11764"}],"wp:term":[{"taxonomy":"product_brand","embeddable":true,"href":"https:\/\/www.thietbidienlama.com\/en\/wp-json\/wp\/v2\/product_brand?post=11764"},{"taxonomy":"product_cat","embeddable":true,"href":"https:\/\/www.thietbidienlama.com\/en\/wp-json\/wp\/v2\/product_cat?post=11764"},{"taxonomy":"product_tag","embeddable":true,"href":"https:\/\/www.thietbidienlama.com\/en\/wp-json\/wp\/v2\/product_tag?post=11764"}],"curies":[{"name":"wp","href":"https:\/\/api.w.org\/{rel}","templated":true}]}}