{"id":11729,"date":"2025-03-23T08:02:12","date_gmt":"2025-03-23T01:02:12","guid":{"rendered":"https:\/\/thietbidienlama.com\/?post_type=product&#038;p=11729"},"modified":"2025-10-30T13:30:05","modified_gmt":"2025-10-30T06:30:05","slug":"mat-3-thiet-bi-panasonic-dong-wide-wev68030mw","status":"publish","type":"product","link":"https:\/\/www.thietbidienlama.com\/en\/mat-3-thiet-bi-panasonic-dong-wide-wev68030mw\/","title":{"rendered":"M\u1eb7t 3 Thi\u1ebft B\u1ecb Panasonic M\u00e0u Tr\u1eafng \u00c1nh Kim D\u00f2ng Wide &#8211; WEV68030MW"},"content":{"rendered":"<h2 style=\"text-align: center;\">M\u1eb7t 3 Thi\u1ebft B\u1ecb Panasonic M\u00e0u Tr\u1eafng \u00c1nh Kim D\u00f2ng Wide &#8211; WEV68030MW<\/h2>\n<p class=\"Y3BBE\" data-hveid=\"CAEIAhAA\" data-complete=\"true\" data-processed=\"true\"><span style=\"font-size: 12pt; color: #000000;\"><span style=\"color: #ff6600;\"><a style=\"color: #ff6600;\" href=\"https:\/\/thietbidienlama.com\/mat-3-thiet-bi-panasonic-dong-wide-wev68030mw\/\"><strong>M\u1eb7t 3 thi\u1ebft b\u1ecb <span class=\"T286Pc\" data-sfc-cp=\"\" data-complete=\"true\" data-processed=\"true\">Panasonic<\/span><\/strong><\/a> <\/span><span class=\"T286Pc\" data-sfc-cp=\"\" data-complete=\"true\" data-processed=\"true\">Wide WEV68030MW<\/span>\u00a0l\u00e0 m\u1eb7t che d\u00f9ng cho 3 thi\u1ebft b\u1ecb \u0111i\u1ec7n (nh\u01b0 c\u00f4ng t\u1eafc, \u1ed5 c\u1eafm) thu\u1ed9c d\u00f2ng Wide Series ho\u1eb7c Refina Wide c\u1ee7a Panasonic, v\u1edbi m\u00e0u tr\u1eafng \u00e1nh kim sang tr\u1ecdng.<\/span><\/p>\n<p class=\"Fsg96\" data-complete=\"true\" data-processed=\"true\"><img fetchpriority=\"high\" decoding=\"async\" class=\"aligncenter wp-image-12466 size-medium\" src=\"http:\/\/thietbidienlama.com\/wp-content\/uploads\/2025\/02\/Mat-3-Dong-Wide-Refina-Mau-Trang-Anh-Kim-WEV68030MW-Panasonic-300x300.jpg\" alt=\"M\u1eb7t 3 Thi\u1ebft B\u1ecb Panasonic M\u00e0u Tr\u1eafng \u00c1nh Kim D\u00f2ng Wide - WEV68030MW\" width=\"300\" height=\"300\" srcset=\"https:\/\/www.thietbidienlama.com\/wp-content\/uploads\/2025\/02\/Mat-3-Dong-Wide-Refina-Mau-Trang-Anh-Kim-WEV68030MW-Panasonic-300x300.jpg 300w, https:\/\/www.thietbidienlama.com\/wp-content\/uploads\/2025\/02\/Mat-3-Dong-Wide-Refina-Mau-Trang-Anh-Kim-WEV68030MW-Panasonic-150x150.jpg 150w, https:\/\/www.thietbidienlama.com\/wp-content\/uploads\/2025\/02\/Mat-3-Dong-Wide-Refina-Mau-Trang-Anh-Kim-WEV68030MW-Panasonic-12x12.jpg 12w, https:\/\/www.thietbidienlama.com\/wp-content\/uploads\/2025\/02\/Mat-3-Dong-Wide-Refina-Mau-Trang-Anh-Kim-WEV68030MW-Panasonic.jpg 500w\" sizes=\"(max-width: 300px) 100vw, 300px\" \/><\/p>\n<h3 class=\"otQkpb\" role=\"heading\" aria-level=\"3\" data-complete=\"true\" data-processed=\"true\"><span style=\"font-size: 14pt; color: #000000;\">Th\u00f4ng s\u1ed1 k\u1ef9 thu\u1eadt<\/span><\/h3>\n<ul class=\"KsbFXc U6u95\" data-complete=\"true\" data-processed=\"true\">\n<li data-hveid=\"CAEIBBAA\" data-complete=\"true\" data-sae=\"\"><span class=\"T286Pc\" style=\"font-size: 12pt; color: #000000;\" data-sfc-cp=\"\" data-complete=\"true\"><strong class=\"Yjhzub\" data-complete=\"true\">M\u00e3 s\u1ea3n ph\u1ea9m:<\/strong>\u00a0WEV68030MW<\/span><\/li>\n<li data-hveid=\"CAEIBBAB\" data-complete=\"true\" data-sae=\"\"><span class=\"T286Pc\" style=\"font-size: 12pt; color: #000000;\" data-sfc-cp=\"\" data-complete=\"true\"><strong class=\"Yjhzub\" data-complete=\"true\">Th\u01b0\u01a1ng hi\u1ec7u:<\/strong>\u00a0Panasonic<\/span><\/li>\n<li data-hveid=\"CAEIBBAC\" data-complete=\"true\" data-sae=\"\"><span class=\"T286Pc\" style=\"font-size: 12pt; color: #000000;\" data-sfc-cp=\"\" data-complete=\"true\"><strong class=\"Yjhzub\" data-complete=\"true\">D\u00f2ng s\u1ea3n ph\u1ea9m:<\/strong>\u00a0Wide Series \/ Refina Wide<\/span><\/li>\n<li data-hveid=\"CAEIBBAD\" data-complete=\"true\" data-sae=\"\"><span class=\"T286Pc\" style=\"font-size: 12pt; color: #000000;\" data-sfc-cp=\"\" data-complete=\"true\"><strong class=\"Yjhzub\" data-complete=\"true\">Ch\u1ee7ng lo\u1ea1i:<\/strong>\u00a0M\u1eb7t d\u00f9ng cho 3 thi\u1ebft b\u1ecb (1 gang)<\/span><\/li>\n<li data-hveid=\"CAEIBBAE\" data-complete=\"true\" data-sae=\"\"><span class=\"T286Pc\" style=\"font-size: 12pt; color: #000000;\" data-sfc-cp=\"\" data-complete=\"true\"><strong class=\"Yjhzub\" data-complete=\"true\">M\u00e0u s\u1eafc:<\/strong>\u00a0Tr\u1eafng \u00e1nh kim (Metallic White)<\/span><\/li>\n<li data-hveid=\"CAEIBBAF\" data-complete=\"true\" data-sae=\"\"><span class=\"T286Pc\" style=\"font-size: 12pt; color: #000000;\" data-sfc-cp=\"\" data-complete=\"true\"><strong class=\"Yjhzub\" data-complete=\"true\">Ch\u1ea5t li\u1ec7u:<\/strong>\u00a0Nh\u1ef1a Urea Resin ho\u1eb7c PC\/ABS cao c\u1ea5p, c\u00f3 kh\u1ea3 n\u0103ng c\u00e1ch \u0111i\u1ec7n v\u00e0 ch\u1ed1ng ch\u00e1y.<\/span><\/li>\n<li data-hveid=\"CAEIBBAG\" data-complete=\"true\" data-sae=\"\"><span class=\"T286Pc\" style=\"font-size: 12pt; color: #000000;\" data-sfc-cp=\"\" data-complete=\"true\"><strong class=\"Yjhzub\" data-complete=\"true\">Ti\u00eau chu\u1ea9n:<\/strong>\u00a0S\u1ea3n xu\u1ea5t theo ti\u00eau chu\u1ea9n IEC 60669 v\u00e0 IEC 60884.<\/span><\/li>\n<li data-hveid=\"CAEIBBAH\" data-complete=\"true\" data-sae=\"\"><span style=\"font-size: 12pt; color: #000000;\"><span class=\"T286Pc\" data-sfc-cp=\"\" data-complete=\"true\"><strong class=\"Yjhzub\" data-complete=\"true\">Quy c\u00e1ch \u0111\u00f3ng g\u00f3i:<\/strong>\u00a010 c\u00e1i\/h\u1ed9p, 100 c\u00e1i\/th\u00f9ng (t\u00f9y theo nh\u00e0 cung c\u1ea5p).<\/span><\/span><\/li>\n<\/ul>\n<p class=\"Fsg96\" data-complete=\"true\" data-processed=\"true\">\n<h3 class=\"otQkpb\" role=\"heading\" aria-level=\"3\" data-complete=\"true\" data-processed=\"true\"><span style=\"font-size: 14pt; color: #000000;\">\u0110\u1eb7c \u0111i\u1ec3m n\u1ed5i b\u1eadt<\/span><\/h3>\n<ul class=\"KsbFXc U6u95\" data-complete=\"true\" data-processed=\"true\">\n<li data-hveid=\"CAEIBhAA\" data-complete=\"true\" data-sae=\"\"><span class=\"T286Pc\" style=\"font-size: 12pt; color: #000000;\" data-sfc-cp=\"\" data-complete=\"true\"><strong class=\"Yjhzub\" data-complete=\"true\">Thi\u1ebft k\u1ebf hi\u1ec7n \u0111\u1ea1i:<\/strong>\u00a0M\u00e0u tr\u1eafng \u00e1nh kim mang l\u1ea1i v\u1ebb ngo\u00e0i tinh t\u1ebf, sang tr\u1ecdng, ph\u00f9 h\u1ee3p v\u1edbi nhi\u1ec1u phong c\u00e1ch n\u1ed9i th\u1ea5t hi\u1ec7n \u0111\u1ea1i v\u00e0 cao c\u1ea5p.<\/span><\/li>\n<li data-hveid=\"CAEIBhAB\" data-complete=\"true\" data-sae=\"\"><span class=\"T286Pc\" style=\"font-size: 12pt; color: #000000;\" data-sfc-cp=\"\" data-complete=\"true\"><strong class=\"Yjhzub\" data-complete=\"true\">Ch\u1ea5t li\u1ec7u b\u1ec1n b\u1ec9:<\/strong>\u00a0Nh\u1ef1a cao c\u1ea5p gi\u00fap s\u1ea3n ph\u1ea9m ch\u1ecbu nhi\u1ec7t, ch\u1ed1ng va \u0111\u1eadp, ch\u1ed1ng \u0103n m\u00f2n v\u00e0 kh\u00f4ng b\u1ecb \u1ed1 v\u00e0ng theo th\u1eddi gian.<\/span><\/li>\n<li data-hveid=\"CAEIBhAC\" data-complete=\"true\" data-sae=\"\"><span class=\"T286Pc\" style=\"font-size: 12pt; color: #000000;\" data-sfc-cp=\"\" data-complete=\"true\"><strong class=\"Yjhzub\" data-complete=\"true\">D\u1ec5 d\u00e0ng l\u1eafp \u0111\u1eb7t:<\/strong>\u00a0S\u1ea3n ph\u1ea9m \u0111\u01b0\u1ee3c thi\u1ebft k\u1ebf \u0111\u1ec3 l\u1eafp \u0111\u1eb7t \u00e2m t\u01b0\u1eddng ho\u1eb7c l\u1eafp n\u1ed5i v\u1edbi \u0111\u1ebf chuy\u00ean d\u1ee5ng c\u1ee7a d\u00f2ng Wide Series.<\/span><\/li>\n<li data-hveid=\"CAEIBhAD\" data-complete=\"true\" data-sae=\"\"><span class=\"T286Pc\" style=\"font-size: 12pt; color: #000000;\" data-sfc-cp=\"\" data-complete=\"true\"><strong class=\"Yjhzub\" data-complete=\"true\">T\u00ednh linh ho\u1ea1t:<\/strong>\u00a0C\u00f3 th\u1ec3 k\u1ebft h\u1ee3p v\u1edbi nhi\u1ec1u lo\u1ea1i c\u00f4ng t\u1eafc v\u00e0 \u1ed5 c\u1eafm thu\u1ed9c d\u00f2ng Wide Series c\u1ee7a Panasonic, cho ph\u00e9p t\u00f9y bi\u1ebfn theo nhu c\u1ea7u s\u1eed d\u1ee5ng.<\/span><\/li>\n<\/ul>\n<p>&nbsp;<\/p>\n<p class=\"Y3BBE\" data-hveid=\"CAEICBAA\" data-complete=\"true\" data-processed=\"true\"><span style=\"font-size: 12pt; color: #000000;\"><strong>LI\u00caN H\u1ec6 : Hotline: 0935 228 204 ( Ms Lam )<\/strong><\/span><\/p>\n<p><span style=\"font-size: 12pt; color: #000000;\"><strong>Facebook:\u00a0<span style=\"color: #ff6600;\"><a style=\"color: #ff6600;\" href=\"https:\/\/www.facebook.com\/thietbidienlama\" target=\"_blank\" rel=\"noopener\">THI\u1ebeT\u00a0B\u1eca \u0110I\u1ec6N LAMA<\/a><\/span><\/strong><\/span><\/p>\n<p><span style=\"font-size: 12pt; color: #000000;\"><strong>Tiktok:\u00a0<span style=\"color: #ff6600;\"><a style=\"color: #ff6600;\" href=\"https:\/\/www.tiktok.com\/@thietbidienlama\" target=\"_blank\" rel=\"noopener\">THI\u1ebeT\u00a0B\u1eca \u0110I\u1ec6N LAMA<\/a><\/span><\/strong><\/span><\/p>","protected":false},"excerpt":{"rendered":"<p>M\u1eb7t 3 Thi\u1ebft B\u1ecb Panasonic M\u00e0u Tr\u1eafng \u00c1nh Kim D\u00f2ng Wide &#8211; WEV68030MW M\u1eb7t 3 thi\u1ebft b\u1ecb Panasonic Wide WEV68030MW\u00a0l\u00e0<\/p>","protected":false},"featured_media":12466,"comment_status":"closed","ping_status":"closed","template":"","meta":[],"product_brand":[],"product_cat":[954,911],"product_tag":[956],"class_list":{"0":"post-11729","1":"product","2":"type-product","3":"status-publish","4":"has-post-thumbnail","6":"product_cat-mat-cong-tac-panasonic","7":"product_cat-mat-panasonic","8":"product_tag-mat-3-thiet-bi-panasonic","10":"first","11":"instock","12":"sale","13":"shipping-taxable","14":"purchasable","15":"product-type-simple"},"_links":{"self":[{"href":"https:\/\/www.thietbidienlama.com\/en\/wp-json\/wp\/v2\/product\/11729","targetHints":{"allow":["GET"]}}],"collection":[{"href":"https:\/\/www.thietbidienlama.com\/en\/wp-json\/wp\/v2\/product"}],"about":[{"href":"https:\/\/www.thietbidienlama.com\/en\/wp-json\/wp\/v2\/types\/product"}],"replies":[{"embeddable":true,"href":"https:\/\/www.thietbidienlama.com\/en\/wp-json\/wp\/v2\/comments?post=11729"}],"version-history":[{"count":3,"href":"https:\/\/www.thietbidienlama.com\/en\/wp-json\/wp\/v2\/product\/11729\/revisions"}],"predecessor-version":[{"id":13452,"href":"https:\/\/www.thietbidienlama.com\/en\/wp-json\/wp\/v2\/product\/11729\/revisions\/13452"}],"wp:featuredmedia":[{"embeddable":true,"href":"https:\/\/www.thietbidienlama.com\/en\/wp-json\/wp\/v2\/media\/12466"}],"wp:attachment":[{"href":"https:\/\/www.thietbidienlama.com\/en\/wp-json\/wp\/v2\/media?parent=11729"}],"wp:term":[{"taxonomy":"product_brand","embeddable":true,"href":"https:\/\/www.thietbidienlama.com\/en\/wp-json\/wp\/v2\/product_brand?post=11729"},{"taxonomy":"product_cat","embeddable":true,"href":"https:\/\/www.thietbidienlama.com\/en\/wp-json\/wp\/v2\/product_cat?post=11729"},{"taxonomy":"product_tag","embeddable":true,"href":"https:\/\/www.thietbidienlama.com\/en\/wp-json\/wp\/v2\/product_tag?post=11729"}],"curies":[{"name":"wp","href":"https:\/\/api.w.org\/{rel}","templated":true}]}}