{"id":11721,"date":"2025-03-23T07:47:34","date_gmt":"2025-03-23T00:47:34","guid":{"rendered":"https:\/\/thietbidienlama.com\/?post_type=product&#038;p=11721"},"modified":"2025-10-30T14:29:42","modified_gmt":"2025-10-30T07:29:42","slug":"mat-1-thiet-bi-panasonic-dong-wide-wev68010mw","status":"publish","type":"product","link":"https:\/\/www.thietbidienlama.com\/en\/mat-1-thiet-bi-panasonic-dong-wide-wev68010mw\/","title":{"rendered":"M\u1eb7t 1 Thi\u1ebft B\u1ecb Panasonic M\u00e0u Tr\u1eafng \u00c1nh Kim D\u00f2ng Wide &#8211; WEV68010MW"},"content":{"rendered":"<h2 style=\"text-align: center;\"><span style=\"color: #000000;\"><strong>M\u1eb7t 1 Thi\u1ebft B\u1ecb Panasonic M\u00e0u Tr\u1eafng \u00c1nh Kim d\u00f2ng Wide WEV68010MW<\/strong><\/span><\/h2>\n<p class=\"Y3BBE\" data-hveid=\"CAEIAhAA\" data-complete=\"true\" data-processed=\"true\"><span style=\"font-size: 12pt; color: #000000;\"><span style=\"color: #ff6600;\"><a style=\"color: #ff6600;\" href=\"https:\/\/thietbidienlama.com\/mat-1-thiet-bi-panasonic-dong-wide-wev68010mw\/\"><strong>M\u1eb7t 1 Thi\u1ebft B\u1ecb <span class=\"T286Pc\" data-sfc-cp=\"\" data-complete=\"true\" data-processed=\"true\">Panasonic<\/span><\/strong><\/a> <\/span><span class=\"T286Pc\" data-sfc-cp=\"\" data-complete=\"true\" data-processed=\"true\">m\u00e0u tr\u1eafng \u00e1nh kim d\u00f2ng Wide WEV68010MW<\/span>\u00a0l\u00e0 m\u1eb7t che d\u00f9ng cho m\u1ed9t thi\u1ebft b\u1ecb \u0111i\u1ec7n (nh\u01b0 c\u00f4ng t\u1eafc, \u1ed5 c\u1eafm) thu\u1ed9c d\u00f2ng Wide Series c\u1ee7a Panasonic, c\u00f3 m\u00e0u s\u1eafc tr\u1eafng \u00e1nh kim.<\/span><\/p>\n<p class=\"Fsg96\" data-complete=\"true\" data-processed=\"true\"><img fetchpriority=\"high\" decoding=\"async\" class=\"aligncenter wp-image-12460 size-medium\" src=\"http:\/\/thietbidienlama.com\/wp-content\/uploads\/2025\/02\/Mat-1-Dong-Wide-Refina-Mau-Trang-Anh-Kim-WEV68010MW-Panasonic-300x300.jpg\" alt=\"M\u1eb7t 1 Thi\u1ebft B\u1ecb Panasonic M\u00e0u Tr\u1eafng \u00c1nh Kim d\u00f2ng Wide WEV68010MW\" width=\"300\" height=\"300\" srcset=\"https:\/\/www.thietbidienlama.com\/wp-content\/uploads\/2025\/02\/Mat-1-Dong-Wide-Refina-Mau-Trang-Anh-Kim-WEV68010MW-Panasonic-300x300.jpg 300w, https:\/\/www.thietbidienlama.com\/wp-content\/uploads\/2025\/02\/Mat-1-Dong-Wide-Refina-Mau-Trang-Anh-Kim-WEV68010MW-Panasonic-150x150.jpg 150w, https:\/\/www.thietbidienlama.com\/wp-content\/uploads\/2025\/02\/Mat-1-Dong-Wide-Refina-Mau-Trang-Anh-Kim-WEV68010MW-Panasonic-12x12.jpg 12w, https:\/\/www.thietbidienlama.com\/wp-content\/uploads\/2025\/02\/Mat-1-Dong-Wide-Refina-Mau-Trang-Anh-Kim-WEV68010MW-Panasonic.jpg 600w\" sizes=\"(max-width: 300px) 100vw, 300px\" \/><\/p>\n<h3 class=\"otQkpb\" role=\"heading\" aria-level=\"3\" data-complete=\"true\" data-processed=\"true\"><span style=\"font-size: 14pt; color: #000000;\">Th\u00f4ng s\u1ed1 k\u1ef9 thu\u1eadt<\/span><\/h3>\n<ul class=\"KsbFXc U6u95\" data-complete=\"true\" data-processed=\"true\">\n<li data-hveid=\"CAEIBBAA\" data-complete=\"true\" data-sae=\"\"><span class=\"T286Pc\" style=\"font-size: 12pt; color: #000000;\" data-sfc-cp=\"\" data-complete=\"true\"><strong class=\"Yjhzub\" data-complete=\"true\">M\u00e3 s\u1ea3n ph\u1ea9m:<\/strong>\u00a0WEV68010MW<\/span><\/li>\n<li data-hveid=\"CAEIBBAB\" data-complete=\"true\" data-sae=\"\"><span class=\"T286Pc\" style=\"font-size: 12pt; color: #000000;\" data-sfc-cp=\"\" data-complete=\"true\"><strong class=\"Yjhzub\" data-complete=\"true\">D\u00f2ng s\u1ea3n ph\u1ea9m:<\/strong>\u00a0Wide Series \/ Refina Wide<\/span><\/li>\n<li data-hveid=\"CAEIBBAC\" data-complete=\"true\" data-sae=\"\"><span class=\"T286Pc\" style=\"font-size: 12pt; color: #000000;\" data-sfc-cp=\"\" data-complete=\"true\"><strong class=\"Yjhzub\" data-complete=\"true\">Ch\u1ee7ng lo\u1ea1i:<\/strong>\u00a0M\u1eb7t d\u00f9ng cho 1 thi\u1ebft b\u1ecb (1 gang)<\/span><\/li>\n<li data-hveid=\"CAEIBBAD\" data-complete=\"true\" data-sae=\"\"><span class=\"T286Pc\" style=\"font-size: 12pt; color: #000000;\" data-sfc-cp=\"\" data-complete=\"true\"><strong class=\"Yjhzub\" data-complete=\"true\">M\u00e0u s\u1eafc:<\/strong>\u00a0Tr\u1eafng \u00e1nh kim (Metallic White)<\/span><\/li>\n<li data-hveid=\"CAEIBBAE\" data-complete=\"true\" data-sae=\"\"><span class=\"T286Pc\" style=\"font-size: 12pt; color: #000000;\" data-sfc-cp=\"\" data-complete=\"true\"><strong class=\"Yjhzub\" data-complete=\"true\">Ch\u1ea5t li\u1ec7u:<\/strong>\u00a0Nh\u1ef1a cao c\u1ea5p PC\/ABS, c\u00f3 l\u1edbp s\u01a1n t\u0129nh \u0111i\u1ec7n<\/span><\/li>\n<li data-hveid=\"CAEIBBAF\" data-complete=\"true\" data-sae=\"\"><span class=\"T286Pc\" style=\"font-size: 12pt; color: #000000;\" data-sfc-cp=\"\" data-complete=\"true\"><strong class=\"Yjhzub\" data-complete=\"true\">K\u00edch th\u01b0\u1edbc:<\/strong>\u00a0Theo ti\u00eau chu\u1ea9n c\u1ee7a d\u00f2ng Wide Series<\/span><\/li>\n<li data-hveid=\"CAEIBBAG\" data-complete=\"true\" data-sae=\"\"><span style=\"font-size: 12pt; color: #000000;\"><span class=\"T286Pc\" data-sfc-cp=\"\" data-complete=\"true\"><strong class=\"Yjhzub\" data-complete=\"true\">\u0110\u00f3ng g\u00f3i:<\/strong>\u00a010 c\u00e1i\/h\u1ed9p, 100 c\u00e1i\/th\u00f9ng<\/span><span class=\"uJ19be notranslate\" data-wiz-uids=\"xGwN8b_19,xGwN8b_1a\" data-complete=\"true\"><span class=\"vKEkVd\" data-animation-atomic=\"\" data-sae=\"\">\u00a0<button class=\"rBl3me\" tabindex=\"0\" data-amic=\"true\" data-icl-uuid=\"b55214a7-3ed9-4cc2-8f34-087b0f7d2af6\" aria-label=\"Xem c\u00e1c \u0111\u01b0\u1eddng li\u00ean k\u1ebft c\u00f3 li\u00ean quan\" data-wiz-attrbind=\"disabled=xGwN8b_19_C5gNJc;class=xGwN8b_19_UpSNec;\" data-ved=\"2ahUKEwjS68OblMuQAxWur1YBHTq3EgUQye0OegYIAQgEEAc\"><\/button><\/span><\/span><\/span><\/li>\n<\/ul>\n<h3 class=\"otQkpb\" role=\"heading\" aria-level=\"3\" data-complete=\"true\" data-processed=\"true\"><span style=\"font-size: 14pt; color: #000000;\">\u0110\u1eb7c \u0111i\u1ec3m n\u1ed5i b\u1eadt<\/span><\/h3>\n<ul class=\"KsbFXc U6u95\" data-complete=\"true\" data-processed=\"true\">\n<li data-hveid=\"CAEIBhAA\" data-complete=\"true\" data-sae=\"\"><span class=\"T286Pc\" style=\"font-size: 12pt; color: #000000;\" data-sfc-cp=\"\" data-complete=\"true\"><strong class=\"Yjhzub\" data-complete=\"true\">Thi\u1ebft k\u1ebf hi\u1ec7n \u0111\u1ea1i:<\/strong>\u00a0M\u1eb7t che c\u00f3 thi\u1ebft k\u1ebf tinh t\u1ebf, sang tr\u1ecdng v\u1edbi m\u00e0u tr\u1eafng \u00e1nh kim, ph\u00f9 h\u1ee3p v\u1edbi nhi\u1ec1u phong c\u00e1ch n\u1ed9i th\u1ea5t.<\/span><\/li>\n<li data-hveid=\"CAEIBhAB\" data-complete=\"true\" data-sae=\"\"><span class=\"T286Pc\" style=\"font-size: 12pt; color: #000000;\" data-sfc-cp=\"\" data-complete=\"true\"><strong class=\"Yjhzub\" data-complete=\"true\">Ch\u1ea5t li\u1ec7u b\u1ec1n b\u1ec9:<\/strong>\u00a0\u0110\u01b0\u1ee3c l\u00e0m t\u1eeb nh\u1ef1a ch\u1ea5t l\u01b0\u1ee3ng cao, c\u00f3 kh\u1ea3 n\u0103ng ch\u1ecbu nhi\u1ec7t, ch\u1ed1ng va \u0111\u1eadp v\u00e0 tr\u1ea7y x\u01b0\u1edbc t\u1ed1t.<\/span><\/li>\n<li data-hveid=\"CAEIBhAC\" data-complete=\"true\" data-sae=\"\"><span class=\"T286Pc\" style=\"font-size: 12pt; color: #000000;\" data-sfc-cp=\"\" data-complete=\"true\"><strong class=\"Yjhzub\" data-complete=\"true\">D\u1ec5 d\u00e0ng l\u1eafp \u0111\u1eb7t:<\/strong>\u00a0S\u1ea3n ph\u1ea9m \u0111\u01b0\u1ee3c thi\u1ebft k\u1ebf \u0111\u1ec3 l\u1eafp \u0111\u1eb7t \u00e2m t\u01b0\u1eddng ho\u1eb7c l\u1eafp n\u1ed5i v\u1edbi \u0111\u1ebf n\u1ed5i h\u00ecnh vu\u00f4ng ho\u1eb7c ch\u1eef nh\u1eadt.<\/span><\/li>\n<li data-hveid=\"CAEIBhAD\" data-complete=\"true\" data-sae=\"\"><span style=\"font-size: 12pt; color: #000000;\"><span class=\"T286Pc\" data-sfc-cp=\"\" data-complete=\"true\"><strong class=\"Yjhzub\" data-complete=\"true\">D\u1ec5 d\u00e0ng v\u1ec7 sinh:<\/strong>\u00a0L\u1edbp s\u01a1n t\u0129nh \u0111i\u1ec7n gi\u00fap m\u1eb7t che ch\u1ed1ng b\u00e1m b\u1ea9n, d\u1ec5 d\u00e0ng lau ch\u00f9i, gi\u1eef cho s\u1ea3n ph\u1ea9m lu\u00f4n m\u1edbi.<\/span><span class=\"uJ19be notranslate\" data-wiz-uids=\"xGwN8b_1w,xGwN8b_1x\" data-complete=\"true\"><span class=\"vKEkVd\" data-animation-atomic=\"\" data-sae=\"\">\u00a0<button class=\"rBl3me\" tabindex=\"0\" data-amic=\"true\" data-icl-uuid=\"69e5e165-45a1-4adf-96db-6c1b135a1da3\" aria-label=\"Xem c\u00e1c \u0111\u01b0\u1eddng li\u00ean k\u1ebft c\u00f3 li\u00ean quan\" data-wiz-attrbind=\"disabled=xGwN8b_1w_C5gNJc;class=xGwN8b_1w_UpSNec;\" data-ved=\"2ahUKEwjS68OblMuQAxWur1YBHTq3EgUQye0OegYIAQgGEAQ\"><\/button><\/span><\/span><\/span><\/li>\n<\/ul>\n<h3 class=\"otQkpb\" role=\"heading\" aria-level=\"3\" data-processed=\"true\" data-complete=\"true\"><span style=\"font-size: 14pt; color: #000000;\">\u1ee8ng d\u1ee5ng<\/span><\/h3>\n<p class=\"Y3BBE\" data-hveid=\"CAEICBAA\" data-complete=\"true\" data-processed=\"true\"><span style=\"font-size: 12pt; color: #000000;\">M\u1eb7t WEV68010MW \u0111\u01b0\u1ee3c s\u1eed d\u1ee5ng \u0111\u1ec3 ho\u00e0n thi\u1ec7n vi\u1ec7c l\u1eafp \u0111\u1eb7t c\u00e1c thi\u1ebft b\u1ecb \u0111i\u1ec7n nh\u01b0:<button class=\"rBl3me\" tabindex=\"0\" data-amic=\"true\" data-icl-uuid=\"eda52b16-91ad-41c0-a02e-fd48becdad28\" aria-label=\"Xem c\u00e1c \u0111\u01b0\u1eddng li\u00ean k\u1ebft c\u00f3 li\u00ean quan\" data-wiz-attrbind=\"disabled=xGwN8b_26_C5gNJc;class=xGwN8b_26_UpSNec;\" data-ved=\"2ahUKEwjS68OblMuQAxWur1YBHTq3EgUQye0OegYIAQgIEAE\"><\/button><\/span><\/p>\n<ul>\n<li style=\"list-style-type: none;\">\n<ul class=\"KsbFXc U6u95\" data-complete=\"true\" data-processed=\"true\">\n<li data-hveid=\"CAEICRAA\" data-complete=\"true\" data-sae=\"\"><span class=\"T286Pc\" style=\"font-size: 12pt; color: #000000;\" data-sfc-cp=\"\" data-complete=\"true\">M\u1eb7t che cho m\u1ed9t c\u00f4ng t\u1eafc \u0111\u01a1n<\/span><\/li>\n<li data-hveid=\"CAEICRAB\" data-complete=\"true\" data-sae=\"\"><span class=\"T286Pc\" style=\"font-size: 12pt; color: #000000;\" data-sfc-cp=\"\" data-complete=\"true\">M\u1eb7t che cho m\u1ed9t \u1ed5 c\u1eafm \u0111\u01a1n<\/span><\/li>\n<\/ul>\n<\/li>\n<\/ul>\n<p>&nbsp;<\/p>\n<p class=\"Y3BBE\" data-hveid=\"CAEICBAA\" data-complete=\"true\" data-processed=\"true\"><span style=\"font-size: 12pt; color: #000000;\"><strong>LI\u00caN H\u1ec6 : Hotline: 0935 228 204 ( Ms Lam )<\/strong><\/span><\/p>\n<p><span style=\"font-size: 12pt; color: #000000;\"><strong>Facebook:\u00a0<span style=\"color: #ff6600;\"><a style=\"color: #ff6600;\" href=\"https:\/\/www.facebook.com\/thietbidienlama\" target=\"_blank\" rel=\"noopener\">THI\u1ebeT\u00a0B\u1eca \u0110I\u1ec6N LAMA<\/a><\/span><\/strong><\/span><\/p>\n<p><span style=\"font-size: 12pt; color: #000000;\"><strong>Tiktok:\u00a0<span style=\"color: #ff6600;\"><a style=\"color: #ff6600;\" href=\"https:\/\/www.tiktok.com\/@thietbidienlama\" target=\"_blank\" rel=\"noopener\">THI\u1ebeT\u00a0B\u1eca \u0110I\u1ec6N LAMA<\/a><\/span><\/strong><\/span><\/p>","protected":false},"excerpt":{"rendered":"<p>M\u1eb7t 1 Thi\u1ebft B\u1ecb Panasonic M\u00e0u Tr\u1eafng \u00c1nh Kim d\u00f2ng Wide WEV68010MW M\u1eb7t 1 Thi\u1ebft B\u1ecb Panasonic m\u00e0u tr\u1eafng \u00e1nh<\/p>","protected":false},"featured_media":12460,"comment_status":"closed","ping_status":"closed","template":"","meta":[],"product_brand":[],"product_cat":[911,954],"product_tag":[],"class_list":{"0":"post-11721","1":"product","2":"type-product","3":"status-publish","4":"has-post-thumbnail","6":"product_cat-mat-panasonic","7":"product_cat-mat-cong-tac-panasonic","9":"first","10":"instock","11":"sale","12":"shipping-taxable","13":"purchasable","14":"product-type-simple"},"_links":{"self":[{"href":"https:\/\/www.thietbidienlama.com\/en\/wp-json\/wp\/v2\/product\/11721","targetHints":{"allow":["GET"]}}],"collection":[{"href":"https:\/\/www.thietbidienlama.com\/en\/wp-json\/wp\/v2\/product"}],"about":[{"href":"https:\/\/www.thietbidienlama.com\/en\/wp-json\/wp\/v2\/types\/product"}],"replies":[{"embeddable":true,"href":"https:\/\/www.thietbidienlama.com\/en\/wp-json\/wp\/v2\/comments?post=11721"}],"version-history":[{"count":6,"href":"https:\/\/www.thietbidienlama.com\/en\/wp-json\/wp\/v2\/product\/11721\/revisions"}],"predecessor-version":[{"id":13454,"href":"https:\/\/www.thietbidienlama.com\/en\/wp-json\/wp\/v2\/product\/11721\/revisions\/13454"}],"wp:featuredmedia":[{"embeddable":true,"href":"https:\/\/www.thietbidienlama.com\/en\/wp-json\/wp\/v2\/media\/12460"}],"wp:attachment":[{"href":"https:\/\/www.thietbidienlama.com\/en\/wp-json\/wp\/v2\/media?parent=11721"}],"wp:term":[{"taxonomy":"product_brand","embeddable":true,"href":"https:\/\/www.thietbidienlama.com\/en\/wp-json\/wp\/v2\/product_brand?post=11721"},{"taxonomy":"product_cat","embeddable":true,"href":"https:\/\/www.thietbidienlama.com\/en\/wp-json\/wp\/v2\/product_cat?post=11721"},{"taxonomy":"product_tag","embeddable":true,"href":"https:\/\/www.thietbidienlama.com\/en\/wp-json\/wp\/v2\/product_tag?post=11721"}],"curies":[{"name":"wp","href":"https:\/\/api.w.org\/{rel}","templated":true}]}}