{"id":11670,"date":"2025-03-12T23:25:28","date_gmt":"2025-03-12T16:25:28","guid":{"rendered":"https:\/\/thietbidienlama.com\/?post_type=product&#038;p=11670"},"modified":"2025-12-02T16:27:11","modified_gmt":"2025-12-02T09:27:11","slug":"o-cam-doi-panasonic-wev1582h-wev1582-7h-dong-wide","status":"publish","type":"product","link":"https:\/\/www.thietbidienlama.com\/en\/o-cam-doi-panasonic-wev1582h-wev1582-7h-dong-wide\/","title":{"rendered":"\u1ed4 C\u1eafm \u0110\u00f4i Panasonic WEV1582H\/WEV1582-7H D\u00f2ng Wide"},"content":{"rendered":"<h2><span style=\"color: #000000;\"><strong>Th\u00f4ng tin \u1ed4 c\u1eafm \u0111\u00f4i\u00a0Panasonic\u00a0WEV1582H\/WEV1582-7H<\/strong><\/span><\/h2>\n<ul>\n<li><span style=\"color: #000000;\">D\u00f2ng s\u1ea3n ph\u1ea9m: Wide<\/span><\/li>\n<li><span style=\"color: #000000;\">\u1ed4 c\u1eafm \u0111\u00f4i c\u00f3 m\u00e0n che v\u00e0 d\u00e2y n\u1ed1i \u0111\u1ea5t<\/span><\/li>\n<li><span style=\"color: #000000;\">Ngu\u1ed3n \u0111i\u1ec7n: 250VAC &#8211;\u00a016A<\/span><\/li>\n<li><span style=\"color: #000000;\">\u0110\u00f3ng g\u00f3i 10 c\u00e1i\/h\u1ed9p, 50 c\u00e1i\/th\u00f9ng<\/span><\/li>\n<li><span style=\"color: #000000;\">WEV1582H : C\u1eafm nhanh<\/span><\/li>\n<li><span style=\"color: #000000;\">WEV1582-7H : B\u1eaft v\u00edt<\/span><\/li>\n<\/ul>","protected":false},"excerpt":{"rendered":"<p>Th\u00f4ng tin \u1ed4 c\u1eafm \u0111\u00f4i\u00a0Panasonic\u00a0WEV1582H\/WEV1582-7H D\u00f2ng s\u1ea3n ph\u1ea9m: Wide \u1ed4 c\u1eafm \u0111\u00f4i c\u00f3 m\u00e0n che v\u00e0 d\u00e2y n\u1ed1i \u0111\u1ea5t Ngu\u1ed3n<\/p>","protected":false},"featured_media":11671,"comment_status":"closed","ping_status":"closed","template":"","meta":[],"product_brand":[],"product_cat":[501,836,860,562,804],"product_tag":[697,834],"class_list":{"0":"post-11670","1":"product","2":"type-product","3":"status-publish","4":"has-post-thumbnail","6":"product_cat-thiet-bi-dien","7":"product_cat-cong-tac-o-cam-wide","8":"product_cat-o-cam-panasonic","9":"product_cat-thiet-bi-dien-panasonic","10":"product_cat-cong-tac-o-cam-panasonic","11":"product_tag-o-cam-doi-panasonic","12":"product_tag-o-cam-doi-panasonic-dong-wide","14":"first","15":"instock","16":"sale","17":"shipping-taxable","18":"purchasable","19":"product-type-simple"},"_links":{"self":[{"href":"https:\/\/www.thietbidienlama.com\/en\/wp-json\/wp\/v2\/product\/11670","targetHints":{"allow":["GET"]}}],"collection":[{"href":"https:\/\/www.thietbidienlama.com\/en\/wp-json\/wp\/v2\/product"}],"about":[{"href":"https:\/\/www.thietbidienlama.com\/en\/wp-json\/wp\/v2\/types\/product"}],"replies":[{"embeddable":true,"href":"https:\/\/www.thietbidienlama.com\/en\/wp-json\/wp\/v2\/comments?post=11670"}],"version-history":[{"count":1,"href":"https:\/\/www.thietbidienlama.com\/en\/wp-json\/wp\/v2\/product\/11670\/revisions"}],"predecessor-version":[{"id":11672,"href":"https:\/\/www.thietbidienlama.com\/en\/wp-json\/wp\/v2\/product\/11670\/revisions\/11672"}],"wp:featuredmedia":[{"embeddable":true,"href":"https:\/\/www.thietbidienlama.com\/en\/wp-json\/wp\/v2\/media\/11671"}],"wp:attachment":[{"href":"https:\/\/www.thietbidienlama.com\/en\/wp-json\/wp\/v2\/media?parent=11670"}],"wp:term":[{"taxonomy":"product_brand","embeddable":true,"href":"https:\/\/www.thietbidienlama.com\/en\/wp-json\/wp\/v2\/product_brand?post=11670"},{"taxonomy":"product_cat","embeddable":true,"href":"https:\/\/www.thietbidienlama.com\/en\/wp-json\/wp\/v2\/product_cat?post=11670"},{"taxonomy":"product_tag","embeddable":true,"href":"https:\/\/www.thietbidienlama.com\/en\/wp-json\/wp\/v2\/product_tag?post=11670"}],"curies":[{"name":"wp","href":"https:\/\/api.w.org\/{rel}","templated":true}]}}