{"id":11667,"date":"2025-03-12T23:16:46","date_gmt":"2025-03-12T16:16:46","guid":{"rendered":"https:\/\/thietbidienlama.com\/?post_type=product&#038;p=11667"},"modified":"2025-12-02T16:21:28","modified_gmt":"2025-12-02T09:21:28","slug":"cong-tac-panasonic-weg55317mh-dong-wide-1-chieu","status":"publish","type":"product","link":"https:\/\/www.thietbidienlama.com\/en\/cong-tac-panasonic-weg55317mh-dong-wide-1-chieu\/","title":{"rendered":"C\u00f4ng T\u1eafc Panasonic WEG55317MH D\u00f2ng Wide 1 Chi\u1ec1u"},"content":{"rendered":"<h2><span style=\"color: #000000;\"><strong>Th\u00f4ng tin c\u00f4ng t\u1eafc Panasonic\u00a0WEG55317MH<\/strong><\/span><\/h2>\n<ul>\n<li><span style=\"color: #000000;\">C\u00f4ng t\u1eafc B, 1 chi\u1ec1u<\/span><\/li>\n<li><span style=\"color: #000000;\">D\u00f2ng s\u1ea3n ph\u1ea9m Refina<\/span><\/li>\n<li><span style=\"color: #000000;\">D\u00f2ng \u0111i\u1ec7n \u0111\u1ecbnh m\u1ee9c: 16A<\/span><\/li>\n<li><span style=\"color: #000000;\">\u0110i\u1ec7n \u00e1p \u0111\u1ecbnh m\u1ee9c: 250VAC<\/span><\/li>\n<li><span style=\"color: #000000;\">M\u00e0u s\u1eafc: X\u00e1m \u00e1nh kim<\/span><\/li>\n<li><span style=\"color: #000000;\">Ti\u00eau chu\u1ea9n: JIS Nh\u1eadt B\u1ea3n<\/span><\/li>\n<li><span style=\"color: #000000;\">\u0110\u00f3ng g\u00f3i: 10 ca\u0301i \/ h\u00f4\u0323p , 100 c\u00e1i \/ th\u00f9ng<\/span><\/li>\n<li><span style=\"color: #000000;\">Xu\u1ea5t x\u1ee9: Th\u00e1i Lan<\/span><\/li>\n<\/ul>","protected":false},"excerpt":{"rendered":"<p>Th\u00f4ng tin c\u00f4ng t\u1eafc Panasonic\u00a0WEG55317MH C\u00f4ng t\u1eafc B, 1 chi\u1ec1u D\u00f2ng s\u1ea3n ph\u1ea9m Refina D\u00f2ng \u0111i\u1ec7n \u0111\u1ecbnh m\u1ee9c: 16A \u0110i\u1ec7n<\/p>","protected":false},"featured_media":11668,"comment_status":"closed","ping_status":"closed","template":"","meta":[],"product_brand":[],"product_cat":[501,836,856,857,562,804],"product_tag":[],"class_list":{"0":"post-11667","1":"product","2":"type-product","3":"status-publish","4":"has-post-thumbnail","6":"product_cat-thiet-bi-dien","7":"product_cat-cong-tac-o-cam-wide","8":"product_cat-cong-tac-panasonic","9":"product_cat-cong-tac-panasonic-wide","10":"product_cat-thiet-bi-dien-panasonic","11":"product_cat-cong-tac-o-cam-panasonic","13":"first","14":"instock","15":"sale","16":"shipping-taxable","17":"purchasable","18":"product-type-simple"},"_links":{"self":[{"href":"https:\/\/www.thietbidienlama.com\/en\/wp-json\/wp\/v2\/product\/11667","targetHints":{"allow":["GET"]}}],"collection":[{"href":"https:\/\/www.thietbidienlama.com\/en\/wp-json\/wp\/v2\/product"}],"about":[{"href":"https:\/\/www.thietbidienlama.com\/en\/wp-json\/wp\/v2\/types\/product"}],"replies":[{"embeddable":true,"href":"https:\/\/www.thietbidienlama.com\/en\/wp-json\/wp\/v2\/comments?post=11667"}],"version-history":[{"count":1,"href":"https:\/\/www.thietbidienlama.com\/en\/wp-json\/wp\/v2\/product\/11667\/revisions"}],"predecessor-version":[{"id":11669,"href":"https:\/\/www.thietbidienlama.com\/en\/wp-json\/wp\/v2\/product\/11667\/revisions\/11669"}],"wp:featuredmedia":[{"embeddable":true,"href":"https:\/\/www.thietbidienlama.com\/en\/wp-json\/wp\/v2\/media\/11668"}],"wp:attachment":[{"href":"https:\/\/www.thietbidienlama.com\/en\/wp-json\/wp\/v2\/media?parent=11667"}],"wp:term":[{"taxonomy":"product_brand","embeddable":true,"href":"https:\/\/www.thietbidienlama.com\/en\/wp-json\/wp\/v2\/product_brand?post=11667"},{"taxonomy":"product_cat","embeddable":true,"href":"https:\/\/www.thietbidienlama.com\/en\/wp-json\/wp\/v2\/product_cat?post=11667"},{"taxonomy":"product_tag","embeddable":true,"href":"https:\/\/www.thietbidienlama.com\/en\/wp-json\/wp\/v2\/product_tag?post=11667"}],"curies":[{"name":"wp","href":"https:\/\/api.w.org\/{rel}","templated":true}]}}