{"id":11664,"date":"2025-03-12T23:11:40","date_gmt":"2025-03-12T16:11:40","guid":{"rendered":"https:\/\/thietbidienlama.com\/?post_type=product&#038;p=11664"},"modified":"2025-12-02T16:22:07","modified_gmt":"2025-12-02T09:22:07","slug":"cong-tac-panasonic-wev5533-7sw-dong-wide-2-tiep-diem","status":"publish","type":"product","link":"https:\/\/www.thietbidienlama.com\/en\/cong-tac-panasonic-wev5533-7sw-dong-wide-2-tiep-diem\/","title":{"rendered":"C\u00f4ng T\u1eafc Panasonic WEV5533-7SW D\u00f2ng Wide 2 Ti\u1ebfp \u0110i\u1ec3m"},"content":{"rendered":"<h2><span style=\"color: #000000;\"><strong>Th\u00f4ng tin c\u00f4ng t\u1eafc Panasonic\u00a0WEV5533-7SW<\/strong><\/span><\/h2>\n<ul>\n<li><span style=\"color: #000000;\"><strong>WEV5533-7SW<\/strong>\u00a0: B\u1eaft v\u00edt<\/span><\/li>\n<li><span style=\"color: #000000;\">C\u00f4ng t\u1eafc D c\u00f3 \u0111\u00e8n b\u00e1o<\/span><\/li>\n<li><span style=\"color: #000000;\">2 ti\u1ebfp \u0111i\u1ec3m<\/span><\/li>\n<li><span style=\"color: #000000;\">D\u00f2ng s\u1ea3n ph\u1ea9m Refina<\/span><\/li>\n<li><span style=\"color: #000000;\">D\u00f2ng \u0111i\u1ec7n \u0111\u1ecbnh m\u1ee9c: 16A<\/span><\/li>\n<li><span style=\"color: #000000;\">\u0110i\u1ec7n \u00e1p \u0111\u1ecbnh m\u1ee9c: 250VAC<\/span><\/li>\n<li><span style=\"color: #000000;\">\u0110\u00f3ng g\u00f3i: 10 ca\u0301i \/ h\u00f4\u0323p , 100 c\u00e1i \/ th\u00f9ng<\/span><\/li>\n<\/ul>","protected":false},"excerpt":{"rendered":"<p>Th\u00f4ng tin c\u00f4ng t\u1eafc Panasonic\u00a0WEV5533-7SW WEV5533-7SW\u00a0: B\u1eaft v\u00edt C\u00f4ng t\u1eafc D c\u00f3 \u0111\u00e8n b\u00e1o 2 ti\u1ebfp \u0111i\u1ec3m D\u00f2ng s\u1ea3n ph\u1ea9m<\/p>","protected":false},"featured_media":11665,"comment_status":"closed","ping_status":"closed","template":"","meta":[],"product_brand":[],"product_cat":[501,836,856,857,562,804],"product_tag":[734,832,833],"class_list":{"0":"post-11664","1":"product","2":"type-product","3":"status-publish","4":"has-post-thumbnail","6":"product_cat-thiet-bi-dien","7":"product_cat-cong-tac-o-cam-wide","8":"product_cat-cong-tac-panasonic","9":"product_cat-cong-tac-panasonic-wide","10":"product_cat-thiet-bi-dien-panasonic","11":"product_cat-cong-tac-o-cam-panasonic","12":"product_tag-cong-tac-panasonic","13":"product_tag-cong-tac-panasonic-wide","14":"product_tag-cong-tac-panasonic-wide-2-tiep-diem","16":"first","17":"instock","18":"sale","19":"shipping-taxable","20":"purchasable","21":"product-type-simple"},"_links":{"self":[{"href":"https:\/\/www.thietbidienlama.com\/en\/wp-json\/wp\/v2\/product\/11664","targetHints":{"allow":["GET"]}}],"collection":[{"href":"https:\/\/www.thietbidienlama.com\/en\/wp-json\/wp\/v2\/product"}],"about":[{"href":"https:\/\/www.thietbidienlama.com\/en\/wp-json\/wp\/v2\/types\/product"}],"replies":[{"embeddable":true,"href":"https:\/\/www.thietbidienlama.com\/en\/wp-json\/wp\/v2\/comments?post=11664"}],"version-history":[{"count":1,"href":"https:\/\/www.thietbidienlama.com\/en\/wp-json\/wp\/v2\/product\/11664\/revisions"}],"predecessor-version":[{"id":11666,"href":"https:\/\/www.thietbidienlama.com\/en\/wp-json\/wp\/v2\/product\/11664\/revisions\/11666"}],"wp:featuredmedia":[{"embeddable":true,"href":"https:\/\/www.thietbidienlama.com\/en\/wp-json\/wp\/v2\/media\/11665"}],"wp:attachment":[{"href":"https:\/\/www.thietbidienlama.com\/en\/wp-json\/wp\/v2\/media?parent=11664"}],"wp:term":[{"taxonomy":"product_brand","embeddable":true,"href":"https:\/\/www.thietbidienlama.com\/en\/wp-json\/wp\/v2\/product_brand?post=11664"},{"taxonomy":"product_cat","embeddable":true,"href":"https:\/\/www.thietbidienlama.com\/en\/wp-json\/wp\/v2\/product_cat?post=11664"},{"taxonomy":"product_tag","embeddable":true,"href":"https:\/\/www.thietbidienlama.com\/en\/wp-json\/wp\/v2\/product_tag?post=11664"}],"curies":[{"name":"wp","href":"https:\/\/api.w.org\/{rel}","templated":true}]}}