{"id":11660,"date":"2025-03-12T23:02:36","date_gmt":"2025-03-12T16:02:36","guid":{"rendered":"https:\/\/thietbidienlama.com\/?post_type=product&#038;p=11660"},"modified":"2025-10-30T14:47:23","modified_gmt":"2025-10-30T07:47:23","slug":"mat-cong-tac-panasonic-weg8981-dong-wide","status":"publish","type":"product","link":"https:\/\/www.thietbidienlama.com\/en\/mat-cong-tac-panasonic-weg8981-dong-wide\/","title":{"rendered":"M\u1eb7t Che M\u01b0a \u1ed4 C\u1eafm Panasonic WEG8981 M\u00e0u \u0111en H\u00ecnh Vu\u00f4ng"},"content":{"rendered":"<h2 style=\"text-align: center;\" data-hveid=\"CAEIAhAA\" data-complete=\"true\" data-processed=\"true\"><span style=\"color: #000000;\">M\u1eb7t Che M\u01b0a \u1ed4 C\u1eafm Panasonic WEG8981 M\u00e0u \u0111en H\u00ecnh Vu\u00f4ng<\/span><\/h2>\n<p class=\"Y3BBE\" data-hveid=\"CAEIAhAA\" data-complete=\"true\" data-processed=\"true\"><span style=\"font-size: 12pt; color: #000000;\"><strong><span style=\"color: #ff6600;\"><a style=\"color: #ff6600;\" href=\"https:\/\/thietbidienlama.com\/mat-cong-tac-panasonic-weg8981-dong-wide\/\">M\u1eb7t Che M\u01b0a \u1ed4 C\u1eafm Panasonic<\/a><\/span><\/strong> m\u00e3 <strong class=\"Yjhzub\" data-complete=\"true\" data-processed=\"true\"><span class=\"T286Pc\" data-sfc-cp=\"\" data-complete=\"true\" data-processed=\"true\">WEG8981<\/span><\/strong>\u00a0l\u00e0 s\u1ea3n ph\u1ea9m h\u00ecnh ch\u1eef nh\u1eadt, th\u01b0\u1eddng c\u00f3 m\u00e0u \u0111en ho\u1eb7c n\u00e2u, d\u00f9ng cho m\u1ed9t thi\u1ebft b\u1ecb thu\u1ed9c d\u00f2ng Wide Series. S\u1ea3n ph\u1ea9m n\u00e0y c\u00f3 kh\u1ea3 n\u0103ng ch\u1ed1ng n\u01b0\u1edbc \u0111\u1ea1t ti\u00eau chu\u1ea9n IP55.<\/span><\/p>\n<p class=\"Y3BBE\" data-hveid=\"CAEIAxAA\" data-complete=\"true\" data-processed=\"true\"><span style=\"font-size: 12pt; color: #000000;\">Tuy nhi\u00ean, m\u1eb7t che m\u01b0a \u1ed5 c\u1eafm panasonic h\u00ecnh vu\u00f4ng c\u00f3 m\u00e0u \u0111en, nh\u01b0 <strong class=\"Yjhzub\" data-complete=\"true\" data-processed=\"true\"><span class=\"T286Pc\" data-sfc-cp=\"\" data-complete=\"true\" data-processed=\"true\">WBG8981<\/span><\/strong>, c\u0169ng \u0111\u1ea1t ti\u00eau chu\u1ea9n IP55<span class=\"T286Pc\" data-sfc-cp=\"\" data-complete=\"true\" data-processed=\"true\">. Th\u00f4ng tin t\u00ecm ki\u1ebfm kh\u00f4ng cho th\u1ea5y m\u00e3\u00a0WEG8981\u00a0c\u00f3 h\u00ecnh vu\u00f4ng v\u00e0 m\u00e0u \u0111en, nh\u01b0ng m\u00e3 WBG8981 l\u1ea1i c\u00f3 \u0111\u1ee7 c\u00e1c \u0111\u1eb7c \u0111i\u1ec3m \u0111\u00f3<\/span>. C\u00f3 th\u1ec3 \u0111\u00e3 c\u00f3 s\u1ef1 nh\u1ea7m l\u1eabn gi\u1eefa hai m\u00e3 n\u00e0y.<\/span><\/p>\n<p><img fetchpriority=\"high\" decoding=\"async\" class=\"aligncenter wp-image-11661 size-medium\" src=\"http:\/\/thietbidienlama.com\/wp-content\/uploads\/2025\/03\/mat-cong-tac-panasonic-weg8981-wide-300x300.jpg\" alt=\"M\u1eb7t Che M\u01b0a \u1ed4 C\u1eafm Panasonic WEG8981 M\u00e0u \u0111en H\u00ecnh Vu\u00f4ng\" width=\"300\" height=\"300\" srcset=\"https:\/\/www.thietbidienlama.com\/wp-content\/uploads\/2025\/03\/mat-cong-tac-panasonic-weg8981-wide-300x300.jpg 300w, https:\/\/www.thietbidienlama.com\/wp-content\/uploads\/2025\/03\/mat-cong-tac-panasonic-weg8981-wide-150x150.jpg 150w, https:\/\/www.thietbidienlama.com\/wp-content\/uploads\/2025\/03\/mat-cong-tac-panasonic-weg8981-wide-12x12.jpg 12w, https:\/\/www.thietbidienlama.com\/wp-content\/uploads\/2025\/03\/mat-cong-tac-panasonic-weg8981-wide.jpg 500w\" sizes=\"(max-width: 300px) 100vw, 300px\" \/><\/p>\n<h3 class=\"otQkpb\" role=\"heading\" aria-level=\"3\" data-processed=\"true\" data-complete=\"true\"><span style=\"font-size: 14pt; color: #000000;\">Th\u00f4ng s\u1ed1 k\u1ef9 thu\u1eadt<\/span><\/h3>\n<ul class=\"KsbFXc U6u95\" data-complete=\"true\" data-processed=\"true\">\n<li data-hveid=\"CAEIBRAA\" data-complete=\"true\" data-sae=\"\"><span class=\"T286Pc\" style=\"font-size: 12pt; color: #000000;\" data-sfc-cp=\"\" data-complete=\"true\"><strong class=\"Yjhzub\" data-complete=\"true\">M\u00e3 s\u1ea3n ph\u1ea9m:<\/strong>\u00a0WBG8981\u00a0(kh\u1ea3 n\u0103ng cao l\u00e0 s\u1ea3n ph\u1ea9m b\u1ea1n t\u00ecm)<\/span><\/li>\n<li data-hveid=\"CAEIBRAB\" data-complete=\"true\" data-sae=\"\"><span class=\"T286Pc\" style=\"font-size: 12pt; color: #000000;\" data-sfc-cp=\"\" data-complete=\"true\"><strong class=\"Yjhzub\" data-complete=\"true\">Th\u01b0\u01a1ng hi\u1ec7u:<\/strong>\u00a0Panasonic<\/span><\/li>\n<li data-hveid=\"CAEIBRAC\" data-complete=\"true\" data-sae=\"\"><span class=\"T286Pc\" style=\"font-size: 12pt; color: #000000;\" data-sfc-cp=\"\" data-complete=\"true\"><strong class=\"Yjhzub\" data-complete=\"true\">Ch\u1ee7ng lo\u1ea1i:<\/strong>\u00a0M\u1eb7t che m\u01b0a, c\u00f3 n\u1eafp \u0111\u1eady<\/span><\/li>\n<li data-hveid=\"CAEIBRAD\" data-complete=\"true\" data-sae=\"\"><span class=\"T286Pc\" style=\"font-size: 12pt; color: #000000;\" data-sfc-cp=\"\" data-complete=\"true\"><strong class=\"Yjhzub\" data-complete=\"true\">H\u00ecnh d\u1ea1ng:<\/strong>\u00a0Vu\u00f4ng<\/span><\/li>\n<li data-hveid=\"CAEIBRAE\" data-complete=\"true\" data-sae=\"\"><span class=\"T286Pc\" style=\"font-size: 12pt; color: #000000;\" data-sfc-cp=\"\" data-complete=\"true\"><strong class=\"Yjhzub\" data-complete=\"true\">M\u00e0u s\u1eafc:<\/strong>\u00a0\u0110en (trong)<\/span><\/li>\n<li data-hveid=\"CAEIBRAF\" data-complete=\"true\" data-sae=\"\"><span class=\"T286Pc\" style=\"font-size: 12pt; color: #000000;\" data-sfc-cp=\"\" data-complete=\"true\"><strong class=\"Yjhzub\" data-complete=\"true\">C\u1ea5p \u0111\u1ed9 b\u1ea3o v\u1ec7:<\/strong>\u00a0IP55 (ch\u1ed1ng b\u1ee5i b\u1ea9n, ch\u1ed1ng n\u01b0\u1edbc b\u1eafn t\u1eeb m\u1ecdi h\u01b0\u1edbng)<\/span><\/li>\n<li data-hveid=\"CAEIBRAG\" data-complete=\"true\" data-sae=\"\"><span class=\"T286Pc\" style=\"font-size: 12pt; color: #000000;\" data-sfc-cp=\"\" data-complete=\"true\"><strong class=\"Yjhzub\" data-complete=\"true\">Ch\u1ea5t li\u1ec7u:<\/strong>\u00a0Nh\u1ef1a cao c\u1ea5p<\/span><\/li>\n<li data-hveid=\"CAEIBRAH\" data-complete=\"true\" data-sae=\"\"><span class=\"T286Pc\" style=\"font-size: 12pt; color: #000000;\" data-sfc-cp=\"\" data-complete=\"true\"><strong class=\"Yjhzub\" data-complete=\"true\">D\u00f2ng s\u1ea3n ph\u1ea9m:<\/strong>\u00a0Wide Series<\/span><\/li>\n<li data-hveid=\"CAEIBRAI\" data-complete=\"true\" data-sae=\"\"><span style=\"font-size: 12pt; color: #000000;\"><span class=\"T286Pc\" data-sfc-cp=\"\" data-complete=\"true\"><strong class=\"Yjhzub\" data-complete=\"true\">\u0110\u00f3ng g\u00f3i:<\/strong>\u00a05 c\u00e1i\/h\u1ed9p (t\u00f9y thu\u1ed9c nh\u00e0 cung c\u1ea5p)<\/span><\/span><\/li>\n<\/ul>\n<p class=\"Fsg96\" data-complete=\"true\" data-processed=\"true\">\n<h3 class=\"otQkpb\" role=\"heading\" aria-level=\"3\" data-complete=\"true\" data-processed=\"true\"><span style=\"font-size: 14pt; color: #000000;\">\u0110\u1eb7c \u0111i\u1ec3m n\u1ed5i b\u1eadt<\/span><\/h3>\n<ul class=\"KsbFXc U6u95\" data-complete=\"true\" data-processed=\"true\">\n<li data-hveid=\"CAEIBxAA\" data-complete=\"true\" data-sae=\"\"><span class=\"T286Pc\" style=\"font-size: 12pt; color: #000000;\" data-sfc-cp=\"\" data-complete=\"true\"><strong class=\"Yjhzub\" data-complete=\"true\">B\u1ea3o v\u1ec7 to\u00e0n di\u1ec7n:<\/strong>\u00a0V\u1edbi n\u1eafp \u0111\u1eady k\u00edn v\u00e0 ti\u00eau chu\u1ea9n IP55, m\u1eb7t che m\u01b0a n\u00e0y gi\u00fap b\u1ea3o v\u1ec7 \u1ed5 c\u1eafm kh\u1ecfi n\u01b0\u1edbc m\u01b0a, b\u1ee5i b\u1ea9n v\u00e0 c\u00e1c t\u00e1c nh\u00e2n t\u1eeb m\u00f4i tr\u01b0\u1eddng b\u00ean ngo\u00e0i, r\u1ea5t ph\u00f9 h\u1ee3p l\u1eafp \u0111\u1eb7t \u1edf c\u00e1c khu v\u1ef1c ngo\u00e0i tr\u1eddi ho\u1eb7c n\u01a1i \u1ea9m \u01b0\u1edbt nh\u01b0 ban c\u00f4ng, h\u00e0nh lang.<\/span><\/li>\n<li data-hveid=\"CAEIBxAB\" data-complete=\"true\" data-sae=\"\"><span class=\"T286Pc\" style=\"font-size: 12pt; color: #000000;\" data-sfc-cp=\"\" data-complete=\"true\"><strong class=\"Yjhzub\" data-complete=\"true\">Thi\u1ebft k\u1ebf th\u1ea9m m\u1ef9:<\/strong>\u00a0V\u1edbi m\u00e0u \u0111en trong v\u00e0 h\u00ecnh vu\u00f4ng, s\u1ea3n ph\u1ea9m mang l\u1ea1i v\u1ebb ngo\u00e0i hi\u1ec7n \u0111\u1ea1i, tinh t\u1ebf cho v\u1ecb tr\u00ed l\u1eafp \u0111\u1eb7t.<\/span><\/li>\n<li data-hveid=\"CAEIBxAC\" data-complete=\"true\" data-sae=\"\"><span class=\"T286Pc\" style=\"font-size: 12pt; color: #000000;\" data-sfc-cp=\"\" data-complete=\"true\"><strong class=\"Yjhzub\" data-complete=\"true\">D\u1ec5 d\u00e0ng l\u1eafp \u0111\u1eb7t:<\/strong>\u00a0S\u1ea3n ph\u1ea9m \u0111\u01b0\u1ee3c thi\u1ebft k\u1ebf \u0111\u1ec3 l\u1eafp n\u1ed5i tr\u00ean v\u00e1ch t\u01b0\u1eddng.<\/span><\/li>\n<\/ul>\n<p>&nbsp;<\/p>\n<p class=\"Y3BBE\" data-hveid=\"CAEICBAA\" data-complete=\"true\" data-processed=\"true\"><span style=\"font-size: 12pt; color: #000000;\"><strong>LI\u00caN H\u1ec6 : Hotline: 0935 228 204 ( Ms Lam )<\/strong><\/span><\/p>\n<p><span style=\"font-size: 12pt; color: #000000;\"><strong>Facebook:\u00a0<span style=\"color: #ff6600;\"><a style=\"color: #ff6600;\" href=\"https:\/\/www.facebook.com\/thietbidienlama\" target=\"_blank\" rel=\"noopener\">THI\u1ebeT\u00a0B\u1eca \u0110I\u1ec6N LAMA<\/a><\/span><\/strong><\/span><\/p>\n<p><span style=\"font-size: 12pt; color: #000000;\"><strong>Tiktok:\u00a0<span style=\"color: #ff6600;\"><a style=\"color: #ff6600;\" href=\"https:\/\/www.tiktok.com\/@thietbidienlama\" target=\"_blank\" rel=\"noopener\">THI\u1ebeT\u00a0B\u1eca \u0110I\u1ec6N LAMA<\/a><\/span><\/strong><\/span><\/p>","protected":false},"excerpt":{"rendered":"<p>M\u1eb7t Che M\u01b0a \u1ed4 C\u1eafm Panasonic WEG8981 M\u00e0u \u0111en H\u00ecnh Vu\u00f4ng M\u1eb7t Che M\u01b0a \u1ed4 C\u1eafm Panasonic m\u00e3 WEG8981\u00a0l\u00e0 s\u1ea3n<\/p>","protected":false},"featured_media":11661,"comment_status":"closed","ping_status":"closed","template":"","meta":[],"product_brand":[],"product_cat":[836,911,955,804],"product_tag":[957],"class_list":{"0":"post-11660","1":"product","2":"type-product","3":"status-publish","4":"has-post-thumbnail","6":"product_cat-cong-tac-o-cam-wide","7":"product_cat-mat-panasonic","8":"product_cat-mat-vuong-panasonic","9":"product_cat-cong-tac-o-cam-panasonic","10":"product_tag-mat-che-mua-o-cam-panasonic","12":"first","13":"instock","14":"sale","15":"shipping-taxable","16":"purchasable","17":"product-type-simple"},"_links":{"self":[{"href":"https:\/\/www.thietbidienlama.com\/en\/wp-json\/wp\/v2\/product\/11660","targetHints":{"allow":["GET"]}}],"collection":[{"href":"https:\/\/www.thietbidienlama.com\/en\/wp-json\/wp\/v2\/product"}],"about":[{"href":"https:\/\/www.thietbidienlama.com\/en\/wp-json\/wp\/v2\/types\/product"}],"replies":[{"embeddable":true,"href":"https:\/\/www.thietbidienlama.com\/en\/wp-json\/wp\/v2\/comments?post=11660"}],"version-history":[{"count":3,"href":"https:\/\/www.thietbidienlama.com\/en\/wp-json\/wp\/v2\/product\/11660\/revisions"}],"predecessor-version":[{"id":13455,"href":"https:\/\/www.thietbidienlama.com\/en\/wp-json\/wp\/v2\/product\/11660\/revisions\/13455"}],"wp:featuredmedia":[{"embeddable":true,"href":"https:\/\/www.thietbidienlama.com\/en\/wp-json\/wp\/v2\/media\/11661"}],"wp:attachment":[{"href":"https:\/\/www.thietbidienlama.com\/en\/wp-json\/wp\/v2\/media?parent=11660"}],"wp:term":[{"taxonomy":"product_brand","embeddable":true,"href":"https:\/\/www.thietbidienlama.com\/en\/wp-json\/wp\/v2\/product_brand?post=11660"},{"taxonomy":"product_cat","embeddable":true,"href":"https:\/\/www.thietbidienlama.com\/en\/wp-json\/wp\/v2\/product_cat?post=11660"},{"taxonomy":"product_tag","embeddable":true,"href":"https:\/\/www.thietbidienlama.com\/en\/wp-json\/wp\/v2\/product_tag?post=11660"}],"curies":[{"name":"wp","href":"https:\/\/api.w.org\/{rel}","templated":true}]}}