{"id":11657,"date":"2025-03-12T22:56:52","date_gmt":"2025-03-12T15:56:52","guid":{"rendered":"https:\/\/thietbidienlama.com\/?post_type=product&#038;p=11657"},"modified":"2025-12-02T16:23:39","modified_gmt":"2025-12-02T09:23:39","slug":"cong-tac-panasonic-wide-2-tiep-diem-weg5003ksw-mau-trang","status":"publish","type":"product","link":"https:\/\/www.thietbidienlama.com\/en\/cong-tac-panasonic-wide-2-tiep-diem-weg5003ksw-mau-trang\/","title":{"rendered":"C\u00f4ng T\u1eafc Panasonic Wide 2 Ti\u1ebfp \u0110i\u1ec3m WEG5003KSW M\u00e0u Tr\u1eafng"},"content":{"rendered":"<h2><span style=\"color: #000000;\"><strong>Th\u00f4ng tin C\u00f4ng T\u1eafc Panasonic Wide 2 Ti\u1ebfp \u0110i\u1ec3m WEG5003KSW M\u00e0u Tr\u1eafng<\/strong><\/span><\/h2>\n<ul>\n<li><span style=\"color: #000000;\">D\u00f2ng s\u1ea3n ph\u1ea9m: Wide<\/span><\/li>\n<li><span style=\"color: #000000;\">C\u00f4ng t\u1eafc D, 2 ti\u1ebfp \u0111i\u1ec3m<\/span><\/li>\n<li><span style=\"color: #000000;\">Ngu\u1ed3n \u0111i\u1ec7n: 250VAC &#8211;\u00a016A<\/span><\/li>\n<li><span style=\"color: #000000;\">\u0110\u00f3ng g\u00f3i 10 c\u00e1i\/h\u1ed9p, 100 c\u00e1i\/th\u00f9ng<\/span><\/li>\n<li><span style=\"color: #000000;\">M\u00e0u s\u1eafc: Tr\u1eafng<\/span><\/li>\n<\/ul>","protected":false},"excerpt":{"rendered":"<p>Th\u00f4ng tin C\u00f4ng T\u1eafc Panasonic Wide 2 Ti\u1ebfp \u0110i\u1ec3m WEG5003KSW M\u00e0u Tr\u1eafng D\u00f2ng s\u1ea3n ph\u1ea9m: Wide C\u00f4ng t\u1eafc D, 2<\/p>","protected":false},"featured_media":11658,"comment_status":"closed","ping_status":"closed","template":"","meta":[],"product_brand":[],"product_cat":[562,836,856,857,501,804],"product_tag":[734,832],"class_list":{"0":"post-11657","1":"product","2":"type-product","3":"status-publish","4":"has-post-thumbnail","6":"product_cat-thiet-bi-dien-panasonic","7":"product_cat-cong-tac-o-cam-wide","8":"product_cat-cong-tac-panasonic","9":"product_cat-cong-tac-panasonic-wide","10":"product_cat-thiet-bi-dien","11":"product_cat-cong-tac-o-cam-panasonic","12":"product_tag-cong-tac-panasonic","13":"product_tag-cong-tac-panasonic-wide","15":"first","16":"instock","17":"sale","18":"shipping-taxable","19":"purchasable","20":"product-type-simple"},"_links":{"self":[{"href":"https:\/\/www.thietbidienlama.com\/en\/wp-json\/wp\/v2\/product\/11657","targetHints":{"allow":["GET"]}}],"collection":[{"href":"https:\/\/www.thietbidienlama.com\/en\/wp-json\/wp\/v2\/product"}],"about":[{"href":"https:\/\/www.thietbidienlama.com\/en\/wp-json\/wp\/v2\/types\/product"}],"replies":[{"embeddable":true,"href":"https:\/\/www.thietbidienlama.com\/en\/wp-json\/wp\/v2\/comments?post=11657"}],"version-history":[{"count":1,"href":"https:\/\/www.thietbidienlama.com\/en\/wp-json\/wp\/v2\/product\/11657\/revisions"}],"predecessor-version":[{"id":11659,"href":"https:\/\/www.thietbidienlama.com\/en\/wp-json\/wp\/v2\/product\/11657\/revisions\/11659"}],"wp:featuredmedia":[{"embeddable":true,"href":"https:\/\/www.thietbidienlama.com\/en\/wp-json\/wp\/v2\/media\/11658"}],"wp:attachment":[{"href":"https:\/\/www.thietbidienlama.com\/en\/wp-json\/wp\/v2\/media?parent=11657"}],"wp:term":[{"taxonomy":"product_brand","embeddable":true,"href":"https:\/\/www.thietbidienlama.com\/en\/wp-json\/wp\/v2\/product_brand?post=11657"},{"taxonomy":"product_cat","embeddable":true,"href":"https:\/\/www.thietbidienlama.com\/en\/wp-json\/wp\/v2\/product_cat?post=11657"},{"taxonomy":"product_tag","embeddable":true,"href":"https:\/\/www.thietbidienlama.com\/en\/wp-json\/wp\/v2\/product_tag?post=11657"}],"curies":[{"name":"wp","href":"https:\/\/api.w.org\/{rel}","templated":true}]}}