{"id":11646,"date":"2025-03-12T10:28:32","date_gmt":"2025-03-12T03:28:32","guid":{"rendered":"https:\/\/thietbidienlama.com\/?post_type=product&#038;p=11646"},"modified":"2025-03-12T10:28:32","modified_gmt":"2025-03-12T03:28:32","slug":"mcb-cau-dao-tu-dong-3p-panasonic-bbd3063cnv","status":"publish","type":"product","link":"https:\/\/www.thietbidienlama.com\/en\/mcb-cau-dao-tu-dong-3p-panasonic-bbd3063cnv\/","title":{"rendered":"MCB C\u1ea7u Dao T\u1ef1 \u0110\u1ed9ng 3P Panasonic BBD3063CNV"},"content":{"rendered":"<h2><strong>Th\u00f4ng tin MCB C\u1ea7u Dao T\u1ef1 \u0110\u1ed9ng 3P Panasonic BBD3063CNV<\/strong><\/h2>\n<table width=\"407\">\n<tbody>\n<tr>\n<td><span style=\"color: #000000;\">M\u00e3 s\u1ea3n ph\u1ea9m<\/span><\/td>\n<td><span style=\"color: #000000;\">BBD3063CNV<\/span><\/td>\n<\/tr>\n<tr>\n<td><span style=\"color: #000000;\">B\u1ea3o h\u00e0nh<\/span><\/td>\n<td><span style=\"color: #000000;\">24 th\u00e1ng<\/span><\/td>\n<\/tr>\n<tr>\n<td width=\"208\"><span style=\"color: #000000;\">D\u00f2ng \u0111\u1ecbnh m\u1ee9c (A)<\/span><\/td>\n<td><span style=\"color: #000000;\">6A<\/span><\/td>\n<\/tr>\n<tr>\n<td><span style=\"color: #000000;\">Lo\u1ea1i s\u1ea3n ph\u1ea9m<\/span><\/td>\n<td><span style=\"color: #000000;\">MCB NG\u1eaeN M\u1ea0CH<\/span><\/td>\n<\/tr>\n<tr>\n<td><span style=\"color: #000000;\">S\u1ed1 c\u1ef1c (P)<\/span><\/td>\n<td><span style=\"color: #000000;\">MCB 3P C Curve<\/span><\/td>\n<\/tr>\n<tr>\n<td><span style=\"color: #000000;\">\u0110i\u1ec7n \u00e1p \u0111\u1ecbnh m\u1ee9c (V)<\/span><\/td>\n<td><span style=\"color: #000000;\">415VAC<\/span><\/td>\n<\/tr>\n<tr>\n<td><span style=\"color: #000000;\">D\u00f2ng c\u1eaft danh \u0111\u1ecbnh ICU(kA)<\/span><\/td>\n<td><span style=\"color: #000000;\">06KA<\/span><\/td>\n<\/tr>\n<tr>\n<td><span style=\"color: #000000;\">T\u00ednh n\u0103ng<\/span><\/td>\n<td><span style=\"color: #000000;\">B\u1ea3o v\u1ec7 qu\u00e1 t\u1ea3i v\u00e0 ng\u1eafn m\u1ea1ch<\/span><\/td>\n<\/tr>\n<tr>\n<td><span style=\"color: #000000;\">Lo\u1ea1i l\u1eafp \u0111\u1eb7t<\/span><\/td>\n<td><span style=\"color: #000000;\">G\u1eafn thanh ray DIN<\/span><\/td>\n<\/tr>\n<\/tbody>\n<\/table>\n<div id=\"attachment_11647\" style=\"width: 310px\" class=\"wp-caption aligncenter\"><img fetchpriority=\"high\" decoding=\"async\" aria-describedby=\"caption-attachment-11647\" class=\"size-medium wp-image-11647\" src=\"https:\/\/thietbidienlama.com\/wp-content\/uploads\/2025\/03\/MCB-cau-dao-3p-BBD3063CNV-panasonic-300x300.jpg\" alt=\"MCB C\u1ea7u Dao T\u1ef1 \u0110\u1ed9ng 3P Panasonic BBD3063CNV\" width=\"300\" height=\"300\" srcset=\"https:\/\/www.thietbidienlama.com\/wp-content\/uploads\/2025\/03\/MCB-cau-dao-3p-BBD3063CNV-panasonic-300x300.jpg 300w, https:\/\/www.thietbidienlama.com\/wp-content\/uploads\/2025\/03\/MCB-cau-dao-3p-BBD3063CNV-panasonic-150x150.jpg 150w, https:\/\/www.thietbidienlama.com\/wp-content\/uploads\/2025\/03\/MCB-cau-dao-3p-BBD3063CNV-panasonic-12x12.jpg 12w, https:\/\/www.thietbidienlama.com\/wp-content\/uploads\/2025\/03\/MCB-cau-dao-3p-BBD3063CNV-panasonic.jpg 500w\" sizes=\"(max-width: 300px) 100vw, 300px\" \/><p id=\"caption-attachment-11647\" class=\"wp-caption-text\">MCB C\u1ea7u Dao T\u1ef1 \u0110\u1ed9ng 3P Panasonic BBD3063CNV<\/p><\/div>","protected":false},"excerpt":{"rendered":"<p>Th\u00f4ng tin MCB C\u1ea7u Dao T\u1ef1 \u0110\u1ed9ng 3P Panasonic BBD3063CNV M\u00e3 s\u1ea3n ph\u1ea9m BBD3063CNV B\u1ea3o h\u00e0nh 24 th\u00e1ng D\u00f2ng \u0111\u1ecbnh<\/p>","protected":false},"featured_media":11647,"comment_status":"closed","ping_status":"closed","template":"","meta":[],"product_brand":[],"product_cat":[562,501,813],"product_tag":[831,829,830],"class_list":{"0":"post-11646","1":"product","2":"type-product","3":"status-publish","4":"has-post-thumbnail","6":"product_cat-thiet-bi-dien-panasonic","7":"product_cat-thiet-bi-dien","8":"product_cat-cb-aptomat-panasonic","9":"product_tag-aptomat-3p-panasonic","10":"product_tag-cau-dao-3p-panasonic","11":"product_tag-cb-3p-panasonic","13":"first","14":"instock","15":"sale","16":"shipping-taxable","17":"purchasable","18":"product-type-simple"},"_links":{"self":[{"href":"https:\/\/www.thietbidienlama.com\/en\/wp-json\/wp\/v2\/product\/11646","targetHints":{"allow":["GET"]}}],"collection":[{"href":"https:\/\/www.thietbidienlama.com\/en\/wp-json\/wp\/v2\/product"}],"about":[{"href":"https:\/\/www.thietbidienlama.com\/en\/wp-json\/wp\/v2\/types\/product"}],"replies":[{"embeddable":true,"href":"https:\/\/www.thietbidienlama.com\/en\/wp-json\/wp\/v2\/comments?post=11646"}],"version-history":[{"count":1,"href":"https:\/\/www.thietbidienlama.com\/en\/wp-json\/wp\/v2\/product\/11646\/revisions"}],"predecessor-version":[{"id":11648,"href":"https:\/\/www.thietbidienlama.com\/en\/wp-json\/wp\/v2\/product\/11646\/revisions\/11648"}],"wp:featuredmedia":[{"embeddable":true,"href":"https:\/\/www.thietbidienlama.com\/en\/wp-json\/wp\/v2\/media\/11647"}],"wp:attachment":[{"href":"https:\/\/www.thietbidienlama.com\/en\/wp-json\/wp\/v2\/media?parent=11646"}],"wp:term":[{"taxonomy":"product_brand","embeddable":true,"href":"https:\/\/www.thietbidienlama.com\/en\/wp-json\/wp\/v2\/product_brand?post=11646"},{"taxonomy":"product_cat","embeddable":true,"href":"https:\/\/www.thietbidienlama.com\/en\/wp-json\/wp\/v2\/product_cat?post=11646"},{"taxonomy":"product_tag","embeddable":true,"href":"https:\/\/www.thietbidienlama.com\/en\/wp-json\/wp\/v2\/product_tag?post=11646"}],"curies":[{"name":"wp","href":"https:\/\/api.w.org\/{rel}","templated":true}]}}