{"id":11630,"date":"2025-03-11T15:18:40","date_gmt":"2025-03-11T08:18:40","guid":{"rendered":"https:\/\/thietbidienlama.com\/?post_type=product&#038;p=11630"},"modified":"2025-10-15T15:11:35","modified_gmt":"2025-10-15T08:11:35","slug":"quat-hut-panasonic-fv-24ch9-am-tran","status":"publish","type":"product","link":"https:\/\/www.thietbidienlama.com\/en\/quat-hut-panasonic-fv-24ch9-am-tran\/","title":{"rendered":"Qu\u1ea1t H\u00fat Panasonic FV-24CH9 \u00c2m Tr\u1ea7n"},"content":{"rendered":"<h2 class=\"title-product hidden-xs\" style=\"text-align: center;\"><span style=\"color: #000000;\">Qu\u1ea1t H\u00fat Panasonic FV-24CH9 \u00c2m Tr\u1ea7n<\/span><\/h2>\n<h2><span style=\"color: #000000;\"><strong>Th\u00f4ng tin qu\u1ea1t h\u00fat th\u00f4ng gi\u00f3 Panasonic FV-24CH9 \u00e2m tr\u1ea7n<\/strong><\/span><\/h2>\n<ul>\n<li><span style=\"color: #000000;\"><a style=\"color: #000000;\" href=\"https:\/\/www.tdm.vn\/quat-hut-thong-gio-panasonic\" target=\"_blank\" rel=\"noopener\">Qu\u1ea1t h\u00fat<\/a>\u00a0\u00e2m tr\u1ea7n Panasonic FV-24CH9 l\u00e0 lo\u1ea1i qu\u1ea1t d\u00f9ng \u1ed1ng d\u1eabn \u03a6 100mm<\/span><\/li>\n<li><span style=\"color: #000000;\">Qu\u1ea1t \u0111\u01b0\u1ee3c thi\u1ebft k\u1ebf d\u00f9ng trong v\u0103n ph\u00f2ng, ph\u00f2ng kh\u00e1ch,ph\u00f2ng ng\u1ee7,nh\u00e0 v\u1ec7 sinh&#8230;<\/span><\/li>\n<li><span style=\"color: #000000;\">Lo\u1ea1i qu\u1ea1t : 1 t\u1ed1c \u0111\u1ed9<\/span><\/li>\n<li><span style=\"color: #000000;\">C\u00f4ng su\u1ea5t (W) : 16.5<\/span><\/li>\n<li><span style=\"color: #000000;\">L\u01b0u l\u01b0\u1ee3ng gi\u00f3 (CMH) : 200<\/span><\/li>\n<li><span style=\"color: #000000;\">\u0110\u1ed9 \u1ed3n (dB) : 32<\/span><\/li>\n<li><span style=\"color: #000000;\">K\u00edch th\u01b0\u1edbc l\u1ed7 tr\u1ea7n vu\u00f4ng (cm) : 24<\/span><\/li>\n<li><span style=\"color: #000000;\">\u0110\u01b0\u1eddng k\u00ednh \u1ed1ng d\u1eabn (mm) : 100<\/span><\/li>\n<li><span style=\"color: #000000;\">B\u1ea3o h\u00e0nh : ch\u00ednh h\u00e3ng<\/span><\/li>\n<li><span style=\"color: #000000;\">Xu\u1ea5t X\u1ee9 : Vi\u00ea\u0323t Nam<\/span><\/li>\n<li><span style=\"color: #000000;\">Ma\u0303 sa\u0309n ph\u00e2\u0309m cu\u0303:\u00a0FV-24CH8<\/span><\/li>\n<\/ul>\n<h2><span style=\"color: #000000;\"><strong>Ba\u0309n ve\u0303 ki\u0301ch th\u01b0\u01a1\u0301c qua\u0323t hu\u0301t \u00e2m tr\u00e2\u0300n Panasonic\u00a0FV 24CH9<\/strong><\/span><\/h2>\n<p><span style=\"color: #000000;\"><img decoding=\"async\" class=\"lozad loaded\" src=\"https:\/\/www.tdm.vn\/image\/catalog\/products\/product_fv-24ch8\/ban-ve-panasonic-FV-24CH9.jpg\" alt=\"Ba\u0309n ve\u0303 ki\u0301ch th\u01b0\u01a1\u0301c qua\u0323t hu\u0301t \u00e2m tr\u00e2\u0300n Panasonic\u00a0FV 24CH9\" data-src=\"https:\/\/www.tdm.vn\/image\/catalog\/products\/product_fv-24ch8\/ban-ve-panasonic-FV-24CH9.jpg\" data-loaded=\"true\" \/><\/span><\/p>","protected":false},"excerpt":{"rendered":"<p>Qu\u1ea1t H\u00fat Panasonic FV-24CH9 \u00c2m Tr\u1ea7n Th\u00f4ng tin qu\u1ea1t h\u00fat th\u00f4ng gi\u00f3 Panasonic FV-24CH9 \u00e2m tr\u1ea7n Qu\u1ea1t h\u00fat\u00a0\u00e2m tr\u1ea7n Panasonic<\/p>","protected":false},"featured_media":11631,"comment_status":"closed","ping_status":"closed","template":"","meta":[],"product_brand":[],"product_cat":[808,501,562],"product_tag":[828,827,826],"class_list":{"0":"post-11630","1":"product","2":"type-product","3":"status-publish","4":"has-post-thumbnail","6":"product_cat-quat-hut-panasonic","7":"product_cat-thiet-bi-dien","8":"product_cat-thiet-bi-dien-panasonic","9":"product_tag-quat-hut-am-tran-co-ong-noi-gio","10":"product_tag-quat-hut-panasonic-co-hong-gio","11":"product_tag-quat-hut-panasonic-fv-24ch9-am-tran","13":"first","14":"instock","15":"sale","16":"shipping-taxable","17":"purchasable","18":"product-type-simple"},"_links":{"self":[{"href":"https:\/\/www.thietbidienlama.com\/en\/wp-json\/wp\/v2\/product\/11630","targetHints":{"allow":["GET"]}}],"collection":[{"href":"https:\/\/www.thietbidienlama.com\/en\/wp-json\/wp\/v2\/product"}],"about":[{"href":"https:\/\/www.thietbidienlama.com\/en\/wp-json\/wp\/v2\/types\/product"}],"replies":[{"embeddable":true,"href":"https:\/\/www.thietbidienlama.com\/en\/wp-json\/wp\/v2\/comments?post=11630"}],"version-history":[{"count":1,"href":"https:\/\/www.thietbidienlama.com\/en\/wp-json\/wp\/v2\/product\/11630\/revisions"}],"predecessor-version":[{"id":11632,"href":"https:\/\/www.thietbidienlama.com\/en\/wp-json\/wp\/v2\/product\/11630\/revisions\/11632"}],"wp:featuredmedia":[{"embeddable":true,"href":"https:\/\/www.thietbidienlama.com\/en\/wp-json\/wp\/v2\/media\/11631"}],"wp:attachment":[{"href":"https:\/\/www.thietbidienlama.com\/en\/wp-json\/wp\/v2\/media?parent=11630"}],"wp:term":[{"taxonomy":"product_brand","embeddable":true,"href":"https:\/\/www.thietbidienlama.com\/en\/wp-json\/wp\/v2\/product_brand?post=11630"},{"taxonomy":"product_cat","embeddable":true,"href":"https:\/\/www.thietbidienlama.com\/en\/wp-json\/wp\/v2\/product_cat?post=11630"},{"taxonomy":"product_tag","embeddable":true,"href":"https:\/\/www.thietbidienlama.com\/en\/wp-json\/wp\/v2\/product_tag?post=11630"}],"curies":[{"name":"wp","href":"https:\/\/api.w.org\/{rel}","templated":true}]}}