{"id":11626,"date":"2025-03-11T14:46:41","date_gmt":"2025-03-11T07:46:41","guid":{"rendered":"https:\/\/thietbidienlama.com\/?post_type=product&#038;p=11626"},"modified":"2025-10-15T15:11:52","modified_gmt":"2025-10-15T08:11:52","slug":"quat-hut-panasonic-fv-20tgu6-am-tran","status":"publish","type":"product","link":"https:\/\/www.thietbidienlama.com\/en\/quat-hut-panasonic-fv-20tgu6-am-tran\/","title":{"rendered":"Qu\u1ea1t H\u00fat Panasonic FV-20TGU6 \u00c2m Tr\u1ea7n"},"content":{"rendered":"<h2 class=\"title-product hidden-xs\" style=\"text-align: center;\"><span style=\"color: #000000;\">Qu\u1ea1t H\u00fat Panasonic FV-20TGU6 \u00c2m Tr\u1ea7n<\/span><\/h2>\n<h2><span style=\"color: #000000;\"><strong>Th\u00f4ng tin qu\u1ea1t h\u00fat Panasonic FV-20TGU6 \u00e2m tr\u1ea7n<\/strong><\/span><\/h2>\n<ul>\n<li><span style=\"color: #000000;\">Qu\u1ea1t h\u00fat \u00e2m tr\u1ea7n Panasonic FV-20TGU6 l\u00e0 lo\u1ea1i qu\u1ea1t kh\u00f4ng d\u00f9ng \u1ed1ng d\u1eabn<\/span><\/li>\n<li><span style=\"color: #000000;\">Qu\u1ea1t \u0111\u01b0\u1ee3c thi\u1ebft k\u1ebf d\u00f9ng trong v\u0103n ph\u00f2ng, ph\u00f2ng kh\u00e1ch,ph\u00f2ng ng\u1ee7,nh\u00e0 v\u1ec7 sinh&#8230;<\/span><\/li>\n<li><span style=\"color: #000000;\">C\u00f4ng su\u1ea5t : 22.6W<\/span><\/li>\n<li><span style=\"color: #000000;\">Ngu\u1ed3n \u0111i\u1ec7n : 220V<\/span><\/li>\n<li><span style=\"color: #000000;\">L\u01b0u l\u01b0\u1ee3ng gi\u00f3 : 438CMH<\/span><\/li>\n<li><span style=\"color: #000000;\">\u0110\u1ed9 \u1ed3n : 40.5dB<\/span><\/li>\n<li><span style=\"color: #000000;\">\u0110\u01b0\u1eddng k\u00ednh ch\u1eeba l\u1ed7 vu\u00f4ng : 27cm<\/span><\/li>\n<li><span style=\"color: #000000;\">B\u1ea3o H\u00e0nh : 12 th\u00e1ng<\/span><\/li>\n<li><span style=\"color: #000000;\">Xu\u1ea5t X\u1ee9: Vi\u1ec7t Nam<\/span><\/li>\n<\/ul>\n<p><img fetchpriority=\"high\" decoding=\"async\" class=\"alignnone size-medium wp-image-12947 aligncenter\" src=\"http:\/\/thietbidienlama.com\/wp-content\/uploads\/2025\/03\/Quat-Hut-Am-Tran-Khong-Dung-Ong-Dan-300x300.jpg\" alt=\"\" width=\"300\" height=\"300\" srcset=\"https:\/\/www.thietbidienlama.com\/wp-content\/uploads\/2025\/03\/Quat-Hut-Am-Tran-Khong-Dung-Ong-Dan-300x300.jpg 300w, https:\/\/www.thietbidienlama.com\/wp-content\/uploads\/2025\/03\/Quat-Hut-Am-Tran-Khong-Dung-Ong-Dan-150x150.jpg 150w, https:\/\/www.thietbidienlama.com\/wp-content\/uploads\/2025\/03\/Quat-Hut-Am-Tran-Khong-Dung-Ong-Dan-12x12.jpg 12w, https:\/\/www.thietbidienlama.com\/wp-content\/uploads\/2025\/03\/Quat-Hut-Am-Tran-Khong-Dung-Ong-Dan.jpg 500w\" sizes=\"(max-width: 300px) 100vw, 300px\" \/><\/p>","protected":false},"excerpt":{"rendered":"<p>Qu\u1ea1t H\u00fat Panasonic FV-20TGU6 \u00c2m Tr\u1ea7n Th\u00f4ng tin qu\u1ea1t h\u00fat Panasonic FV-20TGU6 \u00e2m tr\u1ea7n Qu\u1ea1t h\u00fat \u00e2m tr\u1ea7n Panasonic FV-20TGU6<\/p>","protected":false},"featured_media":12947,"comment_status":"closed","ping_status":"closed","template":"","meta":[],"product_brand":[],"product_cat":[562,808],"product_tag":[805,825],"class_list":{"0":"post-11626","1":"product","2":"type-product","3":"status-publish","4":"has-post-thumbnail","6":"product_cat-thiet-bi-dien-panasonic","7":"product_cat-quat-hut-panasonic","8":"product_tag-quat-hut-am-tran-panasonic","9":"product_tag-quat-hut-panasonic-fv-20tgu6-am-tran","11":"first","12":"instock","13":"sale","14":"shipping-taxable","15":"purchasable","16":"product-type-simple"},"_links":{"self":[{"href":"https:\/\/www.thietbidienlama.com\/en\/wp-json\/wp\/v2\/product\/11626","targetHints":{"allow":["GET"]}}],"collection":[{"href":"https:\/\/www.thietbidienlama.com\/en\/wp-json\/wp\/v2\/product"}],"about":[{"href":"https:\/\/www.thietbidienlama.com\/en\/wp-json\/wp\/v2\/types\/product"}],"replies":[{"embeddable":true,"href":"https:\/\/www.thietbidienlama.com\/en\/wp-json\/wp\/v2\/comments?post=11626"}],"version-history":[{"count":3,"href":"https:\/\/www.thietbidienlama.com\/en\/wp-json\/wp\/v2\/product\/11626\/revisions"}],"predecessor-version":[{"id":12948,"href":"https:\/\/www.thietbidienlama.com\/en\/wp-json\/wp\/v2\/product\/11626\/revisions\/12948"}],"wp:featuredmedia":[{"embeddable":true,"href":"https:\/\/www.thietbidienlama.com\/en\/wp-json\/wp\/v2\/media\/12947"}],"wp:attachment":[{"href":"https:\/\/www.thietbidienlama.com\/en\/wp-json\/wp\/v2\/media?parent=11626"}],"wp:term":[{"taxonomy":"product_brand","embeddable":true,"href":"https:\/\/www.thietbidienlama.com\/en\/wp-json\/wp\/v2\/product_brand?post=11626"},{"taxonomy":"product_cat","embeddable":true,"href":"https:\/\/www.thietbidienlama.com\/en\/wp-json\/wp\/v2\/product_cat?post=11626"},{"taxonomy":"product_tag","embeddable":true,"href":"https:\/\/www.thietbidienlama.com\/en\/wp-json\/wp\/v2\/product_tag?post=11626"}],"curies":[{"name":"wp","href":"https:\/\/api.w.org\/{rel}","templated":true}]}}