{"id":11620,"date":"2025-03-11T14:37:47","date_gmt":"2025-03-11T07:37:47","guid":{"rendered":"https:\/\/thietbidienlama.com\/?post_type=product&#038;p=11620"},"modified":"2025-03-12T06:40:37","modified_gmt":"2025-03-11T23:40:37","slug":"quat-panasonic-f-60tdn-gan-tran-5-canh","status":"publish","type":"product","link":"https:\/\/www.thietbidienlama.com\/en\/quat-panasonic-f-60tdn-gan-tran-5-canh\/","title":{"rendered":"Qu\u1ea1t Panasonic F-60TDN G\u1eafn Tr\u1ea7n 5 C\u00e1nh"},"content":{"rendered":"<h2><span style=\"color: #000000;\"><strong>Th\u00f4ng tin qu\u1ea1t Panasonic F-60TDN 5 c\u00e1nh<\/strong><\/span><\/h2>\n<div id=\"attachment_11623\" style=\"width: 510px\" class=\"wp-caption aligncenter\"><img fetchpriority=\"high\" decoding=\"async\" aria-describedby=\"caption-attachment-11623\" class=\"wp-image-11623\" src=\"https:\/\/thietbidienlama.com\/wp-content\/uploads\/2025\/03\/quat-tran-panasonic-f-60tdn-1090x1090-1-300x300.webp\" alt=\"Qu\u1ea1t Panasonic F-60TDN G\u1eafn Tr\u1ea7n 5 C\u00e1nh\" width=\"500\" height=\"500\" srcset=\"https:\/\/www.thietbidienlama.com\/wp-content\/uploads\/2025\/03\/quat-tran-panasonic-f-60tdn-1090x1090-1-300x300.webp 300w, https:\/\/www.thietbidienlama.com\/wp-content\/uploads\/2025\/03\/quat-tran-panasonic-f-60tdn-1090x1090-1-1024x1024.webp 1024w, https:\/\/www.thietbidienlama.com\/wp-content\/uploads\/2025\/03\/quat-tran-panasonic-f-60tdn-1090x1090-1-150x150.webp 150w, https:\/\/www.thietbidienlama.com\/wp-content\/uploads\/2025\/03\/quat-tran-panasonic-f-60tdn-1090x1090-1-768x768.webp 768w, https:\/\/www.thietbidienlama.com\/wp-content\/uploads\/2025\/03\/quat-tran-panasonic-f-60tdn-1090x1090-1-12x12.webp 12w, https:\/\/www.thietbidienlama.com\/wp-content\/uploads\/2025\/03\/quat-tran-panasonic-f-60tdn-1090x1090-1-600x600.webp 600w, https:\/\/www.thietbidienlama.com\/wp-content\/uploads\/2025\/03\/quat-tran-panasonic-f-60tdn-1090x1090-1.webp 1090w\" sizes=\"(max-width: 500px) 100vw, 500px\" \/><p id=\"caption-attachment-11623\" class=\"wp-caption-text\">Qu\u1ea1t Panasonic F-60TDN G\u1eafn Tr\u1ea7n 5 C\u00e1nh<\/p><\/div>\n<ul>\n<li><span style=\"color: #000000;\">Th\u00f4ng s\u1ed1 k\u1ef9 thu\u1eadt qu\u1ea1t tr\u1ea7n 5 c\u00e1nh Panasonic F-60TDN c\u00f3 \u0111i\u1ec1u khi\u1ec3n t\u1eeb xa<\/span><\/li>\n<li><span style=\"color: #000000;\">\u0110\u1ed9ng c\u01a1 DC ti\u1ebft ki\u1ec7m \u0111i\u1ec7n, c\u00f4ng su\u1ea5t 37W.<\/span><\/li>\n<li><span style=\"color: #000000;\">03 c\u1ea5p \u0111\u1ed9 an to\u00e0n (kh\u00f3a c\u00e1nh an to\u00e0n, d\u00e2y an to\u00e0n, c\u00f4ng t\u1eafc an to\u00e0n)<\/span><\/li>\n<li><span style=\"color: #000000;\">Ch\u1ee9c n\u0103ng t\u1ea1o gi\u00f3 t\u1ef1 nhi\u00ean 1\/f Yuragi.<\/span><\/li>\n<li><span style=\"color: #000000;\">Thi\u1ebft k\u1ebf c\u00e1nh qu\u1ea1t 3D cho lu\u1ed3ng gi\u00f3 m\u1ea1nh m\u1ebd v\u00e0 \u00eam \u00e1i h\u01a1n<\/span><\/li>\n<li><span style=\"color: #000000;\">C\u00e1nh qu\u1ea1t l\u00e0m b\u1eb1ng v\u1eadt li\u1ec7u PPG cho \u0111\u1ed9 b\u1ec1n cao.<\/span><\/li>\n<li><span style=\"color: #000000;\">9 c\u1ea5p \u0111\u1ed9 gi\u00f3, l\u01b0u l\u01b0\u1ee3ng gi\u00f3 235m3\/ph\u00fat<\/span><\/li>\n<li><span style=\"color: #000000;\">8 ch\u1ebf \u0111\u1ed9 h\u1eb9n gi\u1edd M\u1edf (1 \u2013 8 gi\u1edd)\/ 8 ch\u1ebf \u0111\u1ed9 h\u1eb9n gi\u1edd T\u1eaft (1 \u2013 8 gi\u1edd)<\/span><\/li>\n<li><span style=\"color: #000000;\">\u0110i\u1ec1u khi\u1ec3n t\u1eeb xa v\u1edbi m\u00e0n h\u00ecnh LCD.<\/span><\/li>\n<li><span style=\"color: #000000;\">\u0110\u01b0\u1eddng k\u00ednh c\u00e1nh: 150cm<\/span><\/li>\n<li><span style=\"color: #000000;\">Chi\u1ec1u d\u00e0i ti: 28.8cm<\/span><\/li>\n<li><span style=\"color: #000000;\">Kh\u1ed1i l\u01b0\u1ee3ng: 5.3kg<\/span><\/li>\n<li><span style=\"color: #000000;\">S\u1ea3n xu\u1ea5t t\u1ea1i Vi\u1ec7t Nam.<\/span><\/li>\n<\/ul>","protected":false},"excerpt":{"rendered":"<p>Th\u00f4ng tin qu\u1ea1t Panasonic F-60TDN 5 c\u00e1nh Th\u00f4ng s\u1ed1 k\u1ef9 thu\u1eadt qu\u1ea1t tr\u1ea7n 5 c\u00e1nh Panasonic F-60TDN c\u00f3 \u0111i\u1ec1u khi\u1ec3n<\/p>","protected":false},"featured_media":11623,"comment_status":"closed","ping_status":"closed","template":"","meta":[],"product_brand":[],"product_cat":[809,501,562],"product_tag":[823,824],"class_list":{"0":"post-11620","1":"product","2":"type-product","3":"status-publish","4":"has-post-thumbnail","6":"product_cat-quat-tran-panasonic","7":"product_cat-thiet-bi-dien","8":"product_cat-thiet-bi-dien-panasonic","9":"product_tag-quat-panasonic-f-60tdn-gan-tran-5-canh","10":"product_tag-quat-tran-5-canh-panasonic","12":"first","13":"instock","14":"sale","15":"shipping-taxable","16":"purchasable","17":"product-type-simple"},"_links":{"self":[{"href":"https:\/\/www.thietbidienlama.com\/en\/wp-json\/wp\/v2\/product\/11620","targetHints":{"allow":["GET"]}}],"collection":[{"href":"https:\/\/www.thietbidienlama.com\/en\/wp-json\/wp\/v2\/product"}],"about":[{"href":"https:\/\/www.thietbidienlama.com\/en\/wp-json\/wp\/v2\/types\/product"}],"replies":[{"embeddable":true,"href":"https:\/\/www.thietbidienlama.com\/en\/wp-json\/wp\/v2\/comments?post=11620"}],"version-history":[{"count":2,"href":"https:\/\/www.thietbidienlama.com\/en\/wp-json\/wp\/v2\/product\/11620\/revisions"}],"predecessor-version":[{"id":11625,"href":"https:\/\/www.thietbidienlama.com\/en\/wp-json\/wp\/v2\/product\/11620\/revisions\/11625"}],"wp:featuredmedia":[{"embeddable":true,"href":"https:\/\/www.thietbidienlama.com\/en\/wp-json\/wp\/v2\/media\/11623"}],"wp:attachment":[{"href":"https:\/\/www.thietbidienlama.com\/en\/wp-json\/wp\/v2\/media?parent=11620"}],"wp:term":[{"taxonomy":"product_brand","embeddable":true,"href":"https:\/\/www.thietbidienlama.com\/en\/wp-json\/wp\/v2\/product_brand?post=11620"},{"taxonomy":"product_cat","embeddable":true,"href":"https:\/\/www.thietbidienlama.com\/en\/wp-json\/wp\/v2\/product_cat?post=11620"},{"taxonomy":"product_tag","embeddable":true,"href":"https:\/\/www.thietbidienlama.com\/en\/wp-json\/wp\/v2\/product_tag?post=11620"}],"curies":[{"name":"wp","href":"https:\/\/api.w.org\/{rel}","templated":true}]}}