{"id":11616,"date":"2025-03-11T14:20:09","date_gmt":"2025-03-11T07:20:09","guid":{"rendered":"https:\/\/thietbidienlama.com\/?post_type=product&#038;p=11616"},"modified":"2025-03-12T06:40:58","modified_gmt":"2025-03-11T23:40:58","slug":"quat-panasonic-f-56mzg-go-gan-tran-4-canh-mau-vang-anh-kim","status":"publish","type":"product","link":"https:\/\/www.thietbidienlama.com\/en\/quat-panasonic-f-56mzg-go-gan-tran-4-canh-mau-vang-anh-kim\/","title":{"rendered":"Qu\u1ea1t Panasonic F-56MZG-GO G\u1eafn Tr\u1ea7n 4 C\u00e1nh M\u00e0u V\u00e0ng \u00c1nh Kim"},"content":{"rendered":"<h2><span style=\"color: #000000;\">Qu\u1ea1t Panasonic F-56MZG-GO G\u1eafn Tr\u1ea7n 4 C\u00e1nh M\u00e0u V\u00e0ng \u00c1nh Kim<\/span><\/h2>\n<ul>\n<li><span style=\"color: #000000;\">Th\u00f4ng s\u1ed1 k\u1ef9 thu\u1eadt qu\u1ea1t tr\u1ea7n4 c\u00e1nh Panasonic\u00a0<strong>F-56MZG-GO\u00a0<\/strong>c\u00f3 \u0111i\u1ec1u khi\u1ec3n t \u1eeb xa<\/span><\/li>\n<li><span style=\"color: #000000;\">D\u00e2y an to\u00e0n<\/span><\/li>\n<li><span style=\"color: #000000;\">C\u00f4ng t\u1eafc an to\u00e0n gi\u00fap b\u1ea3o v\u1ec7 \u0111\u1ed9ng c\u01a1 qu\u1ea1t<\/span><\/li>\n<li><span style=\"color: #000000;\">3 c\u1ea5p \u0111\u1ed9 gi\u00f3, c\u00f4ng su\u1ea5t 59W<\/span><\/li>\n<li><span style=\"color: #000000;\">L\u01b0u l\u01b0\u1ee3ng gi\u00f3 180m3\/ph\u00fat<\/span><\/li>\n<li><span style=\"color: #000000;\">C\u00f3 \u0111i\u1ec1u khi\u1ec3n t\u1eeb xa<\/span><\/li>\n<li><span style=\"color: #000000;\">\u0110\u01b0\u1eddng k\u00ednh c\u00e1nh: 140cm<\/span><\/li>\n<li><span style=\"color: #000000;\">Chi\u1ec1u d\u00e0i ti: 31.7cm<\/span><\/li>\n<li><span style=\"color: #000000;\">S\u1ea3n xu\u1ea5t t\u1ea1i Vi\u1ec7t Nam.<\/span><\/li>\n<\/ul>\n<p><span style=\"color: #000000;\">Panasonic F-56MZG-GO G\u1eafn Tr\u1ea7n 4 C\u00e1nh M\u00e0u V\u00e0ng \u00c1nh Kim.<\/span><\/p>\n<p>&nbsp;<\/p>\n<p>&nbsp;<\/p>","protected":false},"excerpt":{"rendered":"<p>Qu\u1ea1t Panasonic F-56MZG-GO G\u1eafn Tr\u1ea7n 4 C\u00e1nh M\u00e0u V\u00e0ng \u00c1nh Kim Th\u00f4ng s\u1ed1 k\u1ef9 thu\u1eadt qu\u1ea1t tr\u1ea7n4 c\u00e1nh Panasonic\u00a0F-56MZG-GO\u00a0c\u00f3 \u0111i\u1ec1u<\/p>","protected":false},"featured_media":11617,"comment_status":"closed","ping_status":"closed","template":"","meta":[],"product_brand":[],"product_cat":[809,501,562],"product_tag":[821,822,820],"class_list":{"0":"post-11616","1":"product","2":"type-product","3":"status-publish","4":"has-post-thumbnail","6":"product_cat-quat-tran-panasonic","7":"product_cat-thiet-bi-dien","8":"product_cat-thiet-bi-dien-panasonic","9":"product_tag-quat-panasonic-f-56mzg-go-gan-tran-4-canh-mau-vang-anh-kim","10":"product_tag-quat-tran-4-canh-panasonic-mau-vang-anh-kim","11":"product_tag-quat-tran-panasonic-mau-vang","13":"first","14":"instock","15":"sale","16":"shipping-taxable","17":"purchasable","18":"product-type-simple"},"_links":{"self":[{"href":"https:\/\/www.thietbidienlama.com\/en\/wp-json\/wp\/v2\/product\/11616","targetHints":{"allow":["GET"]}}],"collection":[{"href":"https:\/\/www.thietbidienlama.com\/en\/wp-json\/wp\/v2\/product"}],"about":[{"href":"https:\/\/www.thietbidienlama.com\/en\/wp-json\/wp\/v2\/types\/product"}],"replies":[{"embeddable":true,"href":"https:\/\/www.thietbidienlama.com\/en\/wp-json\/wp\/v2\/comments?post=11616"}],"version-history":[{"count":2,"href":"https:\/\/www.thietbidienlama.com\/en\/wp-json\/wp\/v2\/product\/11616\/revisions"}],"predecessor-version":[{"id":11619,"href":"https:\/\/www.thietbidienlama.com\/en\/wp-json\/wp\/v2\/product\/11616\/revisions\/11619"}],"wp:featuredmedia":[{"embeddable":true,"href":"https:\/\/www.thietbidienlama.com\/en\/wp-json\/wp\/v2\/media\/11617"}],"wp:attachment":[{"href":"https:\/\/www.thietbidienlama.com\/en\/wp-json\/wp\/v2\/media?parent=11616"}],"wp:term":[{"taxonomy":"product_brand","embeddable":true,"href":"https:\/\/www.thietbidienlama.com\/en\/wp-json\/wp\/v2\/product_brand?post=11616"},{"taxonomy":"product_cat","embeddable":true,"href":"https:\/\/www.thietbidienlama.com\/en\/wp-json\/wp\/v2\/product_cat?post=11616"},{"taxonomy":"product_tag","embeddable":true,"href":"https:\/\/www.thietbidienlama.com\/en\/wp-json\/wp\/v2\/product_tag?post=11616"}],"curies":[{"name":"wp","href":"https:\/\/api.w.org\/{rel}","templated":true}]}}