{"id":11596,"date":"2025-03-11T11:09:01","date_gmt":"2025-03-11T04:09:01","guid":{"rendered":"https:\/\/thietbidienlama.com\/?post_type=product&#038;p=11596"},"modified":"2025-03-21T22:05:13","modified_gmt":"2025-03-21T15:05:13","slug":"quat-tran-panasonic-f-48dgl-3-canh","status":"publish","type":"product","link":"https:\/\/www.thietbidienlama.com\/en\/quat-tran-panasonic-f-48dgl-3-canh\/","title":{"rendered":"Qu\u1ea1t Tr\u1ea7n Panasonic F-48DGL 3 c\u00e1nh"},"content":{"rendered":"<h2><span style=\"color: #000000;\"><strong>Th\u00f4ng tin qu\u1ea1t Panasonic F-48DGL 3 c\u00e1nh<\/strong><\/span><\/h2>\n<ul>\n<li><span style=\"color: #000000;\">\u0110i\u1ec1u khi\u1ec3n t\u1eeb xa b\u1eb1ng \u1ee9ng d\u1ee5ng Panasonic v\u00e0 k\u1ebft n\u1ed1i Wireless 2.4 GHz<\/span><\/li>\n<li><span style=\"color: #000000;\">C\u00f4ng su\u1ea5t 50W (qu\u1ea1t: 31W, \u0111\u00e8n: 19W)<\/span><\/li>\n<li><span style=\"color: #000000;\">\u0110\u1ed9ng c\u01a1 DC th\u1ebf h\u1ec7 m\u1edbi<\/span><\/li>\n<li><span style=\"color: #000000;\">3 c\u1ea5p \u0111\u1ed9 an to\u00e0n (kh\u00f3a c\u00e1nh an to\u00e0n, d\u00e2y an to\u00e0n, c\u00f4ng t\u1eafc an to\u00e0n)\u00a0<\/span><\/li>\n<li><span style=\"color: #000000;\">10 c\u1ea5p \u0111\u1ed9 gi\u00f3, l\u01b0u l\u01b0\u1ee3ng gi\u00f3 200m3\/ph\u00fat<\/span><\/li>\n<li><span style=\"color: #000000;\">Thi\u1ebft k\u1ebf c\u00e1nh qu\u1ea1t c\u1ea3i ti\u1ebfn gi\u00fap lan t\u1ecfa gi\u00f3 nh\u1eb9 nh\u00e0ng, \u00eam d\u1ecbu<\/span><\/li>\n<li><span style=\"color: #000000;\">T\u00edch h\u1ee3p \u0111\u00e8n LED c\u00f3 th\u1ec3 thay \u0111\u1ed5i theo 4 ch\u1ebf \u0111\u1ed9 m\u00e0u v\u00e0 3 m\u1ee9c \u00e1nh s\u00e1ng<\/span><\/li>\n<li><span style=\"color: #000000;\">3 c\u1ea5p \u0111\u1ed9 \u00e1nh s\u00e1ng ban \u0111\u00eam (Night light)<\/span><\/li>\n<li><span style=\"color: #000000;\">Ch\u1ee9c n\u0103ng t\u1ea1o gi\u00f3 t\u1ef1 nhi\u00ean 1\/f Yuragi<\/span><\/li>\n<li><span style=\"color: #000000;\">Ch\u1ebf \u0111\u1ed9 h\u1eb9n gi\u1edd M\u1edf\/T\u1eaft trong v\u00f2ng 24 ti\u1ebfng<\/span><\/li>\n<li><span style=\"color: #000000;\">Ch\u1ebf \u0111\u1ed9 gi\u00f3 theo nh\u1ecbp sinh h\u1ecdc l\u00fac ng\u1ee7 (Sleep mode) c\u00f3 th\u1ec3 t\u00f9y ch\u1ec9nh linh ho\u1ea1t<\/span><\/li>\n<li><span style=\"color: #000000;\">T\u00ednh n\u0103ng \u0111\u1ed5i chi\u1ec1u qu\u1ea1t quay h\u1ed7 tr\u1ee3 l\u00e0m m\u00e1t nhanh khi d\u00f9ng chung v\u1edbi m\u00e1y l\u1ea1nh<\/span><\/li>\n<\/ul>\n<p><span style=\"color: #000000;\"><img fetchpriority=\"high\" decoding=\"async\" class=\"aligncenter wp-image-11602\" src=\"https:\/\/thietbidienlama.com\/wp-content\/uploads\/2025\/03\/quat-panasonic-f-48dgl-gan-tran-3-canh-1090x1090-2-300x300.webp\" alt=\"\" width=\"500\" height=\"500\" srcset=\"https:\/\/www.thietbidienlama.com\/wp-content\/uploads\/2025\/03\/quat-panasonic-f-48dgl-gan-tran-3-canh-1090x1090-2-300x300.webp 300w, https:\/\/www.thietbidienlama.com\/wp-content\/uploads\/2025\/03\/quat-panasonic-f-48dgl-gan-tran-3-canh-1090x1090-2-1024x1024.webp 1024w, https:\/\/www.thietbidienlama.com\/wp-content\/uploads\/2025\/03\/quat-panasonic-f-48dgl-gan-tran-3-canh-1090x1090-2-150x150.webp 150w, https:\/\/www.thietbidienlama.com\/wp-content\/uploads\/2025\/03\/quat-panasonic-f-48dgl-gan-tran-3-canh-1090x1090-2-768x768.webp 768w, https:\/\/www.thietbidienlama.com\/wp-content\/uploads\/2025\/03\/quat-panasonic-f-48dgl-gan-tran-3-canh-1090x1090-2-12x12.webp 12w, https:\/\/www.thietbidienlama.com\/wp-content\/uploads\/2025\/03\/quat-panasonic-f-48dgl-gan-tran-3-canh-1090x1090-2-600x600.webp 600w, https:\/\/www.thietbidienlama.com\/wp-content\/uploads\/2025\/03\/quat-panasonic-f-48dgl-gan-tran-3-canh-1090x1090-2.webp 1090w\" sizes=\"(max-width: 500px) 100vw, 500px\" \/><\/span><\/p>\n<p>&nbsp;<\/p>","protected":false},"excerpt":{"rendered":"<p>Th\u00f4ng tin qu\u1ea1t Panasonic F-48DGL 3 c\u00e1nh \u0110i\u1ec1u khi\u1ec3n t\u1eeb xa b\u1eb1ng \u1ee9ng d\u1ee5ng Panasonic v\u00e0 k\u1ebft n\u1ed1i Wireless 2.4<\/p>","protected":false},"featured_media":11601,"comment_status":"closed","ping_status":"closed","template":"","meta":[],"product_brand":[],"product_cat":[501,562,809],"product_tag":[818],"class_list":{"0":"post-11596","1":"product","2":"type-product","3":"status-publish","4":"has-post-thumbnail","6":"product_cat-thiet-bi-dien","7":"product_cat-thiet-bi-dien-panasonic","8":"product_cat-quat-tran-panasonic","9":"product_tag-quat-panasonic-f-48dgl-3-canh","11":"first","12":"instock","13":"sale","14":"shipping-taxable","15":"purchasable","16":"product-type-simple"},"_links":{"self":[{"href":"https:\/\/www.thietbidienlama.com\/en\/wp-json\/wp\/v2\/product\/11596","targetHints":{"allow":["GET"]}}],"collection":[{"href":"https:\/\/www.thietbidienlama.com\/en\/wp-json\/wp\/v2\/product"}],"about":[{"href":"https:\/\/www.thietbidienlama.com\/en\/wp-json\/wp\/v2\/types\/product"}],"replies":[{"embeddable":true,"href":"https:\/\/www.thietbidienlama.com\/en\/wp-json\/wp\/v2\/comments?post=11596"}],"version-history":[{"count":3,"href":"https:\/\/www.thietbidienlama.com\/en\/wp-json\/wp\/v2\/product\/11596\/revisions"}],"predecessor-version":[{"id":11604,"href":"https:\/\/www.thietbidienlama.com\/en\/wp-json\/wp\/v2\/product\/11596\/revisions\/11604"}],"wp:featuredmedia":[{"embeddable":true,"href":"https:\/\/www.thietbidienlama.com\/en\/wp-json\/wp\/v2\/media\/11601"}],"wp:attachment":[{"href":"https:\/\/www.thietbidienlama.com\/en\/wp-json\/wp\/v2\/media?parent=11596"}],"wp:term":[{"taxonomy":"product_brand","embeddable":true,"href":"https:\/\/www.thietbidienlama.com\/en\/wp-json\/wp\/v2\/product_brand?post=11596"},{"taxonomy":"product_cat","embeddable":true,"href":"https:\/\/www.thietbidienlama.com\/en\/wp-json\/wp\/v2\/product_cat?post=11596"},{"taxonomy":"product_tag","embeddable":true,"href":"https:\/\/www.thietbidienlama.com\/en\/wp-json\/wp\/v2\/product_tag?post=11596"}],"curies":[{"name":"wp","href":"https:\/\/api.w.org\/{rel}","templated":true}]}}