{"id":11592,"date":"2025-03-11T10:59:19","date_gmt":"2025-03-11T03:59:19","guid":{"rendered":"https:\/\/thietbidienlama.com\/?post_type=product&#038;p=11592"},"modified":"2025-03-12T06:41:32","modified_gmt":"2025-03-11T23:41:32","slug":"quat-tran-panasonic-4-canh-f56xpg-mau-den","status":"publish","type":"product","link":"https:\/\/www.thietbidienlama.com\/en\/quat-tran-panasonic-4-canh-f56xpg-mau-den\/","title":{"rendered":"Qu\u1ea1t Tr\u1ea7n Panasonic 4 C\u00e1nh F\u201156XPG M\u00e0u \u0110en"},"content":{"rendered":"<h2><span style=\"color: #000000;\"><strong>Th\u00f4ng tin qu\u1ea1t tr\u1ea7n<\/strong><\/span><span style=\"color: #000000;\"><strong>\u00a0<\/strong><\/span><span style=\"color: #000000;\"><strong>Panasonic 4 c\u00e1nh F\u201156XPG &#8211; M\u00e0u \u0111en<\/strong><\/span><\/h2>\n<ul>\n<li><span style=\"color: #000000;\">Th\u00f4ng s\u1ed1 k\u1ef9 thu\u1eadt qu\u1ea1t tr\u1ea7n 4 c\u00e1nh Panasonic F\u201156XPG c\u00f3 \u0111i\u1ec1u khi\u1ec3n t\u1eeb xa<\/span><\/li>\n<li><span style=\"color: #000000;\">D\u00e2y an to\u00e0n<\/span><\/li>\n<li><span style=\"color: #000000;\">C\u00f4ng t\u1eafc an to\u00e0n gi\u00fap b\u1ea3o v\u1ec7 \u0111\u1ed9ng c\u01a1 qu\u1ea1t<\/span><\/li>\n<li><span style=\"color: #000000;\">03 c\u1ea5p \u0111\u1ed9 gi\u00f3, c\u00f4ng su\u1ea5t 59W.<\/span><\/li>\n<li><span style=\"color: #000000;\">L\u01b0u l\u01b0\u1ee3ng gi\u00f3 191m3\/ph\u00fat<\/span><\/li>\n<li><span style=\"color: #000000;\">\u0110i\u1ec1u khi\u1ec3n t\u1eeb xa<\/span><\/li>\n<li><span style=\"color: #000000;\">Ch\u1ebf \u0111\u1ed9 gi\u00f3 h\u1eb9n gi\u1edd (1h\/3h\/6h)<\/span><\/li>\n<li><span style=\"color: #000000;\">Ch\u1ebf \u0111\u1ed9 gi\u00f3 theo nh\u1ecbp sinh h\u1ecdc l\u00fac ng\u1ee7<\/span><br \/>\n<span style=\"color: #000000;\">(Sleep mode)<\/span><\/li>\n<li><span style=\"color: #000000;\">\u0110\u01b0\u1eddng k\u00ednh c\u00e1nh: 140cm<\/span><\/li>\n<li><span style=\"color: #000000;\">Chi\u1ec1u d\u00e0i ti: 29.2cm<\/span><\/li>\n<li><span style=\"color: #000000;\">S\u1ea3n xu\u1ea5t t\u1ea1i Vi\u1ec7t Nam.<\/span><\/li>\n<\/ul>\n<div id=\"attachment_11595\" style=\"width: 310px\" class=\"wp-caption aligncenter\"><img fetchpriority=\"high\" decoding=\"async\" aria-describedby=\"caption-attachment-11595\" class=\"wp-image-11595 size-medium\" src=\"https:\/\/thietbidienlama.com\/wp-content\/uploads\/2025\/03\/2-300x300.jpg\" alt=\"Qu\u1ea1t tr\u1ea7n Panasonic F\u201156XPG 4 C\u00e1nh M\u00e0u \u0110en\" width=\"300\" height=\"300\" srcset=\"https:\/\/www.thietbidienlama.com\/wp-content\/uploads\/2025\/03\/2-300x300.jpg 300w, https:\/\/www.thietbidienlama.com\/wp-content\/uploads\/2025\/03\/2-150x150.jpg 150w, https:\/\/www.thietbidienlama.com\/wp-content\/uploads\/2025\/03\/2-12x12.jpg 12w, https:\/\/www.thietbidienlama.com\/wp-content\/uploads\/2025\/03\/2.jpg 500w\" sizes=\"(max-width: 300px) 100vw, 300px\" \/><p id=\"caption-attachment-11595\" class=\"wp-caption-text\">Qu\u1ea1t tr\u1ea7n Panasonic 4 c\u00e1nh F\u201156XPG M\u00e0u \u0110en<\/p><\/div>","protected":false},"excerpt":{"rendered":"<p>Th\u00f4ng tin qu\u1ea1t tr\u1ea7n\u00a0Panasonic 4 c\u00e1nh F\u201156XPG &#8211; M\u00e0u \u0111en Th\u00f4ng s\u1ed1 k\u1ef9 thu\u1eadt qu\u1ea1t tr\u1ea7n 4 c\u00e1nh Panasonic F\u201156XPG<\/p>","protected":false},"featured_media":11597,"comment_status":"closed","ping_status":"closed","template":"","meta":[],"product_brand":[],"product_cat":[809,501,562],"product_tag":[815,816],"class_list":{"0":"post-11592","1":"product","2":"type-product","3":"status-publish","4":"has-post-thumbnail","6":"product_cat-quat-tran-panasonic","7":"product_cat-thiet-bi-dien","8":"product_cat-thiet-bi-dien-panasonic","9":"product_tag-quat-tran-panasonic","10":"product_tag-quat-tran-panasonic-4-canh","12":"first","13":"instock","14":"sale","15":"shipping-taxable","16":"purchasable","17":"product-type-simple"},"_links":{"self":[{"href":"https:\/\/www.thietbidienlama.com\/en\/wp-json\/wp\/v2\/product\/11592","targetHints":{"allow":["GET"]}}],"collection":[{"href":"https:\/\/www.thietbidienlama.com\/en\/wp-json\/wp\/v2\/product"}],"about":[{"href":"https:\/\/www.thietbidienlama.com\/en\/wp-json\/wp\/v2\/types\/product"}],"replies":[{"embeddable":true,"href":"https:\/\/www.thietbidienlama.com\/en\/wp-json\/wp\/v2\/comments?post=11592"}],"version-history":[{"count":2,"href":"https:\/\/www.thietbidienlama.com\/en\/wp-json\/wp\/v2\/product\/11592\/revisions"}],"predecessor-version":[{"id":11605,"href":"https:\/\/www.thietbidienlama.com\/en\/wp-json\/wp\/v2\/product\/11592\/revisions\/11605"}],"wp:featuredmedia":[{"embeddable":true,"href":"https:\/\/www.thietbidienlama.com\/en\/wp-json\/wp\/v2\/media\/11597"}],"wp:attachment":[{"href":"https:\/\/www.thietbidienlama.com\/en\/wp-json\/wp\/v2\/media?parent=11592"}],"wp:term":[{"taxonomy":"product_brand","embeddable":true,"href":"https:\/\/www.thietbidienlama.com\/en\/wp-json\/wp\/v2\/product_brand?post=11592"},{"taxonomy":"product_cat","embeddable":true,"href":"https:\/\/www.thietbidienlama.com\/en\/wp-json\/wp\/v2\/product_cat?post=11592"},{"taxonomy":"product_tag","embeddable":true,"href":"https:\/\/www.thietbidienlama.com\/en\/wp-json\/wp\/v2\/product_tag?post=11592"}],"curies":[{"name":"wp","href":"https:\/\/api.w.org\/{rel}","templated":true}]}}