{"id":11583,"date":"2025-03-11T10:35:55","date_gmt":"2025-03-11T03:35:55","guid":{"rendered":"https:\/\/thietbidienlama.com\/?post_type=product&#038;p=11583"},"modified":"2025-10-15T15:12:10","modified_gmt":"2025-10-15T08:12:10","slug":"quat-hut-am-tran-co-ong-noi-gio-fv-17cu9","status":"publish","type":"product","link":"https:\/\/www.thietbidienlama.com\/en\/quat-hut-am-tran-co-ong-noi-gio-fv-17cu9\/","title":{"rendered":"Qu\u1ea1t H\u00fat \u00c2m Tr\u1ea7n C\u00f3 \u1ed0ng N\u1ed1i Gi\u00f3 FV-17CU9 &#8211; 7.5W &#8211; Panasonic"},"content":{"rendered":"<h2 style=\"text-align: center;\"><span style=\"color: #000000;\">Qu\u1ea1t H\u00fat \u00c2m Tr\u1ea7n C\u00f3 \u1ed0ng N\u1ed1i Gi\u00f3 FV &#8211; 17CU9<\/span><\/h2>\n<h3><span style=\"color: #000000; font-size: 14pt;\"><strong>M\u00f4 t\u1ea3 s\u1ea3n ph\u1ea9m Qu\u1ea1t h\u00fat \u00e2m tr\u1ea7n FV-17CU9 Panasonic<\/strong><\/span><\/h3>\n<ul>\n<li><span style=\"color: #000000;\">Qu\u1ea1t h\u00fat \u00e2m tr\u1ea7n FV-17CU9 Panasonic c\u00f3 thi\u1ebft k\u1ebf tinh t\u1ebf v\u00e0 g\u1ecdn nh\u1eb9.<\/span><\/li>\n<li><span style=\"color: #000000;\">V\u1edbi c\u00f4ng su\u1ea5t 7.5W, n\u00f3 ti\u1ebft ki\u1ec7m n\u0103ng l\u01b0\u1ee3ng v\u00e0 gi\u00fap gi\u1ea3m chi ph\u00ed \u0111i\u1ec7n.<\/span><\/li>\n<li><span style=\"color: #000000;\">L\u01b0u l\u01b0\u1ee3ng gi\u00f3 85cmh gi\u00fap lo\u1ea1i b\u1ecf h\u01a1i \u1ea9m, m\u00f9i kh\u00f3 ch\u1ecbu v\u00e0 h\u00f3a ch\u1ea5t trong kh\u00f4ng gian, mang l\u1ea1i kh\u00f4ng kh\u00ed trong l\u00e0nh v\u00e0 tho\u00e1ng m\u00e1t.<\/span><\/li>\n<li><span style=\"color: #000000;\">\u0110\u1ed3ng th\u1eddi, v\u1edbi \u0111\u1ed9 \u1ed3n ch\u1ec9 23dB, qu\u1ea1t ho\u1ea1t \u0111\u1ed9ng \u00eam d\u1ecbu v\u00e0 kh\u00f4ng g\u00e2y ti\u1ebfng \u1ed3n kh\u00f3 ch\u1ecbu, t\u1ea1o ra m\u1ed9t m\u00f4i tr\u01b0\u1eddng y\u00ean t\u0129nh v\u00e0 tho\u1ea3i m\u00e1i.<\/span><\/li>\n<\/ul>\n<p><span style=\"color: #000000;\"><img fetchpriority=\"high\" decoding=\"async\" class=\"aligncenter wp-image-11591 size-medium\" src=\"http:\/\/thietbidienlama.com\/wp-content\/uploads\/2025\/03\/Quat-hut-am-tran-noi-ong-gio-FV-17CU8-300x300.png\" alt=\"Qu\u1ea1t H\u00fat \u00c2m Tr\u1ea7n\" width=\"300\" height=\"300\" srcset=\"https:\/\/www.thietbidienlama.com\/wp-content\/uploads\/2025\/03\/Quat-hut-am-tran-noi-ong-gio-FV-17CU8-300x300.png 300w, https:\/\/www.thietbidienlama.com\/wp-content\/uploads\/2025\/03\/Quat-hut-am-tran-noi-ong-gio-FV-17CU8-150x150.png 150w, https:\/\/www.thietbidienlama.com\/wp-content\/uploads\/2025\/03\/Quat-hut-am-tran-noi-ong-gio-FV-17CU8-768x768.png 768w, https:\/\/www.thietbidienlama.com\/wp-content\/uploads\/2025\/03\/Quat-hut-am-tran-noi-ong-gio-FV-17CU8-12x12.png 12w, https:\/\/www.thietbidienlama.com\/wp-content\/uploads\/2025\/03\/Quat-hut-am-tran-noi-ong-gio-FV-17CU8-600x600.png 600w, https:\/\/www.thietbidienlama.com\/wp-content\/uploads\/2025\/03\/Quat-hut-am-tran-noi-ong-gio-FV-17CU8.png 1000w\" sizes=\"(max-width: 300px) 100vw, 300px\" \/><\/span><\/p>\n<h3><span style=\"color: #000000; font-size: 14pt;\"><strong>\u1ee8ng d\u1ee5ng<\/strong><\/span><\/h3>\n<p><span style=\"color: #000000;\"><strong>Qu\u1ea1t h\u00fat \u00e2m tr\u1ea7n FV-17CU9<\/strong> Panasonic c\u00f3 nhi\u1ec1u \u1ee9ng d\u1ee5ng h\u1eefu \u00edch trong c\u00e1c kh\u00f4ng gian kh\u00e1c nhau. D\u01b0\u1edbi \u0111\u00e2y l\u00e0 m\u1ed9t s\u1ed1 v\u00ed d\u1ee5 v\u1ec1 vi\u1ec7c \u00e1p d\u1ee5ng qu\u1ea1t h\u00fat \u00e2m tr\u1ea7n n\u00e0y:<\/span><\/p>\n<ul>\n<li><span style=\"color: #000000;\">Ph\u00f2ng t\u1eafm: Qu\u1ea1t h\u00fat \u00e2m tr\u1ea7n gi\u00fap lo\u1ea1i b\u1ecf \u0111\u1ed9 \u1ea9m v\u00e0 m\u00f9i h\u00f4i trong ph\u00f2ng t\u1eafm, mang l\u1ea1i kh\u00f4ng gian tho\u00e1ng \u0111\u00e3ng v\u00e0 s\u1ea3ng kho\u00e1i.<\/span><\/li>\n<li><span style=\"color: #000000;\">Nh\u00e0 b\u1ebfp: Khi n\u1ea5u n\u01b0\u1edbng, qu\u1ea1t h\u00fat \u00e2m tr\u1ea7n gi\u00fap lo\u1ea1i b\u1ecf h\u01a1i n\u01b0\u1edbc v\u00e0 m\u00f9i kh\u00f3 ch\u1ecbu, gi\u1eef kh\u00f4ng gian s\u1ea1ch s\u1ebd v\u00e0 tho\u00e1ng m\u00e1t.<\/span><\/li>\n<li><span style=\"color: #000000;\">Ph\u00f2ng l\u00e0m vi\u1ec7c: Qu\u1ea1t h\u00fat \u00e2m tr\u1ea7n \u0111\u01b0\u1ee3c s\u1eed d\u1ee5ng trong c\u00e1c ph\u00f2ng l\u00e0m vi\u1ec7c \u0111\u1ec3 l\u00e0m gi\u1ea3m \u0111\u1ed9 \u1ea9m v\u00e0 c\u1ea3i thi\u1ec7n ch\u1ea5t l\u01b0\u1ee3ng kh\u00f4ng kh\u00ed, gi\u00fap t\u0103ng s\u1ef1 t\u1eadp trung v\u00e0 hi\u1ec7u su\u1ea5t l\u00e0m vi\u1ec7c.<\/span><\/li>\n<li><span style=\"color: #000000;\">C\u00e1c kh\u00f4ng gian c\u00f4ng c\u1ed9ng: Qu\u1ea1t h\u00fat c\u0169ng th\u00edch h\u1ee3p cho vi\u1ec7c s\u1eed d\u1ee5ng trong nh\u00e0 h\u00e0ng, kh\u00e1ch s\u1ea1n, v\u0103n ph\u00f2ng v\u00e0 c\u00e1c kh\u00f4ng gian c\u00f4ng c\u1ed9ng kh\u00e1c \u0111\u1ec3 \u0111\u1ea3m b\u1ea3o kh\u00f4ng kh\u00ed s\u1ea1ch v\u00e0 tho\u00e1ng \u0111\u00e3ng cho kh\u00e1ch h\u00e0ng v\u00e0 nh\u00e2n vi\u00ean.<\/span><\/li>\n<\/ul>\n<h3><span style=\"color: #000000;\"><strong>T\u00e0i li\u1ec7u k\u1ef9 thu\u1eadt<\/strong><\/span><\/h3>\n<ul>\n<li><span style=\"color: #000000;\">Lo\u1ea1i qu\u1ea1t th\u1ea3i kh\u00ed\u00a0<\/span><\/li>\n<li><span style=\"color: #000000;\">Thi\u1ebft k\u1ebf th\u00edch h\u1ee3p \u0111\u1ec3 l\u1eafp \u0111\u1eb7t \u00e2m tr\u1ea7n\u00a0<\/span><\/li>\n<li><span style=\"color: #000000;\">\u0110\u1ed9ng c\u01a1 qu\u1ea1t \u0111\u01b0\u1ee3c trang b\u1ecb b\u1ed9 c\u1ea3m bi\u1ebfn nhi\u1ec7t, t\u1ef1 \u0111\u1ed9ng t\u1eaft qu\u1ea1t khi qu\u1ea1t qu\u00e1 n\u00f3ng\u00a0<\/span><\/li>\n<li><span style=\"color: #000000;\">B\u1ea1c \u0111\u1ea1n \u0111\u01b0\u1ee3c b\u00f4i tr\u01a1n \u0111\u1ea7y \u0111\u1ee7 gi\u00fap qu\u1ea1t v\u1eadn h\u00e0nh \u00eam \u00e1i trong th\u1eddi gian d\u00e0i\u00a0<\/span><\/li>\n<li><span style=\"color: #000000;\">D\u00e2y \u0111i\u1ec7n ngu\u1ed3n \u0111\u01b0\u1ee3c k\u1ebft n\u1ed1i s\u1eb5n\u00a0<\/span><\/li>\n<li><span style=\"color: #000000;\">Thi\u1ebft k\u1ebf \u0111\u1ed9c \u0111\u00e1o g\u1ea5p \u0111\u00f4i v\u00e1ch ng\u0103n gi\u1ea3m thi\u1ec3u t\u1ed1i \u0111a ti\u1ebfng \u1ed3n t\u1eeb qu\u1ea1t v\u00e0 \u0111\u1ed9ng c\u01a1 ra b\u00ean ngo\u00e0i\u00a0<\/span><\/li>\n<li><span style=\"color: #000000;\">C\u00e1nh qu\u1ea1t h\u00ecnh ng\u1ecdn n\u1ebfn c\u00f3 kh\u1ea3 n\u0103ng ki\u1ec3m so\u00e1t s\u1ef1 thay \u0111\u1ed5i kh\u00f4ng kh\u00ed m\u1ed9t c\u00e1ch hi\u1ec7u qu\u1ea3\u00a0<\/span><\/li>\n<li><span style=\"color: #000000;\">K\u00edch th\u01b0\u1edbc l\u1eafp \u0111\u1eb7t = 177 x 177 mm<\/span><\/li>\n<\/ul>\n<h3><span style=\"color: #000000;\"><strong>Th\u00f4ng S\u1ed1 K\u1ef9 Thu\u1eadt qu\u1ea1t h\u00fat \u00e2m tr\u1ea7n n\u1ed1i \u1ed1ng gi\u00f3 FV-17CU9<\/strong><\/span><\/h3>\n<table dir=\"ltr\" style=\"width: 94.6708%; height: 366px;\" border=\"1\" cellspacing=\"0\" cellpadding=\"0\">\n<colgroup>\n<col width=\"191\" \/>\n<col width=\"454\" \/><\/colgroup>\n<tbody>\n<tr style=\"height: 24px;\">\n<td style=\"height: 24px;\" colspan=\"2\" data-sheets-value=\"{&quot;1&quot;:2,&quot;2&quot;:&quot;T\u00ean s\u1ea3n ph\u1ea9m: Qu\u1ea1t h\u00fat \u00e2m tr\u1ea7n n\u1ed1i \u1ed1ng gi\u00f3 Panasonic FV-17CU8 \/ FV-17CU9&quot;}\"><span style=\"color: #000000;\">T\u00ean s\u1ea3n ph\u1ea9m: Qu\u1ea1t h\u00fat \u00e2m tr\u1ea7n n\u1ed1i \u1ed1ng gi\u00f3 FV-17CU9 Panasonic<\/span><\/td>\n<\/tr>\n<tr style=\"height: 24px;\">\n<td style=\"height: 24px;\"><span style=\"color: #000000;\">\u00a0M\u00e3 s\u1ea3n ph\u1ea9m<\/span><\/td>\n<td style=\"height: 24px;\"><span style=\"color: #000000;\">\u00a0FV-17CU9<\/span><\/td>\n<\/tr>\n<tr style=\"height: 24px;\">\n<td style=\"height: 24px;\" data-sheets-value=\"{&quot;1&quot;:2,&quot;2&quot;:&quot;C\u1ea5p \u0111\u1ed9 gi\u00f3&quot;}\"><span style=\"color: #000000;\">\u00a0C\u1ea5p \u0111\u1ed9 gi\u00f3<\/span><\/td>\n<td style=\"height: 24px;\" data-sheets-value=\"{&quot;1&quot;:3,&quot;3&quot;:1}\"><span style=\"color: #000000;\">\u00a01 c\u1ea5p \u0111\u1ed9<\/span><\/td>\n<\/tr>\n<tr style=\"height: 24px;\">\n<td style=\"height: 24px;\" data-sheets-value=\"{&quot;1&quot;:2,&quot;2&quot;:&quot;C\u00f4ng su\u1ea5t \u0111\u1ecbnh m\u1ee9c (W)&quot;}\"><span style=\"color: #000000;\">\u00a0C\u00f4ng su\u1ea5t \u0111\u1ecbnh m\u1ee9c (W)<\/span><\/td>\n<td style=\"height: 24px;\" data-sheets-value=\"{&quot;1&quot;:2,&quot;2&quot;:&quot;7,5W&quot;}\"><span style=\"color: #000000;\">\u00a07,5W<\/span><\/td>\n<\/tr>\n<tr style=\"height: 24px;\">\n<td style=\"height: 24px;\" data-sheets-value=\"{&quot;1&quot;:2,&quot;2&quot;:&quot;L\u01b0u l\u01b0\u1ee3ng gi\u00f3 (m\u00b3\/h)&quot;}\"><span style=\"color: #000000;\">\u00a0L\u01b0u l\u01b0\u1ee3ng gi\u00f3 (m\u00b3\/h)<\/span><\/td>\n<td style=\"height: 24px;\" data-sheets-value=\"{&quot;1&quot;:2,&quot;2&quot;:&quot;85m\u00b3\/h&quot;}\"><span style=\"color: #000000;\">\u00a085m\u00b3\/h<\/span><\/td>\n<\/tr>\n<tr style=\"height: 24px;\">\n<td style=\"height: 24px;\" data-sheets-value=\"{&quot;1&quot;:2,&quot;2&quot;:&quot;\u0110\u1ed9 \u1ed3n&quot;}\"><span style=\"color: #000000;\">\u00a0\u0110\u1ed9 \u1ed3n<\/span><\/td>\n<td style=\"height: 24px;\" data-sheets-value=\"{&quot;1&quot;:2,&quot;2&quot;:&quot;23dB&quot;}\"><span style=\"color: #000000;\">\u00a023dB<\/span><\/td>\n<\/tr>\n<tr style=\"height: 48px;\">\n<td style=\"height: 30px;\" data-sheets-value=\"{&quot;1&quot;:2,&quot;2&quot;:&quot;K\u00edch th\u01b0\u1edbc ch\u1eeba l\u1ed7 vu\u00f4ng&quot;}\"><span style=\"color: #000000;\">\u00a0K\u00edch th\u01b0\u1edbc ch\u1eeba l\u1ed7 vu\u00f4ng<\/span><\/td>\n<td style=\"height: 30px;\" data-sheets-value=\"{&quot;1&quot;:2,&quot;2&quot;:&quot;177mm&quot;}\"><span style=\"color: #000000;\">\u00a0177x177mm<\/span><\/td>\n<\/tr>\n<tr style=\"height: 24px;\">\n<td style=\"height: 24px;\" data-sheets-value=\"{&quot;1&quot;:2,&quot;2&quot;:&quot;T\u1ea7n s\u1ed1&quot;}\"><span style=\"color: #000000;\">\u00a0T\u1ea7n s\u1ed1<\/span><\/td>\n<td style=\"height: 24px;\" data-sheets-value=\"{&quot;1&quot;:2,&quot;2&quot;:&quot;50Hz&quot;}\"><span style=\"color: #000000;\">\u00a050Hz<\/span><\/td>\n<\/tr>\n<tr style=\"height: 24px;\">\n<td style=\"height: 24px;\" data-sheets-value=\"{&quot;1&quot;:2,&quot;2&quot;:&quot;T\u00ednh n\u0103ng&quot;}\"><span style=\"color: #000000;\">\u00a0T\u00ednh n\u0103ng<\/span><\/td>\n<td style=\"height: 24px;\" data-sheets-value=\"{&quot;1&quot;:2,&quot;2&quot;:&quot;Ti\u1ebfng \u1ed3n th\u1ea5p, h\u00fat t\u1eeb trong ra ngo\u00e0i&quot;}\"><span style=\"color: #000000;\">\u00a0Ti\u1ebfng \u1ed3n th\u1ea5p, h\u00fat t\u1eeb trong ra ngo\u00e0i<\/span><\/td>\n<\/tr>\n<tr style=\"height: 24px;\">\n<td style=\"height: 24px;\" data-sheets-value=\"{&quot;1&quot;:2,&quot;2&quot;:&quot;Th\u01b0\u01a1ng hi\u1ec7u&quot;}\"><span style=\"color: #000000;\">\u00a0Th\u01b0\u01a1ng hi\u1ec7u<\/span><\/td>\n<td style=\"height: 24px;\" data-sheets-value=\"{&quot;1&quot;:2,&quot;2&quot;:&quot;Panasonic&quot;}\"><span style=\"color: #000000;\">\u00a0Panasonic<\/span><\/td>\n<\/tr>\n<tr style=\"height: 24px;\">\n<td style=\"height: 24px;\" data-sheets-value=\"{&quot;1&quot;:2,&quot;2&quot;:&quot;Tr\u1ecdng l\u01b0\u1ee3ng (kg)&quot;}\"><span style=\"color: #000000;\">\u00a0Tr\u1ecdng l\u01b0\u1ee3ng (kg)<\/span><\/td>\n<td style=\"height: 24px;\" data-sheets-value=\"{&quot;1&quot;:2,&quot;2&quot;:&quot;1,7kg&quot;}\"><span style=\"color: #000000;\">\u00a01,7kg<\/span><\/td>\n<\/tr>\n<tr style=\"height: 24px;\">\n<td style=\"height: 24px;\" data-sheets-value=\"{&quot;1&quot;:2,&quot;2&quot;:&quot;C\u00f4ng ngh\u1ec7&quot;}\"><span style=\"color: #000000;\">\u00a0C\u00f4ng ngh\u1ec7<\/span><\/td>\n<td style=\"height: 24px;\" data-sheets-value=\"{&quot;1&quot;:2,&quot;2&quot;:&quot;Nh\u1eadt B\u1ea3n&quot;}\"><span style=\"color: #000000;\">\u00a0Nh\u1eadt B\u1ea3n<\/span><\/td>\n<\/tr>\n<tr style=\"height: 24px;\">\n<td style=\"height: 24px;\"><span style=\"color: #000000;\">\u00a0S\u1ea3n xu\u1ea5t t\u1ea1i<\/span><\/td>\n<td style=\"height: 24px;\"><span style=\"color: #000000;\">\u00a0Vi\u1ec7t Nam<\/span><\/td>\n<\/tr>\n<tr style=\"height: 24px;\">\n<td style=\"height: 24px;\" data-sheets-value=\"{&quot;1&quot;:2,&quot;2&quot;:&quot;Lo\u1ea1i h\u00e0ng&quot;}\"><span style=\"color: #000000;\">\u00a0Lo\u1ea1i h\u00e0ng<\/span><\/td>\n<td style=\"height: 24px;\" data-sheets-value=\"{&quot;1&quot;:2,&quot;2&quot;:&quot;Ch\u00ednh h\u00e3ng&quot;}\"><span style=\"color: #000000;\">\u00a0Ch\u00ednh h\u00e3ng<\/span><\/td>\n<\/tr>\n<tr style=\"height: 24px;\">\n<td style=\"height: 24px;\" data-sheets-value=\"{&quot;1&quot;:2,&quot;2&quot;:&quot;B\u1ea3o H\u00e0nh &quot;}\"><span style=\"color: #000000;\">\u00a0B\u1ea3o H\u00e0nh<\/span><\/td>\n<td style=\"height: 24px;\" data-sheets-value=\"{&quot;1&quot;:2,&quot;2&quot;:&quot;12 th\u00e1ng&quot;}\"><span style=\"color: #000000;\">\u00a012 th\u00e1ng<\/span><\/td>\n<\/tr>\n<\/tbody>\n<\/table>\n<p><img decoding=\"async\" class=\"aligncenter wp-image-12952 size-medium\" src=\"http:\/\/thietbidienlama.com\/wp-content\/uploads\/2025\/03\/quat-hut-am-tran-noi-ong-gio-ban-ve-FV-17CU9-300x300.jpg\" alt=\"Qu\u1ea1t H\u00fat \u00c2m Tr\u1ea7n\" width=\"300\" height=\"300\" srcset=\"https:\/\/www.thietbidienlama.com\/wp-content\/uploads\/2025\/03\/quat-hut-am-tran-noi-ong-gio-ban-ve-FV-17CU9-300x300.jpg 300w, https:\/\/www.thietbidienlama.com\/wp-content\/uploads\/2025\/03\/quat-hut-am-tran-noi-ong-gio-ban-ve-FV-17CU9-150x150.jpg 150w, https:\/\/www.thietbidienlama.com\/wp-content\/uploads\/2025\/03\/quat-hut-am-tran-noi-ong-gio-ban-ve-FV-17CU9-12x12.jpg 12w, https:\/\/www.thietbidienlama.com\/wp-content\/uploads\/2025\/03\/quat-hut-am-tran-noi-ong-gio-ban-ve-FV-17CU9.jpg 500w\" sizes=\"(max-width: 300px) 100vw, 300px\" \/><\/p>\n<p><span style=\"font-size: 12pt; color: #000000;\"><strong>S\u1ea3n Ph\u1ea9m T\u01b0\u01a1ng T\u1ef1:<\/strong><\/span><\/p>\n<ul>\n<li>\n<p class=\"product_title entry-title wd-entities-title\"><span style=\"color: #ff6600;\"><a style=\"color: #ff6600;\" href=\"https:\/\/thietbidienlama.com\/quat-hut-am-tran-fv-24cu9-co-ong-dan-%c9%b8100mm\/\"><strong><span style=\"font-size: 12pt;\">Qu\u1ea1t H\u00fat \u00c2m Tr\u1ea7n \u2013 FV-24CU9 \u2013 C\u00f3 \u1ed0ng D\u1eabn \u0278100mm- 1 C\u1ea5p T\u1ed1c \u0110\u1ed9 \u2013 10.5W \u2013 Panasonic<\/span><\/strong><\/a><\/span><\/p>\n<\/li>\n<li>\n<p class=\"product_title entry-title wd-entities-title\"><span style=\"color: #ff6600;\"><a style=\"color: #ff6600;\" href=\"https:\/\/thietbidienlama.com\/quat-hut-am-tran-fv-24cd9-co-ong-dan-%c9%b8100mm\/\"><strong><span style=\"font-size: 12pt;\">Qu\u1ea1t H\u00fat \u00c2m Tr\u1ea7n \u2013 FV-24CD9 \u2013 C\u00f3 \u1ed0ng D\u1eabn \u0278100mm- 1 C\u1ea5p T\u1ed1c \u0110\u1ed9 \u2013 13.5W \u2013 Panasonic<\/span><\/strong><\/a><\/span><\/p>\n<\/li>\n<\/ul>\n<p><span style=\"font-size: 12pt; color: #000000;\"><strong><em><i>LI\u00caN H\u1ec6 :<\/i><\/em><\/strong><\/span><\/p>\n<p><span style=\"font-size: 12pt; color: #000000;\"><strong><b>Hotline: 0935 228 204 ( Ms Lam )<\/b><\/strong><\/span><\/p>\n<p><span style=\"font-size: 12pt; color: #000000;\"><strong><b>Facebook:<\/b><\/strong>\u00a0<span style=\"color: #ff6600;\"><a style=\"color: #ff6600;\" href=\"https:\/\/www.facebook.com\/thietbidienlama\" target=\"_blank\" rel=\"noopener\"><strong><b>THI\u1ebeT\u00a0B\u1eca \u0110I\u1ec6N LAMA<\/b><\/strong><\/a><\/span><\/span><\/p>\n<p><span style=\"font-size: 12pt; color: #000000;\"><strong><b>Tiktok:<\/b><\/strong>\u00a0<span style=\"color: #ff6600;\"><a style=\"color: #ff6600;\" href=\"https:\/\/www.tiktok.com\/@thietbidienlama\" target=\"_blank\" rel=\"noopener\"><strong><b>THI\u1ebeT\u00a0B\u1eca \u0110I\u1ec6N LAMA<\/b><\/strong><\/a><\/span><\/span><\/p>","protected":false},"excerpt":{"rendered":"<p>Qu\u1ea1t H\u00fat \u00c2m Tr\u1ea7n C\u00f3 \u1ed0ng N\u1ed1i Gi\u00f3 FV &#8211; 17CU9 M\u00f4 t\u1ea3 s\u1ea3n ph\u1ea9m Qu\u1ea1t h\u00fat \u00e2m tr\u1ea7n FV-17CU9<\/p>","protected":false},"featured_media":11591,"comment_status":"closed","ping_status":"closed","template":"","meta":[],"product_brand":[],"product_cat":[808,501,562],"product_tag":[],"class_list":{"0":"post-11583","1":"product","2":"type-product","3":"status-publish","4":"has-post-thumbnail","6":"product_cat-quat-hut-panasonic","7":"product_cat-thiet-bi-dien","8":"product_cat-thiet-bi-dien-panasonic","10":"first","11":"instock","12":"sale","13":"shipping-taxable","14":"purchasable","15":"product-type-simple"},"_links":{"self":[{"href":"https:\/\/www.thietbidienlama.com\/en\/wp-json\/wp\/v2\/product\/11583","targetHints":{"allow":["GET"]}}],"collection":[{"href":"https:\/\/www.thietbidienlama.com\/en\/wp-json\/wp\/v2\/product"}],"about":[{"href":"https:\/\/www.thietbidienlama.com\/en\/wp-json\/wp\/v2\/types\/product"}],"replies":[{"embeddable":true,"href":"https:\/\/www.thietbidienlama.com\/en\/wp-json\/wp\/v2\/comments?post=11583"}],"version-history":[{"count":5,"href":"https:\/\/www.thietbidienlama.com\/en\/wp-json\/wp\/v2\/product\/11583\/revisions"}],"predecessor-version":[{"id":13070,"href":"https:\/\/www.thietbidienlama.com\/en\/wp-json\/wp\/v2\/product\/11583\/revisions\/13070"}],"wp:featuredmedia":[{"embeddable":true,"href":"https:\/\/www.thietbidienlama.com\/en\/wp-json\/wp\/v2\/media\/11591"}],"wp:attachment":[{"href":"https:\/\/www.thietbidienlama.com\/en\/wp-json\/wp\/v2\/media?parent=11583"}],"wp:term":[{"taxonomy":"product_brand","embeddable":true,"href":"https:\/\/www.thietbidienlama.com\/en\/wp-json\/wp\/v2\/product_brand?post=11583"},{"taxonomy":"product_cat","embeddable":true,"href":"https:\/\/www.thietbidienlama.com\/en\/wp-json\/wp\/v2\/product_cat?post=11583"},{"taxonomy":"product_tag","embeddable":true,"href":"https:\/\/www.thietbidienlama.com\/en\/wp-json\/wp\/v2\/product_tag?post=11583"}],"curies":[{"name":"wp","href":"https:\/\/api.w.org\/{rel}","templated":true}]}}