{"id":11562,"date":"2025-03-11T09:55:22","date_gmt":"2025-03-11T02:55:22","guid":{"rendered":"https:\/\/thietbidienlama.com\/?post_type=product&#038;p=11562"},"modified":"2025-10-15T15:12:31","modified_gmt":"2025-10-15T08:12:31","slug":"quat-hut-am-tran-panasonic-15tgu6","status":"publish","type":"product","link":"https:\/\/www.thietbidienlama.com\/en\/quat-hut-am-tran-panasonic-15tgu6\/","title":{"rendered":"Qu\u1ea1t H\u00fat \u00c2m Tr\u1ea7n Panasonic 15TGU6 &#8211; Kh\u00f4ng D\u00f9ng \u1ed0ng D\u1eabn &#8211; 10W"},"content":{"rendered":"<h2 style=\"text-align: center;\"><span style=\"color: #000000;\">Qu\u1ea1t H\u00fat \u00c2m Tr\u1ea7n Panasonic 15TGU6<\/span><\/h2>\n<h2><span style=\"font-size: 14pt; color: #000000;\"><strong>M\u00f4 t\u1ea3 qu\u1ea1t h\u00fat \u00e2m tr\u1ea7n FV-15TGU6 Panasonic<\/strong><\/span><\/h2>\n<p><span style=\"color: #000000;\"><strong>Qu\u1ea1t h\u00fat \u00e2m tr\u1ea7n Panasonic FV-15TGU6<\/strong>\u00a0l\u00e0 m\u1ed9t trong nh\u1eefng m\u1eabu qu\u1ea1t h\u00fat m\u1edbi \u0111\u01b0\u1ee3c Panasonic cho ra m\u1eaft th\u1ecb tr\u01b0\u1eddng trong \u0111\u1ea7u n\u0103m nay. \u0110\u00e2y l\u00e0 m\u1eabu\u00a0<strong>qu\u1ea1t h\u00fat \u00e2m tr\u1ea7n<\/strong>\u00a0c\u00f3 m\u00e0u tr\u1eafng tinh t\u1ebf, sang tr\u1ecdng, \u0111\u01b0\u1eddng k\u00ednh c\u00e1nh qu\u1ea1t th\u00edch h\u1ee3p cho vi\u1ec7c l\u1eafp \u0111\u1eb7t cho m\u1ecdi v\u1ecb tr\u00ed trong ph\u00f2ng b\u1ebfp, ph\u00f2ng ng\u1ee7, nh\u00e0 v\u1ec7 sinh, ph\u00f2ng c\u00f3 g\u1eafn m\u00e1y l\u1ea1nh, nh\u00e0 kho,\u2026 c\u00f3 di\u1ec7n t\u00edch d\u01b0\u1edbi 15m<sup>2<\/sup>.<\/span><\/p>\n<p><span style=\"color: #000000;\">V\u1edbi c\u00f4ng su\u1ea5t 10W v\u00e0 kh\u1ea3 n\u0103ng h\u00fat \u0111\u1ebfn 275 m3\/gi\u1edd, qu\u1ea1t h\u00fat n\u00e0y c\u00f3 th\u1ec3 gi\u00fap \u0111\u1ea3m b\u1ea3o kh\u00f4ng kh\u00ed trong l\u00e0nh v\u00e0 tho\u00e1ng m\u00e1t cho c\u00e1c kh\u00f4ng gian trong nh\u00e0.<\/span><\/p>\n<p><span style=\"color: #000000;\">\u0110\u1eb7c bi\u1ec7t, qu\u1ea1t h\u00fat \u00e2m tr\u1ea7n\u00a0<strong>FV-15TGU6<\/strong>\u00a0\u0111\u01b0\u1ee3c thi\u1ebft k\u1ebf \u00e2m thanh r\u1ea5t nh\u1ecf g\u1ecdn, ch\u1ec9 \u1edf m\u1ee9c 35 dB(A), gi\u00fap t\u1ea1o ra m\u1ed9t kh\u00f4ng gian y\u00ean t\u0129nh v\u00e0 tho\u1ea3i m\u00e1i h\u01a1n cho gia \u0111\u00ecnh b\u1ea1n. Ngo\u00e0i ra, s\u1ea3n ph\u1ea9m n\u00e0y c\u00f2n c\u00f3 ch\u1ee9c n\u0103ng t\u1ef1 \u0111\u1ed9ng \u0111\u00f3ng v\u00e0 m\u1edf, gi\u00fap ti\u1ebft ki\u1ec7m \u0111i\u1ec7n n\u0103ng v\u00e0 n\u00e2ng cao hi\u1ec7u qu\u1ea3 s\u1eed d\u1ee5ng.<\/span><\/p>\n<h3><span style=\"color: #000000; font-size: 14pt;\"><strong>B\u1ec1n b\u1ec9 v\u1edbi th\u1eddi gian<\/strong><\/span><\/h3>\n<p><span style=\"color: #000000;\">V\u1edbi 5 c\u00e1nh qu\u1ea1t \u0111\u01b0\u1eddng k\u00ednh 20cm l\u00e0m t\u1eeb nh\u1ef1a cao c\u1ea5p, b\u1ec1n b\u1ec9 v\u1edbi th\u1eddi gian, kh\u00f4ng d\u1ec5 d\u00e0ng b\u1ecb g\u00e3y nh\u01b0 c\u00e1c lo\u1ea1i qu\u1ea1t th\u00f4ng th\u01b0\u1eddng. B\u1ea1c \u0111\u1ea1n \u0111\u01b0\u1ee3c b\u00f4i tr\u01a1n cho tu\u1ed5i th\u1ecd c\u1ee7a qu\u1ea1t \u0111\u01b0\u1ee3c n\u00e2ng cao gi\u00fap\u00a0<strong>Qu\u1ea1t h\u00fat \u00e2m\u00a0<\/strong>c\u00f3 tu\u1ed5i th\u1ecd cao h\u01a1n so v\u1edbi c\u00e1c d\u00f2ng qu\u1ea1t h\u00fat c\u00f9ng lo\u1ea1i kh\u00e1c.<\/span><\/p>\n<h3><span style=\"color: #000000; font-size: 14pt;\"><strong>\u0110\u1ed9 \u1ed3n th\u1ea5p<\/strong><\/span><\/h3>\n<p><span style=\"color: #000000;\">C\u00f4ng su\u1ea5t 10W \u0111\u1eb7c bi\u1ec7t ti\u1ebft ki\u1ec7m \u0111i\u1ec7n khi s\u1eed d\u1ee5ng trong th\u1eddi gian d\u00e0i. \u0110\u1ed9 \u1ed3n c\u1ee7a chi\u1ebfc qu\u1ea1t h\u00fat \u00e2m tr\u1ea7n n\u00e0y v\u00f4 c\u00f9ng th\u1ea5p ch\u1ec9 35dB kh\u00f4ng l\u00e0m \u1ea3nh h\u01b0\u1edfng \u0111\u1ebfn gi\u1ea5c ng\u1ee7, c\u00f4ng vi\u1ec7c c\u1ee7a ng\u01b0\u1eddi s\u1eed d\u1ee5ng.<\/span><\/p>\n<h3><span style=\"color: #000000; font-size: 14pt;\"><strong>L\u01b0u l\u01b0\u1ee3ng gi\u00f3 l\u1edbn<\/strong><\/span><\/h3>\n<p><span style=\"color: #000000;\">L\u01b0u l\u01b0\u1ee3ng gi\u00f3 275 CMH,\u00a0<strong>Qu\u1ea1t h\u00fat \u00e2m tr\u1ea7n FV-15TGU6<\/strong>\u00a0gi\u00fap cho kh\u00f4ng kh\u00ed \u0111\u01b0\u1ee3c l\u01b0u th\u00f4ng hi\u1ec7u qu\u1ea3, gi\u1ea3m thi\u1ec3u c\u00e1c t\u00e1c nh\u00e2n g\u00e2y h\u1ea1i trong kh\u00f4ng kh\u00ed c\u0169ng nh\u01b0 c\u00e1c m\u00f9i kh\u00f3 ch\u1ecbu.<\/span><\/p>\n<p><img fetchpriority=\"high\" decoding=\"async\" class=\"alignnone size-medium wp-image-12947 aligncenter\" src=\"http:\/\/thietbidienlama.com\/wp-content\/uploads\/2025\/03\/Quat-Hut-Am-Tran-Khong-Dung-Ong-Dan-300x300.jpg\" alt=\"\" width=\"300\" height=\"300\" srcset=\"https:\/\/www.thietbidienlama.com\/wp-content\/uploads\/2025\/03\/Quat-Hut-Am-Tran-Khong-Dung-Ong-Dan-300x300.jpg 300w, https:\/\/www.thietbidienlama.com\/wp-content\/uploads\/2025\/03\/Quat-Hut-Am-Tran-Khong-Dung-Ong-Dan-150x150.jpg 150w, https:\/\/www.thietbidienlama.com\/wp-content\/uploads\/2025\/03\/Quat-Hut-Am-Tran-Khong-Dung-Ong-Dan-12x12.jpg 12w, https:\/\/www.thietbidienlama.com\/wp-content\/uploads\/2025\/03\/Quat-Hut-Am-Tran-Khong-Dung-Ong-Dan.jpg 500w\" sizes=\"(max-width: 300px) 100vw, 300px\" \/><\/p>\n<h3><strong><span style=\"color: #000000;\">Th\u1ed1ng s\u1ed1 k\u0129 thu\u1eadt<\/span>\u00a0<\/strong><\/h3>\n<table dir=\"ltr\" style=\"width: 58.538%;\" border=\"1\" cellspacing=\"0\" cellpadding=\"0\">\n<colgroup>\n<col width=\"191\" \/>\n<col width=\"454\" \/><\/colgroup>\n<tbody>\n<tr>\n<td style=\"width: 101.675%;\" colspan=\"2\" rowspan=\"1\" data-sheets-value=\"{&quot;1&quot;:2,&quot;2&quot;:&quot;T\u00ean s\u1ea3n ph\u1ea9m: Qu\u1ea1t h\u00fat \u00e2m tr\u1ea7n FV\u201125TGU5 Panasonic&quot;}\"><span style=\"color: #000000;\"><strong>T\u00ean s\u1ea3n ph\u1ea9m: Qu\u1ea1t h\u00fat \u00e2m tr\u1ea7n FV\u201115TGU6 Panasonic<\/strong><\/span><\/td>\n<\/tr>\n<tr>\n<td style=\"width: 29.4931%;\" data-sheets-value=\"{&quot;1&quot;:2,&quot;2&quot;:&quot;C\u1ea5p \u0111\u1ed9 gi\u00f3&quot;}\"><span style=\"color: #000000;\">\u00a0C\u1ea5p \u0111\u1ed9 gi\u00f3<\/span><\/td>\n<td style=\"width: 72.1814%;\" data-sheets-value=\"{&quot;1&quot;:3,&quot;3&quot;:1}\"><span style=\"color: #000000;\">\u00a01 c\u1ea5p \u0111\u1ed9<\/span><\/td>\n<\/tr>\n<tr>\n<td style=\"width: 29.4931%;\" data-sheets-value=\"{&quot;1&quot;:2,&quot;2&quot;:&quot;C\u00f4ng su\u1ea5t \u0111\u1ecbnh m\u1ee9c (W)&quot;}\"><span style=\"color: #000000;\">\u00a0C\u00f4ng su\u1ea5t \u0111\u1ecbnh m\u1ee9c (W)<\/span><\/td>\n<td style=\"width: 72.1814%;\" data-sheets-value=\"{&quot;1&quot;:2,&quot;2&quot;:&quot;26,5W&quot;}\"><span style=\"color: #000000;\">\u00a010W<\/span><\/td>\n<\/tr>\n<tr>\n<td style=\"width: 29.4931%;\" data-sheets-value=\"{&quot;1&quot;:2,&quot;2&quot;:&quot;L\u01b0u l\u01b0\u1ee3ng gi\u00f3 (m\u00b3\/h)&quot;}\"><span style=\"color: #000000;\">\u00a0L\u01b0u l\u01b0\u1ee3ng gi\u00f3 (m\u00b3\/h)<\/span><\/td>\n<td style=\"width: 72.1814%;\" data-sheets-value=\"{&quot;1&quot;:2,&quot;2&quot;:&quot;546m\u00b3\/h&quot;}\"><span style=\"color: #000000;\">\u00a0275m\u00b3\/h<\/span><\/td>\n<\/tr>\n<tr>\n<td style=\"width: 29.4931%;\" data-sheets-value=\"{&quot;1&quot;:2,&quot;2&quot;:&quot;\u0110\u1ed9 \u1ed3n&quot;}\"><span style=\"color: #000000;\">\u00a0\u0110\u1ed9 \u1ed3n<\/span><\/td>\n<td style=\"width: 72.1814%;\" data-sheets-value=\"{&quot;1&quot;:2,&quot;2&quot;:&quot;39dB&quot;}\"><span style=\"color: #000000;\">\u00a035dB<\/span><\/td>\n<\/tr>\n<tr>\n<td style=\"width: 29.4931%;\" data-sheets-value=\"{&quot;1&quot;:2,&quot;2&quot;:&quot;K\u00edch th\u01b0\u1edbc ch\u1eeba l\u1ed7 vu\u00f4ng&quot;}\"><span style=\"color: #000000;\">\u00a0K\u00edch th\u01b0\u1edbc ch\u1eeba l\u1ed7 vu\u00f4ng<\/span><\/td>\n<td style=\"width: 72.1814%;\" data-sheets-value=\"{&quot;1&quot;:2,&quot;2&quot;:&quot;315x315mm&quot;}\"><span style=\"color: #000000;\">\u00a0217x217mm<\/span><\/td>\n<\/tr>\n<tr>\n<td style=\"width: 29.4931%;\" data-sheets-value=\"{&quot;1&quot;:2,&quot;2&quot;:&quot;T\u1ea7n s\u1ed1&quot;}\"><span style=\"color: #000000;\">\u00a0T\u1ea7n s\u1ed1<\/span><\/td>\n<td style=\"width: 72.1814%;\" data-sheets-value=\"{&quot;1&quot;:2,&quot;2&quot;:&quot;50Hz&quot;}\"><span style=\"color: #000000;\">\u00a050Hz<\/span><\/td>\n<\/tr>\n<tr>\n<td style=\"width: 29.4931%;\" data-sheets-value=\"{&quot;1&quot;:2,&quot;2&quot;:&quot;Tr\u1ecdng l\u01b0\u1ee3ng&quot;}\"><span style=\"color: #000000;\">\u00a0Tr\u1ecdng l\u01b0\u1ee3ng<\/span><\/td>\n<td style=\"width: 72.1814%;\" data-sheets-value=\"{&quot;1&quot;:2,&quot;2&quot;:&quot;1,8kg&quot;}\"><span style=\"color: #000000;\">\u00a01,8kg<\/span><\/td>\n<\/tr>\n<tr>\n<td style=\"width: 29.4931%;\" data-sheets-value=\"{&quot;1&quot;:2,&quot;2&quot;:&quot;T\u00ednh n\u0103ng&quot;}\"><span style=\"color: #000000;\">\u00a0T\u00ednh n\u0103ng<\/span><\/td>\n<td style=\"width: 72.1814%;\" data-sheets-value=\"{&quot;1&quot;:2,&quot;2&quot;:&quot; Thi\u1ebft k\u1ebf kh\u00f4ng c\u00f3 \u1ed1ng d\u1eabn kh\u00ed d\u1ec5 d\u00e0ng l\u1eafm \u0111\u1eb7t&quot;}\"><span style=\"color: #000000;\">\u00a0Thi\u1ebft k\u1ebf kh\u00f4ng c\u00f3 \u1ed1ng d\u1eabn kh\u00ed d\u1ec5 d\u00e0ng l\u1eafm \u0111\u1eb7t<\/span><\/td>\n<\/tr>\n<tr>\n<td style=\"width: 29.4931%;\" data-sheets-value=\"{&quot;1&quot;:2,&quot;2&quot;:&quot;Th\u01b0\u01a1ng hi\u1ec7u&quot;}\"><span style=\"color: #000000;\">\u00a0Th\u01b0\u01a1ng hi\u1ec7u<\/span><\/td>\n<td style=\"width: 72.1814%;\" data-sheets-value=\"{&quot;1&quot;:2,&quot;2&quot;:&quot;Panasonic&quot;}\"><span style=\"color: #000000;\">\u00a0Panasonic<\/span><\/td>\n<\/tr>\n<tr>\n<td style=\"width: 29.4931%;\" data-sheets-value=\"{&quot;1&quot;:2,&quot;2&quot;:&quot;C\u00f4ng ngh\u1ec7&quot;}\"><span style=\"color: #000000;\">\u00a0Xu\u1ea5t x\u1ee9<\/span><\/td>\n<td style=\"width: 72.1814%;\" data-sheets-value=\"{&quot;1&quot;:2,&quot;2&quot;:&quot;Nh\u1eadt B\u1ea3n&quot;}\"><span style=\"color: #000000;\">\u00a0Vi\u1ec7t Nam<\/span><\/td>\n<\/tr>\n<tr>\n<td style=\"width: 29.4931%;\" data-sheets-value=\"{&quot;1&quot;:2,&quot;2&quot;:&quot;Lo\u1ea1i h\u00e0ng&quot;}\"><span style=\"color: #000000;\">\u00a0Lo\u1ea1i h\u00e0ng<\/span><\/td>\n<td style=\"width: 72.1814%;\" data-sheets-value=\"{&quot;1&quot;:2,&quot;2&quot;:&quot;Ch\u00ednh h\u00e3ng&quot;}\"><span style=\"color: #000000;\">\u00a0Ch\u00ednh h\u00e3ng<\/span><\/td>\n<\/tr>\n<tr>\n<td style=\"width: 29.4931%;\" data-sheets-value=\"{&quot;1&quot;:2,&quot;2&quot;:&quot;B\u1ea3o H\u00e0nh &quot;}\"><span style=\"color: #000000;\">\u00a0B\u1ea3o H\u00e0nh<\/span><\/td>\n<td style=\"width: 72.1814%;\" data-sheets-value=\"{&quot;1&quot;:2,&quot;2&quot;:&quot;12 th\u00e1ng&quot;}\"><span style=\"color: #000000;\">\u00a012 th\u00e1ng<\/span><\/td>\n<\/tr>\n<\/tbody>\n<\/table>\n<p><img decoding=\"async\" class=\"alignnone size-medium wp-image-12950 aligncenter\" src=\"http:\/\/thietbidienlama.com\/wp-content\/uploads\/2025\/03\/Quat-Hut-Am-Tran-Khong-Dung-Ong-Dan-FV-15TGU6-10W-Panasonic-300x300.jpg\" alt=\"\" width=\"300\" height=\"300\" srcset=\"https:\/\/www.thietbidienlama.com\/wp-content\/uploads\/2025\/03\/Quat-Hut-Am-Tran-Khong-Dung-Ong-Dan-FV-15TGU6-10W-Panasonic-300x300.jpg 300w, https:\/\/www.thietbidienlama.com\/wp-content\/uploads\/2025\/03\/Quat-Hut-Am-Tran-Khong-Dung-Ong-Dan-FV-15TGU6-10W-Panasonic-150x150.jpg 150w, https:\/\/www.thietbidienlama.com\/wp-content\/uploads\/2025\/03\/Quat-Hut-Am-Tran-Khong-Dung-Ong-Dan-FV-15TGU6-10W-Panasonic-12x12.jpg 12w, https:\/\/www.thietbidienlama.com\/wp-content\/uploads\/2025\/03\/Quat-Hut-Am-Tran-Khong-Dung-Ong-Dan-FV-15TGU6-10W-Panasonic.jpg 500w\" sizes=\"(max-width: 300px) 100vw, 300px\" \/><\/p>","protected":false},"excerpt":{"rendered":"<p>Qu\u1ea1t H\u00fat \u00c2m Tr\u1ea7n Panasonic 15TGU6 M\u00f4 t\u1ea3 qu\u1ea1t h\u00fat \u00e2m tr\u1ea7n FV-15TGU6 Panasonic Qu\u1ea1t h\u00fat \u00e2m tr\u1ea7n Panasonic FV-15TGU6\u00a0l\u00e0<\/p>","protected":false},"featured_media":12947,"comment_status":"closed","ping_status":"closed","template":"","meta":[],"product_brand":[],"product_cat":[562,501,808],"product_tag":[806,805],"class_list":{"0":"post-11562","1":"product","2":"type-product","3":"status-publish","4":"has-post-thumbnail","6":"product_cat-thiet-bi-dien-panasonic","7":"product_cat-thiet-bi-dien","8":"product_cat-quat-hut-panasonic","9":"product_tag-quat-hut-am-tran-15tgu6","10":"product_tag-quat-hut-am-tran-panasonic","12":"first","13":"instock","14":"sale","15":"shipping-taxable","16":"purchasable","17":"product-type-simple"},"_links":{"self":[{"href":"https:\/\/www.thietbidienlama.com\/en\/wp-json\/wp\/v2\/product\/11562","targetHints":{"allow":["GET"]}}],"collection":[{"href":"https:\/\/www.thietbidienlama.com\/en\/wp-json\/wp\/v2\/product"}],"about":[{"href":"https:\/\/www.thietbidienlama.com\/en\/wp-json\/wp\/v2\/types\/product"}],"replies":[{"embeddable":true,"href":"https:\/\/www.thietbidienlama.com\/en\/wp-json\/wp\/v2\/comments?post=11562"}],"version-history":[{"count":4,"href":"https:\/\/www.thietbidienlama.com\/en\/wp-json\/wp\/v2\/product\/11562\/revisions"}],"predecessor-version":[{"id":12951,"href":"https:\/\/www.thietbidienlama.com\/en\/wp-json\/wp\/v2\/product\/11562\/revisions\/12951"}],"wp:featuredmedia":[{"embeddable":true,"href":"https:\/\/www.thietbidienlama.com\/en\/wp-json\/wp\/v2\/media\/12947"}],"wp:attachment":[{"href":"https:\/\/www.thietbidienlama.com\/en\/wp-json\/wp\/v2\/media?parent=11562"}],"wp:term":[{"taxonomy":"product_brand","embeddable":true,"href":"https:\/\/www.thietbidienlama.com\/en\/wp-json\/wp\/v2\/product_brand?post=11562"},{"taxonomy":"product_cat","embeddable":true,"href":"https:\/\/www.thietbidienlama.com\/en\/wp-json\/wp\/v2\/product_cat?post=11562"},{"taxonomy":"product_tag","embeddable":true,"href":"https:\/\/www.thietbidienlama.com\/en\/wp-json\/wp\/v2\/product_tag?post=11562"}],"curies":[{"name":"wp","href":"https:\/\/api.w.org\/{rel}","templated":true}]}}