{"id":11486,"date":"2025-02-12T14:52:36","date_gmt":"2025-02-12T07:52:36","guid":{"rendered":"https:\/\/thietbidienlama.com\/?post_type=product&#038;p=11486"},"modified":"2025-04-11T12:07:02","modified_gmt":"2025-04-11T05:07:02","slug":"den-trang-tri-ngoai-troi-chong-nuoc","status":"publish","type":"product","link":"https:\/\/www.thietbidienlama.com\/en\/den-trang-tri-ngoai-troi-chong-nuoc\/","title":{"rendered":"\u0110\u00e8n Trang Tr\u00ed Ngo\u00e0i Tr\u1eddi Ch\u1ed1ng N\u01b0\u1edbc Nanoco &#8211; NBL2891B"},"content":{"rendered":"<h1 style=\"text-align: center;\"><span style=\"font-size: 14pt; color: #000000;\">\u0110\u00e8n Trang Tr\u00ed Ngo\u00e0i Tr\u1eddi Ch\u1ed1ng N\u01b0\u1edbc Nanoco &#8211; NBL2891B<\/span><\/h1>\n<h2 data-start=\"144\" data-end=\"174\"><span style=\"color: #000000; font-size: 14pt;\"><strong data-start=\"149\" data-end=\"172\">Gi\u1edbi Thi\u1ec7u S\u1ea3n Ph\u1ea9m<\/strong><\/span><\/h2>\n<p data-start=\"175\" data-end=\"461\"><span style=\"color: #000000;\"><strong data-start=\"175\" data-end=\"211\">\u0110\u00e8n t\u01b0\u1eddng LED Nanoco NBL2891B 7W<\/strong> l\u00e0 s\u1ea3n ph\u1ea9m chi\u1ebfu s\u00e1ng trang tr\u00ed cao c\u1ea5p v\u1edbi thi\u1ebft k\u1ebf tinh t\u1ebf, m\u00e0u x\u00e1m \u0111\u1eadm hi\u1ec7n \u0111\u1ea1i v\u00e0 \u00e1nh s\u00e1ng v\u00e0ng 3000K \u1ea5m \u00e1p. V\u1edbi kh\u1ea3 n\u0103ng chi\u1ebfu s\u00e1ng d\u1ecbu nh\u1eb9, ti\u1ebft ki\u1ec7m \u0111i\u1ec7n n\u0103ng v\u00e0 \u0111\u1ed9 b\u1ec1n cao, s\u1ea3n ph\u1ea9m n\u00e0y l\u00e0 l\u1ef1a ch\u1ecdn l\u00fd t\u01b0\u1edfng cho kh\u00f4ng gian n\u1ed9i v\u00e0 ngo\u1ea1i th\u1ea5t.<\/span><\/p>\n<div id=\"attachment_11487\" style=\"width: 310px\" class=\"wp-caption aligncenter\"><img fetchpriority=\"high\" decoding=\"async\" aria-describedby=\"caption-attachment-11487\" class=\"wp-image-11487 size-medium\" src=\"https:\/\/thietbidienlama.com\/wp-content\/uploads\/2025\/02\/day-den-trang-tri-ngoai-troi-300x300.jpg\" alt=\"D\u00e2y \u0111\u00e8n Trang Tr\u00ed Ngo\u00e0i Tr\u1eddi ch\u1ed1ng n\u01b0\u1edbc\" width=\"300\" height=\"300\" srcset=\"https:\/\/www.thietbidienlama.com\/wp-content\/uploads\/2025\/02\/day-den-trang-tri-ngoai-troi-300x300.jpg 300w, https:\/\/www.thietbidienlama.com\/wp-content\/uploads\/2025\/02\/day-den-trang-tri-ngoai-troi-150x150.jpg 150w, https:\/\/www.thietbidienlama.com\/wp-content\/uploads\/2025\/02\/day-den-trang-tri-ngoai-troi-12x12.jpg 12w, https:\/\/www.thietbidienlama.com\/wp-content\/uploads\/2025\/02\/day-den-trang-tri-ngoai-troi.jpg 500w\" sizes=\"(max-width: 300px) 100vw, 300px\" \/><p id=\"caption-attachment-11487\" class=\"wp-caption-text\"><span style=\"color: #000000;\">D\u00e2y \u0111\u00e8n Trang Tr\u00ed Ngo\u00e0i Tr\u1eddi<\/span><\/p><\/div>\n<h2 data-start=\"2805\" data-end=\"2833\"><span style=\"color: #000000; font-size: 14pt;\"><strong data-start=\"2810\" data-end=\"2831\">Th\u00f4ng S\u1ed1 K\u1ef9 Thu\u1eadt<\/strong><\/span><\/h2>\n<table data-start=\"2835\" data-end=\"3553\">\n<thead data-start=\"2835\" data-end=\"2899\">\n<tr data-start=\"2835\" data-end=\"2899\">\n<th data-start=\"2835\" data-end=\"2858\"><span style=\"color: #000000;\"><strong data-start=\"2837\" data-end=\"2849\">Th\u00f4ng S\u1ed1<\/strong><\/span><\/th>\n<th data-start=\"2858\" data-end=\"2899\"><span style=\"color: #000000;\"><strong data-start=\"2860\" data-end=\"2872\">Chi Ti\u1ebft<\/strong><\/span><\/th>\n<\/tr>\n<\/thead>\n<tbody data-start=\"2967\" data-end=\"3553\">\n<tr data-start=\"2967\" data-end=\"3032\">\n<td><span style=\"color: #000000;\">C\u00f4ng su\u1ea5t<\/span><\/td>\n<td><span style=\"color: #000000;\">7W<\/span><\/td>\n<\/tr>\n<tr data-start=\"3033\" data-end=\"3097\">\n<td><span style=\"color: #000000;\">\u00c1nh s\u00e1ng<\/span><\/td>\n<td><span style=\"color: #000000;\">3000K (v\u00e0ng \u1ea5m)<\/span><\/td>\n<\/tr>\n<tr data-start=\"3098\" data-end=\"3162\">\n<td><span style=\"color: #000000;\">\u0110i\u1ec7n \u00e1p ho\u1ea1t \u0111\u1ed9ng<\/span><\/td>\n<td><span style=\"color: #000000;\">AC85-265V<\/span><\/td>\n<\/tr>\n<tr data-start=\"3163\" data-end=\"3227\">\n<td><span style=\"color: #000000;\">K\u00edch th\u01b0\u1edbc<\/span><\/td>\n<td><span style=\"color: #000000;\">L82 x W58 x H82mm<\/span><\/td>\n<\/tr>\n<tr data-start=\"3228\" data-end=\"3293\">\n<td><span style=\"color: #000000;\">Ti\u00eau chu\u1ea9n ch\u1ed1ng n\u01b0\u1edbc<\/span><\/td>\n<td><span style=\"color: #000000;\">IP54<\/span><\/td>\n<\/tr>\n<tr data-start=\"3294\" data-end=\"3358\">\n<td><span style=\"color: #000000;\">Ch\u1ea5t li\u1ec7u<\/span><\/td>\n<td><span style=\"color: #000000;\">H\u1ee3p kim nh\u00f4m cao c\u1ea5p<\/span><\/td>\n<\/tr>\n<tr data-start=\"3359\" data-end=\"3424\">\n<td><span style=\"color: #000000;\">M\u00e0u s\u1eafc<\/span><\/td>\n<td><span style=\"color: #000000;\">X\u00e1m \u0111\u1eadm<\/span><\/td>\n<\/tr>\n<tr data-start=\"3425\" data-end=\"3488\">\n<td><span style=\"color: #000000;\">Tu\u1ed5i th\u1ecd<\/span><\/td>\n<td><span style=\"color: #000000;\">30.000 gi\u1edd<\/span><\/td>\n<\/tr>\n<tr data-start=\"3489\" data-end=\"3553\">\n<td><span style=\"color: #000000;\">B\u1ea3o h\u00e0nh<\/span><\/td>\n<td><span style=\"color: #000000;\">12 th\u00e1ng<\/span><\/td>\n<\/tr>\n<\/tbody>\n<\/table>","protected":false},"excerpt":{"rendered":"<p>\u0110\u00e8n Trang Tr\u00ed Ngo\u00e0i Tr\u1eddi Ch\u1ed1ng N\u01b0\u1edbc Nanoco &#8211; NBL2891B Gi\u1edbi Thi\u1ec7u S\u1ea3n Ph\u1ea9m \u0110\u00e8n t\u01b0\u1eddng LED Nanoco NBL2891B 7W<\/p>","protected":false},"featured_media":11487,"comment_status":"closed","ping_status":"closed","template":"","meta":[],"product_brand":[],"product_cat":[505,847],"product_tag":[784,785],"class_list":{"0":"post-11486","1":"product","2":"type-product","3":"status-publish","4":"has-post-thumbnail","6":"product_cat-den-trang-tri","7":"product_cat-den-trang-tri-ngoai-troi","8":"product_tag-den-led-trang-tri-ngoai-troi","9":"product_tag-den-trang-tri-ngoai-troi","11":"first","12":"instock","13":"sale","14":"shipping-taxable","15":"purchasable","16":"product-type-simple"},"_links":{"self":[{"href":"https:\/\/www.thietbidienlama.com\/en\/wp-json\/wp\/v2\/product\/11486","targetHints":{"allow":["GET"]}}],"collection":[{"href":"https:\/\/www.thietbidienlama.com\/en\/wp-json\/wp\/v2\/product"}],"about":[{"href":"https:\/\/www.thietbidienlama.com\/en\/wp-json\/wp\/v2\/types\/product"}],"replies":[{"embeddable":true,"href":"https:\/\/www.thietbidienlama.com\/en\/wp-json\/wp\/v2\/comments?post=11486"}],"version-history":[{"count":4,"href":"https:\/\/www.thietbidienlama.com\/en\/wp-json\/wp\/v2\/product\/11486\/revisions"}],"predecessor-version":[{"id":11921,"href":"https:\/\/www.thietbidienlama.com\/en\/wp-json\/wp\/v2\/product\/11486\/revisions\/11921"}],"wp:featuredmedia":[{"embeddable":true,"href":"https:\/\/www.thietbidienlama.com\/en\/wp-json\/wp\/v2\/media\/11487"}],"wp:attachment":[{"href":"https:\/\/www.thietbidienlama.com\/en\/wp-json\/wp\/v2\/media?parent=11486"}],"wp:term":[{"taxonomy":"product_brand","embeddable":true,"href":"https:\/\/www.thietbidienlama.com\/en\/wp-json\/wp\/v2\/product_brand?post=11486"},{"taxonomy":"product_cat","embeddable":true,"href":"https:\/\/www.thietbidienlama.com\/en\/wp-json\/wp\/v2\/product_cat?post=11486"},{"taxonomy":"product_tag","embeddable":true,"href":"https:\/\/www.thietbidienlama.com\/en\/wp-json\/wp\/v2\/product_tag?post=11486"}],"curies":[{"name":"wp","href":"https:\/\/api.w.org\/{rel}","templated":true}]}}