{"id":11470,"date":"2025-01-16T16:13:23","date_gmt":"2025-01-16T09:13:23","guid":{"rendered":"https:\/\/thietbidienlama.com\/?post_type=product&#038;p=11470"},"modified":"2026-03-27T11:02:13","modified_gmt":"2026-03-27T04:02:13","slug":"den-trang-tri-treo-tuong","status":"publish","type":"product","link":"https:\/\/www.thietbidienlama.com\/en\/den-trang-tri-treo-tuong\/","title":{"rendered":"\u0110\u00e8n Trang Tr\u00ed Treo T\u01b0\u1eddng Nanoco M\u00e0u \u0110en NBLS254"},"content":{"rendered":"<h1 style=\"text-align: center;\"><span style=\"font-size: 14pt; color: #000000;\">\u0110\u00e8n Trang Tr\u00ed Treo T\u01b0\u1eddng Nanoco M\u00e0u \u0110en NBLS254<\/span><\/h1>\n<p><span style=\"color: #000000;\"><strong>\u0110\u00e8n trang tr\u00ed treo t\u01b0\u1eddng Nanoco NBLS254 4W<\/strong> l\u00e0 d\u00f2ng s\u1ea3n ph\u1ea9m chi\u1ebfu s\u00e1ng trang tr\u00ed cao c\u1ea5p, mang phong c\u00e1ch hi\u1ec7n \u0111\u1ea1i v\u00e0 t\u1ed1i gi\u1ea3n. V\u1edbi \u00e1nh s\u00e1ng v\u00e0ng \u1ea5m \u00e1p (3000K) v\u00e0 v\u1ecf m\u00e0u \u0111en sang tr\u1ecdng, s\u1ea3n ph\u1ea9m kh\u00f4ng ch\u1ec9 mang l\u1ea1i \u00e1nh s\u00e1ng d\u1ecbu nh\u1eb9 m\u00e0 c\u00f2n t\u0103ng t\u00ednh th\u1ea9m m\u1ef9 cho m\u1ecdi kh\u00f4ng gian n\u1ed9i ngo\u1ea1i th\u1ea5t.<\/span><\/p>\n<div id=\"attachment_11471\" style=\"width: 310px\" class=\"wp-caption aligncenter\"><img fetchpriority=\"high\" decoding=\"async\" aria-describedby=\"caption-attachment-11471\" class=\"size-medium wp-image-11471\" src=\"https:\/\/thietbidienlama.com\/wp-content\/uploads\/2025\/01\/Den-trang-tri-treo-tuong-ngoai-troi-300x300.jpg\" alt=\"\u0110\u00e8n Trang Tr\u00ed Treo T\u01b0\u1eddng Ngo\u00e0i Tr\u1eddi\" width=\"300\" height=\"300\" srcset=\"https:\/\/www.thietbidienlama.com\/wp-content\/uploads\/2025\/01\/Den-trang-tri-treo-tuong-ngoai-troi-300x300.jpg 300w, https:\/\/www.thietbidienlama.com\/wp-content\/uploads\/2025\/01\/Den-trang-tri-treo-tuong-ngoai-troi-150x150.jpg 150w, https:\/\/www.thietbidienlama.com\/wp-content\/uploads\/2025\/01\/Den-trang-tri-treo-tuong-ngoai-troi-12x12.jpg 12w, https:\/\/www.thietbidienlama.com\/wp-content\/uploads\/2025\/01\/Den-trang-tri-treo-tuong-ngoai-troi.jpg 500w\" sizes=\"(max-width: 300px) 100vw, 300px\" \/><p id=\"caption-attachment-11471\" class=\"wp-caption-text\">\u0110\u00e8n Trang Tr\u00ed Treo T\u01b0\u1eddng Ngo\u00e0i Tr\u1eddi<\/p><\/div>\n<h4><span style=\"color: #000000;\"><strong>Th\u00f4ng S\u1ed1 K\u1ef9 Thu\u1eadt<\/strong><\/span><\/h4>\n<table>\n<thead>\n<tr>\n<th><span style=\"color: #000000;\"><strong>Th\u00f4ng S\u1ed1<\/strong><\/span><\/th>\n<th><span style=\"color: #000000;\"><strong>Chi Ti\u1ebft<\/strong><\/span><\/th>\n<\/tr>\n<\/thead>\n<tbody>\n<tr>\n<td><span style=\"color: #000000;\">C\u00f4ng su\u1ea5t<\/span><\/td>\n<td><span style=\"color: #000000;\">4W<\/span><\/td>\n<\/tr>\n<tr>\n<td><span style=\"color: #000000;\">\u00c1nh s\u00e1ng<\/span><\/td>\n<td><span style=\"color: #000000;\">3000K (v\u00e0ng \u1ea5m)<\/span><\/td>\n<\/tr>\n<tr>\n<td><span style=\"color: #000000;\">\u0110i\u1ec7n \u00e1p ho\u1ea1t \u0111\u1ed9ng<\/span><\/td>\n<td><span style=\"color: #000000;\">AC85-265V<\/span><\/td>\n<\/tr>\n<tr>\n<td><span style=\"color: #000000;\">Ti\u00eau chu\u1ea9n ch\u1ed1ng n\u01b0\u1edbc<\/span><\/td>\n<td><span style=\"color: #000000;\">IP54<\/span><\/td>\n<\/tr>\n<tr>\n<td><span style=\"color: #000000;\">Ch\u1ea5t li\u1ec7u<\/span><\/td>\n<td><span style=\"color: #000000;\">H\u1ee3p kim nh\u00f4m cao c\u1ea5p<\/span><\/td>\n<\/tr>\n<tr>\n<td><span style=\"color: #000000;\">M\u00e0u s\u1eafc<\/span><\/td>\n<td><span style=\"color: #000000;\">\u0110en<\/span><\/td>\n<\/tr>\n<tr>\n<td><span style=\"color: #000000;\">B\u1ea3o h\u00e0nh<\/span><\/td>\n<td><span style=\"color: #000000;\">12 th\u00e1ng<\/span><\/td>\n<\/tr>\n<\/tbody>\n<\/table>\n<p><span style=\"color: #000000;\">&#8211; K\u00edch th\u01b0\u1edbc: 66x66x55mm<\/span><br \/>\n<span style=\"color: #000000;\">&#8211; Quang th\u00f4ng: 300lm &#8211; CRI: Ra80 &#8211; PF: 0.5<\/span><br \/>\n<span style=\"color: #000000;\">&#8211; Led: Bridgelux 3030<\/span><br \/>\n<span style=\"color: #000000;\">&#8211; Ch\u1ea5t li\u1ec7u: Th\u00e2n \u0111\u00e8n nh\u00f4m<\/span><br \/>\n<span style=\"color: #000000;\">&#8211; G\u00f3c chi\u1ebfu: 60o<\/span><\/p>","protected":false},"excerpt":{"rendered":"<p>\u0110\u00e8n Trang Tr\u00ed Treo T\u01b0\u1eddng Nanoco M\u00e0u \u0110en NBLS254 \u0110\u00e8n trang tr\u00ed treo t\u01b0\u1eddng Nanoco NBLS254 4W l\u00e0 d\u00f2ng s\u1ea3n<\/p>","protected":false},"featured_media":11471,"comment_status":"closed","ping_status":"closed","template":"","meta":[],"product_brand":[],"product_cat":[505,1057,868,847,845,866],"product_tag":[784,792,785,789,791,790],"class_list":{"0":"post-11470","1":"product","2":"type-product","3":"status-publish","4":"has-post-thumbnail","6":"product_cat-den-trang-tri","7":"product_cat-den-trang-tri-cau-thang","8":"product_cat-den-trang-tri-nanoco","9":"product_cat-den-trang-tri-ngoai-troi","10":"product_cat-den-tuong-trang-tri","11":"product_cat-thiet-bi-dien-nanoco","12":"product_tag-den-led-trang-tri-ngoai-troi","13":"product_tag-den-trang-tri-gan-tuong","14":"product_tag-den-trang-tri-ngoai-troi","15":"product_tag-den-trang-tri-treo-tuong","16":"product_tag-den-trang-tri-tuong","17":"product_tag-den-tuong-trang-tri","19":"first","20":"instock","21":"sale","22":"shipping-taxable","23":"purchasable","24":"product-type-simple"},"_links":{"self":[{"href":"https:\/\/www.thietbidienlama.com\/en\/wp-json\/wp\/v2\/product\/11470","targetHints":{"allow":["GET"]}}],"collection":[{"href":"https:\/\/www.thietbidienlama.com\/en\/wp-json\/wp\/v2\/product"}],"about":[{"href":"https:\/\/www.thietbidienlama.com\/en\/wp-json\/wp\/v2\/types\/product"}],"replies":[{"embeddable":true,"href":"https:\/\/www.thietbidienlama.com\/en\/wp-json\/wp\/v2\/comments?post=11470"}],"version-history":[{"count":3,"href":"https:\/\/www.thietbidienlama.com\/en\/wp-json\/wp\/v2\/product\/11470\/revisions"}],"predecessor-version":[{"id":13037,"href":"https:\/\/www.thietbidienlama.com\/en\/wp-json\/wp\/v2\/product\/11470\/revisions\/13037"}],"wp:featuredmedia":[{"embeddable":true,"href":"https:\/\/www.thietbidienlama.com\/en\/wp-json\/wp\/v2\/media\/11471"}],"wp:attachment":[{"href":"https:\/\/www.thietbidienlama.com\/en\/wp-json\/wp\/v2\/media?parent=11470"}],"wp:term":[{"taxonomy":"product_brand","embeddable":true,"href":"https:\/\/www.thietbidienlama.com\/en\/wp-json\/wp\/v2\/product_brand?post=11470"},{"taxonomy":"product_cat","embeddable":true,"href":"https:\/\/www.thietbidienlama.com\/en\/wp-json\/wp\/v2\/product_cat?post=11470"},{"taxonomy":"product_tag","embeddable":true,"href":"https:\/\/www.thietbidienlama.com\/en\/wp-json\/wp\/v2\/product_tag?post=11470"}],"curies":[{"name":"wp","href":"https:\/\/api.w.org\/{rel}","templated":true}]}}