{"id":11465,"date":"2025-01-16T15:33:57","date_gmt":"2025-01-16T08:33:57","guid":{"rendered":"https:\/\/thietbidienlama.com\/?post_type=product&#038;p=11465"},"modified":"2026-03-27T11:02:26","modified_gmt":"2026-03-27T04:02:26","slug":"den-trang-tri-ngoai-troi-hien-dai","status":"publish","type":"product","link":"https:\/\/www.thietbidienlama.com\/en\/den-trang-tri-ngoai-troi-hien-dai\/","title":{"rendered":"\u0110\u00e8n Trang Tr\u00ed Ngo\u00e0i Tr\u1eddi Hi\u1ec7n \u0110\u1ea1i Nanoco NBLS252"},"content":{"rendered":"<h1 style=\"text-align: center;\"><span style=\"font-size: 14pt; color: #000000;\">\u0110\u00e8n Trang Tr\u00ed Ngo\u00e0i Tr\u1eddi Hi\u1ec7n \u0110\u1ea1i Nanoco NBLS252<\/span><\/h1>\n<p><span style=\"color: #000000;\"><strong>\u0110\u00e8n Trang Tr\u00ed Ngo\u00e0i Tr\u1eddi Nanoco NBLS252 LED IP65 2W<\/strong> l\u00e0 d\u00f2ng s\u1ea3n ph\u1ea9m chi\u1ebfu s\u00e1ng trang tr\u00ed cao c\u1ea5p, \u0111\u01b0\u1ee3c thi\u1ebft k\u1ebf d\u00e0nh ri\u00eang cho kh\u00f4ng gian n\u1ed9i v\u00e0 ngo\u1ea1i th\u1ea5t. V\u1edbi \u00e1nh s\u00e1ng v\u00e0ng \u1ea5m \u00e1p (3000K), m\u00e0u \u0111en sang tr\u1ecdng, v\u00e0 kh\u1ea3 n\u0103ng ch\u1ed1ng n\u01b0\u1edbc ti\u00eau chu\u1ea9n IP65, s\u1ea3n ph\u1ea9m mang l\u1ea1i hi\u1ec7u su\u1ea5t chi\u1ebfu s\u00e1ng v\u01b0\u1ee3t tr\u1ed9i, ph\u00f9 h\u1ee3p cho c\u1ea3 gia \u0111\u00ecnh v\u00e0 c\u00e1c c\u00f4ng tr\u00ecnh l\u1edbn.<\/span><\/p>\n<p><img fetchpriority=\"high\" decoding=\"async\" class=\"alignnone size-medium wp-image-11466 aligncenter\" src=\"https:\/\/thietbidienlama.com\/wp-content\/uploads\/2025\/01\/Den-Led-Ngoai-Troi-Nanoco-\u2013-Mau-Den-\u2013-NBLS252-300x300.jpg\" alt=\"\" width=\"300\" height=\"300\" srcset=\"https:\/\/www.thietbidienlama.com\/wp-content\/uploads\/2025\/01\/Den-Led-Ngoai-Troi-Nanoco-\u2013-Mau-Den-\u2013-NBLS252-300x300.jpg 300w, https:\/\/www.thietbidienlama.com\/wp-content\/uploads\/2025\/01\/Den-Led-Ngoai-Troi-Nanoco-\u2013-Mau-Den-\u2013-NBLS252-150x150.jpg 150w, https:\/\/www.thietbidienlama.com\/wp-content\/uploads\/2025\/01\/Den-Led-Ngoai-Troi-Nanoco-\u2013-Mau-Den-\u2013-NBLS252-12x12.jpg 12w, https:\/\/www.thietbidienlama.com\/wp-content\/uploads\/2025\/01\/Den-Led-Ngoai-Troi-Nanoco-\u2013-Mau-Den-\u2013-NBLS252.jpg 500w\" sizes=\"(max-width: 300px) 100vw, 300px\" \/><\/p>\n<h2><span style=\"font-size: 14pt; color: #000000;\"><strong>Th\u00f4ng S\u1ed1 K\u1ef9 Thu\u1eadt<\/strong><\/span><\/h2>\n<table style=\"width: 36.1978%; height: 216px;\">\n<thead>\n<tr style=\"height: 24px;\">\n<th style=\"height: 24px;\"><span style=\"color: #000000;\"><strong>Th\u00f4ng S\u1ed1<\/strong><\/span><\/th>\n<th style=\"height: 24px;\"><span style=\"color: #000000;\"><strong>Chi Ti\u1ebft<\/strong><\/span><\/th>\n<\/tr>\n<\/thead>\n<tbody>\n<tr style=\"height: 24px;\">\n<td style=\"height: 24px;\"><span style=\"color: #000000;\">C\u00f4ng su\u1ea5t<\/span><\/td>\n<td style=\"height: 24px;\"><span style=\"color: #000000;\">2W<\/span><\/td>\n<\/tr>\n<tr style=\"height: 24px;\">\n<td style=\"height: 24px;\"><span style=\"color: #000000;\">\u00c1nh s\u00e1ng<\/span><\/td>\n<td style=\"height: 24px;\"><span style=\"color: #000000;\">3000K (v\u00e0ng \u1ea5m)<\/span><\/td>\n<\/tr>\n<tr style=\"height: 24px;\">\n<td style=\"height: 24px;\"><span style=\"color: #000000;\">\u0110i\u1ec7n \u00e1p ho\u1ea1t \u0111\u1ed9ng<\/span><\/td>\n<td style=\"height: 24px;\"><span style=\"color: #000000;\">AC85-265V<\/span><\/td>\n<\/tr>\n<tr style=\"height: 24px;\">\n<td style=\"height: 24px;\"><span style=\"color: #000000;\">Ti\u00eau chu\u1ea9n ch\u1ed1ng n\u01b0\u1edbc<\/span><\/td>\n<td style=\"height: 24px;\"><span style=\"color: #000000;\">IP65<\/span><\/td>\n<\/tr>\n<tr style=\"height: 24px;\">\n<td style=\"height: 24px;\"><span style=\"color: #000000;\">Ch\u1ea5t li\u1ec7u<\/span><\/td>\n<td style=\"height: 24px;\"><span style=\"color: #000000;\">H\u1ee3p kim nh\u00f4m cao c\u1ea5p<\/span><\/td>\n<\/tr>\n<tr style=\"height: 24px;\">\n<td style=\"height: 24px;\"><span style=\"color: #000000;\">Tu\u1ed5i th\u1ecd<\/span><\/td>\n<td style=\"height: 24px;\"><span style=\"color: #000000;\">30.000 gi\u1edd<\/span><\/td>\n<\/tr>\n<tr style=\"height: 24px;\">\n<td style=\"height: 24px;\"><span style=\"color: #000000;\">M\u00e0u s\u1eafc<\/span><\/td>\n<td style=\"height: 24px;\"><span style=\"color: #000000;\">\u0110en<\/span><\/td>\n<\/tr>\n<tr style=\"height: 24px;\">\n<td style=\"height: 24px;\"><span style=\"color: #000000;\">B\u1ea3o h\u00e0nh<\/span><\/td>\n<td style=\"height: 24px;\"><span style=\"color: #000000;\">12 th\u00e1ng<\/span><\/td>\n<\/tr>\n<\/tbody>\n<\/table>\n<p><span style=\"color: #000000;\">&#8211; K\u00edch th\u01b0\u1edbc: 100x100x100mm<\/span><br \/>\n<span style=\"color: #000000;\">&#8211; Quang th\u00f4ng: T\u00f9y thu\u1ed9c v\u00e0o \u0111i\u1ec1u ch\u1ec9nh h\u01b0\u1edbng s\u00e1ng<\/span><br \/>\n<span style=\"color: #000000;\">&#8211; CRI: Ra80 &#8211; PF: 0.5<\/span><br \/>\n<span style=\"color: #000000;\">&#8211; Led: Bridgelux 3030<\/span><br \/>\n<span style=\"color: #000000;\">&#8211; Ch\u1ea5t li\u1ec7u: Th\u00e2n \u0111\u00e8n nh\u00f4m \u0111en <\/span><br \/>\n<span style=\"color: #000000;\">&#8211; G\u00f3c chi\u1ebfu: 60 \u0110\u1ed9<\/span><\/p>","protected":false},"excerpt":{"rendered":"<p>\u0110\u00e8n Trang Tr\u00ed Ngo\u00e0i Tr\u1eddi Hi\u1ec7n \u0110\u1ea1i Nanoco NBLS252 \u0110\u00e8n Trang Tr\u00ed Ngo\u00e0i Tr\u1eddi Nanoco NBLS252 LED IP65 2W l\u00e0<\/p>","protected":false},"featured_media":11466,"comment_status":"closed","ping_status":"closed","template":"","meta":[],"product_brand":[],"product_cat":[505,1057,868,847,845,866],"product_tag":[784,785,787,788,786],"class_list":{"0":"post-11465","1":"product","2":"type-product","3":"status-publish","4":"has-post-thumbnail","6":"product_cat-den-trang-tri","7":"product_cat-den-trang-tri-cau-thang","8":"product_cat-den-trang-tri-nanoco","9":"product_cat-den-trang-tri-ngoai-troi","10":"product_cat-den-tuong-trang-tri","11":"product_cat-thiet-bi-dien-nanoco","12":"product_tag-den-led-trang-tri-ngoai-troi","13":"product_tag-den-trang-tri-ngoai-troi","14":"product_tag-den-trang-tri-ngoai-troi-chong-nuoc","15":"product_tag-den-trang-tri-ngoai-troi-hien-dai","16":"product_tag-mau-den-trang-tri-ngoai-troi","18":"first","19":"instock","20":"sale","21":"shipping-taxable","22":"purchasable","23":"product-type-simple"},"_links":{"self":[{"href":"https:\/\/www.thietbidienlama.com\/en\/wp-json\/wp\/v2\/product\/11465","targetHints":{"allow":["GET"]}}],"collection":[{"href":"https:\/\/www.thietbidienlama.com\/en\/wp-json\/wp\/v2\/product"}],"about":[{"href":"https:\/\/www.thietbidienlama.com\/en\/wp-json\/wp\/v2\/types\/product"}],"replies":[{"embeddable":true,"href":"https:\/\/www.thietbidienlama.com\/en\/wp-json\/wp\/v2\/comments?post=11465"}],"version-history":[{"count":5,"href":"https:\/\/www.thietbidienlama.com\/en\/wp-json\/wp\/v2\/product\/11465\/revisions"}],"predecessor-version":[{"id":13035,"href":"https:\/\/www.thietbidienlama.com\/en\/wp-json\/wp\/v2\/product\/11465\/revisions\/13035"}],"wp:featuredmedia":[{"embeddable":true,"href":"https:\/\/www.thietbidienlama.com\/en\/wp-json\/wp\/v2\/media\/11466"}],"wp:attachment":[{"href":"https:\/\/www.thietbidienlama.com\/en\/wp-json\/wp\/v2\/media?parent=11465"}],"wp:term":[{"taxonomy":"product_brand","embeddable":true,"href":"https:\/\/www.thietbidienlama.com\/en\/wp-json\/wp\/v2\/product_brand?post=11465"},{"taxonomy":"product_cat","embeddable":true,"href":"https:\/\/www.thietbidienlama.com\/en\/wp-json\/wp\/v2\/product_cat?post=11465"},{"taxonomy":"product_tag","embeddable":true,"href":"https:\/\/www.thietbidienlama.com\/en\/wp-json\/wp\/v2\/product_tag?post=11465"}],"curies":[{"name":"wp","href":"https:\/\/api.w.org\/{rel}","templated":true}]}}