{"id":11450,"date":"2025-01-15T15:34:22","date_gmt":"2025-01-15T08:34:22","guid":{"rendered":"https:\/\/thietbidienlama.com\/?post_type=product&#038;p=11450"},"modified":"2026-03-27T11:02:35","modified_gmt":"2026-03-27T04:02:35","slug":"den-led-trang-tri-ngoai-troi","status":"publish","type":"product","link":"https:\/\/www.thietbidienlama.com\/en\/den-led-trang-tri-ngoai-troi\/","title":{"rendered":"\u0110\u00e8n Led Trang Tr\u00ed Ngo\u00e0i Tr\u1eddi Nanoco &#8211; M\u00e0u \u0110en &#8211; NBLS016"},"content":{"rendered":"<h1 style=\"text-align: center;\"><span style=\"font-size: 14pt; color: #000000;\"><strong>\u0110\u00e8n Led Trang Tr\u00ed Ngo\u00e0i Tr\u1eddi Nanoco &#8211; M\u00e0u \u0110en &#8211; NBLS016<\/strong><\/span><\/h1>\n<p><span style=\"color: #000000;\"><strong>\u0110\u00e8n LED Trang Tr\u00ed Ngo\u00e0i Tr\u1eddi Stella Series m\u00e0u \u0111en 6W NBLS016<\/strong> c\u1ee7a Nanoco l\u00e0 gi\u1ea3i ph\u00e1p chi\u1ebfu s\u00e1ng ngo\u1ea1i th\u1ea5t v\u01b0\u1ee3t tr\u1ed9i, k\u1ebft h\u1ee3p gi\u1eefa thi\u1ebft k\u1ebf hi\u1ec7n \u0111\u1ea1i v\u00e0 hi\u1ec7u n\u0103ng v\u01b0\u1ee3t b\u1eadc. V\u1edbi \u00e1nh s\u00e1ng v\u00e0ng 3000K d\u1ecbu nh\u1eb9, k\u00edch th\u01b0\u1edbc nh\u1ecf g\u1ecdn, v\u00e0 kh\u1ea3 n\u0103ng ho\u1ea1t \u0111\u1ed9ng b\u1ec1n b\u1ec9 trong m\u1ecdi \u0111i\u1ec1u ki\u1ec7n th\u1eddi ti\u1ebft, \u0111\u00e2y l\u00e0 l\u1ef1a ch\u1ecdn ho\u00e0n h\u1ea3o cho m\u1ecdi kh\u00f4ng gian ngo\u00e0i tr\u1eddi nh\u01b0 s\u00e2n v\u01b0\u1eddn, c\u1ed5ng, h\u00e0nh lang, v\u00e0 khu v\u1ef1c c\u00f4ng c\u1ed9ng.<\/span><\/p>\n<p>&nbsp;<\/p>\n<div class=\"group\/conversation-turn relative flex w-full min-w-0 flex-col agent-turn\">\n<div class=\"flex-col gap-1 md:gap-3\">\n<div class=\"flex max-w-full flex-col flex-grow\">\n<div class=\"min-h-8 text-message flex w-full flex-col items-end gap-2 whitespace-normal break-words text-start [.text-message+&amp;]:mt-5\" dir=\"auto\" data-message-author-role=\"assistant\" data-message-id=\"9332af06-fc4a-48fe-ad57-7789fad62c32\" data-message-model-slug=\"gpt-4o\">\n<div class=\"flex w-full flex-col gap-1 empty:hidden first:pt-[3px]\">\n<div class=\"markdown prose w-full break-words dark:prose-invert light\">\n<div id=\"attachment_11451\" style=\"width: 310px\" class=\"wp-caption aligncenter\"><img fetchpriority=\"high\" decoding=\"async\" aria-describedby=\"caption-attachment-11451\" class=\"size-medium wp-image-11451\" src=\"https:\/\/thietbidienlama.com\/wp-content\/uploads\/2025\/01\/den-trang-tri-ngoai-troi-NBLS016-300x300.jpg\" alt=\"Den Trang Tri Ngoai Troi NBLS016\" width=\"300\" height=\"300\" srcset=\"https:\/\/www.thietbidienlama.com\/wp-content\/uploads\/2025\/01\/den-trang-tri-ngoai-troi-NBLS016-300x300.jpg 300w, https:\/\/www.thietbidienlama.com\/wp-content\/uploads\/2025\/01\/den-trang-tri-ngoai-troi-NBLS016-150x150.jpg 150w, https:\/\/www.thietbidienlama.com\/wp-content\/uploads\/2025\/01\/den-trang-tri-ngoai-troi-NBLS016-12x12.jpg 12w, https:\/\/www.thietbidienlama.com\/wp-content\/uploads\/2025\/01\/den-trang-tri-ngoai-troi-NBLS016.jpg 500w\" sizes=\"(max-width: 300px) 100vw, 300px\" \/><p id=\"caption-attachment-11451\" class=\"wp-caption-text\">Den Led Trang Tri Ngoai Troi NBLS016<\/p><\/div>\n<hr \/>\n<h2><span style=\"font-size: 14pt; color: #000000;\"><strong>Th\u00f4ng S\u1ed1 K\u1ef9 Thu\u1eadt<\/strong><\/span><\/h2>\n<table>\n<thead>\n<tr>\n<th><span style=\"color: #000000;\"><strong>Th\u00f4ng S\u1ed1<\/strong><\/span><\/th>\n<th><span style=\"color: #000000;\"><strong>Chi Ti\u1ebft<\/strong><\/span><\/th>\n<\/tr>\n<\/thead>\n<tbody>\n<tr>\n<td><span style=\"color: #000000;\">C\u00f4ng su\u1ea5t<\/span><\/td>\n<td><span style=\"color: #000000;\">6W<\/span><\/td>\n<\/tr>\n<tr>\n<td><span style=\"color: #000000;\">\u00c1nh s\u00e1ng<\/span><\/td>\n<td><span style=\"color: #000000;\">3000K (V\u00e0ng)<\/span><\/td>\n<\/tr>\n<tr>\n<td><span style=\"color: #000000;\">\u0110i\u1ec7n \u00e1p ho\u1ea1t \u0111\u1ed9ng<\/span><\/td>\n<td><span style=\"color: #000000;\">AC85-265V<\/span><\/td>\n<\/tr>\n<tr>\n<td><span style=\"color: #000000;\">K\u00edch th\u01b0\u1edbc<\/span><\/td>\n<td><span style=\"color: #000000;\">L175x80x40mm<\/span><\/td>\n<\/tr>\n<tr>\n<td><span style=\"color: #000000;\">Ti\u00eau chu\u1ea9n ch\u1ed1ng n\u01b0\u1edbc<\/span><\/td>\n<td><span style=\"color: #000000;\">IP65<\/span><\/td>\n<\/tr>\n<tr>\n<td><span style=\"color: #000000;\">Ch\u1ea5t li\u1ec7u<\/span><\/td>\n<td><span style=\"color: #000000;\">H\u1ee3p kim nh\u00f4m, ch\u1ed1ng oxy h\u00f3a<\/span><\/td>\n<\/tr>\n<tr>\n<td><span style=\"color: #000000;\">Tu\u1ed5i th\u1ecd<\/span><\/td>\n<td><span style=\"color: #000000;\">30.000 gi\u1edd<\/span><\/td>\n<\/tr>\n<tr>\n<td><span style=\"color: #000000;\">B\u1ea3o h\u00e0nh<\/span><\/td>\n<td><span style=\"color: #000000;\">12 th\u00e1ng<\/span><\/td>\n<\/tr>\n<\/tbody>\n<\/table>\n<p><span style=\"color: #000000;\">&#8211; Quang th\u00f4ng: 420lm &#8211; CRI: Ra80 &#8211; PF: 0.5<\/span><br \/>\n<span style=\"color: #000000;\">&#8211; Led: Bridgelux 3030<\/span><br \/>\n<span style=\"color: #000000;\">&#8211; Ch\u1ea5t li\u1ec7u: Th\u00e2n \u0111\u00e8n nh\u00f4m \u0111en<\/span><br \/>\n<span style=\"color: #000000;\">&#8211; G\u00f3c chi\u1ebfu: 60o<\/span><br \/>\n<span style=\"color: #000000;\">&#8211; \u0110\u00f3ng g\u00f3i: 40 c\u00e1i\/th\u00f9ng<\/span><\/p>\n<\/div>\n<\/div>\n<\/div>\n<\/div>\n<\/div>\n<\/div>","protected":false},"excerpt":{"rendered":"<p>\u0110\u00e8n Led Trang Tr\u00ed Ngo\u00e0i Tr\u1eddi Nanoco &#8211; M\u00e0u \u0110en &#8211; NBLS016 \u0110\u00e8n LED Trang Tr\u00ed Ngo\u00e0i Tr\u1eddi Stella Series<\/p>","protected":false},"featured_media":11451,"comment_status":"closed","ping_status":"closed","template":"","meta":[],"product_brand":[],"product_cat":[505,1057,868,847,845,866],"product_tag":[784,780,782,781,783],"class_list":{"0":"post-11450","1":"product","2":"type-product","3":"status-publish","4":"has-post-thumbnail","6":"product_cat-den-trang-tri","7":"product_cat-den-trang-tri-cau-thang","8":"product_cat-den-trang-tri-nanoco","9":"product_cat-den-trang-tri-ngoai-troi","10":"product_cat-den-tuong-trang-tri","11":"product_cat-thiet-bi-dien-nanoco","12":"product_tag-den-led-trang-tri-ngoai-troi","13":"product_tag-den-trang-tri","14":"product_tag-den-trang-tri-nanoco","15":"product_tag-den-trang-tri-ngoai-truoi","16":"product_tag-nbls016","18":"first","19":"instock","20":"sale","21":"shipping-taxable","22":"purchasable","23":"product-type-simple"},"_links":{"self":[{"href":"https:\/\/www.thietbidienlama.com\/en\/wp-json\/wp\/v2\/product\/11450","targetHints":{"allow":["GET"]}}],"collection":[{"href":"https:\/\/www.thietbidienlama.com\/en\/wp-json\/wp\/v2\/product"}],"about":[{"href":"https:\/\/www.thietbidienlama.com\/en\/wp-json\/wp\/v2\/types\/product"}],"replies":[{"embeddable":true,"href":"https:\/\/www.thietbidienlama.com\/en\/wp-json\/wp\/v2\/comments?post=11450"}],"version-history":[{"count":5,"href":"https:\/\/www.thietbidienlama.com\/en\/wp-json\/wp\/v2\/product\/11450\/revisions"}],"predecessor-version":[{"id":11460,"href":"https:\/\/www.thietbidienlama.com\/en\/wp-json\/wp\/v2\/product\/11450\/revisions\/11460"}],"wp:featuredmedia":[{"embeddable":true,"href":"https:\/\/www.thietbidienlama.com\/en\/wp-json\/wp\/v2\/media\/11451"}],"wp:attachment":[{"href":"https:\/\/www.thietbidienlama.com\/en\/wp-json\/wp\/v2\/media?parent=11450"}],"wp:term":[{"taxonomy":"product_brand","embeddable":true,"href":"https:\/\/www.thietbidienlama.com\/en\/wp-json\/wp\/v2\/product_brand?post=11450"},{"taxonomy":"product_cat","embeddable":true,"href":"https:\/\/www.thietbidienlama.com\/en\/wp-json\/wp\/v2\/product_cat?post=11450"},{"taxonomy":"product_tag","embeddable":true,"href":"https:\/\/www.thietbidienlama.com\/en\/wp-json\/wp\/v2\/product_tag?post=11450"}],"curies":[{"name":"wp","href":"https:\/\/api.w.org\/{rel}","templated":true}]}}