{"id":11434,"date":"2025-01-10T16:36:27","date_gmt":"2025-01-10T09:36:27","guid":{"rendered":"https:\/\/thietbidienlama.com\/?post_type=product&#038;p=11434"},"modified":"2025-08-29T09:23:41","modified_gmt":"2025-08-29T02:23:41","slug":"den-tuyp-led-panasonic-1m2","status":"publish","type":"product","link":"https:\/\/www.thietbidienlama.com\/en\/den-tuyp-led-panasonic-1m2\/","title":{"rendered":"\u0110\u00e8n Tu\u00fdp Led Panasonic &#8211; 1m2"},"content":{"rendered":"<h2 style=\"text-align: center;\"><span style=\"color: #000000;\"><strong>\u0110\u00e8n Tu\u00fdp Led Panasonic &#8211; 1m2 &#8211; 36w<\/strong><\/span><\/h2>\n<p><span style=\"color: #000000;\">Led b\u00e1n nguy\u1ec7t 1m2 Panasonic \u0111\u01b0\u1ee3c thi\u1ebft k\u1ebf v\u00f4 c\u00f9ng thanh l\u1ecbch, kh\u1ea3 n\u0103ng chi\u1ebfu s\u00e1ng r\u00f5 \u0111\u1ed3ng th\u1eddi ti\u1ebft ki\u1ec7m \u0111\u01b0\u1ee3c kh\u00f4ng gian l\u1eafp \u0111\u1eb7t.<\/span><\/p>\n<p><span style=\"color: #000000;\">\u0110\u00e8n \u0111\u01b0\u1ee3c s\u1ea3n xu\u1ea5t theo ti\u00eau chu\u1ea9n nghi\u00eam ng\u1eb7t c\u1ee7a Nh\u1eadt B\u1ea3n, c\u00f3 \u0111\u1ed9 b\u1ec1n v\u00e0 ti\u1ebft ki\u1ec7m n\u0103ng l\u01b0\u1ee3ng cao trong c\u00e1c \u0111\u00e8n chi\u1ebfu s\u00e1ng hi\u1ec7n nay.<\/span><\/p>\n<h3><span style=\"color: #000000;\"><strong><b>\u01afu \u0111i\u1ec3m n\u1ed5i b\u1eadt c\u1ee7a \u0110\u00e8n Tu\u00fdp Led Panasonic &#8211; 1m2 &#8211; 36w:<\/b><\/strong><\/span><\/h3>\n<p><span style=\"color: #000000;\">&#8211; Tu\u1ed5i th\u1ecd b\u1ec1n b\u1ec9 : V\u1edbi \u0111\u00e8n led b\u00e1n nguy\u1ec7t n\u00e0y th\u00ec tu\u1ed5i th\u1ecd 25.000 n\u00ean th\u1eddi gian s\u1eed d\u1ee5ng t\u1ed1i \u0111a 8 n\u0103m ( tr\u01b0\u1eddng h\u1ee3p ng\u00e0y s\u1eed d\u1ee5ng 8 ti\u1ebfng )<\/span><\/p>\n<p><span style=\"color: #000000;\">&#8211; S\u1eed d\u1ee5ng nh\u1ef1a trong su\u1ed1t kh\u00f4ng m\u00e0u, b\u1ec1n g\u1ea5p 250 l\u1ea7n th\u1ee7y tinh, quang th\u00f4ng cao 3600lm.<\/span><\/p>\n<p><span style=\"color: #000000;\">&#8211; Ch\u1ec9 s\u1ed1 ho\u00e0n m\u00e0u CRI80 cho ch\u1ea5t l\u01b0\u1ee3ng \u00e1nh s\u00e1ng t\u1ed1t, ch\u00e2n th\u1ef1c.<\/span><\/p>\n<p><span style=\"color: #000000;\">3 m\u00e0u s\u00e1ng v\u00e0ng: 3000k \/ trung t\u00ednh: 4500k\/ tr\u1eafng : 6500k \u0111a d\u1ea1ng cho kh\u00e1ch h\u00e0ng l\u1ef1a ch\u1ecdn.<\/span><\/p>\n<p><span style=\"color: #000000;\">&#8211; K\u00edch th\u01b0\u1edbc s\u1ea3n ph\u1ea9m l\u00e0 1m2 n\u00ean s\u1ebd ph\u00f9 h\u1ee3p v\u1edbi kh\u00f4ng gian h\u1eb9p, v\u00e0 nh\u1ecf. Ngo\u00e0i ra \u0111\u00e8n b\u00e1n nguy\u1ec7t Panasonic c\u00f2n c\u00f3 k\u00edch th\u01b0\u1edbc 0.6m, n\u00ean s\u1ebd c\u00f3 nhi\u1ec1u s\u1ef1 l\u1ef1a ch\u1ecdn cho kh\u00e1ch h\u00e0ng trong nhi\u1ec1u kh\u00f4ng gian v\u00e0 k\u00edch th\u01b0\u1edbc s\u1ea3n ph\u1ea9m.<\/span><\/p>\n<p><span style=\"color: #000000;\">&#8211; \u0110\u00e8n b\u00e1n nguy\u1ec7t 1m2 panasonic c\u00f3 ch\u1ec9 s\u1ed1 IP20 n\u00ean s\u1ebd c\u00f3 kh\u1ea3 n\u0103ng ch\u1ecbu \u0111\u01b0\u1ee3c b\u1ee5i, s\u1eed d\u1ee5ng trong m\u00f4i tr\u01b0\u1eddng kh\u00f4 r\u00e1o. Ho\u1eb7c n\u1ebfu kh\u00e1ch h\u00e0ng c\u00f3 nhu c\u1ea7u s\u1eed d\u1ee5ng ngo\u00e0i tr\u1eddi, ch\u00fang ta c\u00f3 th\u1ec3 s\u1eed d\u1ee5ng c\u00e1c m\u00e1ng d\u00e0nh ri\u00eang cho b\u00f3ng d\u00e0i 1m2 c\u00f3 ch\u1ee9c n\u0103ng che m\u01b0a.<\/span><\/p>\n<p><img fetchpriority=\"high\" decoding=\"async\" class=\"size-medium wp-image-11437 aligncenter\" src=\"https:\/\/thietbidienlama.com\/wp-content\/uploads\/2025\/01\/Den-Ban-Nguyet-1m2-Panasonic-300x300.jpg\" alt=\"\" width=\"300\" height=\"300\" srcset=\"https:\/\/www.thietbidienlama.com\/wp-content\/uploads\/2025\/01\/Den-Ban-Nguyet-1m2-Panasonic-300x300.jpg 300w, https:\/\/www.thietbidienlama.com\/wp-content\/uploads\/2025\/01\/Den-Ban-Nguyet-1m2-Panasonic-150x150.jpg 150w, https:\/\/www.thietbidienlama.com\/wp-content\/uploads\/2025\/01\/Den-Ban-Nguyet-1m2-Panasonic-12x12.jpg 12w, https:\/\/www.thietbidienlama.com\/wp-content\/uploads\/2025\/01\/Den-Ban-Nguyet-1m2-Panasonic.jpg 400w\" sizes=\"(max-width: 300px) 100vw, 300px\" \/><\/p>\n<h3><span style=\"color: #000000;\"><strong><b>\u0110\u00e8n Tu\u00fdp Led Panasonic &#8211; 1m2 &#8211; 36W gi\u00e1 bao nhi\u00eau ?<\/b><\/strong><\/span><\/h3>\n<p><span style=\"color: #000000;\">Hi\u1ec7n t\u1ea1i \u0111\u00e8n b\u00e1n nguy\u1ec7t 1m2 panasonic 36w \u0111ang \u0111\u01b0\u1ee3c b\u00e1n v\u1edbi m\u1ee9c gi\u00e1 ni\u00eam y\u1ebft : 637.000 tuy nhi\u00ean m\u1ee9c gi\u00e1 s\u1ebd c\u00f3 s\u1ef1 thay \u0111\u1ed5i theo t\u1eebng nh\u00e0 ph\u00e2n ph\u1ed1i c\u0169ng nh\u01b0 s\u1ed1 l\u01b0\u1ee3ng h\u00e0ng \u0111\u1eb7t.<\/span><\/p>\n<h3><span style=\"color: #000000;\"><strong><b>Mua \u0110\u00e8n Tu\u00fdp Led Panasonic &#8211; 1m2 \u1edf \u0111\u00e2u ?<\/b><\/strong><\/span><\/h3>\n<p><span style=\"color: #000000;\">Lama l\u00e0 nh\u00e0 ph\u00e2n ph\u1ed1i thi\u1ebft b\u1ecb \u0111i\u1ec7n panasonic v\u1edbi kinh nghi\u1ec7m nhi\u1ec1u n\u0103m tr\u00ean th\u1ecb tr\u01b0\u1eddng. Lama lu\u00f4n cam k\u1ebft b\u00e1n h\u00e0ng ch\u00ednh h\u00e3ng \u0111\u1ea7y \u0111\u1ee7 gi\u1ea5y t\u1edd v\u00e0 \u0111\u1ea1t ti\u00eau chu\u1ea9n 100% ch\u00ednh h\u00e3ng.<\/span><\/p>\n<p><span style=\"color: #000000;\">\u01afu \u0111\u00e3i \u0111\u1eb7c bi\u1ec7t : chi\u1ebft kh\u1ea5u cao l\u00ean \u0111\u1ebfn 68% khi mua s\u1ed1 l\u01b0\u1ee3ng l\u1edbn.<\/span><\/p>\n<p><span style=\"color: #000000;\">Ch\u00ednh s\u00e1ch h\u1eadu m\u00e3i : H\u1ed7 tr\u1ee3 c\u00f4ng n\u1ee3, giao h\u00e0ng nhanh, b\u1ea3o h\u00e0nh t\u1eadn t\u00e2m v\u00e0 \u0111\u1eb7c bi\u1ec7t mi\u1ec5n ph\u00ed giao h\u00e0ng v\u1edbi nh\u1eefng \u0111\u01a1n h\u00e0ng nh\u1ecf ph\u00e1t sinh.<\/span><\/p>\n<p><span style=\"color: #000000;\">H\u00e3y li\u00ean h\u1ec7 ngay v\u1edbi Lama theo hotline : 0935 228 204 \u0111\u1ec3 tr\u1edf th\u00e0nh \u0111\u1ed1i t\u00e1c c\u1ee7a Lama nh\u00e9.<\/span><\/p>\n<p>&nbsp;<\/p>","protected":false},"excerpt":{"rendered":"<p>\u0110\u00e8n Tu\u00fdp Led Panasonic &#8211; 1m2 &#8211; 36w Led b\u00e1n nguy\u1ec7t 1m2 Panasonic \u0111\u01b0\u1ee3c thi\u1ebft k\u1ebf v\u00f4 c\u00f9ng thanh l\u1ecbch,<\/p>","protected":false},"featured_media":11437,"comment_status":"closed","ping_status":"closed","template":"","meta":[],"product_brand":[],"product_cat":[502,562,731],"product_tag":[773,772,771,770],"class_list":{"0":"post-11434","1":"product","2":"type-product","3":"status-publish","4":"has-post-thumbnail","6":"product_cat-den-chieu-sang","7":"product_cat-thiet-bi-dien-panasonic","8":"product_cat-den-led-panasonic","9":"product_tag-bong-den-tuyp-led-panasonic","10":"product_tag-den-led-tuyp-panasonic","11":"product_tag-den-tuyp-led-1m2-panasonic","12":"product_tag-den-tuyp-led-panasonic","14":"first","15":"instock","16":"sale","17":"shipping-taxable","18":"purchasable","19":"product-type-simple"},"_links":{"self":[{"href":"https:\/\/www.thietbidienlama.com\/en\/wp-json\/wp\/v2\/product\/11434","targetHints":{"allow":["GET"]}}],"collection":[{"href":"https:\/\/www.thietbidienlama.com\/en\/wp-json\/wp\/v2\/product"}],"about":[{"href":"https:\/\/www.thietbidienlama.com\/en\/wp-json\/wp\/v2\/types\/product"}],"replies":[{"embeddable":true,"href":"https:\/\/www.thietbidienlama.com\/en\/wp-json\/wp\/v2\/comments?post=11434"}],"version-history":[{"count":5,"href":"https:\/\/www.thietbidienlama.com\/en\/wp-json\/wp\/v2\/product\/11434\/revisions"}],"predecessor-version":[{"id":12914,"href":"https:\/\/www.thietbidienlama.com\/en\/wp-json\/wp\/v2\/product\/11434\/revisions\/12914"}],"wp:featuredmedia":[{"embeddable":true,"href":"https:\/\/www.thietbidienlama.com\/en\/wp-json\/wp\/v2\/media\/11437"}],"wp:attachment":[{"href":"https:\/\/www.thietbidienlama.com\/en\/wp-json\/wp\/v2\/media?parent=11434"}],"wp:term":[{"taxonomy":"product_brand","embeddable":true,"href":"https:\/\/www.thietbidienlama.com\/en\/wp-json\/wp\/v2\/product_brand?post=11434"},{"taxonomy":"product_cat","embeddable":true,"href":"https:\/\/www.thietbidienlama.com\/en\/wp-json\/wp\/v2\/product_cat?post=11434"},{"taxonomy":"product_tag","embeddable":true,"href":"https:\/\/www.thietbidienlama.com\/en\/wp-json\/wp\/v2\/product_tag?post=11434"}],"curies":[{"name":"wp","href":"https:\/\/api.w.org\/{rel}","templated":true}]}}