{"id":11429,"date":"2025-01-10T11:01:57","date_gmt":"2025-01-10T04:01:57","guid":{"rendered":"https:\/\/thietbidienlama.com\/?post_type=product&#038;p=11429"},"modified":"2025-10-20T12:59:04","modified_gmt":"2025-10-20T05:59:04","slug":"den-led-am-tran-panasonic-sieu-mong","status":"publish","type":"product","link":"https:\/\/www.thietbidienlama.com\/en\/den-led-am-tran-panasonic-sieu-mong\/","title":{"rendered":"\u0110\u00e8n LED \u00c2m Tr\u1ea7n Panasonic Si\u00eau M\u1ecfng"},"content":{"rendered":"<h2 style=\"text-align: center;\"><span style=\"font-size: 18pt; color: #000000;\"><strong>\u0110\u00e8n LED \u00c2m Tr\u1ea7n Panasonic Si\u00eau M\u1ecfng DN 2G Tr\u00f2n\u00a0<\/strong><\/span><\/h2>\n<p>&nbsp;<\/p>\n<p><span style=\"color: #000000;\"><img fetchpriority=\"high\" decoding=\"async\" class=\"aligncenter wp-image-11430\" src=\"https:\/\/thietbidienlama.com\/wp-content\/uploads\/2025\/01\/Den-Led-Am-Tran-Panasonic-300x163.jpg\" alt=\"\u0110\u00e8n Led \u00c2m Tr\u1ea7n Panasonic NNV71311WE1A\" width=\"500\" height=\"271\" srcset=\"https:\/\/www.thietbidienlama.com\/wp-content\/uploads\/2025\/01\/Den-Led-Am-Tran-Panasonic-300x163.jpg 300w, https:\/\/www.thietbidienlama.com\/wp-content\/uploads\/2025\/01\/Den-Led-Am-Tran-Panasonic-1024x556.jpg 1024w, https:\/\/www.thietbidienlama.com\/wp-content\/uploads\/2025\/01\/Den-Led-Am-Tran-Panasonic-768x417.jpg 768w, https:\/\/www.thietbidienlama.com\/wp-content\/uploads\/2025\/01\/Den-Led-Am-Tran-Panasonic-18x10.jpg 18w, https:\/\/www.thietbidienlama.com\/wp-content\/uploads\/2025\/01\/Den-Led-Am-Tran-Panasonic-150x81.jpg 150w, https:\/\/www.thietbidienlama.com\/wp-content\/uploads\/2025\/01\/Den-Led-Am-Tran-Panasonic.jpg 1131w\" sizes=\"(max-width: 500px) 100vw, 500px\" \/><\/span><\/p>\n<p><span style=\"color: #000000;\"><img decoding=\"async\" class=\"aligncenter wp-image-11431\" src=\"https:\/\/thietbidienlama.com\/wp-content\/uploads\/2025\/01\/gia-den-Led-am-Tran-Panasonic-Sieu-Mong-300x145.jpg\" alt=\"Gi\u00e1 \u0110\u00e8n \u00c2m Tr\u1ea7n Panasonic Si\u00eau M\u1ecfng \" width=\"500\" height=\"241\" srcset=\"https:\/\/www.thietbidienlama.com\/wp-content\/uploads\/2025\/01\/gia-den-Led-am-Tran-Panasonic-Sieu-Mong-300x145.jpg 300w, https:\/\/www.thietbidienlama.com\/wp-content\/uploads\/2025\/01\/gia-den-Led-am-Tran-Panasonic-Sieu-Mong-1024x493.jpg 1024w, https:\/\/www.thietbidienlama.com\/wp-content\/uploads\/2025\/01\/gia-den-Led-am-Tran-Panasonic-Sieu-Mong-768x370.jpg 768w, https:\/\/www.thietbidienlama.com\/wp-content\/uploads\/2025\/01\/gia-den-Led-am-Tran-Panasonic-Sieu-Mong-18x9.jpg 18w, https:\/\/www.thietbidienlama.com\/wp-content\/uploads\/2025\/01\/gia-den-Led-am-Tran-Panasonic-Sieu-Mong-150x72.jpg 150w, https:\/\/www.thietbidienlama.com\/wp-content\/uploads\/2025\/01\/gia-den-Led-am-Tran-Panasonic-Sieu-Mong.jpg 1096w\" sizes=\"(max-width: 500px) 100vw, 500px\" \/><\/span><\/p>\n<p><span style=\"color: #000000;\">N\u0103m 2025 Panasonic cho ra m\u1eaft d\u00f2ng s\u1ea3n ph\u1ea9m m\u1edbi \u0111\u00e8n led \u00e2m tr\u1ea7n Panasonic Si\u00eau m\u1ecfng. \u0110\u01b0\u1ee3c thi\u1ebft k\u1ebf vi\u1ec1n si\u00eau m\u1ecfng, \u00f4m s\u00e1t v\u1edbi tr\u1ea7n t\u1ea1o v\u1ebb \u0111\u1eb9p tinh t\u1ebf cho kh\u00f4ng gian chi\u1ebfu s\u00e1ng.<\/span><\/p>\n<p><span style=\"color: #000000;\">V\u1edbi thi\u1ebft k\u1ebf si\u00eau m\u1ecfng \u0111\u00e8n led \u00e2m tr\u1ea7n panasonic \u0111\u01b0\u1ee3c s\u1eed d\u1ee5ng t\u1ed1t cho c\u00f4ng tr\u00ecnh nh\u00e0 ph\u1ed1, kh\u00e1ch s\u1ea1n, c\u0103n h\u1ed9 cao c\u1ea5p\u2026<\/span><\/p>\n<h3><span style=\"color: #000000;\"><strong><b>\u01afu \u0111i\u1ec3m c\u1ee7a d\u00f2ng \u0111\u00e8n Led \u00e2m tr\u1ea7n Panasonic Si\u00eau m\u1ecfng: <\/b><\/strong><\/span><\/h3>\n<p><span style=\"color: #000000;\">Ch\u00fang ta c\u00f3 th\u1ec3 th\u1ea5y \u0111\u00e8n vi\u1ec1n \u0111\u01b0\u1ee3c thi\u1ebft k\u1ebf si\u00eau m\u1ecfng \u00f4m s\u00e1t v\u00e0o t\u01b0\u1eddng, t\u1ea1o v\u1ebb \u0111\u1eb9p cho ng\u00f4i nh\u00e0. Tai nghe c\u1ee7a \u0111\u00e8n v\u00f4 c\u00f9ng ch\u1eafc ch\u1eafn, \u0111\u00e8n \u0111\u01b0\u1ee3c t\u00edch h\u1ee3p nh\u1ecf g\u1ecdn, m\u1ecfng.<\/span><\/p>\n<p><span style=\"color: #000000;\">Chi\u1ec1u cao c\u1ee7a \u0111\u00e8n t\u1ea7m 22.5mm r\u1ea5t th\u00edch h\u1ee3p cho c\u00e1c v\u1ecb tr\u00ed tr\u1ea7n h\u1eb9p.<\/span><\/p>\n<p><span style=\"color: #000000;\">M\u1eb7t \u0111\u00e8n l\u00e0m b\u1eb1ng nh\u1ef1a, th\u00e2n \u0111\u00e8n \u0111\u01b0\u1ee3c l\u00e0m b\u1eb1ng nh\u00f4m v\u00f4 n\u00ean c\u00f3 th\u1ec3 n\u00f3i \u0111\u1ed9 b\u1ec1n r\u1ea5t t\u1ed1t, ch\u1eafc ch\u1eafn v\u00e0 t\u1ea3n nhi\u1ec7t t\u1ed1t gi\u00fap t\u0103ng tu\u1ed5i th\u1ecd c\u1ee7a \u0111\u00e8n l\u00ean t\u1edbi 15.000 gi\u1edd.<\/span><\/p>\n<p><span style=\"color: #000000;\">\u0110\u00e8n led Panasonic \u00e2m tr\u1ea7n si\u00eau m\u1ecfng c\u00f3 3 m\u00e0u \u00e1nh s\u00e1ng :<\/span><\/p>\n<p><span style=\"color: #000000;\">&#8211; \u00c1nh s\u00e1ng v\u00e0ng 3000k<\/span><\/p>\n<p><span style=\"color: #000000;\">&#8211; \u00c1nh s\u00e1ng trung t\u00ednh 4500k<\/span><\/p>\n<p><span style=\"color: #000000;\">&#8211; \u00c1nh s\u00e1ng tr\u1eafng 6500k<\/span><\/p>\n<h3><span style=\"color: #000000;\"><strong><b>\u0110\u00e8n led \u00e2m tr\u1ea7n Panasonic b\u1ea3o h\u00e0nh bao l\u00e2u ?<\/b><\/strong><\/span><\/h3>\n<p><span style=\"color: #000000;\">V\u1edbi \u0111\u00e8n \u00e2m tr\u1ea7n panasonic Lama lu\u00f4n c\u00f3 ch\u00ednh s\u00e1ch b\u1ea3o h\u00e0nh 24 th\u00e1ng nh\u01b0 h\u00e3ng.<\/span><\/p>\n<p><span style=\"color: #000000;\">\u0110i\u1ec1u ki\u1ec7n b\u1ea3o h\u00e0nh :<\/span><\/p>\n<p><span style=\"color: #000000;\">&#8211; T\u1ea5t c\u1ea3 c\u00e1c s\u1ea3n ph\u1ea9m b\u1ea3o h\u00e0nh ph\u1ea3i l\u00e0 s\u1ea3n ph\u1ea9m thu\u1ed9c Panasonic ch\u00ednh h\u00e3ng.<\/span><\/p>\n<p><span style=\"color: #000000;\">&#8211; C\u00e1c s\u1ea3n ph\u1ea9m c\u00f2n nguy\u00ean, kh\u00f4ng b\u1ecb n\u1ee9t, b\u1ec3, v\u1ee1 c\u00f3 d\u1ea5u hi\u1ec7u thay th\u1ebf linh ki\u1ec7n.<\/span><\/p>\n<p><span style=\"color: #000000;\">&#8211; Tem b\u1ea3o h\u00e0nh tr\u00ean s\u1ea3n ph\u1ea9m c\u00f2n nguy\u00ean , kh\u00f4ng c\u00f3 d\u1ea5u hi\u1ec7u t\u1ea9y x\u00f3a, s\u1eefa ch\u1eeda hay r\u00e1ch.<\/span><\/p>\n<div id=\"attachment_11167\" style=\"width: 510px\" class=\"wp-caption aligncenter\"><img decoding=\"async\" aria-describedby=\"caption-attachment-11167\" class=\"wp-image-11167\" src=\"https:\/\/thietbidienlama.com\/wp-content\/uploads\/2024\/10\/Than-den-Thiet-Bi-Dien-Panasonic-300x208.jpg\" alt=\"Mua \u0110\u00e8n Led \u00c2m Tr\u1ea7n Panasonic \u1edf \u0111\u00e2u ?\" width=\"500\" height=\"347\" srcset=\"https:\/\/www.thietbidienlama.com\/wp-content\/uploads\/2024\/10\/Than-den-Thiet-Bi-Dien-Panasonic-300x208.jpg 300w, https:\/\/www.thietbidienlama.com\/wp-content\/uploads\/2024\/10\/Than-den-Thiet-Bi-Dien-Panasonic-1024x711.jpg 1024w, https:\/\/www.thietbidienlama.com\/wp-content\/uploads\/2024\/10\/Than-den-Thiet-Bi-Dien-Panasonic-768x533.jpg 768w, https:\/\/www.thietbidienlama.com\/wp-content\/uploads\/2024\/10\/Than-den-Thiet-Bi-Dien-Panasonic-18x12.jpg 18w, https:\/\/www.thietbidienlama.com\/wp-content\/uploads\/2024\/10\/Than-den-Thiet-Bi-Dien-Panasonic-150x104.jpg 150w, https:\/\/www.thietbidienlama.com\/wp-content\/uploads\/2024\/10\/Than-den-Thiet-Bi-Dien-Panasonic.jpg 1038w\" sizes=\"(max-width: 500px) 100vw, 500px\" \/><p id=\"caption-attachment-11167\" class=\"wp-caption-text\">Mua \u0110\u00e8n Led \u00c2m Tr\u1ea7n Panasonic \u1edf \u0111\u00e2u ?<\/p><\/div>\n<h3><span style=\"color: #000000;\"><strong><b>\u0110\u00e8n led \u00e2m tr\u1ea7n Panasonic si\u00eau m\u1ecfng gi\u00e1 bao nhi\u00eau :<\/b><\/strong><\/span><\/h3>\n<p><span style=\"color: #000000;\">Lama g\u1eedi b\u1ea3ng gi\u00e1 \u0111\u00e8n \u00e2m tr\u1ea7n panasonic si\u00eau m\u1ecfng qu\u00fd kh\u00e1ch h\u00e0ng tham kh\u1ea3o, tuy nhi\u00ean m\u1ee9c s\u1ebd thay \u0111\u1ed5i theo th\u1eddi \u0111i\u1ec3m mua h\u00e0ng c\u0169ng nh\u01b0 s\u1ed1 l\u01b0\u1ee3ng theo t\u1eebng m\u1ee9c chi\u1ebft kh\u1ea5u , v\u00ec th\u1ebf h\u00e3y li\u00ean h\u1ec7 ngay s\u1ed1 hotline 0935 228 204 \u0111\u1ec3 c\u00f3 m\u1ee9c gi\u00e1 t\u1ed1t nh\u1ea5t.<\/span><\/p>\n<table>\n<tbody>\n<tr>\n<td width=\"358\"><span style=\"color: #000000;\">\u0110\u00e8n \u00c2m tr\u1ea7n Panasonic 6w<\/span><\/td>\n<td width=\"351\"><span style=\"color: #000000;\">Gi\u00e1 giao \u0111\u1ed9ng t\u1eeb 200,000<\/span><\/td>\n<\/tr>\n<tr>\n<td width=\"358\"><span style=\"color: #000000;\">\u0110\u00e8n \u00c2m tr\u1ea7n Panasonic 9w<\/span><\/td>\n<td width=\"351\"><span style=\"color: #000000;\">Gi\u00e1 giao \u0111\u1ed9ng t\u1eeb 226,000<\/span><\/td>\n<\/tr>\n<tr>\n<td width=\"358\"><span style=\"color: #000000;\">\u0110\u00e8n \u00c2m tr\u1ea7n Panasonic 12w<\/span><\/td>\n<td width=\"351\"><span style=\"color: #000000;\">Gi\u00e1 giao \u0111\u1ed9ng t\u1eeb 260,000<\/span><\/td>\n<\/tr>\n<\/tbody>\n<\/table>\n<h3><span style=\"color: #000000;\"><strong><b>\u0110\u1ecba ch\u1ec9 b\u00e1n \u0111\u00e8n led \u00e2m tr\u1ea7n panasonic si\u00eau m\u1ecfng gi\u00e1 t\u1ed1t nh\u1ea5t ?<\/b><\/strong><\/span><\/h3>\n<p><span style=\"color: #000000;\">Panasonic l\u00e0 th\u01b0\u01a1ng hi\u1ec7u l\u1edbn v\u00e0 c\u00f3 r\u1ea5t nhi\u1ec1u nh\u00e0 ph\u00e2n ph\u1ed1i tr\u00ean th\u1ecb tr\u01b0\u1eddng, tuy nhi\u00ean l\u00e0m sao \u0111\u1ec3 mua \u0111\u01b0\u1ee3c h\u00e0ng ch\u00ednh h\u00e3ng v\u1edbi m\u1ee9c chi\u1ebft kh\u1ea5u t\u1ed1t nh\u1ea5t , c\u0169ng nh\u01b0 h\u1ed7 t\u01b0 v\u1ea5n c\u00e1c s\u1ea3n ph\u1ea9m ph\u00f9 h\u1ee3p v\u1edbi kh\u00f4ng gian ng\u00f4i nh\u00e0, ti\u1ebft ki\u1ec7m chi ph\u00ed.<\/span><\/p>\n<p><span style=\"color: #000000;\">Hi\u1ec7n l\u1ea1i Lama l\u00e0 nh\u00e0 ph\u00e2n ph\u1ed1i thi\u1ebft b\u1ecb \u0111i\u1ec7n panasonic t\u1ea1i qu\u1eadn 9, v\u1edbi kinh nghi\u1ec7m nhi\u1ec1u n\u0103m Lama lu\u00f4n cam k\u1ebft c\u00f3 m\u1ee9c chi\u1ebft kh\u1ea5u t\u1ed1t nh\u1ea5t cho c\u00e1c kh\u00e1ch h\u00e0ng l\u00e0 nh\u00e0 th\u1ea7u x\u00e2y d\u1ef1ng.<\/span><\/p>\n<p><span style=\"color: #000000;\">Lama c\u00f3 \u0111\u1ecba ch\u1ec9 t\u1ea1i 78 \u0110\u1ed7 Xu\u00e2n H\u1ee3p, Ph\u01b0\u1eddng ph\u01b0\u1edbc Long B, Tp Th\u1ee7 \u0110\u1ee9c. Tphcm n\u00ean vi\u1ec7c di chuy\u1ec3n gi\u1eefa c\u00e1c qu\u1eadn r\u1ea5t nhanh ph\u00f9 h\u1ee3p cho vi\u1ec7c giao h\u00e0ng. H\u00e3y li\u00ean h\u1ec7 ngay v\u1edbi Lama nh\u00e9.<\/span><\/p>\n<p><span style=\"color: #ff0000;\"><strong><em><i>LI\u00caN H\u1ec6 :<\/i><\/em><\/strong><\/span><\/p>\n<p><span style=\"color: #000000;\"><strong><b>\u0110\u1ecba ch\u1ec9: <\/b><\/strong>15 D\u01b0\u01a1ng \u0110\u00ecnh H\u1ed9i, Ph\u01b0\u1eddng Ph\u01b0\u1edbc Long , Th\u1ee7 \u0110\u1ee9c, Th\u00e0nh ph\u1ed1 H\u1ed3 Ch\u00ed Minh<\/span><\/p>\n<p><span style=\"color: #000000;\"><strong><b>Hotline: <\/b><\/strong>0935 228 204 ( Ms Lam )<\/span><\/p>","protected":false},"excerpt":{"rendered":"<p>\u0110\u00e8n LED \u00c2m Tr\u1ea7n Panasonic Si\u00eau M\u1ecfng DN 2G Tr\u00f2n\u00a0 &nbsp; N\u0103m 2025 Panasonic cho ra m\u1eaft d\u00f2ng s\u1ea3n ph\u1ea9m<\/p>","protected":false},"featured_media":11386,"comment_status":"closed","ping_status":"closed","template":"","meta":[],"product_brand":[],"product_cat":[731,924,923],"product_tag":[],"class_list":{"0":"post-11429","1":"product","2":"type-product","3":"status-publish","4":"has-post-thumbnail","6":"product_cat-den-led-panasonic","7":"product_cat-den-am-tran-panasonic","8":"product_cat-den-panasonic","10":"first","11":"instock","12":"shipping-taxable","13":"purchasable","14":"product-type-simple"},"_links":{"self":[{"href":"https:\/\/www.thietbidienlama.com\/en\/wp-json\/wp\/v2\/product\/11429","targetHints":{"allow":["GET"]}}],"collection":[{"href":"https:\/\/www.thietbidienlama.com\/en\/wp-json\/wp\/v2\/product"}],"about":[{"href":"https:\/\/www.thietbidienlama.com\/en\/wp-json\/wp\/v2\/types\/product"}],"replies":[{"embeddable":true,"href":"https:\/\/www.thietbidienlama.com\/en\/wp-json\/wp\/v2\/comments?post=11429"}],"version-history":[{"count":4,"href":"https:\/\/www.thietbidienlama.com\/en\/wp-json\/wp\/v2\/product\/11429\/revisions"}],"predecessor-version":[{"id":12916,"href":"https:\/\/www.thietbidienlama.com\/en\/wp-json\/wp\/v2\/product\/11429\/revisions\/12916"}],"wp:featuredmedia":[{"embeddable":true,"href":"https:\/\/www.thietbidienlama.com\/en\/wp-json\/wp\/v2\/media\/11386"}],"wp:attachment":[{"href":"https:\/\/www.thietbidienlama.com\/en\/wp-json\/wp\/v2\/media?parent=11429"}],"wp:term":[{"taxonomy":"product_brand","embeddable":true,"href":"https:\/\/www.thietbidienlama.com\/en\/wp-json\/wp\/v2\/product_brand?post=11429"},{"taxonomy":"product_cat","embeddable":true,"href":"https:\/\/www.thietbidienlama.com\/en\/wp-json\/wp\/v2\/product_cat?post=11429"},{"taxonomy":"product_tag","embeddable":true,"href":"https:\/\/www.thietbidienlama.com\/en\/wp-json\/wp\/v2\/product_tag?post=11429"}],"curies":[{"name":"wp","href":"https:\/\/api.w.org\/{rel}","templated":true}]}}