{"id":11418,"date":"2025-01-09T16:01:32","date_gmt":"2025-01-09T09:01:32","guid":{"rendered":"https:\/\/thietbidienlama.com\/?post_type=product&#038;p=11418"},"modified":"2025-12-02T16:24:26","modified_gmt":"2025-12-02T09:24:26","slug":"cong-tac-co-den-bao-panasonic","status":"publish","type":"product","link":"https:\/\/www.thietbidienlama.com\/en\/cong-tac-co-den-bao-panasonic\/","title":{"rendered":"C\u00f4ng T\u1eafc C\u00f3 \u0110\u00e8n B\u00e1o Panasonic Khi Off WEG5151"},"content":{"rendered":"<h1 style=\"text-align: center;\"><span style=\"font-size: 14pt; color: #000000;\">C\u00f4ng T\u1eafc C\u00f3 \u0110\u00e8n B\u00e1o Panasonic Khi Off &#8211; 1 Chi\u1ec1u &#8211; WEG5151<\/span><\/h1>\n<h2><span style=\"font-size: 12pt; color: #000000;\"><strong>Gi\u1edbi Thi\u1ec7u S\u1ea3n Ph\u1ea9m<\/strong><\/span><\/h2>\n<p><span style=\"color: #000000;\"><strong>C\u00f4ng t\u1eafc c\u00f3 \u0111\u00e8n b\u00e1o Panasonic WEG5151-51SWK<\/strong> l\u00e0 s\u1ea3n ph\u1ea9m v\u01b0\u1ee3t tr\u1ed9i trong d\u00f2ng thi\u1ebft b\u1ecb \u0111i\u1ec7n cao c\u1ea5p c\u1ee7a Panasonic, \u0111\u01b0\u1ee3c thi\u1ebft k\u1ebf \u0111\u1ec3 t\u1ed1i \u01b0u h\u00f3a s\u1ef1 ti\u1ec7n l\u1ee3i v\u00e0 \u0111\u1ea3m b\u1ea3o an to\u00e0n cho ng\u01b0\u1eddi s\u1eed d\u1ee5ng. V\u1edbi \u0111\u00e8n b\u00e1o ho\u1ea1t \u0111\u1ed9ng khi t\u1eaft (Off), c\u00f4ng t\u1eafc n\u00e0y kh\u00f4ng ch\u1ec9 gi\u00fap b\u1ea1n d\u1ec5 d\u00e0ng nh\u1eadn bi\u1ebft tr\u1ea1ng th\u00e1i thi\u1ebft b\u1ecb m\u00e0 c\u00f2n t\u0103ng th\u00eam s\u1ef1 sang tr\u1ecdng v\u00e0 hi\u1ec7n \u0111\u1ea1i cho kh\u00f4ng gian s\u1ed1ng.<\/span><\/p>\n<h2><span style=\"font-size: 12pt; color: #000000;\"><strong>\u1ee8ng D\u1ee5ng C\u1ee7a C\u00f4ng T\u1eafc C\u00f3 \u0110\u00e8n B\u00e1o Panasonic WEG5151-51SWK<\/strong><\/span><\/h2>\n<ul>\n<li><span style=\"color: #000000;\"><strong>Ph\u00f2ng ng\u1ee7:<\/strong> \u0110\u00e8n b\u00e1o gi\u00fap d\u1ec5 d\u00e0ng t\u00ecm th\u1ea5y c\u00f4ng t\u1eafc trong \u0111\u00eam t\u1ed1i.<\/span><\/li>\n<li><span style=\"color: #000000;\"><strong>H\u00e0nh lang, c\u1ea7u thang:<\/strong> T\u0103ng ti\u1ec7n nghi v\u00e0 an to\u00e0n khi di chuy\u1ec3n.<\/span><\/li>\n<li><span style=\"color: #000000;\"><strong>Ph\u00f2ng kh\u00e1ch, b\u1ebfp:<\/strong> T\u1ea1o \u0111i\u1ec3m nh\u1ea5n hi\u1ec7n \u0111\u1ea1i v\u00e0 tinh t\u1ebf cho kh\u00f4ng gian.<\/span><\/li>\n<li><span style=\"color: #000000;\"><strong>Kh\u00e1ch s\u1ea1n, v\u0103n ph\u00f2ng:<\/strong> Th\u00edch h\u1ee3p cho c\u00e1c c\u00f4ng tr\u00ecnh y\u00eau c\u1ea7u s\u1ef1 sang tr\u1ecdng v\u00e0 b\u1ec1n b\u1ec9<\/span><\/li>\n<\/ul>\n<h2><span style=\"font-size: 12pt; color: #000000;\"><strong>Th\u00f4ng S\u1ed1 K\u1ef9 Thu\u1eadt<\/strong><\/span><\/h2>\n<table>\n<thead>\n<tr>\n<th><span style=\"color: #000000;\"><strong>Th\u00f4ng S\u1ed1<\/strong><\/span><\/th>\n<th><span style=\"color: #000000;\"><strong>Chi Ti\u1ebft<\/strong><\/span><\/th>\n<\/tr>\n<\/thead>\n<tbody>\n<tr>\n<td><span style=\"color: #000000;\">\u0110i\u1ec7n \u00e1p ho\u1ea1t \u0111\u1ed9ng<\/span><\/td>\n<td><span style=\"color: #000000;\">220V \u2013 240V<\/span><\/td>\n<\/tr>\n<tr>\n<td><span style=\"color: #000000;\">Ch\u1ee9c n\u0103ng \u0111\u00e8n b\u00e1o<\/span><\/td>\n<td><span style=\"color: #000000;\">B\u00e1o s\u00e1ng khi t\u1eaft (Off)<\/span><\/td>\n<\/tr>\n<tr>\n<td><span style=\"color: #000000;\">Lo\u1ea1i c\u00f4ng t\u1eafc<\/span><\/td>\n<td><span style=\"color: #000000;\">1 chi\u1ec1u<\/span><\/td>\n<\/tr>\n<tr>\n<td><span style=\"color: #000000;\">Ch\u1ea5t li\u1ec7u<\/span><\/td>\n<td><span style=\"color: #000000;\">Nh\u1ef1a ch\u1ed1ng ch\u00e1y cao c\u1ea5p<\/span><\/td>\n<\/tr>\n<tr>\n<td><span style=\"color: #000000;\">K\u00edch th\u01b0\u1edbc<\/span><\/td>\n<td><span style=\"color: #000000;\">Ti\u00eau chu\u1ea9n h\u1ed9p \u00e2m t\u01b0\u1eddng<\/span><\/td>\n<\/tr>\n<tr>\n<td><span style=\"color: #000000;\">M\u00e0u s\u1eafc<\/span><\/td>\n<td><span style=\"color: #000000;\">Tr\u1eafng<\/span><\/td>\n<\/tr>\n<tr>\n<td><span style=\"color: #000000;\">B\u1ea3o h\u00e0nh<\/span><\/td>\n<td><span style=\"color: #000000;\">12 th\u00e1ng<\/span><\/td>\n<\/tr>\n<\/tbody>\n<\/table>","protected":false},"excerpt":{"rendered":"<p>C\u00f4ng T\u1eafc C\u00f3 \u0110\u00e8n B\u00e1o Panasonic Khi Off &#8211; 1 Chi\u1ec1u &#8211; WEG5151 Gi\u1edbi Thi\u1ec7u S\u1ea3n Ph\u1ea9m C\u00f4ng t\u1eafc c\u00f3<\/p>","protected":false},"featured_media":11421,"comment_status":"closed","ping_status":"closed","template":"","meta":[],"product_brand":[],"product_cat":[836,856,857,501,562,804],"product_tag":[762,761,760,759],"class_list":{"0":"post-11418","1":"product","2":"type-product","3":"status-publish","4":"has-post-thumbnail","6":"product_cat-cong-tac-o-cam-wide","7":"product_cat-cong-tac-panasonic","8":"product_cat-cong-tac-panasonic-wide","9":"product_cat-thiet-bi-dien","10":"product_cat-thiet-bi-dien-panasonic","11":"product_cat-cong-tac-o-cam-panasonic","12":"product_tag-cong-tac-co-den-bao","13":"product_tag-cong-tac-co-den-bao-panasonic","14":"product_tag-cong-tac-panasonic-co-den-bao","15":"product_tag-hat-cong-tac-panasonic-co-den-bao","17":"first","18":"instock","19":"sale","20":"shipping-taxable","21":"purchasable","22":"product-type-simple"},"_links":{"self":[{"href":"https:\/\/www.thietbidienlama.com\/en\/wp-json\/wp\/v2\/product\/11418","targetHints":{"allow":["GET"]}}],"collection":[{"href":"https:\/\/www.thietbidienlama.com\/en\/wp-json\/wp\/v2\/product"}],"about":[{"href":"https:\/\/www.thietbidienlama.com\/en\/wp-json\/wp\/v2\/types\/product"}],"replies":[{"embeddable":true,"href":"https:\/\/www.thietbidienlama.com\/en\/wp-json\/wp\/v2\/comments?post=11418"}],"version-history":[{"count":3,"href":"https:\/\/www.thietbidienlama.com\/en\/wp-json\/wp\/v2\/product\/11418\/revisions"}],"predecessor-version":[{"id":11423,"href":"https:\/\/www.thietbidienlama.com\/en\/wp-json\/wp\/v2\/product\/11418\/revisions\/11423"}],"wp:featuredmedia":[{"embeddable":true,"href":"https:\/\/www.thietbidienlama.com\/en\/wp-json\/wp\/v2\/media\/11421"}],"wp:attachment":[{"href":"https:\/\/www.thietbidienlama.com\/en\/wp-json\/wp\/v2\/media?parent=11418"}],"wp:term":[{"taxonomy":"product_brand","embeddable":true,"href":"https:\/\/www.thietbidienlama.com\/en\/wp-json\/wp\/v2\/product_brand?post=11418"},{"taxonomy":"product_cat","embeddable":true,"href":"https:\/\/www.thietbidienlama.com\/en\/wp-json\/wp\/v2\/product_cat?post=11418"},{"taxonomy":"product_tag","embeddable":true,"href":"https:\/\/www.thietbidienlama.com\/en\/wp-json\/wp\/v2\/product_tag?post=11418"}],"curies":[{"name":"wp","href":"https:\/\/api.w.org\/{rel}","templated":true}]}}