{"id":11225,"date":"2024-10-25T10:49:06","date_gmt":"2024-10-25T03:49:06","guid":{"rendered":"https:\/\/thietbidienlama.com\/?post_type=product&#038;p=11225"},"modified":"2025-10-20T12:59:29","modified_gmt":"2025-10-20T05:59:29","slug":"den-led-am-tran-panasonic-12w","status":"publish","type":"product","link":"https:\/\/www.thietbidienlama.com\/en\/den-led-am-tran-panasonic-12w\/","title":{"rendered":"\u0110\u00e8n Led \u00c2m Tr\u1ea7n Panasonic 12W &#8211; NNP73478 \u2013 Tr\u00f2n \u2013 \u0110\u1ed5i M\u00e0u"},"content":{"rendered":"<h2 style=\"text-align: center;\"><span style=\"font-size: 18pt; color: #000000;\">\u0110\u00e8n Led \u00c2m Tr\u1ea7n Panasonic 12W &#8211; NNP73478 \u2013 Tr\u00f2n \u2013 \u0110\u1ed5i M\u00e0u<\/span><\/h2>\n<p><span style=\"color: #000000;\">\u0110\u00e8n Led \u00e2m tr\u1ea7n panasonic 12w l\u00e0 \u0111\u00e8n c\u00f3 3 ch\u1ebf \u0111\u1ed9 \u0111\u01b0\u1ee3c thi\u1ebft k\u1ebf t\u00edch h\u1ee3p 3 m\u00e0u \u00e1nh s\u00e1ng kh\u00e1c nhau trong c\u00f9ng 1 s\u1ea3n ph\u1ea9m. Thi\u1ebft b\u1ecb \u0111\u00e8n Led \u00e2m tr\u1ea7n \u0111\u01b0\u1ee3c trang b\u1ecb chip Led gi\u00fap lo\u1ea1i b\u1ecf \u00e1nh s\u00e1ng xanh g\u00e2y h\u1ea1i, b\u1ea3o v\u1ec7 s\u1ee9c kh\u1ecfe ng\u01b0\u1eddi d\u00f9ng.<\/span><\/p>\n<div id=\"attachment_11167\" style=\"width: 790px\" class=\"wp-caption aligncenter\"><img fetchpriority=\"high\" decoding=\"async\" aria-describedby=\"caption-attachment-11167\" class=\"wp-image-11167\" src=\"https:\/\/thietbidienlama.com\/wp-content\/uploads\/2024\/10\/Than-den-Thiet-Bi-Dien-Panasonic.jpg\" alt=\"C\u1ea5u T\u1ea1o \u0110\u00e8n Led \u00c2m Tr\u1ea7n 12w\" width=\"780\" height=\"542\" srcset=\"https:\/\/www.thietbidienlama.com\/wp-content\/uploads\/2024\/10\/Than-den-Thiet-Bi-Dien-Panasonic.jpg 1038w, https:\/\/www.thietbidienlama.com\/wp-content\/uploads\/2024\/10\/Than-den-Thiet-Bi-Dien-Panasonic-300x208.jpg 300w, https:\/\/www.thietbidienlama.com\/wp-content\/uploads\/2024\/10\/Than-den-Thiet-Bi-Dien-Panasonic-1024x711.jpg 1024w, https:\/\/www.thietbidienlama.com\/wp-content\/uploads\/2024\/10\/Than-den-Thiet-Bi-Dien-Panasonic-768x533.jpg 768w, https:\/\/www.thietbidienlama.com\/wp-content\/uploads\/2024\/10\/Than-den-Thiet-Bi-Dien-Panasonic-18x12.jpg 18w, https:\/\/www.thietbidienlama.com\/wp-content\/uploads\/2024\/10\/Than-den-Thiet-Bi-Dien-Panasonic-150x104.jpg 150w\" sizes=\"(max-width: 780px) 100vw, 780px\" \/><p id=\"caption-attachment-11167\" class=\"wp-caption-text\"><span style=\"color: #000000;\">C\u1ea5u T\u1ea1o \u0110\u00e8n Led \u00c2m Tr\u1ea7n 12w<\/span><\/p><\/div>\n<div id=\"attachment_11163\" style=\"width: 801px\" class=\"wp-caption aligncenter\"><img decoding=\"async\" aria-describedby=\"caption-attachment-11163\" class=\"wp-image-11163\" src=\"https:\/\/thietbidienlama.com\/wp-content\/uploads\/2024\/10\/Den-Led-am-Tran-12w.jpg\" alt=\"\u0110\u00e8n \u00c2m Tr\u1ea7n 12w Panasonic \" width=\"791\" height=\"454\" srcset=\"https:\/\/www.thietbidienlama.com\/wp-content\/uploads\/2024\/10\/Den-Led-am-Tran-12w.jpg 1045w, https:\/\/www.thietbidienlama.com\/wp-content\/uploads\/2024\/10\/Den-Led-am-Tran-12w-300x172.jpg 300w, https:\/\/www.thietbidienlama.com\/wp-content\/uploads\/2024\/10\/Den-Led-am-Tran-12w-1024x588.jpg 1024w, https:\/\/www.thietbidienlama.com\/wp-content\/uploads\/2024\/10\/Den-Led-am-Tran-12w-768x441.jpg 768w, https:\/\/www.thietbidienlama.com\/wp-content\/uploads\/2024\/10\/Den-Led-am-Tran-12w-18x10.jpg 18w, https:\/\/www.thietbidienlama.com\/wp-content\/uploads\/2024\/10\/Den-Led-am-Tran-12w-150x86.jpg 150w\" sizes=\"(max-width: 791px) 100vw, 791px\" \/><p id=\"caption-attachment-11163\" class=\"wp-caption-text\"><span style=\"color: #000000;\">\u0110\u00e8n \u00c2m Tr\u1ea7n 12w Panasonic<\/span><\/p><\/div>\n<p>Xo\u00e1 term<\/p>\n<h2><span style=\"color: #000000; font-size: 14pt;\"><strong>Th\u00f4ng tin \u0110\u00e8n \u00c2m Tr\u1ea7n Panasonic 12W &#8211; NNP73478<\/strong><\/span><\/h2>\n<ul>\n<li><span style=\"color: #000000;\">D\u00f2ng s\u1ea3n ph\u1ea9m: Silm Downlight tr\u00f2n &#8211; \u0110\u1ed5i m\u00e0u<\/span><\/li>\n<li><span style=\"color: #000000;\">C\u00f4ng su\u1ea5t: 12W<\/span><\/li>\n<li><span style=\"color: #000000;\">Ngu\u1ed3n \u0111i\u1ec7n 220V<\/span><\/li>\n<li><span style=\"color: #000000;\">Tu\u1ed5i th\u1ecd: 25.000 gi\u1edd<\/span><\/li>\n<li><span style=\"color: #000000;\">K\u00edch th\u01b0\u1edbc:\u00a0\u00d8145mm\/H: 30 mm<\/span><\/li>\n<li><span style=\"color: #000000;\">K\u00edch th\u01b0\u1edbc kho\u00e9t l\u1ed7 : \u00d8 125mm<\/span><\/li>\n<li><span style=\"color: #000000;\">Quang th\u00f4ng : 900Lm<\/span><\/li>\n<li><span style=\"color: #000000;\">\u00c1nh s\u00e1ng 3000K &#8211; 4000K &#8211; 6500K( Tr\u1eafng l\u1ea1nh, trung t\u00ednh, v\u00e0ng \u1ea5m )<\/span><\/li>\n<li><span style=\"color: #000000;\">\u0110\u00f3ng g\u00f3i: 10 c\u00e1i\/ th\u00f9ng<\/span><\/li>\n<li><span style=\"color: #000000;\">Xu\u1ea5t x\u1ee9: Indonesia<\/span><\/li>\n<\/ul>","protected":false},"excerpt":{"rendered":"<p>\u0110\u00e8n Led \u00c2m Tr\u1ea7n Panasonic 12W &#8211; NNP73478 \u2013 Tr\u00f2n \u2013 \u0110\u1ed5i M\u00e0u \u0110\u00e8n Led \u00e2m tr\u1ea7n panasonic 12w l\u00e0<\/p>","protected":false},"featured_media":11356,"comment_status":"closed","ping_status":"closed","template":"","meta":[],"product_brand":[],"product_cat":[501,924,923,502,731],"product_tag":[720,684,708,723,719,721,685,707,724,722,706,725],"class_list":{"0":"post-11225","1":"product","2":"type-product","3":"status-publish","4":"has-post-thumbnail","6":"product_cat-thiet-bi-dien","7":"product_cat-den-am-tran-panasonic","8":"product_cat-den-panasonic","9":"product_cat-den-chieu-sang","10":"product_cat-den-led-panasonic","11":"product_tag-bong-den-led-am-tran-panasonic","12":"product_tag-den-am-tran-panasonic","13":"product_tag-den-am-tran-panasonic-12w","14":"product_tag-den-downlight-am-tran-panasonic","15":"product_tag-den-downlight-panasonic","16":"product_tag-den-led-am-tran-12w-panasonic","17":"product_tag-den-led-am-tran-panasonic","18":"product_tag-den-led-am-tran-panasonic-12w","19":"product_tag-den-led-panasonic-12w","20":"product_tag-led-am-tran-panasonic","21":"product_tag-mua-den-am-tran-panasonic-o-dau","22":"product_tag-nha-phan-phoi-den-am-tran-panasonic","24":"first","25":"instock","26":"sale","27":"shipping-taxable","28":"purchasable","29":"product-type-simple"},"_links":{"self":[{"href":"https:\/\/www.thietbidienlama.com\/en\/wp-json\/wp\/v2\/product\/11225","targetHints":{"allow":["GET"]}}],"collection":[{"href":"https:\/\/www.thietbidienlama.com\/en\/wp-json\/wp\/v2\/product"}],"about":[{"href":"https:\/\/www.thietbidienlama.com\/en\/wp-json\/wp\/v2\/types\/product"}],"replies":[{"embeddable":true,"href":"https:\/\/www.thietbidienlama.com\/en\/wp-json\/wp\/v2\/comments?post=11225"}],"version-history":[{"count":7,"href":"https:\/\/www.thietbidienlama.com\/en\/wp-json\/wp\/v2\/product\/11225\/revisions"}],"predecessor-version":[{"id":12922,"href":"https:\/\/www.thietbidienlama.com\/en\/wp-json\/wp\/v2\/product\/11225\/revisions\/12922"}],"wp:featuredmedia":[{"embeddable":true,"href":"https:\/\/www.thietbidienlama.com\/en\/wp-json\/wp\/v2\/media\/11356"}],"wp:attachment":[{"href":"https:\/\/www.thietbidienlama.com\/en\/wp-json\/wp\/v2\/media?parent=11225"}],"wp:term":[{"taxonomy":"product_brand","embeddable":true,"href":"https:\/\/www.thietbidienlama.com\/en\/wp-json\/wp\/v2\/product_brand?post=11225"},{"taxonomy":"product_cat","embeddable":true,"href":"https:\/\/www.thietbidienlama.com\/en\/wp-json\/wp\/v2\/product_cat?post=11225"},{"taxonomy":"product_tag","embeddable":true,"href":"https:\/\/www.thietbidienlama.com\/en\/wp-json\/wp\/v2\/product_tag?post=11225"}],"curies":[{"name":"wp","href":"https:\/\/api.w.org\/{rel}","templated":true}]}}