{"id":11219,"date":"2024-10-25T08:53:23","date_gmt":"2024-10-25T01:53:23","guid":{"rendered":"https:\/\/thietbidienlama.com\/?post_type=product&#038;p=11219"},"modified":"2025-10-20T12:59:47","modified_gmt":"2025-10-20T05:59:47","slug":"den-led-am-tran-panasonic-9w","status":"publish","type":"product","link":"https:\/\/www.thietbidienlama.com\/en\/den-led-am-tran-panasonic-9w\/","title":{"rendered":"\u0110\u00e8n LED \u00c2m Tr\u1ea7n Panasonic 9W &#8211; NNP72272 &#8211; Neo Slim Tr\u00f2n"},"content":{"rendered":"<h2 style=\"text-align: center;\"><span style=\"color: #000000;\">\u0110\u00e8n LED \u00c2m Tr\u1ea7n Panasonic 9W &#8211; NNP72272 &#8211; Neo Slim Tr\u00f2n<\/span><\/h2>\n<p><span style=\"color: #000000;\">\u0110\u00e8n LED \u00c2m Tr\u1ea7n Panasonic 9W <\/span><span style=\"color: #000000;\">&#8211; NNP72272 &#8211; Neo Slim Tr\u00f2n<\/span><span style=\"color: #000000;\">\u00a0m\u1eabu \u0111\u00e8n LED \u00e2m tr\u1ea7n ch\u1ea5t l\u01b0\u1ee3ng cao <strong>Nh\u1eadt B\u1ea3n<\/strong>\u00a0\u0111\u01b0\u1ee3c nhi\u1ec1u kh\u00e1ch h\u00e0ng tin d\u00f9ng l\u1eafp \u0111\u1eb7t v\u00ec c\u00f3\u00a0<strong>thi\u1ebft k\u1ebf d\u00e0y<\/strong>,\u00a0<strong>ch\u1eafc ch\u1eafn, tho\u00e1t nhi\u1ec7t t\u1ed1t, b\u1ec1n b\u1ec9\u00a0<\/strong>s\u1eed d\u1ee5ng v\u01b0\u1ee3t th\u1eddi gian,\u00a0<strong>ti\u1ebft ki\u1ec7m<\/strong>\u00a0\u0111i\u1ec7n n\u0103ng v\u00e0 c\u00f2n \u0111\u01b0\u1ee3c trang b\u1ecb\u00a0Chip LED RG0\u00a0<strong>lo\u1ea1i b\u1ecf \u00e1nh s\u00e1ng xanh<\/strong>\u00a0g\u00e2y h\u1ea1i,<strong>\u00a0b\u1ea3o v\u1ec7 an to\u00e0n<\/strong>\u00a0s\u1ee9c kh\u1ecfe cho ng\u01b0\u1eddi d\u00f9ng.<\/span><\/p>\n<p>&nbsp;<\/p>\n<div id=\"attachment_11220\" style=\"width: 826px\" class=\"wp-caption aligncenter\"><img fetchpriority=\"high\" decoding=\"async\" aria-describedby=\"caption-attachment-11220\" class=\"wp-image-11220\" src=\"https:\/\/thietbidienlama.com\/wp-content\/uploads\/2024\/10\/Den-Led-am-Tran-Panasonic-9w-1.jpg\" alt=\"\u0110\u00e8n Led \u00c2m Tr\u1ea7n 9w\" width=\"816\" height=\"531\" srcset=\"https:\/\/www.thietbidienlama.com\/wp-content\/uploads\/2024\/10\/Den-Led-am-Tran-Panasonic-9w-1.jpg 1017w, https:\/\/www.thietbidienlama.com\/wp-content\/uploads\/2024\/10\/Den-Led-am-Tran-Panasonic-9w-1-300x195.jpg 300w, https:\/\/www.thietbidienlama.com\/wp-content\/uploads\/2024\/10\/Den-Led-am-Tran-Panasonic-9w-1-768x500.jpg 768w, https:\/\/www.thietbidienlama.com\/wp-content\/uploads\/2024\/10\/Den-Led-am-Tran-Panasonic-9w-1-18x12.jpg 18w, https:\/\/www.thietbidienlama.com\/wp-content\/uploads\/2024\/10\/Den-Led-am-Tran-Panasonic-9w-1-150x98.jpg 150w\" sizes=\"(max-width: 816px) 100vw, 816px\" \/><p id=\"caption-attachment-11220\" class=\"wp-caption-text\"><span style=\"color: #000000;\">\u0110\u00e8n Led \u00c2m Tr\u1ea7n 9w<\/span><\/p><\/div>\n<h2><span style=\"font-size: 14pt;\"><span style=\"color: #000000;\"><strong>Th\u00f4ng tin \u0111\u00e8n LED Panasonic <\/strong><\/span><span style=\"color: #000000;\">9W &#8211; NNP72272 <\/span><span style=\"color: #000000;\">&#8211; Neo Slim Tr\u00f2n<\/span><\/span><\/h2>\n<ul>\n<li><span style=\"color: #000000;\">D\u00f2ng s\u1ea3n ph\u1ea9m: Silm Downlight tr\u00f2n &#8211; CRI: RA80<\/span><\/li>\n<li><span style=\"color: #000000;\">C\u00f4ng su\u1ea5t: 9W<\/span><\/li>\n<li><span style=\"color: #000000;\">Ngu\u1ed3n \u0111i\u1ec7n 220V<\/span><\/li>\n<li><span style=\"color: #000000;\">Tu\u1ed5i th\u1ecd: 20.000 gi\u1edd<\/span><\/li>\n<li><span style=\"color: #000000;\">K\u00edch th\u01b0\u1edbc:\u00a0\u00d8 120mm\/H: 30 mm<\/span><\/li>\n<li><span style=\"color: #000000;\">K\u00edch th\u01b0\u1edbc kho\u00e9t l\u1ed7 :\u00a0\u00d8 100 mm<\/span><\/li>\n<li><span style=\"color: #000000;\">Quang th\u00f4ng : 630 Lm<\/span><\/li>\n<li><span style=\"color: #000000;\">\u00c1nh s\u00e1ng v\u00e0ng 3000K<\/span><\/li>\n<li><span style=\"color: #000000;\">\u0110\u00f3ng g\u00f3i: 10 c\u00e1i\/ th\u00f9ng<\/span><\/li>\n<li><span style=\"color: #000000;\">Xu\u1ea5t x\u1ee9: Indonesia<\/span><\/li>\n<\/ul>","protected":false},"excerpt":{"rendered":"<p>\u0110\u00e8n LED \u00c2m Tr\u1ea7n Panasonic 9W &#8211; NNP72272 &#8211; Neo Slim Tr\u00f2n \u0110\u00e8n LED \u00c2m Tr\u1ea7n Panasonic 9W &#8211; NNP72272<\/p>","protected":false},"featured_media":11386,"comment_status":"closed","ping_status":"closed","template":"","meta":[],"product_brand":[],"product_cat":[502,924,923,731],"product_tag":[730,720,729,686,719,704,728,705,722,706],"class_list":{"0":"post-11219","1":"product","2":"type-product","3":"status-publish","4":"has-post-thumbnail","6":"product_cat-den-chieu-sang","7":"product_cat-den-am-tran-panasonic","8":"product_cat-den-panasonic","9":"product_cat-den-led-panasonic","10":"product_tag-bong-den-downlight-panasonic","11":"product_tag-bong-den-led-am-tran-panasonic","12":"product_tag-bong-den-panasonic-9w","13":"product_tag-den-am-tran-panasonic-9w","14":"product_tag-den-downlight-panasonic","15":"product_tag-den-led-am-tran-panasonic-9w","16":"product_tag-den-led-panasonic-9w","17":"product_tag-gia-den-am-tran-panasonic-9w","18":"product_tag-led-am-tran-panasonic","19":"product_tag-mua-den-am-tran-panasonic-o-dau","21":"first","22":"instock","23":"sale","24":"shipping-taxable","25":"purchasable","26":"product-type-simple"},"_links":{"self":[{"href":"https:\/\/www.thietbidienlama.com\/en\/wp-json\/wp\/v2\/product\/11219","targetHints":{"allow":["GET"]}}],"collection":[{"href":"https:\/\/www.thietbidienlama.com\/en\/wp-json\/wp\/v2\/product"}],"about":[{"href":"https:\/\/www.thietbidienlama.com\/en\/wp-json\/wp\/v2\/types\/product"}],"replies":[{"embeddable":true,"href":"https:\/\/www.thietbidienlama.com\/en\/wp-json\/wp\/v2\/comments?post=11219"}],"version-history":[{"count":5,"href":"https:\/\/www.thietbidienlama.com\/en\/wp-json\/wp\/v2\/product\/11219\/revisions"}],"predecessor-version":[{"id":12919,"href":"https:\/\/www.thietbidienlama.com\/en\/wp-json\/wp\/v2\/product\/11219\/revisions\/12919"}],"wp:featuredmedia":[{"embeddable":true,"href":"https:\/\/www.thietbidienlama.com\/en\/wp-json\/wp\/v2\/media\/11386"}],"wp:attachment":[{"href":"https:\/\/www.thietbidienlama.com\/en\/wp-json\/wp\/v2\/media?parent=11219"}],"wp:term":[{"taxonomy":"product_brand","embeddable":true,"href":"https:\/\/www.thietbidienlama.com\/en\/wp-json\/wp\/v2\/product_brand?post=11219"},{"taxonomy":"product_cat","embeddable":true,"href":"https:\/\/www.thietbidienlama.com\/en\/wp-json\/wp\/v2\/product_cat?post=11219"},{"taxonomy":"product_tag","embeddable":true,"href":"https:\/\/www.thietbidienlama.com\/en\/wp-json\/wp\/v2\/product_tag?post=11219"}],"curies":[{"name":"wp","href":"https:\/\/api.w.org\/{rel}","templated":true}]}}