{"id":11212,"date":"2024-10-22T11:42:22","date_gmt":"2024-10-22T04:42:22","guid":{"rendered":"https:\/\/thietbidienlama.com\/?post_type=product&#038;p=11212"},"modified":"2025-10-30T13:12:53","modified_gmt":"2025-10-30T06:12:53","slug":"mat-3-cong-tac-panasonic","status":"publish","type":"product","link":"https:\/\/www.thietbidienlama.com\/en\/mat-3-cong-tac-panasonic\/","title":{"rendered":"M\u1eb7t 3 C\u00f4ng T\u1eafc Panasonic M\u00e0u Tr\u1eafng WEV68030SW"},"content":{"rendered":"<h2 style=\"text-align: center;\"><span style=\"color: #000000;\">M\u1eb7t 3 C\u00f4ng T\u1eafc Panasonic M\u00e0u Tr\u1eafng WEV68030SW<\/span><\/h2>\n<p style=\"text-align: left;\"><span style=\"font-size: 12pt; color: #000000;\"><strong><span style=\"color: #ff6600;\"><a style=\"color: #ff6600;\" href=\"https:\/\/thietbidienlama.com\/mat-3-cong-tac-panasonic\/\">M\u1eb7t 3 C\u00f4ng T\u1eafc Panasonic<\/a><\/span><\/strong> M\u00e0u Tr\u1eafng WEV68030SW l\u00e0 m\u1eb7t che d\u00f9ng cho 3 thi\u1ebft b\u1ecb \u0111i\u1ec7n (nh\u01b0 c\u00f4ng t\u1eafc, \u1ed5 c\u1eafm) thu\u1ed9c d\u00f2ng Wide Series c\u1ee7a Panasonic, c\u00f3 m\u00e0u tr\u1eafng tr\u01a1n (Snow White)<\/span><\/p>\n<p><img fetchpriority=\"high\" decoding=\"async\" class=\"aligncenter wp-image-11251 size-full\" src=\"http:\/\/thietbidienlama.com\/wp-content\/uploads\/2024\/10\/Mat-3-thiet-Bi-Panasonic-chinh-hang.jpg\" alt=\"M\u1eb7t 3 C\u00f4ng T\u1eafc Panasonic M\u00e0u Tr\u1eafng WEV68030SW\" width=\"301\" height=\"301\" srcset=\"https:\/\/www.thietbidienlama.com\/wp-content\/uploads\/2024\/10\/Mat-3-thiet-Bi-Panasonic-chinh-hang.jpg 301w, https:\/\/www.thietbidienlama.com\/wp-content\/uploads\/2024\/10\/Mat-3-thiet-Bi-Panasonic-chinh-hang-150x150.jpg 150w, https:\/\/www.thietbidienlama.com\/wp-content\/uploads\/2024\/10\/Mat-3-thiet-Bi-Panasonic-chinh-hang-12x12.jpg 12w\" sizes=\"(max-width: 301px) 100vw, 301px\" \/><\/p>\n<h3 class=\"otQkpb\" role=\"heading\" aria-level=\"3\" data-processed=\"true\" data-complete=\"true\"><span style=\"font-size: 14pt; color: #000000;\">Th\u00f4ng s\u1ed1 k\u1ef9 thu\u1eadt<\/span><\/h3>\n<ul class=\"KsbFXc U6u95\" data-complete=\"true\" data-processed=\"true\">\n<li data-hveid=\"CAEIBBAA\" data-complete=\"true\" data-sae=\"\"><span class=\"T286Pc\" style=\"font-size: 12pt; color: #000000;\" data-sfc-cp=\"\" data-complete=\"true\"><strong class=\"Yjhzub\" data-complete=\"true\">M\u00e3 s\u1ea3n ph\u1ea9m:<\/strong>\u00a0WEV68030SW<\/span><\/li>\n<li data-hveid=\"CAEIBBAB\" data-complete=\"true\" data-sae=\"\"><span class=\"T286Pc\" style=\"font-size: 12pt; color: #000000;\" data-sfc-cp=\"\" data-complete=\"true\"><strong class=\"Yjhzub\" data-complete=\"true\">D\u00f2ng s\u1ea3n ph\u1ea9m:<\/strong>\u00a0Wide Series \/ Refina Wide<\/span><\/li>\n<li data-hveid=\"CAEIBBAC\" data-complete=\"true\" data-sae=\"\"><span class=\"T286Pc\" style=\"font-size: 12pt; color: #000000;\" data-sfc-cp=\"\" data-complete=\"true\"><strong class=\"Yjhzub\" data-complete=\"true\">Ch\u1ee7ng lo\u1ea1i:<\/strong>\u00a0M\u1eb7t d\u00f9ng cho 3 thi\u1ebft b\u1ecb (1-Gang 3-Devices)<\/span><\/li>\n<li data-hveid=\"CAEIBBAD\" data-complete=\"true\" data-sae=\"\"><span class=\"T286Pc\" style=\"font-size: 12pt; color: #000000;\" data-sfc-cp=\"\" data-complete=\"true\"><strong class=\"Yjhzub\" data-complete=\"true\">M\u00e0u s\u1eafc:<\/strong>\u00a0Tr\u1eafng (Snow White)<\/span><\/li>\n<li data-hveid=\"CAEIBBAE\" data-complete=\"true\" data-sae=\"\"><span class=\"T286Pc\" style=\"font-size: 12pt; color: #000000;\" data-sfc-cp=\"\" data-complete=\"true\"><strong class=\"Yjhzub\" data-complete=\"true\">Ch\u1ea5t li\u1ec7u:<\/strong>\u00a0Nh\u1ef1a Urea Resin ho\u1eb7c nh\u1ef1a PC\/ABS ch\u1ea5t l\u01b0\u1ee3ng cao, c\u00f3 kh\u1ea3 n\u0103ng ch\u1ed1ng ch\u00e1y, ch\u1ecbu nhi\u1ec7t v\u00e0 ch\u1ed1ng \u0103n m\u00f2n.<\/span><\/li>\n<li data-hveid=\"CAEIBBAF\" data-complete=\"true\" data-sae=\"\"><span class=\"T286Pc\" style=\"font-size: 12pt; color: #000000;\" data-sfc-cp=\"\" data-complete=\"true\"><strong class=\"Yjhzub\" data-complete=\"true\">K\u00edch th\u01b0\u1edbc:<\/strong>\u00a0Theo ti\u00eau chu\u1ea9n c\u1ee7a d\u00f2ng Wide Series.<\/span><\/li>\n<li data-hveid=\"CAEIBBAG\" data-complete=\"true\" data-sae=\"\"><span style=\"font-size: 12pt; color: #000000;\"><span class=\"T286Pc\" data-sfc-cp=\"\" data-complete=\"true\"><strong class=\"Yjhzub\" data-complete=\"true\">Quy c\u00e1ch \u0111\u00f3ng g\u00f3i:<\/strong>\u00a010 c\u00e1i\/h\u1ed9p, 200 c\u00e1i\/th\u00f9ng (t\u00f9y thu\u1ed9c nh\u00e0 cung c\u1ea5p).<\/span><\/span><\/li>\n<\/ul>\n<p class=\"Fsg96\" data-complete=\"true\" data-processed=\"true\">\n<h3 class=\"otQkpb\" role=\"heading\" aria-level=\"3\" data-complete=\"true\" data-processed=\"true\"><span style=\"font-size: 14pt; color: #000000;\">\u0110\u1eb7c \u0111i\u1ec3m n\u1ed5i b\u1eadt<\/span><\/h3>\n<ul class=\"KsbFXc U6u95\" data-complete=\"true\" data-processed=\"true\">\n<li data-hveid=\"CAEIBhAA\" data-complete=\"true\" data-sae=\"\"><span class=\"T286Pc\" style=\"font-size: 12pt; color: #000000;\" data-sfc-cp=\"\" data-complete=\"true\"><strong class=\"Yjhzub\" data-complete=\"true\">Thi\u1ebft k\u1ebf \u0111\u01a1n gi\u1ea3n, hi\u1ec7n \u0111\u1ea1i:<\/strong>\u00a0V\u1edbi m\u00e0u tr\u1eafng thanh l\u1ecbch, m\u1eb7t che WEV68030SW ph\u00f9 h\u1ee3p v\u1edbi nhi\u1ec1u phong c\u00e1ch n\u1ed9i th\u1ea5t kh\u00e1c nhau.<\/span><\/li>\n<li data-hveid=\"CAEIBhAB\" data-complete=\"true\" data-sae=\"\"><span class=\"T286Pc\" style=\"font-size: 12pt; color: #000000;\" data-sfc-cp=\"\" data-complete=\"true\"><strong class=\"Yjhzub\" data-complete=\"true\">\u0110\u1ed9 b\u1ec1n cao:<\/strong>\u00a0Ch\u1ea5t li\u1ec7u nh\u1ef1a cao c\u1ea5p gi\u00fap s\u1ea3n ph\u1ea9m ch\u1ed1ng va \u0111\u1eadp, ch\u1ecbu nhi\u1ec7t t\u1ed1t, kh\u00f4ng b\u1ecb \u1ed1 v\u00e0ng theo th\u1eddi gian.<\/span><\/li>\n<li data-hveid=\"CAEIBhAC\" data-complete=\"true\" data-sae=\"\"><span class=\"T286Pc\" style=\"font-size: 12pt; color: #000000;\" data-sfc-cp=\"\" data-complete=\"true\"><strong class=\"Yjhzub\" data-complete=\"true\">An to\u00e0n v\u00e0 d\u1ec5 d\u00e0ng l\u1eafp \u0111\u1eb7t:<\/strong>\u00a0Gi\u00fap b\u1ea3o v\u1ec7 c\u00e1c thi\u1ebft b\u1ecb \u0111i\u1ec7n b\u00ean trong kh\u1ecfi b\u1ee5i b\u1ea9n, \u0111\u1ed9 \u1ea9m v\u00e0 c\u00e1c t\u00e1c \u0111\u1ed9ng b\u00ean ngo\u00e0i. S\u1ea3n ph\u1ea9m d\u1ec5 d\u00e0ng l\u1eafp \u0111\u1eb7t v\u00e0o \u0111\u1ebf \u00e2m ho\u1eb7c \u0111\u1ebf n\u1ed5i chuy\u00ean d\u1ee5ng.<\/span><\/li>\n<li data-hveid=\"CAEIBhAD\" data-complete=\"true\" data-sae=\"\"><span class=\"T286Pc\" style=\"font-size: 12pt; color: #000000;\" data-sfc-cp=\"\" data-complete=\"true\"><strong class=\"Yjhzub\" data-complete=\"true\">Linh ho\u1ea1t trong s\u1eed d\u1ee5ng:<\/strong>\u00a0C\u00f3 th\u1ec3 k\u1ebft h\u1ee3p v\u1edbi 3 c\u00f4ng t\u1eafc \u0111\u01a1n, ho\u1eb7c c\u00e1c lo\u1ea1i \u1ed5 c\u1eafm, c\u00f4ng t\u1eafc thu\u1ed9c d\u00f2ng Wide Series.<\/span><\/li>\n<\/ul>\n<p>&nbsp;<\/p>\n<p class=\"Y3BBE\" data-hveid=\"CAEICBAA\" data-complete=\"true\" data-processed=\"true\"><span style=\"font-size: 12pt; color: #000000;\"><strong>LI\u00caN H\u1ec6 : Hotline: 0935 228 204 ( Ms Lam )<\/strong><\/span><\/p>\n<p><span style=\"font-size: 12pt; color: #000000;\"><strong>Facebook:\u00a0<span style=\"color: #ff6600;\"><a style=\"color: #ff6600;\" href=\"https:\/\/www.facebook.com\/thietbidienlama\" target=\"_blank\" rel=\"noopener\">THI\u1ebeT\u00a0B\u1eca \u0110I\u1ec6N LAMA<\/a><\/span><\/strong><\/span><\/p>\n<p><span style=\"font-size: 12pt; color: #000000;\"><strong>Tiktok:\u00a0<span style=\"color: #ff6600;\"><a style=\"color: #ff6600;\" href=\"https:\/\/www.tiktok.com\/@thietbidienlama\" target=\"_blank\" rel=\"noopener\">THI\u1ebeT\u00a0B\u1eca \u0110I\u1ec6N LAMA<\/a><\/span><\/strong><\/span><\/p>","protected":false},"excerpt":{"rendered":"<p>M\u1eb7t 3 C\u00f4ng T\u1eafc Panasonic M\u00e0u Tr\u1eafng WEV68030SW M\u1eb7t 3 C\u00f4ng T\u1eafc Panasonic M\u00e0u Tr\u1eafng WEV68030SW l\u00e0 m\u1eb7t che d\u00f9ng<\/p>","protected":false},"featured_media":11251,"comment_status":"closed","ping_status":"closed","template":"","meta":[],"product_brand":[],"product_cat":[954,911],"product_tag":[703],"class_list":{"0":"post-11212","1":"product","2":"type-product","3":"status-publish","4":"has-post-thumbnail","6":"product_cat-mat-cong-tac-panasonic","7":"product_cat-mat-panasonic","8":"product_tag-mat-3-cong-tac-panasoic","10":"first","11":"instock","12":"sale","13":"shipping-taxable","14":"purchasable","15":"product-type-simple"},"_links":{"self":[{"href":"https:\/\/www.thietbidienlama.com\/en\/wp-json\/wp\/v2\/product\/11212","targetHints":{"allow":["GET"]}}],"collection":[{"href":"https:\/\/www.thietbidienlama.com\/en\/wp-json\/wp\/v2\/product"}],"about":[{"href":"https:\/\/www.thietbidienlama.com\/en\/wp-json\/wp\/v2\/types\/product"}],"replies":[{"embeddable":true,"href":"https:\/\/www.thietbidienlama.com\/en\/wp-json\/wp\/v2\/comments?post=11212"}],"version-history":[{"count":3,"href":"https:\/\/www.thietbidienlama.com\/en\/wp-json\/wp\/v2\/product\/11212\/revisions"}],"predecessor-version":[{"id":13451,"href":"https:\/\/www.thietbidienlama.com\/en\/wp-json\/wp\/v2\/product\/11212\/revisions\/13451"}],"wp:featuredmedia":[{"embeddable":true,"href":"https:\/\/www.thietbidienlama.com\/en\/wp-json\/wp\/v2\/media\/11251"}],"wp:attachment":[{"href":"https:\/\/www.thietbidienlama.com\/en\/wp-json\/wp\/v2\/media?parent=11212"}],"wp:term":[{"taxonomy":"product_brand","embeddable":true,"href":"https:\/\/www.thietbidienlama.com\/en\/wp-json\/wp\/v2\/product_brand?post=11212"},{"taxonomy":"product_cat","embeddable":true,"href":"https:\/\/www.thietbidienlama.com\/en\/wp-json\/wp\/v2\/product_cat?post=11212"},{"taxonomy":"product_tag","embeddable":true,"href":"https:\/\/www.thietbidienlama.com\/en\/wp-json\/wp\/v2\/product_tag?post=11212"}],"curies":[{"name":"wp","href":"https:\/\/api.w.org\/{rel}","templated":true}]}}