{"id":11198,"date":"2024-10-22T08:40:30","date_gmt":"2024-10-22T01:40:30","guid":{"rendered":"https:\/\/thietbidienlama.com\/?post_type=product&#038;p=11198"},"modified":"2025-10-30T12:17:12","modified_gmt":"2025-10-30T05:17:12","slug":"mat-1-thiet-bi-panasonic","status":"publish","type":"product","link":"https:\/\/www.thietbidienlama.com\/en\/mat-1-thiet-bi-panasonic\/","title":{"rendered":"M\u1eb7t 1 Thi\u1ebft B\u1ecb Panasonic M\u00e0u Tr\u1eafng WEV68010SW"},"content":{"rendered":"<h2 style=\"text-align: center;\">M\u1eb7t 1 Thi\u1ebft B\u1ecb Panasonic M\u00e0u Tr\u1eafng WEV68010SW<\/h2>\n<p><span style=\"color: #000000;\"><span style=\"color: #ff6600;\"><strong><a style=\"color: #ff6600;\" href=\"https:\/\/thietbidienlama.com\/mat-1-thiet-bi-panasonic\/\">M\u1eb7t 1 thi\u1ebft b\u1ecb Panasonic<\/a><\/strong><\/span> Wide l\u00e0 lo\u1ea1i m\u1eb7t n\u1ea1 panasonic d\u00e0nh cho c\u00f4ng t\u1eafc \u1ed5 c\u1eafm v\u1edbi m\u1ee5c \u0111\u00edch l\u00e0m m\u1eb7t che cho c\u00e1c c\u00f4ng t\u1eafc s\u1eed d\u1ee5ng v\u00e0 \u1ed5 c\u1eafm \u0111i\u1ec7n \u0111\u1ebfn t\u1eeb panasonic. S\u1ea3n ph\u1ea9m c\u00f3 thi\u1ebft k\u1ebf nh\u1ecf g\u1ecdn v\u1edbi gam m\u00e0u tr\u1eafng \u00e1nh kim hi\u1ec7n \u0111\u1ea1i v\u00e0 ti\u1ec7n l\u1ee3i mang \u0111\u1ebfn cho m\u1ed9t kh\u00f4ng gian th\u1ea9m m\u1ef9, hi\u1ec7n \u0111\u1ea1i cho b\u1ea1n.<\/span><\/p>\n<p><img fetchpriority=\"high\" decoding=\"async\" class=\"aligncenter wp-image-11248 size-medium\" src=\"http:\/\/thietbidienlama.com\/wp-content\/uploads\/2024\/10\/mat-na-1-thiet-bi-panasonic-chinh-hang-300x300.jpg\" alt=\"M\u1eb7t 1 Thi\u1ebft B\u1ecb Panasonic M\u00e0u Tr\u1eafng\" width=\"300\" height=\"300\" srcset=\"https:\/\/www.thietbidienlama.com\/wp-content\/uploads\/2024\/10\/mat-na-1-thiet-bi-panasonic-chinh-hang-300x300.jpg 300w, https:\/\/www.thietbidienlama.com\/wp-content\/uploads\/2024\/10\/mat-na-1-thiet-bi-panasonic-chinh-hang-150x150.jpg 150w, https:\/\/www.thietbidienlama.com\/wp-content\/uploads\/2024\/10\/mat-na-1-thiet-bi-panasonic-chinh-hang-12x12.jpg 12w, https:\/\/www.thietbidienlama.com\/wp-content\/uploads\/2024\/10\/mat-na-1-thiet-bi-panasonic-chinh-hang.jpg 400w\" sizes=\"(max-width: 300px) 100vw, 300px\" \/><\/p>\n<h3 class=\"otQkpb\" role=\"heading\" aria-level=\"3\" data-complete=\"true\" data-processed=\"true\"><span style=\"font-size: 14pt; color: #000000;\">Th\u00f4ng s\u1ed1 k\u1ef9 thu\u1eadt<\/span><\/h3>\n<ul class=\"KsbFXc U6u95\" data-complete=\"true\" data-processed=\"true\">\n<li data-hveid=\"CAEIBBAA\" data-complete=\"true\" data-sae=\"\"><span class=\"T286Pc\" style=\"font-size: 12pt; color: #000000;\" data-sfc-cp=\"\" data-complete=\"true\"><strong class=\"Yjhzub\" data-complete=\"true\">M\u00e3 s\u1ea3n ph\u1ea9m:<\/strong>\u00a0WEV68010SW<\/span><\/li>\n<li data-hveid=\"CAEIBBAB\" data-complete=\"true\" data-sae=\"\"><span class=\"T286Pc\" style=\"font-size: 12pt; color: #000000;\" data-sfc-cp=\"\" data-complete=\"true\"><strong class=\"Yjhzub\" data-complete=\"true\">Th\u01b0\u01a1ng hi\u1ec7u:<\/strong>\u00a0Panasonic<\/span><\/li>\n<li data-hveid=\"CAEIBBAC\" data-complete=\"true\" data-sae=\"\"><span class=\"T286Pc\" style=\"font-size: 12pt; color: #000000;\" data-sfc-cp=\"\" data-complete=\"true\"><strong class=\"Yjhzub\" data-complete=\"true\">D\u00f2ng s\u1ea3n ph\u1ea9m:<\/strong>\u00a0Wide Series<\/span><\/li>\n<li data-hveid=\"CAEIBBAD\" data-complete=\"true\" data-sae=\"\"><span class=\"T286Pc\" style=\"font-size: 12pt; color: #000000;\" data-sfc-cp=\"\" data-complete=\"true\"><strong class=\"Yjhzub\" data-complete=\"true\">Ch\u1ee7ng lo\u1ea1i:<\/strong>\u00a0M\u1eb7t d\u00f9ng cho 1 thi\u1ebft b\u1ecb<\/span><\/li>\n<li data-hveid=\"CAEIBBAE\" data-complete=\"true\" data-sae=\"\"><span class=\"T286Pc\" style=\"font-size: 12pt; color: #000000;\" data-sfc-cp=\"\" data-complete=\"true\"><strong class=\"Yjhzub\" data-complete=\"true\">M\u00e0u s\u1eafc:<\/strong>\u00a0Tr\u1eafng<\/span><\/li>\n<li data-hveid=\"CAEIBBAF\" data-complete=\"true\" data-sae=\"\"><span class=\"T286Pc\" style=\"font-size: 12pt; color: #000000;\" data-sfc-cp=\"\" data-complete=\"true\"><strong class=\"Yjhzub\" data-complete=\"true\">Ch\u1ea5t li\u1ec7u:<\/strong>\u00a0Nh\u1ef1a PC\/ABS cao c\u1ea5p<\/span><\/li>\n<li data-hveid=\"CAEIBBAG\" data-complete=\"true\" data-sae=\"\"><span class=\"T286Pc\" style=\"font-size: 12pt; color: #000000;\" data-sfc-cp=\"\" data-complete=\"true\"><strong class=\"Yjhzub\" data-complete=\"true\">Ti\u00eau chu\u1ea9n:<\/strong>\u00a0S\u1ea3n xu\u1ea5t theo ti\u00eau chu\u1ea9n qu\u1ed1c t\u1ebf<\/span><\/li>\n<li data-hveid=\"CAEIBBAH\" data-complete=\"true\" data-sae=\"\"><span style=\"font-size: 12pt; color: #000000;\"><span class=\"T286Pc\" data-sfc-cp=\"\" data-complete=\"true\"><strong class=\"Yjhzub\" data-complete=\"true\">S\u1ed1 l\u01b0\u1ee3ng \u0111\u00f3ng g\u00f3i:<\/strong>\u00a010 c\u00e1i\/h\u1ed9p (t\u00f9y thu\u1ed9c nh\u00e0 cung c\u1ea5p)<\/span><\/span><\/li>\n<\/ul>\n<p class=\"Fsg96\" data-complete=\"true\" data-processed=\"true\">\n<h3 class=\"otQkpb\" role=\"heading\" aria-level=\"3\" data-processed=\"true\" data-complete=\"true\"><span style=\"font-size: 14pt; color: #000000;\">\u0110\u1eb7c \u0111i\u1ec3m n\u1ed5i b\u1eadt<\/span><\/h3>\n<ul class=\"KsbFXc U6u95\" data-complete=\"true\" data-processed=\"true\">\n<li data-hveid=\"CAEIBhAA\" data-complete=\"true\" data-sae=\"\"><span class=\"T286Pc\" style=\"font-size: 12pt; color: #000000;\" data-sfc-cp=\"\" data-complete=\"true\"><strong class=\"Yjhzub\" data-complete=\"true\">Thi\u1ebft k\u1ebf hi\u1ec7n \u0111\u1ea1i:<\/strong>\u00a0M\u1eb7t che c\u00f3 thi\u1ebft k\u1ebf \u0111\u01a1n gi\u1ea3n, tinh t\u1ebf, m\u00e0u tr\u1eafng thanh l\u1ecbch, ph\u00f9 h\u1ee3p v\u1edbi nhi\u1ec1u phong c\u00e1ch ki\u1ebfn tr\u00fac.<\/span><\/li>\n<li data-hveid=\"CAEIBhAB\" data-complete=\"true\" data-sae=\"\"><span class=\"T286Pc\" style=\"font-size: 12pt; color: #000000;\" data-sfc-cp=\"\" data-complete=\"true\"><strong class=\"Yjhzub\" data-complete=\"true\">Ch\u1ea5t li\u1ec7u cao c\u1ea5p:<\/strong>\u00a0S\u1ea3n ph\u1ea9m \u0111\u01b0\u1ee3c l\u00e0m t\u1eeb nh\u1ef1a PC\/ABS c\u00f3 \u0111\u1ed9 b\u1ec1n cao, ch\u1ecbu nhi\u1ec7t t\u1ed1t v\u00e0 ch\u1ed1ng va \u0111\u1eadp, \u0111\u1ea3m b\u1ea3o an to\u00e0n cho ng\u01b0\u1eddi s\u1eed d\u1ee5ng.<\/span><\/li>\n<li data-hveid=\"CAEIBhAC\" data-complete=\"true\" data-sae=\"\"><span class=\"T286Pc\" style=\"font-size: 12pt; color: #000000;\" data-sfc-cp=\"\" data-complete=\"true\"><strong class=\"Yjhzub\" data-complete=\"true\">Ch\u1ed1ng tr\u1ea7y x\u01b0\u1edbc:<\/strong>\u00a0B\u1ec1 m\u1eb7t \u0111\u01b0\u1ee3c x\u1eed l\u00fd \u0111\u1eb7c bi\u1ec7t gi\u00fap ch\u1ed1ng tr\u1ea7y x\u01b0\u1edbc v\u00e0 b\u00e1m b\u1ea9n, d\u1ec5 d\u00e0ng lau ch\u00f9i, gi\u1eef cho s\u1ea3n ph\u1ea9m lu\u00f4n m\u1edbi.<\/span><\/li>\n<li data-hveid=\"CAEIBhAD\" data-complete=\"true\" data-sae=\"\"><span class=\"T286Pc\" style=\"font-size: 12pt; color: #000000;\" data-sfc-cp=\"\" data-complete=\"true\"><strong class=\"Yjhzub\" data-complete=\"true\">D\u1ec5 d\u00e0ng l\u1eafp \u0111\u1eb7t:<\/strong>\u00a0Thi\u1ebft k\u1ebf nh\u1ecf g\u1ecdn, d\u1ec5 d\u00e0ng l\u1eafp \u0111\u1eb7t cho c\u00e1c c\u00f4ng t\u1eafc ho\u1eb7c \u1ed5 c\u1eafm \u0111\u01a1n trong h\u1ec7 th\u1ed1ng \u0111i\u1ec7n \u00e2m t\u01b0\u1eddng ho\u1eb7c l\u1eafp n\u1ed5i.<\/span><\/li>\n<\/ul>\n<p><img decoding=\"async\" class=\"aligncenter wp-image-11176\" src=\"https:\/\/thietbidienlama.com\/wp-content\/uploads\/2024\/10\/cac-loai-cong-tac-1-chieu-Panasonic.jpg\" alt=\"M\u1eb7t 1 Thi\u1ebft B\u1ecb Panasonic\" width=\"832\" height=\"581\" srcset=\"https:\/\/www.thietbidienlama.com\/wp-content\/uploads\/2024\/10\/cac-loai-cong-tac-1-chieu-Panasonic.jpg 1046w, https:\/\/www.thietbidienlama.com\/wp-content\/uploads\/2024\/10\/cac-loai-cong-tac-1-chieu-Panasonic-300x210.jpg 300w, https:\/\/www.thietbidienlama.com\/wp-content\/uploads\/2024\/10\/cac-loai-cong-tac-1-chieu-Panasonic-1024x716.jpg 1024w, https:\/\/www.thietbidienlama.com\/wp-content\/uploads\/2024\/10\/cac-loai-cong-tac-1-chieu-Panasonic-768x537.jpg 768w, https:\/\/www.thietbidienlama.com\/wp-content\/uploads\/2024\/10\/cac-loai-cong-tac-1-chieu-Panasonic-18x12.jpg 18w, https:\/\/www.thietbidienlama.com\/wp-content\/uploads\/2024\/10\/cac-loai-cong-tac-1-chieu-Panasonic-150x105.jpg 150w\" sizes=\"(max-width: 832px) 100vw, 832px\" \/><\/p>\n<p class=\"Y3BBE\" data-hveid=\"CAEICBAA\" data-complete=\"true\" data-processed=\"true\"><span style=\"font-size: 12pt; color: #000000;\"><strong>LI\u00caN H\u1ec6 : Hotline: 0935 228 204 ( Ms Lam )<\/strong><\/span><\/p>\n<p><span style=\"font-size: 12pt; color: #000000;\"><strong>Facebook:\u00a0<span style=\"color: #ff6600;\"><a style=\"color: #ff6600;\" href=\"https:\/\/www.facebook.com\/thietbidienlama\" target=\"_blank\" rel=\"noopener\">THI\u1ebeT\u00a0B\u1eca \u0110I\u1ec6N LAMA<\/a><\/span><\/strong><\/span><\/p>\n<p><span style=\"font-size: 12pt; color: #000000;\"><strong>Tiktok:\u00a0<span style=\"color: #ff6600;\"><a style=\"color: #ff6600;\" href=\"https:\/\/www.tiktok.com\/@thietbidienlama\" target=\"_blank\" rel=\"noopener\">THI\u1ebeT\u00a0B\u1eca \u0110I\u1ec6N LAMA<\/a><\/span><\/strong><\/span><\/p>","protected":false},"excerpt":{"rendered":"<p>M\u1eb7t 1 Thi\u1ebft B\u1ecb Panasonic M\u00e0u Tr\u1eafng WEV68010SW M\u1eb7t 1 thi\u1ebft b\u1ecb Panasonic Wide l\u00e0 lo\u1ea1i m\u1eb7t n\u1ea1 panasonic d\u00e0nh<\/p>","protected":false},"featured_media":11248,"comment_status":"closed","ping_status":"closed","template":"","meta":[],"product_brand":[],"product_cat":[911,954],"product_tag":[700],"class_list":{"0":"post-11198","1":"product","2":"type-product","3":"status-publish","4":"has-post-thumbnail","6":"product_cat-mat-panasonic","7":"product_cat-mat-cong-tac-panasonic","8":"product_tag-mat-1-thiet-bi-panasonic","10":"first","11":"instock","12":"sale","13":"shipping-taxable","14":"purchasable","15":"product-type-simple"},"_links":{"self":[{"href":"https:\/\/www.thietbidienlama.com\/en\/wp-json\/wp\/v2\/product\/11198","targetHints":{"allow":["GET"]}}],"collection":[{"href":"https:\/\/www.thietbidienlama.com\/en\/wp-json\/wp\/v2\/product"}],"about":[{"href":"https:\/\/www.thietbidienlama.com\/en\/wp-json\/wp\/v2\/types\/product"}],"replies":[{"embeddable":true,"href":"https:\/\/www.thietbidienlama.com\/en\/wp-json\/wp\/v2\/comments?post=11198"}],"version-history":[{"count":4,"href":"https:\/\/www.thietbidienlama.com\/en\/wp-json\/wp\/v2\/product\/11198\/revisions"}],"predecessor-version":[{"id":13446,"href":"https:\/\/www.thietbidienlama.com\/en\/wp-json\/wp\/v2\/product\/11198\/revisions\/13446"}],"wp:featuredmedia":[{"embeddable":true,"href":"https:\/\/www.thietbidienlama.com\/en\/wp-json\/wp\/v2\/media\/11248"}],"wp:attachment":[{"href":"https:\/\/www.thietbidienlama.com\/en\/wp-json\/wp\/v2\/media?parent=11198"}],"wp:term":[{"taxonomy":"product_brand","embeddable":true,"href":"https:\/\/www.thietbidienlama.com\/en\/wp-json\/wp\/v2\/product_brand?post=11198"},{"taxonomy":"product_cat","embeddable":true,"href":"https:\/\/www.thietbidienlama.com\/en\/wp-json\/wp\/v2\/product_cat?post=11198"},{"taxonomy":"product_tag","embeddable":true,"href":"https:\/\/www.thietbidienlama.com\/en\/wp-json\/wp\/v2\/product_tag?post=11198"}],"curies":[{"name":"wp","href":"https:\/\/api.w.org\/{rel}","templated":true}]}}