{"id":11197,"date":"2024-10-21T16:28:33","date_gmt":"2024-10-21T09:28:33","guid":{"rendered":"https:\/\/thietbidienlama.com\/?post_type=product&#038;p=11197"},"modified":"2025-12-02T16:27:25","modified_gmt":"2025-12-02T09:27:25","slug":"o-cam-doi-panasonic","status":"publish","type":"product","link":"https:\/\/www.thietbidienlama.com\/en\/o-cam-doi-panasonic\/","title":{"rendered":"\u1ed4 C\u1eafm \u0110\u00f4i Panasonic WEV1582SW\/ WEV1582-7SW C\u00f3 M\u00e0n Che"},"content":{"rendered":"<p style=\"text-align: center;\"><span style=\"color: #000000;\"><strong><span style=\"font-size: 12pt;\">\u1ed4 C\u1eafm \u0110\u00f4i Panasonic WEV1582SW\/ WEV1582-7SW C\u00f3 M\u00e0n Che\u00a0<\/span><\/strong><\/span><\/p>\n<p><span style=\"color: #000000; font-size: 12pt;\">\u1ed4 c\u1eafm \u0111\u00f4i panasonic d\u00f2ng wide 3 ch\u1ea5u \u0111\u01b0\u1ee3c thi\u1ebft k\u1ebf m\u00e0u tr\u1eafng, s\u1eed d\u1ee5ng cho nhi\u1ec1u m\u1ee5c \u0111\u00edch kh\u00e1c nhau. C\u00f3 \u0111\u1ed9 an to\u00e0n cao d\u00e2y n\u1ed1i \u0111\u1ea5t, th\u00e2n thi\u1ec7n v\u1edbi ng\u01b0\u1eddi s\u1eed d\u1ee5ng, s\u1ea3n ph\u1ea9m \u0111\u1ea1t ch\u1ea5t l\u01b0\u1ee3ng ti\u00eau chu\u1ea9n JIS Nh\u1eadt B\u1ea3n n\u00ean c\u00f3 \u0111\u1ed9 b\u1ec1n cao v\u00e0 t\u0103ng tu\u1ed5i th\u1ecd.<\/span><\/p>\n<div id=\"attachment_11200\" style=\"width: 807px\" class=\"wp-caption aligncenter\"><img fetchpriority=\"high\" decoding=\"async\" aria-describedby=\"caption-attachment-11200\" class=\"wp-image-11200\" src=\"https:\/\/thietbidienlama.com\/wp-content\/uploads\/2024\/10\/thong-so-ky-thuat-o-cam-doi-panasonic.jpg\" alt=\"Th\u00f4ng S\u1ed1 K\u1ef9 Thu\u1eadt \u1ed4 C\u1eafm \u0110\u00f4i Panasonic\" width=\"797\" height=\"492\" srcset=\"https:\/\/www.thietbidienlama.com\/wp-content\/uploads\/2024\/10\/thong-so-ky-thuat-o-cam-doi-panasonic.jpg 1029w, https:\/\/www.thietbidienlama.com\/wp-content\/uploads\/2024\/10\/thong-so-ky-thuat-o-cam-doi-panasonic-300x185.jpg 300w, https:\/\/www.thietbidienlama.com\/wp-content\/uploads\/2024\/10\/thong-so-ky-thuat-o-cam-doi-panasonic-1024x632.jpg 1024w, https:\/\/www.thietbidienlama.com\/wp-content\/uploads\/2024\/10\/thong-so-ky-thuat-o-cam-doi-panasonic-768x474.jpg 768w, https:\/\/www.thietbidienlama.com\/wp-content\/uploads\/2024\/10\/thong-so-ky-thuat-o-cam-doi-panasonic-18x12.jpg 18w, https:\/\/www.thietbidienlama.com\/wp-content\/uploads\/2024\/10\/thong-so-ky-thuat-o-cam-doi-panasonic-150x93.jpg 150w\" sizes=\"(max-width: 797px) 100vw, 797px\" \/><p id=\"caption-attachment-11200\" class=\"wp-caption-text\"><span style=\"color: #000000;\">Th\u00f4ng S\u1ed1 K\u1ef9 Thu\u1eadt \u1ed4 C\u1eafm \u0110\u00f4i Panasonic<\/span><\/p><\/div>\n<p><span style=\"font-size: 14pt;\"><strong><span style=\"color: #000000;\">C\u00e1ch ph\u00e2n bi\u1ec7t h\u00e0ng th\u1eadt v\u00e0 h\u00e0ng gi\u1ea3.<\/span><\/strong><\/span><\/p>\n<p><span style=\"color: #000000;\">Panasonic l\u00e0 th\u01b0\u01a1ng hi\u1ec7u \u0111\u01b0\u1ee3c nhi\u1ec1u ng\u01b0\u1eddi ti\u00eau d\u00f9ng \u01b0u ti\u00ean l\u1ef1a ch\u1ecdn s\u1eed d\u1ee5ng nhi\u1ec1u nh\u1ea5t n\u00ean t\u1ef7 l\u1ec7 s\u1ea3n ph\u1ea9m gi\u1ea3, kh\u00f4ng ch\u00ednh h\u00e3ng th\u01b0\u1eddng tr\u00f4i n\u1ed5i tr\u00ean th\u1ecb tr\u01b0\u1eddng. \u0110\u1ec3 an t\u00e2m h\u01a1n ng\u01b0\u1eddi mua h\u00e0ng ch\u00fang ta n\u00ean l\u01b0u \u00fd 1 s\u1ed1 v\u1ea5n \u0111\u1ec1 sau \u0111\u00e2y :<\/span><\/p>\n<ul>\n<li><span style=\"color: #000000;\">Gi\u00e1 r\u1ebb b\u1ea5t th\u01b0\u1eddng.<\/span><\/li>\n<li><span style=\"color: #000000;\">Th\u00f4ng s\u1ed1 k\u1ef9 thu\u1eadt kh\u00f4ng r\u00f5 r\u00e0ng.<\/span><\/li>\n<li><span style=\"color: #000000;\">Bao b\u00ec in m\u1edd ho\u1eb7c kh\u00f4ng r\u00f5 r\u00e0ng.<\/span><\/li>\n<li><span style=\"color: #000000;\">Kh\u00f4ng c\u00f3 ch\u1ebf \u0111\u1ed9 b\u1ea3o h\u00e0nh.<\/span><\/li>\n<\/ul>\n<p><span style=\"color: #000000;\">V\u00ec th\u1ebf h\u00e3y l\u1ef1a ch\u1ecdn m\u1ed9t \u0111\u01a1n v\u1ecb nh\u00e0 ph\u00e2n ph\u1ed1i h\u00e0ng uy t\u00edn \u0111\u1ec3 c\u00f3 th\u1ec3 mua \u0111\u01b0\u1ee3c s\u1ea3n ph\u1ea9m ch\u1ea5t l\u01b0\u1ee3ng t\u1ed1t, ch\u00ednh h\u00e3ng, \u0111\u1ea3m b\u1ea3o gi\u1ea5y t\u1edd v\u00e0 uy t\u00edn cho ng\u01b0\u1eddi s\u1eed d\u1ee5ng.<\/span><\/p>","protected":false},"excerpt":{"rendered":"<p>\u1ed4 C\u1eafm \u0110\u00f4i Panasonic WEV1582SW\/ WEV1582-7SW C\u00f3 M\u00e0n Che\u00a0 \u1ed4 c\u1eafm \u0111\u00f4i panasonic d\u00f2ng wide 3 ch\u1ea5u \u0111\u01b0\u1ee3c thi\u1ebft k\u1ebf<\/p>","protected":false},"featured_media":11243,"comment_status":"closed","ping_status":"closed","template":"","meta":[],"product_brand":[],"product_cat":[562,836,860,501,804],"product_tag":[749,752,698,753,699,754,746,755,758,697,747,748,757,756],"class_list":{"0":"post-11197","1":"product","2":"type-product","3":"status-publish","4":"has-post-thumbnail","6":"product_cat-thiet-bi-dien-panasonic","7":"product_cat-cong-tac-o-cam-wide","8":"product_cat-o-cam-panasonic","9":"product_cat-thiet-bi-dien","10":"product_cat-cong-tac-o-cam-panasonic","11":"product_tag-gia-o-cam-dien-panasonic","12":"product_tag-gia-o-cam-doi-3-chau-panasonic","13":"product_tag-gia-o-cam-doi-panasonic","14":"product_tag-hat-o-cam-panasonic","15":"product_tag-mua-o-cam-doi-panasonic-o-dau","16":"product_tag-o-cam-3-chau-panasonic","17":"product_tag-o-cam-dien-panasonic","18":"product_tag-o-cam-doi-3-chau-panasonic","19":"product_tag-o-cam-doi-3-chau-panasonic-wev1582sw","20":"product_tag-o-cam-doi-panasonic","21":"product_tag-o-cam-panasonic","22":"product_tag-o-cam-panasonic-wide","23":"product_tag-o-doi-3-chau-panasonic","24":"product_tag-panasonic-wev1582sw","26":"first","27":"instock","28":"sale","29":"shipping-taxable","30":"purchasable","31":"product-type-simple"},"_links":{"self":[{"href":"https:\/\/www.thietbidienlama.com\/en\/wp-json\/wp\/v2\/product\/11197","targetHints":{"allow":["GET"]}}],"collection":[{"href":"https:\/\/www.thietbidienlama.com\/en\/wp-json\/wp\/v2\/product"}],"about":[{"href":"https:\/\/www.thietbidienlama.com\/en\/wp-json\/wp\/v2\/types\/product"}],"replies":[{"embeddable":true,"href":"https:\/\/www.thietbidienlama.com\/en\/wp-json\/wp\/v2\/comments?post=11197"}],"version-history":[{"count":6,"href":"https:\/\/www.thietbidienlama.com\/en\/wp-json\/wp\/v2\/product\/11197\/revisions"}],"predecessor-version":[{"id":11416,"href":"https:\/\/www.thietbidienlama.com\/en\/wp-json\/wp\/v2\/product\/11197\/revisions\/11416"}],"wp:featuredmedia":[{"embeddable":true,"href":"https:\/\/www.thietbidienlama.com\/en\/wp-json\/wp\/v2\/media\/11243"}],"wp:attachment":[{"href":"https:\/\/www.thietbidienlama.com\/en\/wp-json\/wp\/v2\/media?parent=11197"}],"wp:term":[{"taxonomy":"product_brand","embeddable":true,"href":"https:\/\/www.thietbidienlama.com\/en\/wp-json\/wp\/v2\/product_brand?post=11197"},{"taxonomy":"product_cat","embeddable":true,"href":"https:\/\/www.thietbidienlama.com\/en\/wp-json\/wp\/v2\/product_cat?post=11197"},{"taxonomy":"product_tag","embeddable":true,"href":"https:\/\/www.thietbidienlama.com\/en\/wp-json\/wp\/v2\/product_tag?post=11197"}],"curies":[{"name":"wp","href":"https:\/\/api.w.org\/{rel}","templated":true}]}}