{"id":11193,"date":"2024-10-21T09:54:52","date_gmt":"2024-10-21T02:54:52","guid":{"rendered":"https:\/\/thietbidienlama.com\/?post_type=product&#038;p=11193"},"modified":"2025-12-02T16:27:40","modified_gmt":"2025-12-02T09:27:40","slug":"o-cam-don-panasonic","status":"publish","type":"product","link":"https:\/\/www.thietbidienlama.com\/en\/o-cam-don-panasonic\/","title":{"rendered":"\u1ed4 C\u1eafm \u0110\u01a1n Panasonic WEV1081SW\/ WEV1081-7SW C\u00f3 M\u00e0n Che"},"content":{"rendered":"<p style=\"text-align: center;\"><strong><span style=\"color: #000000; font-size: 14pt;\">Panasonic FullWide &#8211; \u1ed4 c\u1eafm \u0111\u01a1n panasonic c\u00f3 m\u00e0n che\u00a0<\/span><\/strong><\/p>\n<p><span style=\"color: #000000;\">Thi\u1ebft k\u1ebf \u0111\u01a1n gi\u1ea3n, tinh t\u1ebf m\u00e0 kh\u00f4ng k\u00e9m ph\u1ea7n sang tr\u1ecdng v\u1edbi m\u00e0u tr\u1eafng c\u01a1 b\u1ea3n, \u1ed5 c\u1eafm c\u00f4ng t\u1eafc d\u00f2ng wide \u0111\u01b0\u1ee3c \u0111i k\u00e8m v\u1edbi \u0111\u00e8n b\u00e1o OFF ti\u1ec7n d\u1ee5ng v\u00e0 t\u1ea1o \u0111i\u1ec3m nh\u1ea5n nh\u1ea5t \u0111\u1ecbnh cho c\u0103n ph\u00f2ng.<\/span><\/p>\n<div id=\"attachment_11194\" style=\"width: 1054px\" class=\"wp-caption aligncenter\"><img fetchpriority=\"high\" decoding=\"async\" aria-describedby=\"caption-attachment-11194\" class=\"wp-image-11194 size-full\" src=\"https:\/\/thietbidienlama.com\/wp-content\/uploads\/2024\/10\/thong-tin-o-cam-don-panasonic.jpg\" alt=\"\u1ed4 C\u1eafm \u0110\u01a1n Panasonic - C\u00f3 M\u00e0n Che\" width=\"1044\" height=\"667\" srcset=\"https:\/\/www.thietbidienlama.com\/wp-content\/uploads\/2024\/10\/thong-tin-o-cam-don-panasonic.jpg 1044w, https:\/\/www.thietbidienlama.com\/wp-content\/uploads\/2024\/10\/thong-tin-o-cam-don-panasonic-300x192.jpg 300w, https:\/\/www.thietbidienlama.com\/wp-content\/uploads\/2024\/10\/thong-tin-o-cam-don-panasonic-1024x654.jpg 1024w, https:\/\/www.thietbidienlama.com\/wp-content\/uploads\/2024\/10\/thong-tin-o-cam-don-panasonic-768x491.jpg 768w, https:\/\/www.thietbidienlama.com\/wp-content\/uploads\/2024\/10\/thong-tin-o-cam-don-panasonic-18x12.jpg 18w, https:\/\/www.thietbidienlama.com\/wp-content\/uploads\/2024\/10\/thong-tin-o-cam-don-panasonic-150x96.jpg 150w\" sizes=\"(max-width: 1044px) 100vw, 1044px\" \/><p id=\"caption-attachment-11194\" class=\"wp-caption-text\">\u1ed4 C\u1eafm \u0110\u01a1n Panasonic &#8211; C\u00f3 M\u00e0n Che<\/p><\/div>\n<p><span style=\"color: #000000;\"><strong>\u1ed4 c\u1eafm \u0111\u01a1n c\u00f3 m\u00e0n che Panasonic<\/strong> l\u00e0 lo\u1ea1i \u1ed5 c\u1eafm c\u00f3 c\u1ea5u t\u1ea1o li\u1ec1n kh\u1ed1i, s\u1eed d\u1ee5ng nh\u1ef1a cao c\u1ea5p ch\u1ed1ng ch\u00e1y, c\u00f3 m\u00e0n che ch\u1ed1ng gi\u1eadt, t\u1ea5t c\u1ea3 ti\u1ebfp \u0111i\u1ec3m \u0111\u1ea5u n\u1ed1i \u0111\u1eb7t \u00e2m trong \u1ed5 c\u1eafm \u0111\u1ea3m b\u1ea3o kh\u00f4ng b\u1ecb r\u00f2 \u0111i\u1ec7n. \u0110\u00e2y l\u00e0 s\u1ea3n ph\u1ea9m an to\u00e0n r\u1ea5t nhi\u1ec1u d\u1ef1 \u00e1n tin d\u00f9ng.<\/span><\/p>","protected":false},"excerpt":{"rendered":"<p>Panasonic FullWide &#8211; \u1ed4 c\u1eafm \u0111\u01a1n panasonic c\u00f3 m\u00e0n che\u00a0 Thi\u1ebft k\u1ebf \u0111\u01a1n gi\u1ea3n, tinh t\u1ebf m\u00e0 kh\u00f4ng k\u00e9m ph\u1ea7n<\/p>","protected":false},"featured_media":11245,"comment_status":"closed","ping_status":"closed","template":"","meta":[],"product_brand":[],"product_cat":[562,836,860,501,804],"product_tag":[749,750,746,745,695,696,747,748],"class_list":{"0":"post-11193","1":"product","2":"type-product","3":"status-publish","4":"has-post-thumbnail","6":"product_cat-thiet-bi-dien-panasonic","7":"product_cat-cong-tac-o-cam-wide","8":"product_cat-o-cam-panasonic","9":"product_cat-thiet-bi-dien","10":"product_cat-cong-tac-o-cam-panasonic","11":"product_tag-gia-o-cam-dien-panasonic","12":"product_tag-hat-o-cam-don-panasonic","13":"product_tag-o-cam-dien-panasonic","14":"product_tag-o-cam-don-2-chau-panasonic","15":"product_tag-o-cam-don-panasonic","16":"product_tag-o-cam-don-panasonic-co-man-che","17":"product_tag-o-cam-panasonic","18":"product_tag-o-cam-panasonic-wide","20":"first","21":"instock","22":"sale","23":"shipping-taxable","24":"purchasable","25":"product-type-simple"},"_links":{"self":[{"href":"https:\/\/www.thietbidienlama.com\/en\/wp-json\/wp\/v2\/product\/11193","targetHints":{"allow":["GET"]}}],"collection":[{"href":"https:\/\/www.thietbidienlama.com\/en\/wp-json\/wp\/v2\/product"}],"about":[{"href":"https:\/\/www.thietbidienlama.com\/en\/wp-json\/wp\/v2\/types\/product"}],"replies":[{"embeddable":true,"href":"https:\/\/www.thietbidienlama.com\/en\/wp-json\/wp\/v2\/comments?post=11193"}],"version-history":[{"count":3,"href":"https:\/\/www.thietbidienlama.com\/en\/wp-json\/wp\/v2\/product\/11193\/revisions"}],"predecessor-version":[{"id":11410,"href":"https:\/\/www.thietbidienlama.com\/en\/wp-json\/wp\/v2\/product\/11193\/revisions\/11410"}],"wp:featuredmedia":[{"embeddable":true,"href":"https:\/\/www.thietbidienlama.com\/en\/wp-json\/wp\/v2\/media\/11245"}],"wp:attachment":[{"href":"https:\/\/www.thietbidienlama.com\/en\/wp-json\/wp\/v2\/media?parent=11193"}],"wp:term":[{"taxonomy":"product_brand","embeddable":true,"href":"https:\/\/www.thietbidienlama.com\/en\/wp-json\/wp\/v2\/product_brand?post=11193"},{"taxonomy":"product_cat","embeddable":true,"href":"https:\/\/www.thietbidienlama.com\/en\/wp-json\/wp\/v2\/product_cat?post=11193"},{"taxonomy":"product_tag","embeddable":true,"href":"https:\/\/www.thietbidienlama.com\/en\/wp-json\/wp\/v2\/product_tag?post=11193"}],"curies":[{"name":"wp","href":"https:\/\/api.w.org\/{rel}","templated":true}]}}