{"id":11184,"date":"2024-10-21T08:15:37","date_gmt":"2024-10-21T01:15:37","guid":{"rendered":"https:\/\/thietbidienlama.com\/?post_type=product&#038;p=11184"},"modified":"2025-12-02T16:24:41","modified_gmt":"2025-12-02T09:24:41","slug":"cong-tac-2-chieu-panasonic","status":"publish","type":"product","link":"https:\/\/www.thietbidienlama.com\/en\/cong-tac-2-chieu-panasonic\/","title":{"rendered":"C\u00f4ng T\u1eafc 2 Chi\u1ec1u Panasonic WEV5002SW\/WEV5002-7SW"},"content":{"rendered":"<p style=\"text-align: center;\"><span style=\"font-size: 12pt; color: #000000;\">Nh\u00e0 Ph\u00e2n Ph\u1ed1i <strong><b>C\u00f4ng T\u1eafc 2 chi\u1ec1u panasonic<\/b><\/strong>\u00a0&#8211; Gi\u00e1 Nh\u00e0 Th\u1ea7u.<\/span><\/p>\n<p><span style=\"font-size: 12pt; color: #000000;\">B\u1ea1n l\u00e0 C\u00f4ng Ty x\u00e2y d\u1ef1ng c\u1ea7n t\u00ecm \u0111\u01a1n v\u1ecb cung c\u1ea5p c\u00f4ng t\u1eafc 2 chi\u1ec1u panasonic ?<\/span><\/p>\n<p><span style=\"font-size: 12pt; color: #000000;\">Lama l\u00e0 nh\u00e0 ph\u00e2n ph\u1ed1i thi\u1ebft b\u1ecb \u0111i\u1ec7n Panasonic, c\u00f4ng t\u1eafc \u1ed5 c\u1eafm v\u1edbi kinh nghi\u1ec7m nhi\u1ec1u n\u0103m tr\u00ean th\u1ecb tr\u01b0\u1eddng, Lama lu\u00f4n \u0111\u1ea3m b\u1ea3o c\u00e1c s\u1ea3n ph\u1ea9m lu\u00f4n l\u00e0 h\u00e0ng ch\u00ednh h\u00e3ng 100%, c\u00f3 gi\u1ea5y ch\u1ee9ng nh\u1eadn Co,Cq ph\u00f9 h\u1ee3p v\u1edbi c\u00e1c d\u1ef1 \u00e1n .<\/span><\/p>\n<div id=\"attachment_11378\" style=\"width: 510px\" class=\"wp-caption aligncenter\"><img fetchpriority=\"high\" decoding=\"async\" aria-describedby=\"caption-attachment-11378\" class=\"wp-image-11378\" src=\"https:\/\/thietbidienlama.com\/wp-content\/uploads\/2024\/12\/cong-tac-2-chieu-panasonic-300x178.jpg\" alt=\"C\u00f4ng T\u1eafc 2 Chi\u1ec1u Panasonic \" width=\"500\" height=\"297\" srcset=\"https:\/\/www.thietbidienlama.com\/wp-content\/uploads\/2024\/12\/cong-tac-2-chieu-panasonic-300x178.jpg 300w, https:\/\/www.thietbidienlama.com\/wp-content\/uploads\/2024\/12\/cong-tac-2-chieu-panasonic-1024x608.jpg 1024w, https:\/\/www.thietbidienlama.com\/wp-content\/uploads\/2024\/12\/cong-tac-2-chieu-panasonic-768x456.jpg 768w, https:\/\/www.thietbidienlama.com\/wp-content\/uploads\/2024\/12\/cong-tac-2-chieu-panasonic-18x12.jpg 18w, https:\/\/www.thietbidienlama.com\/wp-content\/uploads\/2024\/12\/cong-tac-2-chieu-panasonic-150x89.jpg 150w, https:\/\/www.thietbidienlama.com\/wp-content\/uploads\/2024\/12\/cong-tac-2-chieu-panasonic.jpg 1198w\" sizes=\"(max-width: 500px) 100vw, 500px\" \/><p id=\"caption-attachment-11378\" class=\"wp-caption-text\">C\u00f4ng T\u1eafc 2 Chi\u1ec1u Panasonic<\/p><\/div>\n<p><span style=\"font-size: 12pt; color: #000000;\"><strong><b>\u01afu \u0111i\u1ec3m c\u1ee7a d\u00f2ng c\u00f4ng t\u1eafc 2 chi\u1ec1u panasonic<\/b><\/strong>:<\/span><\/p>\n<p><span style=\"font-size: 12pt; color: #000000;\">C\u00f4ng t\u1eafc panasonic &#8211; an to\u00e0n, ch\u1ea5t l\u01b0\u1ee3ng cho m\u1ecdi c\u00f4ng tr\u00ecnh x\u00e2y d\u1ef1ng, \u0111\u01b0\u1ee3c l\u00e0m t\u1eeb v\u1eadt li\u1ec7u ch\u1ed1ng ch\u00e1y cao c\u1ea5p, ti\u1ebfp \u0111i\u1ec3m h\u1ee3p kim \u0111\u1ed3ng nguy\u00ean ch\u1ea5t, \u0111\u1ea3m b\u1ea3o d\u1eabn \u0111i\u1ec7n hi\u1ec7u qu\u1ea3.<\/span><\/p>\n<p><span style=\"font-size: 12pt; color: #000000;\">\u01afu \u0111i\u1ec3m c\u1ee7a d\u00f2ng c\u00f4ng t\u1eafc panasonic thao t\u00e1c kh\u00e1 nh\u1eb9 nh\u00e0ng, \u1ed5 c\u1eafm an to\u00e0n, ch\u1eafc ch\u1eafn khi s\u1eed d\u1ee5ng. \u0110\u01b0\u1ee3c s\u01a1n b\u1eb1ng nhi\u1ec1u l\u1edbp cao c\u1ea5p gi\u00fap s\u00e1ng b\u00f3ng, \u0111\u00e8n \u0111\u1eb9p theo th\u1eddi gian.<\/span><\/p>\n<p><span style=\"font-size: 12pt; color: #000000;\">Ch\u1ea5t li\u1ec7u ch\u1ed1ng ch\u00e1y cao c\u1ea5p : S\u1ea3n ph\u1ea9m \u0111\u01b0\u1ee3c s\u1eed d\u1ee5ng v\u1eadt li\u1ec7u ch\u1ed1ng ch\u00e1y ch\u1ea5t l\u01b0\u1ee3ng cao, \u0111\u1ea3m b\u1ea3o an to\u00e0n tuy\u1ec7t \u0111\u1ed1i trong m\u1ecdi \u0111i\u1ec1u ki\u1ec7n s\u1eed d\u1ee5ng.<\/span><\/p>\n<p><span style=\"font-size: 12pt; color: #000000;\">Ti\u1ebfp \u0111i\u1ec3m h\u1ee3p kim \u0111\u1ed3ng nguy\u00ean ch\u1ea5t : mang l\u1ea1i kh\u1ea3 n\u0103ng d\u1eabn \u0111i\u1ec7n t\u1ed1i \u01b0u, gi\u1ea3m hao ph\u00ed n\u0103ng l\u01b0\u1ee3ng v\u00e0 t\u0103ng tu\u1ed5i th\u1ecd s\u1ea3n ph\u1ea9m.<\/span><\/p>\n<p><span style=\"font-size: 12pt; color: #000000;\">\u0110\u1ed9 b\u1ec1n v\u01b0\u1ee3t tr\u1ed9i \u0111\u1ebfn 40.000 l\u1ea7n b\u1eadt\/t\u1eaft: v\u1edbi thi\u1ebft k\u1ebf b\u1ec1n b\u1ec9 v\u1edbi tu\u1ed5i th\u1ecd t\u01b0\u01a1ng \u0111\u01b0\u01a1ng v\u1edbi nhi\u1ec1u n\u0103m s\u1eed d\u1ee5ng m\u00e0 kh\u00f4ng lo h\u1ecfng h\u00f3c, c\u00f3 l\u1ebd v\u00ec th\u1ebf m\u00e0 \u0111\u01b0\u1ee3c s\u1eed d\u1ee5ng nhi\u1ec1u c\u00f4ng tr\u00ecnh l\u1edbn .<\/span><\/p>\n<p><span style=\"font-size: 12pt; color: #000000;\">Thao t\u00e1c nh\u1eb9 nh\u00e0ng : c\u00e1c d\u00f2ng c\u00f4ng t\u1eafc c\u1ee7a panasonic b\u1eadt t\u1eaft \u0111\u1ec1u \u00eam \u00e1i, nh\u1eb9 nh\u00e0ng, d\u1ec5 d\u00e0ng c\u1eafm r\u00fat, t\u1ed1i \u01b0u \u0111\u01b0\u1ee3c tr\u1ea3i nghi\u1ec7m ng\u01b0\u1eddi d\u00f9ng<\/span><\/p>\n<p><span style=\"font-size: 12pt; color: #000000;\">T\u00ednh n\u0103ng n\u1ed5i b\u1eadt m\u00e0 c\u00f4ng t\u1eafc 2 chi\u1ec1u panasonic \u0111\u00f3 ch\u00ednh l\u00e0 kh\u1ea3 n\u0103ng \u0111i\u1ec1u khi\u1ec3n thi\u1ebft b\u1ecb chi\u1ec1u s\u00e1ng t\u1eeb 2 v\u1ecb tr\u00ed kh\u00e1c nhau. Mang l\u1ea1i gi\u1ea3i ph\u00e1p cho c\u00e1c khu v\u1ef1c c\u1ea7u th\u00e0ng, h\u00e0nh lang d\u00e0i ho\u1eb7c ph\u00f2ng ng\u1ee7 l\u1edbn. Mang \u0111\u1ebfn s\u1ef1 ti\u1ec7n l\u1ee3i t\u1ed1i \u01b0u. Ng\u01b0\u1eddi s\u1eed d\u1ee5ng c\u00f3 th\u1ec3 t\u1eaft \u0111\u00e8n \u1edf t\u1ea7ng d\u01b0\u1edbi ho\u1eb7c ph\u00f2ng ng\u1ee7 m\u00e0 kh\u00f4ng c\u1ea7n di chuy\u1ec3n xa.<\/span><\/p>\n<p><span style=\"font-size: 12pt; color: #000000;\">Kh\u1ea3 n\u0103ng t\u01b0\u01a1ng th\u00edch v\u1edbi nhi\u1ec1u kh\u00f4ng gian : \u0111\u01b0\u1ee3c s\u1eed d\u1ee5ng r\u1ed9ng r\u00e3i trong c\u00e1c c\u00f4ng tr\u00ecnh nh\u00e0 \u1edf, v\u0103n ph\u00f2ng, kh\u00e1ch s\u1ea1n, b\u1ec7nh vi\u1ec7n, v\u00e0 c\u00e1c t\u00f2a nh\u00e0 b\u1edfi t\u01b0\u01a1ng th\u00edch v\u1edbi nhi\u1ec1u thi\u1ebft b\u1ecb \u0111i\u1ec7n nh\u01b0 qu\u1ea1t, \u0111\u00e8n, hay c\u00e1c h\u1ec7 th\u1ed1ng chi\u1ebfu s\u00e1ng gi\u00fap t\u1ed1i \u01b0u h\u00f3a ti\u1ec7n l\u1ee3i v\u00e0 hi\u1ec7u qu\u1ea3 s\u1eed d\u1ee5ng .<\/span><\/p>\n<div id=\"attachment_11381\" style=\"width: 310px\" class=\"wp-caption aligncenter\"><img decoding=\"async\" aria-describedby=\"caption-attachment-11381\" class=\"wp-image-11381 size-medium\" src=\"https:\/\/thietbidienlama.com\/wp-content\/uploads\/2024\/12\/Cong-Tac-2-Chieu-Panasonic-1-300x300.png\" alt=\"Mua c\u00f4ng t\u1eafc 2 chi\u1ec1u Panasonic \u1edf \u0111\u00e2u ?\" width=\"300\" height=\"300\" srcset=\"https:\/\/www.thietbidienlama.com\/wp-content\/uploads\/2024\/12\/Cong-Tac-2-Chieu-Panasonic-1-300x300.png 300w, https:\/\/www.thietbidienlama.com\/wp-content\/uploads\/2024\/12\/Cong-Tac-2-Chieu-Panasonic-1-150x150.png 150w, https:\/\/www.thietbidienlama.com\/wp-content\/uploads\/2024\/12\/Cong-Tac-2-Chieu-Panasonic-1-12x12.png 12w, https:\/\/www.thietbidienlama.com\/wp-content\/uploads\/2024\/12\/Cong-Tac-2-Chieu-Panasonic-1.png 600w\" sizes=\"(max-width: 300px) 100vw, 300px\" \/><p id=\"caption-attachment-11381\" class=\"wp-caption-text\">Mua c\u00f4ng t\u1eafc 2 chi\u1ec1u Panasonic \u1edf \u0111\u00e2u ?<\/p><\/div>\n<p><strong><span style=\"font-size: 12pt; color: #000000;\">\u0110\u1ecba ch\u1ec9 ph\u00e2n ph\u1ed1i c\u00f4ng t\u1eafc 2 chi\u1ec1u panasonic ch\u00ednh h\u00e3ng, gi\u00e1 t\u1ed1t t\u1ea1i Tphcm.<\/span><\/strong><\/p>\n<p><span style=\"font-size: 12pt; color: #000000;\">Lama v\u1edbi kinh nghi\u1ec7m h\u01a1n 10 ph\u00e2n ph\u1ed1i thi\u1ebft b\u1ecb \u0111i\u1ec7n panasonic, \u0111\u00e8n chi\u1ebfu s\u00e1ng, ch\u00fang t\u00f4i lu\u00f4n t\u1ef1 h\u00e0o b\u00e1n h\u00e0ng ch\u00ednh h\u00e3ng v\u1edbi m\u1ee9c gi\u00e1 ph\u1ea3i ch\u0103ng, chi\u1ebft kh\u1ea5u h\u1ea5p d\u1eabn h\u00e0ng \u0111\u1ea7u tr\u00ean th\u1ecb tr\u01b0\u1eddng. Hi\u1ec7n t\u1ea1i Lama l\u00e0 \u0111\u1ed1i t\u00e1c cung c\u1ea5p \u0111\u00e1ng tin c\u1eady cho kh\u00e1ch h\u00e0ng x\u00e2y d\u1ef1ng t\u1eeb nh\u00e0 ph\u1ed1 \u0111\u1ebfn d\u1ef1 \u00e1n l\u1edbn nh\u1ecf t\u1ea1i Tphcm.<\/span><\/p>\n<p><strong><span style=\"font-size: 12pt; color: #000000;\">L\u00fd do b\u1ea1n n\u00ean Ch\u1ecdn Lama l\u00e0 nh\u00e0 ph\u00e2n ph\u1ed1i c\u00f4ng t\u1eafc 2 chi\u1ec1u panasonic\u00a0?<\/span><\/strong><\/p>\n<p><span style=\"color: #000000;\">Lama tr\u00e2n tr\u1ecdng c\u00e1m \u01a1n qu\u00fd kh\u00e1ch h\u00e0ng \u0111\u00e3 \u0111\u1eb7t tr\u1ecdn ni\u1ec1m tin v\u1edbi c\u00f4ng ty, ch\u00fang t\u00f4i l\u1ea5y \u0111\u00e2y l\u00e0m \u0111\u1ed9ng l\u1ef1c ng\u00e0y c\u00e0ng ph\u00e1t tri\u1ec3n t\u1ed1t h\u01a1n trong t\u01b0\u01a1ng lai.<\/span><\/p>\n<p><span style=\"color: #000000;\">Lama cam k\u1ebft b\u00e1n h\u00e0ng ch\u00ednh h\u00e3ng 100%, c\u00f3 ngu\u1ed3n g\u1ed1c xu\u1ea5t x\u1ee9 r\u00f5 r\u00e0ng. V\u1edbi nh\u1eefng c\u00f4ng tr\u00ecnh y\u00eau c\u1ea7u Co,Cq ch\u1ee9ng minh ngu\u1ed3n g\u1ed1c xu\u1ea5t x\u1ee9 Lama lu\u00f4n c\u00f3.<\/span><\/p>\n<p><span style=\"color: #000000;\">Lama lu\u00f4n c\u00f3 \u0111\u1ed9i ng\u0169 k\u1ef9 thu\u1eadt h\u1ed7 tr\u1ee3 t\u01b0 v\u1ea5n chuy\u00ean nghi\u1ec7p h\u1ed7 tr\u1ee3 c\u00e1c gi\u1ea3i ph\u00e1p thi c\u00f4ng, gi\u00fap ti\u1ebft ki\u1ec7m th\u1eddi gian, chi ph\u00ed. V\u00e0 b\u1ed9 ph\u1eadn b\u00e1n h\u00e0ng chuy\u00ean nghi\u1ec7p h\u1ed7 tr\u1ee3 b\u00e1o gi\u00e1 nhanh \u0111\u1ed3ng th\u1eddi t\u01b0 v\u1ea5n s\u1ea3n ph\u1ea9m ph\u00f9 h\u1ee3p v\u1edbi t\u1eebng kh\u00f4ng gian, th\u1ea9m m\u1ef9 c\u0169ng nh\u01b0 \u0111\u1ea3m b\u1ea3o ch\u1ea5t l\u01b0\u1ee3ng m\u00e0 gi\u00e1 t\u1ed1t nh\u1ea5t.<\/span><\/p>\n<p><span style=\"color: #000000;\">\u0110a d\u1ea1ng c\u00e1c d\u00f2ng s\u1ea3n ph\u1ea9m : ngo\u00e0i \u0111\u00e8n led panasonic, th\u00ec lama c\u00f2n ph\u00e2n ph\u1ed1i to\u00e0n b\u1ed9 thi\u1ebft b\u1ecb \u0111i\u1ec7n panasonic, d\u00e2y \u0111i\u1ec7n cadivi, \u0111\u00e8n chi\u1ebfu s\u00e1ng, t\u1ee7 \u0111i\u1ec7n&#8230;cung c\u1ea5p tr\u1ecdn g\u00f3i v\u1eadt t\u01b0 v\u1ec1 \u0111i\u1ec7n cho kh\u00e1ch h\u00e0ng x\u00e2y nh\u00e0.<\/span><\/p>\n<p><span style=\"color: #000000;\">H\u1ee3p t\u00e1c b\u1ec1n v\u1eefng: Lama lu\u00f4n mong mu\u1ed1n \u0111\u01b0\u1ee3c h\u1ee3p t\u00e1c v\u1edbi qu\u00fd kh\u00e1ch h\u00e0ng th\u1eadt l\u00e2u, ngo\u00e0i m\u1ee9c gi\u00e1 chi\u1ebft kh\u1ea5u t\u1ed1t nh\u1ea5t th\u00ec Lama lu\u00f4n h\u1ed7 tr\u1ee3 giao h\u00e0ng c\u1ef1c nhanh k\u1ec3 c\u1ea3 nh\u1eefng \u0111\u01a1n h\u00e0ng nh\u1ecf l\u1ebb ph\u00e1t sinh. Ch\u00ednh s\u00e1ch c\u00f4ng n\u1ee3 uy t\u00edn, \u0111\u1ea3m b\u1ea3o ngu\u1ed3n h\u00e0ng \u1ed5n \u0111\u1ecbnh v\u00e0 \u0111\u1ed5i tr\u1ea3 v\u1edbi nh\u1eefng s\u1ea3n ph\u1ea9m c\u00f2n nguy\u00ean seal v\u00e0 t\u00e1i s\u1eed d\u1ee5ng cho c\u00f4ng tr\u00ecnh sau.<\/span><\/p>\n<p><span style=\"color: #000000;\">Lama lu\u00f4n mong mu\u1ed1n tr\u1edf th\u00e0nh \u0111\u1ed1i t\u00e1c cung c\u1ea5p c\u00f4ng t\u1eafc 2 chi\u1ec1u panasonic t\u1ed1t nh\u1ea5t cho kh\u00e1ch h\u00e0ng, h\u00e3y li\u00ean h\u1ec7 hotline : 0935 228 204 \u0111\u1ec3 nh\u1eadn \u0111\u01b0\u1ee3c b\u00e1o gi\u00e1 t\u1ed1t nh\u1ea5t. \u0110\u1eebng b\u1ecf l\u1ee1 c\u01a1 h\u1ed9i h\u1ee3p t\u00e1c v\u1edbi ch\u00fang t\u00f4i.<\/span><\/p>\n<p><span style=\"color: #000000;\">Lama tr\u00e2n tr\u1ecdng c\u00e1m \u01a1n !<\/span><\/p>\n<p>&nbsp;<\/p>\n<p><span style=\"color: #ff0000;\"><strong><em><i>LI\u00caN H\u1ec6 :<\/i><\/em><\/strong><\/span><\/p>\n<p><span style=\"color: #000000;\"><strong><b>\u0110\u1ecba ch\u1ec9: 78 \u0110\u1ed7 Xu\u00e2n H\u1ee3p, Ph\u01b0\u1edbc Long B, Th\u1ee7 \u0110\u1ee9c, Th\u00e0nh ph\u1ed1 H\u1ed3 Ch\u00ed Minh<\/b><\/strong><\/span><\/p>\n<p><span style=\"color: #000000;\"><strong><b>Hotline: 0935 228 204 ( Ms Lam )<\/b><\/strong><\/span><\/p>\n<p><span style=\"color: #000000;\"><strong><b>Email:\u00a0vatlieuxaydunglama@gmail.com<\/b><\/strong><\/span><\/p>\n<p><span style=\"color: #000000;\"><strong><b>Website:\u00a0<\/b><\/strong><span style=\"color: #ff0000;\"><a style=\"color: #ff0000;\" href=\"https:\/\/thietbidienlama.com\/\"><strong><b>https:\/\/thietbidienlama.com<\/b><\/strong><\/a><\/span><\/span><\/p>\n<p><span style=\"color: #000000;\"><strong><b>YouTube:<span style=\"color: #ff0000;\">\u00a0<\/span><\/b><\/strong><span style=\"color: #ff0000;\"><strong><b>V\u1eadt Li\u1ec7u X\u00e2y D\u1ef1ng LAMA<\/b><\/strong><\/span><\/span><\/p>\n<p><span style=\"color: #000000;\"><strong><b>Facebook:<\/b><\/strong><span style=\"color: #ff0000;\">\u00a0<a style=\"color: #ff0000;\" href=\"https:\/\/www.facebook.com\/vatlieuxaydunglamaquan9\" target=\"_blank\" rel=\"noopener\"><strong><b>V\u1eadt Li\u1ec7u X\u00e2y D\u1ef1ng LAMA<\/b><\/strong><\/a><\/span><\/span><\/p>","protected":false},"excerpt":{"rendered":"<p>Nh\u00e0 Ph\u00e2n Ph\u1ed1i C\u00f4ng T\u1eafc 2 chi\u1ec1u panasonic\u00a0&#8211; Gi\u00e1 Nh\u00e0 Th\u1ea7u. B\u1ea1n l\u00e0 C\u00f4ng Ty x\u00e2y d\u1ef1ng c\u1ea7n t\u00ecm \u0111\u01a1n<\/p>","protected":false},"featured_media":11246,"comment_status":"closed","ping_status":"closed","template":"","meta":[],"product_brand":[],"product_cat":[562,836,856,857,501,804],"product_tag":[736,691,694,692,733,734,693,739,735,737,738],"class_list":{"0":"post-11184","1":"product","2":"type-product","3":"status-publish","4":"has-post-thumbnail","6":"product_cat-thiet-bi-dien-panasonic","7":"product_cat-cong-tac-o-cam-wide","8":"product_cat-cong-tac-panasonic","9":"product_cat-cong-tac-panasonic-wide","10":"product_cat-thiet-bi-dien","11":"product_cat-cong-tac-o-cam-panasonic","12":"product_tag-cac-loai-cong-tac-panasonic","13":"product_tag-cong-tac-2-chieu","14":"product_tag-cong-tac-2-chieu-panasonic","15":"product_tag-cong-tac-dien-2-chieu-panasonic","16":"product_tag-cong-tac-don-2-chieu-panasonic","17":"product_tag-cong-tac-panasonic","18":"product_tag-cong-tac-panasonic-2-chieu","19":"product_tag-hat-cong-tac-2-chieu-panasonic","20":"product_tag-hat-cong-tac-panasonic","21":"product_tag-wev5002-7sw","22":"product_tag-wev5002sw","24":"first","25":"instock","26":"sale","27":"shipping-taxable","28":"purchasable","29":"product-type-simple"},"_links":{"self":[{"href":"https:\/\/www.thietbidienlama.com\/en\/wp-json\/wp\/v2\/product\/11184","targetHints":{"allow":["GET"]}}],"collection":[{"href":"https:\/\/www.thietbidienlama.com\/en\/wp-json\/wp\/v2\/product"}],"about":[{"href":"https:\/\/www.thietbidienlama.com\/en\/wp-json\/wp\/v2\/types\/product"}],"replies":[{"embeddable":true,"href":"https:\/\/www.thietbidienlama.com\/en\/wp-json\/wp\/v2\/comments?post=11184"}],"version-history":[{"count":4,"href":"https:\/\/www.thietbidienlama.com\/en\/wp-json\/wp\/v2\/product\/11184\/revisions"}],"predecessor-version":[{"id":11398,"href":"https:\/\/www.thietbidienlama.com\/en\/wp-json\/wp\/v2\/product\/11184\/revisions\/11398"}],"wp:featuredmedia":[{"embeddable":true,"href":"https:\/\/www.thietbidienlama.com\/en\/wp-json\/wp\/v2\/media\/11246"}],"wp:attachment":[{"href":"https:\/\/www.thietbidienlama.com\/en\/wp-json\/wp\/v2\/media?parent=11184"}],"wp:term":[{"taxonomy":"product_brand","embeddable":true,"href":"https:\/\/www.thietbidienlama.com\/en\/wp-json\/wp\/v2\/product_brand?post=11184"},{"taxonomy":"product_cat","embeddable":true,"href":"https:\/\/www.thietbidienlama.com\/en\/wp-json\/wp\/v2\/product_cat?post=11184"},{"taxonomy":"product_tag","embeddable":true,"href":"https:\/\/www.thietbidienlama.com\/en\/wp-json\/wp\/v2\/product_tag?post=11184"}],"curies":[{"name":"wp","href":"https:\/\/api.w.org\/{rel}","templated":true}]}}