{"id":11175,"date":"2024-10-17T10:10:37","date_gmt":"2024-10-17T03:10:37","guid":{"rendered":"https:\/\/thietbidienlama.com\/?post_type=product&#038;p=11175"},"modified":"2025-12-02T16:24:59","modified_gmt":"2025-12-02T09:24:59","slug":"cong-tac-1-chieu-panasonic","status":"publish","type":"product","link":"https:\/\/www.thietbidienlama.com\/en\/cong-tac-1-chieu-panasonic\/","title":{"rendered":"C\u00f4ng t\u1eafc 1 chi\u1ec1u Panasonic WEV5001SW\/WEV5001-7SW"},"content":{"rendered":"<h1 style=\"text-align: center;\"><span style=\"color: #000000; font-size: 14pt;\">C\u00f4ng t\u1eafc 1 chi\u1ec1u Panasonic WEV5001SW\/WEV5001-7SW<\/span><\/h1>\n<p>C\u00f4ng T\u1eafc 1 Chi\u1ec1u Panasonic &#8211; Full Wide M\u00e0u Tr\u1eafng S\u1eefa, \u0111\u01b0\u1ee3c thi\u1ebft k\u1ebf<span style=\"color: #000000;\">\u00a0tinh t\u1ebf kh\u00f4ng k\u00e9m ph\u1ea7n sang tr\u1ecdng, c\u00f4ng t\u1eafc \u0111\u01b0\u1ee3c s\u1ea3n xu\u1ea5t theo ti\u00eau chu\u1ea9n IEC, l\u1eafp \u0111\u1eb7t v\u00e0 s\u1eed d\u1ee5ng th\u1eddi d\u1ec5 d\u00e0ng v\u00e0 tu\u1ed5i th\u1ecd l\u00e2u d\u00e0i.<\/span><\/p>\n<p>&nbsp;<\/p>\n<div id=\"attachment_11177\" style=\"width: 792px\" class=\"wp-caption aligncenter\"><img fetchpriority=\"high\" decoding=\"async\" aria-describedby=\"caption-attachment-11177\" class=\"wp-image-11177\" src=\"https:\/\/thietbidienlama.com\/wp-content\/uploads\/2024\/10\/Cong-tac-1-chieu-panasonic.jpg\" alt=\"C\u00f4ng T\u1eafc 1 Chi\u1ec1u Panasonic \" width=\"782\" height=\"462\" srcset=\"https:\/\/www.thietbidienlama.com\/wp-content\/uploads\/2024\/10\/Cong-tac-1-chieu-panasonic.jpg 1040w, https:\/\/www.thietbidienlama.com\/wp-content\/uploads\/2024\/10\/Cong-tac-1-chieu-panasonic-300x177.jpg 300w, https:\/\/www.thietbidienlama.com\/wp-content\/uploads\/2024\/10\/Cong-tac-1-chieu-panasonic-1024x605.jpg 1024w, https:\/\/www.thietbidienlama.com\/wp-content\/uploads\/2024\/10\/Cong-tac-1-chieu-panasonic-768x453.jpg 768w, https:\/\/www.thietbidienlama.com\/wp-content\/uploads\/2024\/10\/Cong-tac-1-chieu-panasonic-18x12.jpg 18w, https:\/\/www.thietbidienlama.com\/wp-content\/uploads\/2024\/10\/Cong-tac-1-chieu-panasonic-150x89.jpg 150w\" sizes=\"(max-width: 782px) 100vw, 782px\" \/><p id=\"caption-attachment-11177\" class=\"wp-caption-text\">C\u00f4ng T\u1eafc 1 Chi\u1ec1u Panasonic<\/p><\/div>\n<div id=\"attachment_11176\" style=\"width: 785px\" class=\"wp-caption aligncenter\"><img decoding=\"async\" aria-describedby=\"caption-attachment-11176\" class=\"wp-image-11176\" src=\"https:\/\/thietbidienlama.com\/wp-content\/uploads\/2024\/10\/cac-loai-cong-tac-1-chieu-Panasonic.jpg\" alt=\"Catalog C\u00f4ng T\u1eafc 1 Chi\u1ec1u Panasonic \" width=\"775\" height=\"542\" srcset=\"https:\/\/www.thietbidienlama.com\/wp-content\/uploads\/2024\/10\/cac-loai-cong-tac-1-chieu-Panasonic.jpg 1046w, https:\/\/www.thietbidienlama.com\/wp-content\/uploads\/2024\/10\/cac-loai-cong-tac-1-chieu-Panasonic-300x210.jpg 300w, https:\/\/www.thietbidienlama.com\/wp-content\/uploads\/2024\/10\/cac-loai-cong-tac-1-chieu-Panasonic-1024x716.jpg 1024w, https:\/\/www.thietbidienlama.com\/wp-content\/uploads\/2024\/10\/cac-loai-cong-tac-1-chieu-Panasonic-768x537.jpg 768w, https:\/\/www.thietbidienlama.com\/wp-content\/uploads\/2024\/10\/cac-loai-cong-tac-1-chieu-Panasonic-18x12.jpg 18w, https:\/\/www.thietbidienlama.com\/wp-content\/uploads\/2024\/10\/cac-loai-cong-tac-1-chieu-Panasonic-150x105.jpg 150w\" sizes=\"(max-width: 775px) 100vw, 775px\" \/><p id=\"caption-attachment-11176\" class=\"wp-caption-text\">Catalog C\u00f4ng T\u1eafc 1 Chi\u1ec1u Panasonic<\/p><\/div>\n<p><span style=\"color: #000000;\"><strong>\u1ee8ng d\u1ee5ng th\u1ef1c t\u1ebf:<\/strong> \u00a0C\u00f4ng T\u1eafc 1 chi\u1ec1u Panasonic \u0111\u01b0\u1ee3c \u1ee9ng d\u1ee5ng th\u1ef1c t\u1ebf v\u00e0o nhi\u1ec1u c\u00f4ng tr\u00ecnh chi\u1ebfu s\u00e1ng nh\u01b0: C\u0103n h\u1ed9 cao c\u1ea5p, V\u0103n ph\u00f2ng, Kh\u00e1ch s\u1ea1n, Tr\u01b0\u1eddng h\u1ecdc, Showroom, \u2026<\/span><\/p>\n<p><img decoding=\"async\" class=\"aligncenter wp-image-11172\" src=\"https:\/\/thietbidienlama.com\/wp-content\/uploads\/2024\/10\/ung-dung-trong-van-phong.jpg\" alt=\"C\u00f4ng t\u1eafc 1 chi\u1ec1u Panasonic s\u1eed d\u1ee5ng t\u1ea1i V\u0103n Ph\u00f2ng \" width=\"767\" height=\"503\" srcset=\"https:\/\/www.thietbidienlama.com\/wp-content\/uploads\/2024\/10\/ung-dung-trong-van-phong.jpg 1033w, https:\/\/www.thietbidienlama.com\/wp-content\/uploads\/2024\/10\/ung-dung-trong-van-phong-300x197.jpg 300w, https:\/\/www.thietbidienlama.com\/wp-content\/uploads\/2024\/10\/ung-dung-trong-van-phong-1024x672.jpg 1024w, https:\/\/www.thietbidienlama.com\/wp-content\/uploads\/2024\/10\/ung-dung-trong-van-phong-768x504.jpg 768w, https:\/\/www.thietbidienlama.com\/wp-content\/uploads\/2024\/10\/ung-dung-trong-van-phong-18x12.jpg 18w, https:\/\/www.thietbidienlama.com\/wp-content\/uploads\/2024\/10\/ung-dung-trong-van-phong-150x98.jpg 150w\" sizes=\"(max-width: 767px) 100vw, 767px\" \/><\/p>","protected":false},"excerpt":{"rendered":"<p>C\u00f4ng t\u1eafc 1 chi\u1ec1u Panasonic WEV5001SW\/WEV5001-7SW C\u00f4ng T\u1eafc 1 Chi\u1ec1u Panasonic &#8211; Full Wide M\u00e0u Tr\u1eafng S\u1eefa, \u0111\u01b0\u1ee3c thi\u1ebft k\u1ebf\u00a0tinh<\/p>","protected":false},"featured_media":11247,"comment_status":"closed","ping_status":"closed","template":"","meta":[],"product_brand":[],"product_cat":[562,836,856,857,501,804],"product_tag":[688,687,690,689,744,740,741,742,743],"class_list":{"0":"post-11175","1":"product","2":"type-product","3":"status-publish","4":"has-post-thumbnail","6":"product_cat-thiet-bi-dien-panasonic","7":"product_cat-cong-tac-o-cam-wide","8":"product_cat-cong-tac-panasonic","9":"product_cat-cong-tac-panasonic-wide","10":"product_cat-thiet-bi-dien","11":"product_cat-cong-tac-o-cam-panasonic","12":"product_tag-cong-tac-1-chieu-panasonic","13":"product_tag-cong-tac-panasonic-1-chieu","14":"product_tag-gia-cong-tac-1-chieu-panasonic","15":"product_tag-gia-cong-tac-panasonic-1-chieu","16":"product_tag-hat-cong-tac-1-chieu-panasonic","17":"product_tag-wev5001","18":"product_tag-wev5001-7sw","19":"product_tag-wev5001sw","20":"product_tag-wev5001sw-wev5001-7sw","22":"first","23":"instock","24":"sale","25":"shipping-taxable","26":"purchasable","27":"product-type-simple"},"_links":{"self":[{"href":"https:\/\/www.thietbidienlama.com\/en\/wp-json\/wp\/v2\/product\/11175","targetHints":{"allow":["GET"]}}],"collection":[{"href":"https:\/\/www.thietbidienlama.com\/en\/wp-json\/wp\/v2\/product"}],"about":[{"href":"https:\/\/www.thietbidienlama.com\/en\/wp-json\/wp\/v2\/types\/product"}],"replies":[{"embeddable":true,"href":"https:\/\/www.thietbidienlama.com\/en\/wp-json\/wp\/v2\/comments?post=11175"}],"version-history":[{"count":5,"href":"https:\/\/www.thietbidienlama.com\/en\/wp-json\/wp\/v2\/product\/11175\/revisions"}],"predecessor-version":[{"id":11399,"href":"https:\/\/www.thietbidienlama.com\/en\/wp-json\/wp\/v2\/product\/11175\/revisions\/11399"}],"wp:featuredmedia":[{"embeddable":true,"href":"https:\/\/www.thietbidienlama.com\/en\/wp-json\/wp\/v2\/media\/11247"}],"wp:attachment":[{"href":"https:\/\/www.thietbidienlama.com\/en\/wp-json\/wp\/v2\/media?parent=11175"}],"wp:term":[{"taxonomy":"product_brand","embeddable":true,"href":"https:\/\/www.thietbidienlama.com\/en\/wp-json\/wp\/v2\/product_brand?post=11175"},{"taxonomy":"product_cat","embeddable":true,"href":"https:\/\/www.thietbidienlama.com\/en\/wp-json\/wp\/v2\/product_cat?post=11175"},{"taxonomy":"product_tag","embeddable":true,"href":"https:\/\/www.thietbidienlama.com\/en\/wp-json\/wp\/v2\/product_tag?post=11175"}],"curies":[{"name":"wp","href":"https:\/\/api.w.org\/{rel}","templated":true}]}}