{"id":11161,"date":"2024-10-16T16:06:16","date_gmt":"2024-10-16T09:06:16","guid":{"rendered":"https:\/\/thietbidienlama.com\/?post_type=product&#038;p=11161"},"modified":"2025-10-20T13:00:01","modified_gmt":"2025-10-20T06:00:01","slug":"den-am-tran-panasonic-12w","status":"publish","type":"product","link":"https:\/\/www.thietbidienlama.com\/en\/den-am-tran-panasonic-12w\/","title":{"rendered":"\u0110\u00e8n \u00c2m Tr\u1ea7n Panasonic 12W"},"content":{"rendered":"<h2 style=\"text-align: center;\"><span style=\"font-size: 18pt;\"><strong><span style=\"color: #000000;\">\u0110\u00e8n \u00c2m Tr\u1ea7n Panasonic 12W<\/span><\/strong><\/span><\/h2>\n<p><span style=\"color: #000000;\">\u0110\u00e8n \u00e2m tr\u1ea7n Panasonic 12w \u0111\u01b0\u1ee3c s\u1eed d\u1ee5ng Chip Led RGO lo\u1ea1i b\u1ecf \u00e1nh s\u00e1ng xanh g\u00e2y h\u1ea1i, b\u1ea3o v\u1ec7 th\u1ecb l\u1ef1c cho ng\u01b0\u1eddi ti\u00eau d\u00f9ng.<\/span><\/p>\n<p><span style=\"color: #000000;\">\u0110\u00e8n \u00e2m tr\u1ea7n Panasonic \u0111\u01b0\u1ee3c nhi\u1ec1u kh\u00e1ch h\u00e0ng y\u00eau th\u00edch b\u1edfi \u0111\u01b0\u1ee3c s\u1eed d\u1ee5ng thi\u1ebft k\u1ebf d\u00e0y, ch\u1eafc ch\u1eafn, tho\u00e1t nhi\u1ec7t t\u1ed1t, b\u1ec1n b\u1ec9 s\u1eed d\u1ee5ng v\u01b0\u1ee3t th\u01b0\u1eddi gian, ti\u1ebft ki\u1ec7m \u0111i\u1ec7n n\u0103ng v\u00e0 c\u00f2n \u0111\u01b0\u1ee3c trang b\u1ecb Chip LED RGO lo\u1ea1i b\u1ecf \u00e1nh s\u00e1ng xanh.<\/span><\/p>\n<p><img fetchpriority=\"high\" decoding=\"async\" class=\"aligncenter wp-image-11164\" src=\"https:\/\/thietbidienlama.com\/wp-content\/uploads\/2024\/10\/thong-so-ky-thuat-den-Led-am-Tran-Panasonic-1024x809.jpg\" alt=\"Th\u00f4ng s\u1ed1 k\u1ef9 thu\u1eadt \u0111\u00e8n led \u00e2m tr\u1ea7n Panasonic 9w \" width=\"830\" height=\"656\" srcset=\"https:\/\/www.thietbidienlama.com\/wp-content\/uploads\/2024\/10\/thong-so-ky-thuat-den-Led-am-Tran-Panasonic-1024x809.jpg 1024w, https:\/\/www.thietbidienlama.com\/wp-content\/uploads\/2024\/10\/thong-so-ky-thuat-den-Led-am-Tran-Panasonic-300x237.jpg 300w, https:\/\/www.thietbidienlama.com\/wp-content\/uploads\/2024\/10\/thong-so-ky-thuat-den-Led-am-Tran-Panasonic-768x607.jpg 768w, https:\/\/www.thietbidienlama.com\/wp-content\/uploads\/2024\/10\/thong-so-ky-thuat-den-Led-am-Tran-Panasonic-15x12.jpg 15w, https:\/\/www.thietbidienlama.com\/wp-content\/uploads\/2024\/10\/thong-so-ky-thuat-den-Led-am-Tran-Panasonic-150x119.jpg 150w, https:\/\/www.thietbidienlama.com\/wp-content\/uploads\/2024\/10\/thong-so-ky-thuat-den-Led-am-Tran-Panasonic.jpg 1043w\" sizes=\"(max-width: 830px) 100vw, 830px\" \/><\/p>\n<p><img decoding=\"async\" class=\"aligncenter wp-image-11163\" src=\"https:\/\/thietbidienlama.com\/wp-content\/uploads\/2024\/10\/Den-Led-am-Tran-12w.jpg\" alt=\"\" width=\"832\" height=\"478\" srcset=\"https:\/\/www.thietbidienlama.com\/wp-content\/uploads\/2024\/10\/Den-Led-am-Tran-12w.jpg 1045w, https:\/\/www.thietbidienlama.com\/wp-content\/uploads\/2024\/10\/Den-Led-am-Tran-12w-300x172.jpg 300w, https:\/\/www.thietbidienlama.com\/wp-content\/uploads\/2024\/10\/Den-Led-am-Tran-12w-1024x588.jpg 1024w, https:\/\/www.thietbidienlama.com\/wp-content\/uploads\/2024\/10\/Den-Led-am-Tran-12w-768x441.jpg 768w, https:\/\/www.thietbidienlama.com\/wp-content\/uploads\/2024\/10\/Den-Led-am-Tran-12w-18x10.jpg 18w, https:\/\/www.thietbidienlama.com\/wp-content\/uploads\/2024\/10\/Den-Led-am-Tran-12w-150x86.jpg 150w\" sizes=\"(max-width: 832px) 100vw, 832px\" \/><\/p>\n<p><img decoding=\"async\" class=\"aligncenter wp-image-11162\" src=\"https:\/\/thietbidienlama.com\/wp-content\/uploads\/2024\/10\/Bang-gia-den-Led-am-Tran-Panasonic.jpg\" alt=\"\" width=\"828\" height=\"639\" srcset=\"https:\/\/www.thietbidienlama.com\/wp-content\/uploads\/2024\/10\/Bang-gia-den-Led-am-Tran-Panasonic.jpg 1019w, https:\/\/www.thietbidienlama.com\/wp-content\/uploads\/2024\/10\/Bang-gia-den-Led-am-Tran-Panasonic-300x231.jpg 300w, https:\/\/www.thietbidienlama.com\/wp-content\/uploads\/2024\/10\/Bang-gia-den-Led-am-Tran-Panasonic-768x592.jpg 768w, https:\/\/www.thietbidienlama.com\/wp-content\/uploads\/2024\/10\/Bang-gia-den-Led-am-Tran-Panasonic-16x12.jpg 16w, https:\/\/www.thietbidienlama.com\/wp-content\/uploads\/2024\/10\/Bang-gia-den-Led-am-Tran-Panasonic-150x116.jpg 150w\" sizes=\"(max-width: 828px) 100vw, 828px\" \/><\/p>\n<p><span style=\"color: #000000;\"><strong>1. C\u00f4ng ngh\u1ec7 \u00e1nh s\u00e1ng:\u00a0<\/strong>S\u1eed d\u1ee5ng chip LED RG0 lo\u1ea1i b\u1ecf \u00e1nh s\u00e1ng xanh g\u00e2y h\u1ea1i<\/span><\/p>\n<p><img loading=\"lazy\" decoding=\"async\" class=\"aligncenter wp-image-11165\" src=\"https:\/\/thietbidienlama.com\/wp-content\/uploads\/2024\/10\/Den-Led-am-Tran-Panasonic-9w.jpg\" alt=\"\u0110\u00e8n \u00c2m Tr\u1ea7n Panasonic 9W \" width=\"814\" height=\"530\" srcset=\"https:\/\/www.thietbidienlama.com\/wp-content\/uploads\/2024\/10\/Den-Led-am-Tran-Panasonic-9w.jpg 1017w, https:\/\/www.thietbidienlama.com\/wp-content\/uploads\/2024\/10\/Den-Led-am-Tran-Panasonic-9w-300x195.jpg 300w, https:\/\/www.thietbidienlama.com\/wp-content\/uploads\/2024\/10\/Den-Led-am-Tran-Panasonic-9w-768x500.jpg 768w, https:\/\/www.thietbidienlama.com\/wp-content\/uploads\/2024\/10\/Den-Led-am-Tran-Panasonic-9w-18x12.jpg 18w, https:\/\/www.thietbidienlama.com\/wp-content\/uploads\/2024\/10\/Den-Led-am-Tran-Panasonic-9w-150x98.jpg 150w\" sizes=\"(max-width: 814px) 100vw, 814px\" \/><\/p>\n<p><span style=\"color: #000000;\"><strong>2. Ti\u1ebft ki\u1ec7m \u0111i\u1ec7n v\u00e0 hi\u1ec7u su\u1ea5t chi\u1ebfu s\u00e1ng cao :\u00a0<\/strong>V\u1edbi c\u00f4ng ngh\u1ec7 s\u1ea3n xu\u1ea5t hi\u1ec7n \u0111\u1ea1i theo ch\u1ea5t l\u01b0\u1ee3ng Nh\u1eadt B\u1ea3n, hi\u1ec7u su\u1ea5t cao, s\u00e1ng h\u01a1n \u0111\u1ebfn 25%, si\u00eau ti\u1ebft ki\u1ec7m \u0111i\u1ec7n.<\/span><\/p>\n<p><img loading=\"lazy\" decoding=\"async\" class=\"aligncenter wp-image-11166\" src=\"https:\/\/thietbidienlama.com\/wp-content\/uploads\/2024\/10\/Den-Led-PanasoniC-am-tran.jpg\" alt=\"\u0110\u00e8n \u00c2m Tr\u1ea7n Panasonic 9w\" width=\"819\" height=\"472\" srcset=\"https:\/\/www.thietbidienlama.com\/wp-content\/uploads\/2024\/10\/Den-Led-PanasoniC-am-tran.jpg 1029w, https:\/\/www.thietbidienlama.com\/wp-content\/uploads\/2024\/10\/Den-Led-PanasoniC-am-tran-300x173.jpg 300w, https:\/\/www.thietbidienlama.com\/wp-content\/uploads\/2024\/10\/Den-Led-PanasoniC-am-tran-1024x590.jpg 1024w, https:\/\/www.thietbidienlama.com\/wp-content\/uploads\/2024\/10\/Den-Led-PanasoniC-am-tran-768x443.jpg 768w, https:\/\/www.thietbidienlama.com\/wp-content\/uploads\/2024\/10\/Den-Led-PanasoniC-am-tran-18x10.jpg 18w, https:\/\/www.thietbidienlama.com\/wp-content\/uploads\/2024\/10\/Den-Led-PanasoniC-am-tran-150x86.jpg 150w\" sizes=\"(max-width: 819px) 100vw, 819px\" \/><\/p>\n<p><span style=\"color: #000000;\"><strong>3. Thi\u1ebft k\u1ebf: <\/strong>Vi\u1ec1n \u0111\u00e8n cong \u00f4m s\u00e1t tr\u1ea7n, m\u1eb7t \u0111\u00e8n ph\u1eb3ng ti\u1ec7p tr\u1ea7n.<\/span><\/p>\n<div id=\"attachment_11171\" style=\"width: 851px\" class=\"wp-caption aligncenter\"><img loading=\"lazy\" decoding=\"async\" aria-describedby=\"caption-attachment-11171\" class=\"wp-image-11171\" src=\"https:\/\/thietbidienlama.com\/wp-content\/uploads\/2024\/10\/vien-cong-om-sat-tran-den-led-panasonic.jpg\" alt=\"Vi\u1ec1n \u0111\u00e8n cong \u00f4m s\u00e1t tr\u1ea7n \" width=\"841\" height=\"603\" srcset=\"https:\/\/www.thietbidienlama.com\/wp-content\/uploads\/2024\/10\/vien-cong-om-sat-tran-den-led-panasonic.jpg 1037w, https:\/\/www.thietbidienlama.com\/wp-content\/uploads\/2024\/10\/vien-cong-om-sat-tran-den-led-panasonic-300x215.jpg 300w, https:\/\/www.thietbidienlama.com\/wp-content\/uploads\/2024\/10\/vien-cong-om-sat-tran-den-led-panasonic-1024x735.jpg 1024w, https:\/\/www.thietbidienlama.com\/wp-content\/uploads\/2024\/10\/vien-cong-om-sat-tran-den-led-panasonic-768x551.jpg 768w, https:\/\/www.thietbidienlama.com\/wp-content\/uploads\/2024\/10\/vien-cong-om-sat-tran-den-led-panasonic-18x12.jpg 18w, https:\/\/www.thietbidienlama.com\/wp-content\/uploads\/2024\/10\/vien-cong-om-sat-tran-den-led-panasonic-150x108.jpg 150w\" sizes=\"(max-width: 841px) 100vw, 841px\" \/><p id=\"caption-attachment-11171\" class=\"wp-caption-text\">Vi\u1ec1n \u0111\u00e8n cong \u00f4m s\u00e1t tr\u1ea7n<\/p><\/div>\n<p><span style=\"color: #000000;\"><strong>4. Tu\u1ed5i th\u1ecd r\u1ea5t cao:<\/strong>\u00a020.000 gi\u1edd so v\u1edbi \u0111\u00e8n LED \u00e2m tr\u1ea7n kh\u00e1c.<\/span><\/p>\n<p><span style=\"color: #000000;\"><strong>5. C\u1ea5u t\u1ea1o:<\/strong>\u00a0\u0110\u00e8n \u0111\u01b0\u1ee3c l\u00e0m t\u1eeb ch\u1ea5t li\u1ec7u nh\u1ef1a BPT (Th\u00e2n \u0111\u00e8n), nh\u1ef1a PC (M\u1eb7t \u0111\u00e8n)<\/span><\/p>\n<div id=\"attachment_11167\" style=\"width: 847px\" class=\"wp-caption aligncenter\"><img loading=\"lazy\" decoding=\"async\" aria-describedby=\"caption-attachment-11167\" class=\"wp-image-11167\" src=\"https:\/\/thietbidienlama.com\/wp-content\/uploads\/2024\/10\/Than-den-Thiet-Bi-Dien-Panasonic.jpg\" alt=\"C\u1ea5u T\u1ea1o \u0110\u00e8n \u00c2m Tr\u1ea7n Panasonic \" width=\"837\" height=\"581\" srcset=\"https:\/\/www.thietbidienlama.com\/wp-content\/uploads\/2024\/10\/Than-den-Thiet-Bi-Dien-Panasonic.jpg 1038w, https:\/\/www.thietbidienlama.com\/wp-content\/uploads\/2024\/10\/Than-den-Thiet-Bi-Dien-Panasonic-300x208.jpg 300w, https:\/\/www.thietbidienlama.com\/wp-content\/uploads\/2024\/10\/Than-den-Thiet-Bi-Dien-Panasonic-1024x711.jpg 1024w, https:\/\/www.thietbidienlama.com\/wp-content\/uploads\/2024\/10\/Than-den-Thiet-Bi-Dien-Panasonic-768x533.jpg 768w, https:\/\/www.thietbidienlama.com\/wp-content\/uploads\/2024\/10\/Than-den-Thiet-Bi-Dien-Panasonic-18x12.jpg 18w, https:\/\/www.thietbidienlama.com\/wp-content\/uploads\/2024\/10\/Than-den-Thiet-Bi-Dien-Panasonic-150x104.jpg 150w\" sizes=\"(max-width: 837px) 100vw, 837px\" \/><p id=\"caption-attachment-11167\" class=\"wp-caption-text\">C\u1ea5u T\u1ea1o \u0110\u00e8n \u00c2m Tr\u1ea7n Panasonic<\/p><\/div>\n<p><span style=\"color: #000000;\"><strong>6. B\u1ed9 ngu\u1ed3n:<\/strong>\u00a0\u0110\u01b0\u1ee3c t\u00edch h\u1ee3p t\u1eeb b\u00ean trong th\u00e2n \u0111\u00e8n.<\/span><\/p>\n<p><span style=\"color: #000000;\"><strong>7. CRI:<\/strong>\u00a0Ra80 ch\u1ec9 s\u1ed1 ho\u00e0n m\u00e0u theo ti\u00eau chu\u1ea9n Ch\u00e2u \u00c2u cho ra m\u00e0u s\u1eafc trung th\u1ef1c nh\u1ea5t.<\/span><\/p>\n<p><span style=\"color: #000000;\"><strong>8. L\u1ef1a ch\u1ecdn m\u00e0u \u00e1nh s\u00e1ng:<\/strong>\u00a0C\u00f3 3 m\u00e0u \u00e1nh s\u00e1ng t\u1eeb v\u00e0ng \u1ea5m (3000K) \u0111\u1ebfn s\u00e1ng trung t\u00ednh (4000K) cho \u0111\u1ebfn \u00e1nh s\u00e1ng tr\u1eafng (6500K) ph\u00f9 h\u1ee3p v\u1edbi t\u1eebng kh\u00f4ng gian.<\/span><\/p>\n<p><span style=\"color: #000000;\"><strong>9. \u1ee8ng d\u1ee5ng th\u1ef1c t\u1ebf:<\/strong>\u00a0\u00a0\u0110\u00e8n LED \u00e2m tr\u1ea7n Panasonic DN 2G Tr\u00f2n \u0111\u01b0\u1ee3c \u1ee9ng d\u1ee5ng th\u1ef1c t\u1ebf v\u00e0o nhi\u1ec1u c\u00f4ng tr\u00ecnh chi\u1ebfu s\u00e1ng nh\u01b0: C\u0103n h\u1ed9 cao c\u1ea5p, V\u0103n ph\u00f2ng, Kh\u00e1ch s\u1ea1n, Tr\u01b0\u1eddng h\u1ecdc, Showroom, &#8230;<\/span><\/p>\n<p><img loading=\"lazy\" decoding=\"async\" class=\"aligncenter wp-image-11172\" src=\"https:\/\/thietbidienlama.com\/wp-content\/uploads\/2024\/10\/ung-dung-trong-van-phong.jpg\" alt=\"\u0110\u00e8n Led \u00c2m Tr\u1ea7n Panasonic \" width=\"860\" height=\"564\" srcset=\"https:\/\/www.thietbidienlama.com\/wp-content\/uploads\/2024\/10\/ung-dung-trong-van-phong.jpg 1033w, https:\/\/www.thietbidienlama.com\/wp-content\/uploads\/2024\/10\/ung-dung-trong-van-phong-300x197.jpg 300w, https:\/\/www.thietbidienlama.com\/wp-content\/uploads\/2024\/10\/ung-dung-trong-van-phong-1024x672.jpg 1024w, https:\/\/www.thietbidienlama.com\/wp-content\/uploads\/2024\/10\/ung-dung-trong-van-phong-768x504.jpg 768w, https:\/\/www.thietbidienlama.com\/wp-content\/uploads\/2024\/10\/ung-dung-trong-van-phong-18x12.jpg 18w, https:\/\/www.thietbidienlama.com\/wp-content\/uploads\/2024\/10\/ung-dung-trong-van-phong-150x98.jpg 150w\" sizes=\"(max-width: 860px) 100vw, 860px\" \/><\/p>\n<p>&nbsp;<\/p>\n<p><span style=\"color: #000000;\"><strong>10. L\u1eafp \u0111\u1eb7t d\u1ec5 d\u00e0ng:<\/strong>\u00a0\u0110\u00e8n \u0111\u01b0\u1ee3c s\u1eed d\u1ee5ng v\u00e0 l\u1eafp \u0111\u1eb7t d\u1ec5 d\u00e0ng v\u1edbi tai l\u00f2 xo \u0111\u00e0n h\u1ed3i b\u1ec1n b\u1ec9.<\/span><\/p>\n<p><span style=\"color: #000000;\"><strong>11. Ch\u1ebf \u0111\u1ed9 b\u1ea3o h\u00e0nh:\u00a0<\/strong>Mua s\u1ea3n ph\u1ea9m \u0111\u00e8n \u00e2m tr\u1ea7n Panasonic t\u1ea1i LAMA s\u1ebd \u0111\u01b0\u1ee3c b\u1ea3o h\u00e0nh trong v\u00f2ng 2 n\u0103m<\/span><\/p>\n<p><span style=\"color: #000000;\"><strong>12. Th\u01b0\u01a1ng hi\u1ec7u Panasonic:\u00a0<\/strong>Th\u01b0\u01a1ng hi\u1ec7u tr\u0103m n\u0103m \u0111\u1ebfn t\u1eeb Nh\u1eadt B\u1ea3n<\/span><\/p>\n<p><span style=\"color: #000000;\"><strong>13.\u00a0\u00a0C\u00e1ch ph\u00e2n bi\u1ec7t\u00a0h\u00e0ng th\u1eadt khi mua \u0111\u00e8n Panasonic:<\/strong><\/span><\/p>\n<p><span style=\"color: #000000;\">Panasonic l\u00e0 th\u01b0\u01a1ng hi\u1ec7u \u0111\u01b0\u1ee3c ng\u01b0\u1eddi ti\u00eau d\u00f9ng \u01b0u ti\u00ean l\u1ef1a ch\u1ecdn s\u1eed d\u1ee5ng nhi\u1ec1u nh\u1ea5t n\u00ean t\u1ec9 l\u1ec7 s\u1ea3n ph\u1ea9m gi\u1ea3, kh\u00f4ng ch\u00ednh h\u00e3ng th\u01b0\u1eddng tr\u00f4i n\u1ed5i tr\u00ean th\u1ecb tr\u01b0\u1eddng. \u0110\u1ec3 an t\u00e2m h\u01a1n khi mua v\u00e0 s\u1eed d\u1ee5ng s\u1ea3n ph\u1ea9m Panasonic ch\u1ea5t l\u01b0\u1ee3ng v\u00e0 ch\u00ednh h\u00e3ng kh\u00e1ch h\u00e0ng c\u1ea7n n\u00ean tr\u00e1nh mua nh\u1eefng s\u1ea3n ph\u1ea9m c\u00f3 d\u1ea5u hi\u1ec7u sau:<\/span><\/p>\n<ul>\n<li><span style=\"color: #000000;\">Gi\u00e1 r\u1ebb b\u1ea5t th\u01b0\u1eddng<\/span><\/li>\n<li><span style=\"color: #000000;\">Th\u00f4ng s\u1ed1 k\u1ef9 thu\u1eadt kh\u00f4ng r\u00f5 r\u00e0ng<\/span><\/li>\n<li><span style=\"color: #000000;\">Bao b\u00ec in m\u1edd ho\u1eb7c c\u0169, nh\u00e0o<\/span><\/li>\n<li><span style=\"color: #000000;\">Kh\u00f4ng \u0111\u01b0\u1ee3c ch\u1ebf \u0111\u1ed9 b\u1ea3o h\u00e0nh<\/span><\/li>\n<li><span style=\"color: #000000;\">Kh\u00f4ng c\u00f3 tem ch\u1ed1ng h\u00e0ng gi\u1ea3, h\u00e0ng nh\u00e1i v\u00e0 kh\u00f4ng c\u00f3 logo c\u00f4ng ty.<\/span><\/li>\n<\/ul>\n<p><span style=\"color: #000000;\">Tr\u00ean \u0111\u00e2y l\u00e0 nh\u1eefng d\u1ea5u hi\u1ec7u c\u1ee7a s\u1ea3n ph\u1ea9m Panasonic tr\u00f4i n\u1ed5i, kh\u00f4ng ch\u00ednh h\u00e3ng \u0111\u1ec3 gi\u00fap kh\u00e1ch h\u00e0ng an t\u00e2m h\u01a1n khi l\u1ef1a ch\u1ecdn ti\u00eau d\u00f9ng. Ngo\u00e0i ra, khi \u0111\u1ebfn v\u1edbi LAMA kh\u00e1ch h\u00e0ng c\u00f3 th\u1ec3 ho\u00e0n to\u00e0n xo\u00e1 b\u1ecf ho\u00e0i nghi v\u1ec1 h\u00e0ng gi\u1ea3, b\u1edfi ch\u00fang t\u00f4i l\u00e0 nh\u00e0 ph\u00e2n ph\u1ed1i s\u1ea3n ph\u1ea9m Panasonic c\u1ea5p 1 t\u1ea1i Vi\u1ec7t Nam.<\/span><\/p>\n<p><span style=\"color: #000000;\">V\u00ec v\u1eady, ch\u1ebf \u0111\u1ed9 v\u00e0 ch\u00ednh s\u00e1ch b\u1ea3o h\u00e0nh khi mua s\u1ea3n ph\u1ea9m t\u1ea1i LAMA lu\u00f4n \u0111\u01b0\u1ee3c \u0111\u1eb7t l\u00ean h\u00e0ng \u0111\u1ea7u, kh\u00e1ch h\u00e0ng c\u00f3 th\u1ec3 ho\u00e0n to\u00e0n y\u00ean t\u00e2m mua s\u1eafm s\u1ea3n ph\u1ea9m \u0111i\u1ec7n d\u00e2n d\u1ee5ng Panasonic.\u00a0<\/span><\/p>\n<p><span style=\"color: #000000;\">N\u1ebfu qu\u00fd kh\u00e1ch h\u00e0ng c\u1ea7n b\u00e1o gi\u00e1 thi\u1ebft b\u1ecb \u0111i\u1ec7n Panasonic v\u1edbi s\u1ed1 l\u01b0\u1ee3ng l\u1edbn c\u1ea7n b\u00e1o gi\u00e1 ngay h\u00e3y li\u00ean h\u1ec7 v\u1edbi LAMA qua s\u1ed1 hotline : 0935 228 204.<\/span><\/p>\n<p><span style=\"color: #ff0000;\"><strong><em><i>LI\u00caN H\u1ec6 :<\/i><\/em><\/strong><\/span><\/p>\n<p><span style=\"color: #000000;\"><strong><b>\u0110\u1ecba ch\u1ec9: 15 D\u01b0\u01a1ng \u0110\u00ecnh H\u1ed9i, Ph\u01b0\u1eddng Ph\u01b0\u1edbc Long, TP Th\u1ee7 \u0110\u1ee9c, Th\u00e0nh ph\u1ed1 H\u1ed3 Ch\u00ed Minh<\/b><\/strong><\/span><\/p>\n<p><span style=\"color: #000000;\"><strong><b>Hotline:\u00a00935 228 204 ( Ms Lam )<\/b><\/strong><\/span><\/p>","protected":false},"excerpt":{"rendered":"<p>\u0110\u00e8n \u00c2m Tr\u1ea7n Panasonic 12W \u0110\u00e8n \u00e2m tr\u1ea7n Panasonic 12w \u0111\u01b0\u1ee3c s\u1eed d\u1ee5ng Chip Led RGO lo\u1ea1i b\u1ecf \u00e1nh s\u00e1ng<\/p>","protected":false},"featured_media":11356,"comment_status":"closed","ping_status":"closed","template":"","meta":[],"product_brand":[],"product_cat":[502,924,923,731],"product_tag":[684,686,685],"class_list":{"0":"post-11161","1":"product","2":"type-product","3":"status-publish","4":"has-post-thumbnail","6":"product_cat-den-chieu-sang","7":"product_cat-den-am-tran-panasonic","8":"product_cat-den-panasonic","9":"product_cat-den-led-panasonic","10":"product_tag-den-am-tran-panasonic","11":"product_tag-den-am-tran-panasonic-9w","12":"product_tag-den-led-am-tran-panasonic","14":"first","15":"instock","16":"sale","17":"shipping-taxable","18":"purchasable","19":"product-type-simple"},"_links":{"self":[{"href":"https:\/\/www.thietbidienlama.com\/en\/wp-json\/wp\/v2\/product\/11161","targetHints":{"allow":["GET"]}}],"collection":[{"href":"https:\/\/www.thietbidienlama.com\/en\/wp-json\/wp\/v2\/product"}],"about":[{"href":"https:\/\/www.thietbidienlama.com\/en\/wp-json\/wp\/v2\/types\/product"}],"replies":[{"embeddable":true,"href":"https:\/\/www.thietbidienlama.com\/en\/wp-json\/wp\/v2\/comments?post=11161"}],"version-history":[{"count":7,"href":"https:\/\/www.thietbidienlama.com\/en\/wp-json\/wp\/v2\/product\/11161\/revisions"}],"predecessor-version":[{"id":12921,"href":"https:\/\/www.thietbidienlama.com\/en\/wp-json\/wp\/v2\/product\/11161\/revisions\/12921"}],"wp:featuredmedia":[{"embeddable":true,"href":"https:\/\/www.thietbidienlama.com\/en\/wp-json\/wp\/v2\/media\/11356"}],"wp:attachment":[{"href":"https:\/\/www.thietbidienlama.com\/en\/wp-json\/wp\/v2\/media?parent=11161"}],"wp:term":[{"taxonomy":"product_brand","embeddable":true,"href":"https:\/\/www.thietbidienlama.com\/en\/wp-json\/wp\/v2\/product_brand?post=11161"},{"taxonomy":"product_cat","embeddable":true,"href":"https:\/\/www.thietbidienlama.com\/en\/wp-json\/wp\/v2\/product_cat?post=11161"},{"taxonomy":"product_tag","embeddable":true,"href":"https:\/\/www.thietbidienlama.com\/en\/wp-json\/wp\/v2\/product_tag?post=11161"}],"curies":[{"name":"wp","href":"https:\/\/api.w.org\/{rel}","templated":true}]}}