{"id":11075,"date":"2024-08-07T16:04:49","date_gmt":"2024-08-07T09:04:49","guid":{"rendered":"https:\/\/thietbidienlama.com\/?post_type=product&#038;p=11075"},"modified":"2026-01-12T14:19:46","modified_gmt":"2026-01-12T07:19:46","slug":"day-dien-cadivi-cv120","status":"publish","type":"product","link":"https:\/\/www.thietbidienlama.com\/en\/day-dien-cadivi-cv120\/","title":{"rendered":"D\u00e2y \u0110i\u1ec7n Cadivi CV120"},"content":{"rendered":"<p><span style=\"color: #000000;\">D\u00e2y \u0110i\u1ec7n Cadivi CV120 mm<\/span><\/p>\n<p><span style=\"color: #000000;\">D\u00e2y \u0110i\u1ec7n Cadivi CV120 mm c\u00f3 c\u1ea5p \u0111i\u1ec7n \u00e1p 0,6-1kv l\u1eafp \u0111\u1eb7t c\u1ed1 \u0111\u1ecbnh l\u00e0 d\u00e2y c\u00e1p h\u1ea1 th\u1ebf d\u00f9ng trong h\u1ec7 th\u1ed1ng truy\u1ec1n t\u1ea3i v\u00e0 ph\u00e2n ph\u1ed1i \u0111i\u1ec7n qu\u1ed1c gia, nh\u00e0 m\u00e1y, c\u00f4ng tr\u00ecnh. L\u00e0 d\u00e2y g\u1ed3m 1 ru\u1ed9t \u0111\u1ed3ng hay g\u1ecdi l\u00e0 l\u00f5i \u0111\u1ed3ng v\u00e0 1 l\u1edbp v\u1ecf b\u1ecdc c\u00e1ch \u0111i\u1ec7n Pvc.<\/span><\/p>\n<p><span style=\"color: #000000;\">Ru\u1ed9t d\u00e2y \u0111\u1ed3ng CV 120mm \u0111\u01b0\u1ee3c c\u1ea5u t\u1ea1o t\u1eeb 7 s\u1ee3i d\u00e2y \u0111\u1ed3ng c\u00f3 \u0111\u01b0\u1eddng k\u00ednh 0,52mm k\u1ebft xo\u1eafn l\u1ea1i v\u1edbi nhau t\u1ea1o th\u00e0nh 1 l\u00f5i, \u0111\u01b0\u1ee3c bao b\u1ecdc b\u1edfi 1 l\u1edbp c\u00e1ch \u0111i\u1ec7n Pcv, kh\u00f4ng c\u00f3 l\u1edbp gi\u00e1p b\u1ea3o v\u1ec7.<\/span><\/p>\n<p><img fetchpriority=\"high\" decoding=\"async\" class=\"alignnone size-medium wp-image-13593 aligncenter\" src=\"http:\/\/thietbidienlama.com\/wp-content\/uploads\/2024\/08\/Day-Dien-Cadivi-CV120-300x300.jpg\" alt=\"\" width=\"300\" height=\"300\" srcset=\"https:\/\/www.thietbidienlama.com\/wp-content\/uploads\/2024\/08\/Day-Dien-Cadivi-CV120-300x300.jpg 300w, https:\/\/www.thietbidienlama.com\/wp-content\/uploads\/2024\/08\/Day-Dien-Cadivi-CV120-150x150.jpg 150w, https:\/\/www.thietbidienlama.com\/wp-content\/uploads\/2024\/08\/Day-Dien-Cadivi-CV120-12x12.jpg 12w, https:\/\/www.thietbidienlama.com\/wp-content\/uploads\/2024\/08\/Day-Dien-Cadivi-CV120.jpg 450w\" sizes=\"(max-width: 300px) 100vw, 300px\" \/><\/p>\n<p>&nbsp;<\/p>","protected":false},"excerpt":{"rendered":"<p>D\u00e2y \u0110i\u1ec7n Cadivi CV120 mm D\u00e2y \u0110i\u1ec7n Cadivi CV120 mm c\u00f3 c\u1ea5p \u0111i\u1ec7n \u00e1p 0,6-1kv l\u1eafp \u0111\u1eb7t c\u1ed1 \u0111\u1ecbnh l\u00e0<\/p>","protected":false},"featured_media":13593,"comment_status":"closed","ping_status":"closed","template":"","meta":[],"product_brand":[],"product_cat":[564,565],"product_tag":[645,646],"class_list":{"0":"post-11075","1":"product","2":"type-product","3":"status-publish","4":"has-post-thumbnail","6":"product_cat-day-va-cap-dien","7":"product_cat-day-dien-cadivi","8":"product_tag-day-dien-cadivi-cv120","9":"product_tag-gia-day-dien-cadivi-cv120","11":"first","12":"instock","13":"sale","14":"shipping-taxable","15":"purchasable","16":"product-type-simple"},"_links":{"self":[{"href":"https:\/\/www.thietbidienlama.com\/en\/wp-json\/wp\/v2\/product\/11075","targetHints":{"allow":["GET"]}}],"collection":[{"href":"https:\/\/www.thietbidienlama.com\/en\/wp-json\/wp\/v2\/product"}],"about":[{"href":"https:\/\/www.thietbidienlama.com\/en\/wp-json\/wp\/v2\/types\/product"}],"replies":[{"embeddable":true,"href":"https:\/\/www.thietbidienlama.com\/en\/wp-json\/wp\/v2\/comments?post=11075"}],"version-history":[{"count":4,"href":"https:\/\/www.thietbidienlama.com\/en\/wp-json\/wp\/v2\/product\/11075\/revisions"}],"predecessor-version":[{"id":13594,"href":"https:\/\/www.thietbidienlama.com\/en\/wp-json\/wp\/v2\/product\/11075\/revisions\/13594"}],"wp:featuredmedia":[{"embeddable":true,"href":"https:\/\/www.thietbidienlama.com\/en\/wp-json\/wp\/v2\/media\/13593"}],"wp:attachment":[{"href":"https:\/\/www.thietbidienlama.com\/en\/wp-json\/wp\/v2\/media?parent=11075"}],"wp:term":[{"taxonomy":"product_brand","embeddable":true,"href":"https:\/\/www.thietbidienlama.com\/en\/wp-json\/wp\/v2\/product_brand?post=11075"},{"taxonomy":"product_cat","embeddable":true,"href":"https:\/\/www.thietbidienlama.com\/en\/wp-json\/wp\/v2\/product_cat?post=11075"},{"taxonomy":"product_tag","embeddable":true,"href":"https:\/\/www.thietbidienlama.com\/en\/wp-json\/wp\/v2\/product_tag?post=11075"}],"curies":[{"name":"wp","href":"https:\/\/api.w.org\/{rel}","templated":true}]}}