{"id":11073,"date":"2024-08-07T15:33:25","date_gmt":"2024-08-07T08:33:25","guid":{"rendered":"https:\/\/thietbidienlama.com\/?post_type=product&#038;p=11073"},"modified":"2026-01-12T14:19:33","modified_gmt":"2026-01-12T07:19:33","slug":"day-dien-cadivi-cv95","status":"publish","type":"product","link":"https:\/\/www.thietbidienlama.com\/en\/day-dien-cadivi-cv95\/","title":{"rendered":"D\u00e2y \u0110i\u1ec7n Cadivi CV95"},"content":{"rendered":"<p><span style=\"color: #000000;\">D\u00e2y \u0110i\u1ec7n Cadivi CV95 mm2<\/span><\/p>\n<p><span style=\"color: #000000;\">D\u00e2y \u0110i\u1ec7n Cadivi 95mm2 ru\u1ed9t \u0111\u1ed3ng v\u1edbi v\u1ecf b\u1ecdc Pvc c\u00e1ch \u0111i\u1ec7n ch\u1ea5t l\u01b0\u1ee3ng cao, mang \u0111\u1ed3 b\u1ec1n v\u00e0 an to\u00e0n \u0111i\u1ec7n, ch\u1ed1ng ch\u00e1y v\u00e0 ch\u1eadp \u0111i\u1ec7n. S\u1ea3n ph\u1ea9m d\u00e2y v\u00e0 c\u00e1p \u0111i\u1ec7n c\u1ee7a Cadivi d\u1eabn \u0111i\u1ec7n t\u1ed1t, c\u00e1ch \u0111i\u1ec7n an to\u00e0n v\u00e0 ti\u1ebft ki\u1ebfm \u0111i\u1ec7n.<\/span><\/p>\n<p><span style=\"color: #000000;\"><img fetchpriority=\"high\" decoding=\"async\" class=\"size-full wp-image-10949 aligncenter\" src=\"https:\/\/thietbidienlama.com\/wp-content\/uploads\/2024\/07\/day-cap-dien-don-cadivi-1.0.webp\" alt=\"\" width=\"225\" height=\"225\" srcset=\"https:\/\/www.thietbidienlama.com\/wp-content\/uploads\/2024\/07\/day-cap-dien-don-cadivi-1.0.webp 225w, https:\/\/www.thietbidienlama.com\/wp-content\/uploads\/2024\/07\/day-cap-dien-don-cadivi-1.0-150x150.webp 150w, https:\/\/www.thietbidienlama.com\/wp-content\/uploads\/2024\/07\/day-cap-dien-don-cadivi-1.0-12x12.webp 12w\" sizes=\"(max-width: 225px) 100vw, 225px\" \/><\/span><\/p>\n<p>&nbsp;<\/p>\n<p><span style=\"color: #000000;\">D\u00e2y \u0110i\u1ec7n Cadivi CV95 l\u00e0 lo\u1ea1i c\u00e1p \u0111i\u1ec7n l\u1ef1c ru\u1ed9t \u0111\u1ed3ng, v\u1ecf Pvc, l\u1eafp \u0111\u1eb7t cho c\u1ed1 \u0111\u1ecbnh h\u1ec7 th\u1ed1ng truy\u1ec1n t\u1ea3i, v\u00e0 ph\u00e2n ph\u1ed1i \u0111i\u1ec7n h\u1ea1 th\u1ebf.<\/span><\/p>\n<p><span style=\"color: #000000;\">C\u1ea5u tr\u00fac c\u00e1p \u0111\u1ed3ng h\u1ea1 th\u1ebf Cadivi &#8211; Cv0,6\/1kv &#8211; Cadivi<\/span><\/p>\n<p><span style=\"color: #000000;\">Ru\u1ed9t d\u1eabn : B\u1eb1ng \u0111\u1ed3ng k\u1ebft c\u1ea5u tr\u00f2n xo\u1eafn \u00e9p ch\u1eb7t, c\u00f3 v\u1ecf b\u1ecdc b\u00ean ngo\u00e0i Pvc.<\/span><\/p>\n<p>&nbsp;<\/p>","protected":false},"excerpt":{"rendered":"<p>D\u00e2y \u0110i\u1ec7n Cadivi CV95 mm2 D\u00e2y \u0110i\u1ec7n Cadivi 95mm2 ru\u1ed9t \u0111\u1ed3ng v\u1edbi v\u1ecf b\u1ecdc Pvc c\u00e1ch \u0111i\u1ec7n ch\u1ea5t l\u01b0\u1ee3ng cao,<\/p>","protected":false},"featured_media":10949,"comment_status":"closed","ping_status":"closed","template":"","meta":[],"product_brand":[],"product_cat":[501,564,565],"product_tag":[643,644],"class_list":{"0":"post-11073","1":"product","2":"type-product","3":"status-publish","4":"has-post-thumbnail","6":"product_cat-thiet-bi-dien","7":"product_cat-day-va-cap-dien","8":"product_cat-day-dien-cadivi","9":"product_tag-day-dien-cadivi-cv95","10":"product_tag-gia-day-dien-cadivi-cv95","12":"first","13":"instock","14":"sale","15":"shipping-taxable","16":"purchasable","17":"product-type-simple"},"_links":{"self":[{"href":"https:\/\/www.thietbidienlama.com\/en\/wp-json\/wp\/v2\/product\/11073","targetHints":{"allow":["GET"]}}],"collection":[{"href":"https:\/\/www.thietbidienlama.com\/en\/wp-json\/wp\/v2\/product"}],"about":[{"href":"https:\/\/www.thietbidienlama.com\/en\/wp-json\/wp\/v2\/types\/product"}],"replies":[{"embeddable":true,"href":"https:\/\/www.thietbidienlama.com\/en\/wp-json\/wp\/v2\/comments?post=11073"}],"version-history":[{"count":1,"href":"https:\/\/www.thietbidienlama.com\/en\/wp-json\/wp\/v2\/product\/11073\/revisions"}],"predecessor-version":[{"id":11074,"href":"https:\/\/www.thietbidienlama.com\/en\/wp-json\/wp\/v2\/product\/11073\/revisions\/11074"}],"wp:featuredmedia":[{"embeddable":true,"href":"https:\/\/www.thietbidienlama.com\/en\/wp-json\/wp\/v2\/media\/10949"}],"wp:attachment":[{"href":"https:\/\/www.thietbidienlama.com\/en\/wp-json\/wp\/v2\/media?parent=11073"}],"wp:term":[{"taxonomy":"product_brand","embeddable":true,"href":"https:\/\/www.thietbidienlama.com\/en\/wp-json\/wp\/v2\/product_brand?post=11073"},{"taxonomy":"product_cat","embeddable":true,"href":"https:\/\/www.thietbidienlama.com\/en\/wp-json\/wp\/v2\/product_cat?post=11073"},{"taxonomy":"product_tag","embeddable":true,"href":"https:\/\/www.thietbidienlama.com\/en\/wp-json\/wp\/v2\/product_tag?post=11073"}],"curies":[{"name":"wp","href":"https:\/\/api.w.org\/{rel}","templated":true}]}}