{"id":11064,"date":"2024-08-06T12:01:42","date_gmt":"2024-08-06T05:01:42","guid":{"rendered":"https:\/\/thietbidienlama.com\/?post_type=product&#038;p=11064"},"modified":"2026-01-12T14:19:18","modified_gmt":"2026-01-12T07:19:18","slug":"day-dien-cadivi-cv70","status":"publish","type":"product","link":"https:\/\/www.thietbidienlama.com\/en\/day-dien-cadivi-cv70\/","title":{"rendered":"D\u00e2y \u0110i\u1ec7n Cadivi CV70"},"content":{"rendered":"<p><span style=\"color: #000000;\"><strong><u><b>D\u00e2y \u0111i\u1ec7n cadivi CV70<\/b><\/u><\/strong><\/span><\/p>\n<p><span style=\"color: #000000;\">D\u00e2y \u0111i\u1ec7n Cadivi CV70 ru\u1ed9t \u0111\u1ed3ng v\u1edbi v\u1ecf b\u1ecdc Pvc c\u00e1ch \u0111i\u1ec7n ch\u1ea5t l\u01b0\u1ee3ng cao, mang \u0111\u1ebfn \u0111\u1ed9 b\u1ec1n v\u00e0 an to\u00e0n \u0111i\u1ec7n ch\u1ed1ng ch\u00e1y, ch\u1eadp \u0111i\u1ec7n t\u1ed1t. S\u1ea3n ph\u1ea9m d\u00e2y v\u00e0 c\u00e1p \u0111i\u1ec7n c\u1ee7a Cadivi d\u1eabn \u0111i\u1ec7n t\u1ed1t, c\u00e1ch \u0111i\u1ec7n an to\u00e0n, v\u00e0 ti\u1ebft ki\u1ec7m \u0111i\u1ec7n.<\/span><\/p>\n<p><span style=\"color: #000000;\">D\u00e2y c\u00e1p \u0111i\u1ec7n ru\u1ed9t \u0111\u1ed3ng b\u1ecdc nh\u1ef1a Pvc d\u00f9ng cho c\u00e1c thi\u1ebft b\u1ecb \u0111i\u1ec7n d\u00e2n dung, C\u00e1p \u0111i\u1ec7n l\u1ef1c CV thu\u1ed9c d\u00f2ng s\u1ea3n ph\u1ea9m c\u00e1p \u0111i\u1ec7n l\u1ef1c h\u1ea1 th\u1ebf \u0111\u01a1n cadivi d\u00f9ng cho h\u1ec7 th\u1ed1ng truy\u1ec1n t\u1ea3i v\u00e0 ph\u00e2n ph\u1ed1i \u0111i\u1ec7n.<\/span><\/p>\n<p><span style=\"color: #000000;\">T\u00ednh n\u0103ng n\u1ed5i b\u1eadt c\u1ee7a d\u00e2y \u0111\u01a1n m\u1ec1m Cadivi CV70:<\/span><\/p>\n<p><span style=\"color: #000000;\">D\u00e2y \u0111i\u1ec7n Cadivi 70mm2 g\u1ed3m ru\u1ed9t \u0111\u1ed3ng tinh ch\u1ea5t, v\u1edbi 1 l\u1edbp v\u1ecf b\u1ecdc c\u00e1ch \u0111i\u1ec7n.<\/span><\/p>\n<p><span style=\"color: #000000;\">Nhi\u1ec7t \u0111\u1ed9 l\u00ean \u0111\u1ebfn 70 \u0111\u1ed9 .<\/span><\/p>\n<p><span style=\"color: #000000;\">B\u00ean trong l\u00e0 19 s\u1ee3 d\u00e2y \u0111\u1ed3ng xo\u1eafn l\u1ea1i v\u1edbi nhau t\u1ea1o \u0111\u01b0\u1ee3c \u0111\u1ed9 b\u1ec1n d\u1ebbo t\u1ed1t, kh\u00f4ng b\u1ecb g\u00e3y khi g\u1ea5p kh\u00fac nhi\u1ec1u l\u1ea7n, kh\u1ea3 n\u0103ng d\u1eabn \u0111i\u1ec7n t\u1ed1t.<\/span><\/p>\n<p><img fetchpriority=\"high\" decoding=\"async\" class=\"size-full wp-image-10949 aligncenter\" src=\"https:\/\/thietbidienlama.com\/wp-content\/uploads\/2024\/07\/day-cap-dien-don-cadivi-1.0.webp\" alt=\"\" width=\"225\" height=\"225\" srcset=\"https:\/\/www.thietbidienlama.com\/wp-content\/uploads\/2024\/07\/day-cap-dien-don-cadivi-1.0.webp 225w, https:\/\/www.thietbidienlama.com\/wp-content\/uploads\/2024\/07\/day-cap-dien-don-cadivi-1.0-150x150.webp 150w, https:\/\/www.thietbidienlama.com\/wp-content\/uploads\/2024\/07\/day-cap-dien-don-cadivi-1.0-12x12.webp 12w\" sizes=\"(max-width: 225px) 100vw, 225px\" \/><\/p>","protected":false},"excerpt":{"rendered":"<p>D\u00e2y \u0111i\u1ec7n cadivi CV70 D\u00e2y \u0111i\u1ec7n Cadivi CV70 ru\u1ed9t \u0111\u1ed3ng v\u1edbi v\u1ecf b\u1ecdc Pvc c\u00e1ch \u0111i\u1ec7n ch\u1ea5t l\u01b0\u1ee3ng cao, mang<\/p>","protected":false},"featured_media":10949,"comment_status":"closed","ping_status":"closed","template":"","meta":[],"product_brand":[],"product_cat":[501,564,565],"product_tag":[647,648],"class_list":{"0":"post-11064","1":"product","2":"type-product","3":"status-publish","4":"has-post-thumbnail","6":"product_cat-thiet-bi-dien","7":"product_cat-day-va-cap-dien","8":"product_cat-day-dien-cadivi","9":"product_tag-day-dien-cadivi-cv70","10":"product_tag-gia-day-dien-cadivi-cv70","12":"first","13":"instock","14":"sale","15":"shipping-taxable","16":"purchasable","17":"product-type-simple"},"_links":{"self":[{"href":"https:\/\/www.thietbidienlama.com\/en\/wp-json\/wp\/v2\/product\/11064","targetHints":{"allow":["GET"]}}],"collection":[{"href":"https:\/\/www.thietbidienlama.com\/en\/wp-json\/wp\/v2\/product"}],"about":[{"href":"https:\/\/www.thietbidienlama.com\/en\/wp-json\/wp\/v2\/types\/product"}],"replies":[{"embeddable":true,"href":"https:\/\/www.thietbidienlama.com\/en\/wp-json\/wp\/v2\/comments?post=11064"}],"version-history":[{"count":1,"href":"https:\/\/www.thietbidienlama.com\/en\/wp-json\/wp\/v2\/product\/11064\/revisions"}],"predecessor-version":[{"id":11065,"href":"https:\/\/www.thietbidienlama.com\/en\/wp-json\/wp\/v2\/product\/11064\/revisions\/11065"}],"wp:featuredmedia":[{"embeddable":true,"href":"https:\/\/www.thietbidienlama.com\/en\/wp-json\/wp\/v2\/media\/10949"}],"wp:attachment":[{"href":"https:\/\/www.thietbidienlama.com\/en\/wp-json\/wp\/v2\/media?parent=11064"}],"wp:term":[{"taxonomy":"product_brand","embeddable":true,"href":"https:\/\/www.thietbidienlama.com\/en\/wp-json\/wp\/v2\/product_brand?post=11064"},{"taxonomy":"product_cat","embeddable":true,"href":"https:\/\/www.thietbidienlama.com\/en\/wp-json\/wp\/v2\/product_cat?post=11064"},{"taxonomy":"product_tag","embeddable":true,"href":"https:\/\/www.thietbidienlama.com\/en\/wp-json\/wp\/v2\/product_tag?post=11064"}],"curies":[{"name":"wp","href":"https:\/\/api.w.org\/{rel}","templated":true}]}}