{"id":11060,"date":"2024-08-06T11:28:37","date_gmt":"2024-08-06T04:28:37","guid":{"rendered":"https:\/\/thietbidienlama.com\/?post_type=product&#038;p=11060"},"modified":"2026-01-12T14:18:54","modified_gmt":"2026-01-12T07:18:54","slug":"day-dien-cadivi-cv35","status":"publish","type":"product","link":"https:\/\/www.thietbidienlama.com\/en\/day-dien-cadivi-cv35\/","title":{"rendered":"D\u00e2y \u0110i\u1ec7n Cadivi CV35"},"content":{"rendered":"<p><span style=\"color: #000000;\">D\u00e2y \u0111i\u1ec7n cadivi cv35 c\u00f3 c\u1ea5p \u0111i\u1ec7n \u00e1p l\u00e0 0.6-1kv l\u1eafp \u0111\u1eb7t c\u1ed1 \u0111\u1ecbnh l\u00e0 d\u00e2y c\u00e1p h\u1ea1 th\u1ebf d\u00f9ng trong h\u1ec7 th\u1ed1ng truy\u1ec1n t\u1ea3i, ph\u00e2n ph\u1ed1i \u0111i\u1ec7n qu\u1ed1c gia, nh\u00e0 m\u00e1y c\u00f4ng tr\u00ecnh. L\u00e0 d\u00e2y g\u1ed3m 1 ru\u1ed9t hay \u0111\u01b0\u1ee3c g\u1ecdi l\u00e0 l\u00f5i \u0111\u1ed3ng , 1 l\u1edbp v\u1ecf b\u1ecdc c\u00e1ch \u0111i\u1ec7n pvc.<\/span><\/p>\n<p><span style=\"color: #000000;\"><img fetchpriority=\"high\" decoding=\"async\" class=\"size-full wp-image-10949 aligncenter\" src=\"https:\/\/thietbidienlama.com\/wp-content\/uploads\/2024\/07\/day-cap-dien-don-cadivi-1.0.webp\" alt=\"\" width=\"225\" height=\"225\" srcset=\"https:\/\/www.thietbidienlama.com\/wp-content\/uploads\/2024\/07\/day-cap-dien-don-cadivi-1.0.webp 225w, https:\/\/www.thietbidienlama.com\/wp-content\/uploads\/2024\/07\/day-cap-dien-don-cadivi-1.0-150x150.webp 150w, https:\/\/www.thietbidienlama.com\/wp-content\/uploads\/2024\/07\/day-cap-dien-don-cadivi-1.0-12x12.webp 12w\" sizes=\"(max-width: 225px) 100vw, 225px\" \/><\/span><\/p>\n<p><span style=\"color: #000000;\"><strong><u><b>D\u00e2y \u0110i\u1ec7n Cadivi cv35 gi\u00e1 bao nhi\u00eau ?<\/b><\/u><\/strong><\/span><\/p>\n<p><span style=\"color: #000000;\">Hi\u1ec7n t\u1ea1i gi\u00e1 d\u00e2y \u0111i\u1ec7n cadivi s\u1ebd c\u00f3 s\u1ef1 bi\u1ebfn \u0111\u1ed9ng theo th\u1ecb tr\u01b0\u1eddng, v\u00e0 s\u1ebd c\u00f3 s\u1ef1 ch\u00eanh l\u1ec7ch gi\u1eefa c\u00e1c \u0111\u1ea1i l\u00fd v\u1edbi nhau b\u1edfi m\u1ee9c chi\u1ebft kh\u1ea5u, v\u00e0 c\u0169ng s\u1ebd c\u00f3 tr\u01b0\u1eddng h\u1ee3p gi\u00e1 b\u00e1n cao h\u01a1n gi\u00e1 ni\u00eam y\u1ebft.<\/span><\/p>\n<p><span style=\"color: #000000;\">Hi\u1ec7n t\u1ea1i Lama l\u00e0 nh\u00e0 ph\u00e2n ph\u1ed1i c\u1ea5p 1 c\u1ee7a d\u00e2y \u0111i\u1ec7n cadivi v\u00e0 Lama lu\u00f4n c\u00f3 m\u1ee9c gi\u00e1 chi\u1ebft kh\u1ea5u cao l\u00ean \u0111\u1ebfn 39%. Lama g\u1eedi t\u1edbi b\u1ea1n m\u1ee9c gi\u00e1 d\u00e2y \u0111i\u1ec7n Cadivi CV35 : 12.100.000\/ cu\u1ed9n v\u1edbi chi\u1ec1u d\u00e0i 100m.<\/span><\/p>\n<p><span style=\"color: #000000;\"><strong><u><b>T\u1ea1i sao b\u1ea1n n\u00ean ch\u1ecdn mua d\u00e2y \u0111i\u1ec7n Cadivi CV35 t\u1ea1i LAMA :<\/b><\/u><\/strong><\/span><\/p>\n<p><span style=\"color: #000000;\">N\u1ebfu b\u1ea1n l\u00e0 c\u00f4ng ty x\u00e2y d\u1ef1ng, nh\u00e0 th\u1ea7u \u0111i\u1ec7n, \u0111i\u1ec7n l\u1ea1nh c\u1ea7n mua s\u1ed1 l\u01b0\u1ee3ng d\u00e2y \u0111i\u1ec7n cadivi CV35 ho\u1eb7c c\u00e1c lo\u1ea1i d\u00e2y \u0111i\u1ec7n cadivi h\u00e3y li\u00ean h\u1ec7 ngay v\u1edbi Lama, ch\u00fang t\u00f4i lu\u00f4n c\u1ed1 g\u1eafng mang l\u1ea1i cho kh\u00e1ch h\u00e0ng m\u1ee9c chi\u1ebft kh\u1ea5u t\u1ed1t nh\u1ea5t, h\u00e0ng ch\u00ednh h\u00e3ng c\u0169ng nh\u01b0 d\u1ecbch v\u1ee5 t\u1ed1t nh\u1ea5t \u0111\u1ec3 c\u00f3 \u0111\u01b0\u1ee3c ni\u1ec1m tin c\u1ee7a kh\u00e1ch h\u00e0ng.<\/span><\/p>\n<p><span style=\"color: #000000;\"><strong><u><b>Lama cam k\u1ebft :<\/b><\/u><\/strong><\/span><\/p>\n<ul>\n<li><span style=\"color: #000000;\">T\u1ea5t c\u1ea3 c\u00e1c d\u00e2y \u0111i\u1ec7n cadivi t\u1ea1i Lama \u0111\u1ec1u l\u00e0 h\u00e0ng ch\u00ednh h\u00e3ng, c\u00f3 gi\u1ea5y x\u00e1c nh\u1eadn c\u1ee7a cadivi.<\/span><\/li>\n<li><span style=\"color: #000000;\">Gi\u00e1 d\u00e2y \u0111i\u1ec7n cadivi cv35 v\u00e0 c\u00e1c lo\u1ea1i d\u00e2y \u0111i\u1ec7n kh\u00e1c c\u1ee7a cadivi \u0111\u01b0\u1ee3c Lama ph\u00e2n ph\u1ed1i s\u1ebd l\u00e0 gi\u00e1 ni\u00eam y\u1ebft, Lama cam k\u1ebft tuy\u1ec7t \u0111\u1ed1i kh\u00f4ng c\u00f3 t\u00ecnh tr\u1ea1ng gi\u00e1 cao h\u01a1n quy \u0111\u1ecbnh.<\/span><\/li>\n<li><span style=\"color: #000000;\">C\u00f3 ch\u1ebf \u0111\u1ed9 chi\u1ebft kh\u1ea5u cao l\u00ean \u0111\u1ebfn 39% v\u00e0 c\u00f3 khuy\u1ebfn m\u1ea1i c\u1ef1c k\u1ef3 h\u1ea5p d\u1eabn v\u1edbi kh\u00e1ch h\u00e0ng l\u1ea5y s\u1ec9 v\u00e0 kh\u00e1ch h\u00e0ng th\u00e2n thi\u1ebft.<\/span><\/li>\n<\/ul>","protected":false},"excerpt":{"rendered":"<p>D\u00e2y \u0111i\u1ec7n cadivi cv35 c\u00f3 c\u1ea5p \u0111i\u1ec7n \u00e1p l\u00e0 0.6-1kv l\u1eafp \u0111\u1eb7t c\u1ed1 \u0111\u1ecbnh l\u00e0 d\u00e2y c\u00e1p h\u1ea1 th\u1ebf d\u00f9ng<\/p>","protected":false},"featured_media":10949,"comment_status":"closed","ping_status":"closed","template":"","meta":[],"product_brand":[],"product_cat":[501,564,565],"product_tag":[641,642],"class_list":{"0":"post-11060","1":"product","2":"type-product","3":"status-publish","4":"has-post-thumbnail","6":"product_cat-thiet-bi-dien","7":"product_cat-day-va-cap-dien","8":"product_cat-day-dien-cadivi","9":"product_tag-day-dien-cadivi-cv35","10":"product_tag-gia-day-dien-cadivi-cv35","12":"first","13":"instock","14":"sale","15":"shipping-taxable","16":"purchasable","17":"product-type-simple"},"_links":{"self":[{"href":"https:\/\/www.thietbidienlama.com\/en\/wp-json\/wp\/v2\/product\/11060","targetHints":{"allow":["GET"]}}],"collection":[{"href":"https:\/\/www.thietbidienlama.com\/en\/wp-json\/wp\/v2\/product"}],"about":[{"href":"https:\/\/www.thietbidienlama.com\/en\/wp-json\/wp\/v2\/types\/product"}],"replies":[{"embeddable":true,"href":"https:\/\/www.thietbidienlama.com\/en\/wp-json\/wp\/v2\/comments?post=11060"}],"version-history":[{"count":2,"href":"https:\/\/www.thietbidienlama.com\/en\/wp-json\/wp\/v2\/product\/11060\/revisions"}],"predecessor-version":[{"id":11062,"href":"https:\/\/www.thietbidienlama.com\/en\/wp-json\/wp\/v2\/product\/11060\/revisions\/11062"}],"wp:featuredmedia":[{"embeddable":true,"href":"https:\/\/www.thietbidienlama.com\/en\/wp-json\/wp\/v2\/media\/10949"}],"wp:attachment":[{"href":"https:\/\/www.thietbidienlama.com\/en\/wp-json\/wp\/v2\/media?parent=11060"}],"wp:term":[{"taxonomy":"product_brand","embeddable":true,"href":"https:\/\/www.thietbidienlama.com\/en\/wp-json\/wp\/v2\/product_brand?post=11060"},{"taxonomy":"product_cat","embeddable":true,"href":"https:\/\/www.thietbidienlama.com\/en\/wp-json\/wp\/v2\/product_cat?post=11060"},{"taxonomy":"product_tag","embeddable":true,"href":"https:\/\/www.thietbidienlama.com\/en\/wp-json\/wp\/v2\/product_tag?post=11060"}],"curies":[{"name":"wp","href":"https:\/\/api.w.org\/{rel}","templated":true}]}}