{"id":11056,"date":"2024-08-06T10:41:29","date_gmt":"2024-08-06T03:41:29","guid":{"rendered":"https:\/\/thietbidienlama.com\/?post_type=product&#038;p=11056"},"modified":"2026-01-12T14:18:35","modified_gmt":"2026-01-12T07:18:35","slug":"day-dien-cadivi-cv50","status":"publish","type":"product","link":"https:\/\/www.thietbidienlama.com\/en\/day-dien-cadivi-cv50\/","title":{"rendered":"D\u00e2y \u0110i\u1ec7n Cadivi CV 50"},"content":{"rendered":"<p><span style=\"color: #000000;\"><strong><u><b>D\u00e2y \u0111i\u1ec7n cadivi CV50<\/b><\/u><\/strong><\/span><\/p>\n<p><span style=\"color: #000000;\">D\u00e2y \u0111i\u1ec7n cadivi cv50 c\u00f3 c\u1ea5p \u0111i\u1ec7n \u00e1p l\u00e0 0.6-1kv l\u1eafp \u0111\u1eb7t c\u1ed1 \u0111\u1ecbnh l\u00e0 d\u00e2y c\u00e1p h\u1ea1 th\u1ebf d\u00f9ng trong h\u1ec7 th\u1ed1ng truy\u1ec1n t\u1ea3i, ph\u00e2n ph\u1ed1i \u0111i\u1ec7n qu\u1ed1c gia, nh\u00e0 m\u00e1y c\u00f4ng tr\u00ecnh. L\u00e0 d\u00e2y g\u1ed3m 1 ru\u1ed9t hay \u0111\u01b0\u1ee3c g\u1ecdi l\u00e0 l\u00f5i \u0111\u1ed3ng , 1 l\u1edbp v\u1ecf b\u1ecdc c\u00e1ch \u0111i\u1ec7n pvc.<\/span><\/p>\n<p><span style=\"color: #000000;\">Ru\u1ed9t d\u00e2y \u0111\u1ed3ng d\u00e2y \u0111i\u1ec7n Cadivi CV50 \u0111\u01b0\u1ee3c c\u1ea5u t\u1ea1o t\u1eeb 19 s\u1ee3 d\u00e2y \u0111\u1ed3ng xo\u1eafn l\u1ea1i v\u1edbi nhau t\u1ea1o th\u00e0nh 1 l\u00f5i , \u0111\u01b0\u1ee3c bao b\u1ecdc b\u1edfi l\u1edbp 1 c\u00e1ch \u0111i\u1ec7n Pvc, kh\u00f4ng c\u00f3 l\u1edbp gi\u00e1p b\u1ea3o v\u1ec7.<\/span><\/p>\n<div id=\"attachment_10949\" style=\"width: 235px\" class=\"wp-caption aligncenter\"><img fetchpriority=\"high\" decoding=\"async\" aria-describedby=\"caption-attachment-10949\" class=\"wp-image-10949 size-full\" src=\"https:\/\/thietbidienlama.com\/wp-content\/uploads\/2024\/07\/day-cap-dien-don-cadivi-1.0.webp\" alt=\"D\u00e2y \u0110i\u1ec7n Cadivi CV50\" width=\"225\" height=\"225\" srcset=\"https:\/\/www.thietbidienlama.com\/wp-content\/uploads\/2024\/07\/day-cap-dien-don-cadivi-1.0.webp 225w, https:\/\/www.thietbidienlama.com\/wp-content\/uploads\/2024\/07\/day-cap-dien-don-cadivi-1.0-150x150.webp 150w, https:\/\/www.thietbidienlama.com\/wp-content\/uploads\/2024\/07\/day-cap-dien-don-cadivi-1.0-12x12.webp 12w\" sizes=\"(max-width: 225px) 100vw, 225px\" \/><p id=\"caption-attachment-10949\" class=\"wp-caption-text\"><span style=\"color: #000000;\">D\u00e2y \u0110i\u1ec7n Cadivi CV50<\/span><\/p><\/div>\n<p>&nbsp;<\/p>\n<p><span style=\"color: #000000;\"><strong><b>Mua d\u00e2y \u0111i\u1ec7n cadivi cv50 \u1edf \u0111\u00e2u ?<\/b><\/strong><\/span><\/p>\n<p><span style=\"color: #000000;\">Kh\u00f4ng kh\u00f3 \u0111\u1ec3 b\u1ea1n c\u00f3 th\u1ec3 l\u1ef1a ch\u1ecdn \u0111\u01b0\u1ee3c \u0111\u01a1n v\u1ecb ph\u00e2n ph\u1ed1i d\u00e2y \u0111i\u1ec7n cadivi cv50 , tuy nhi\u00ean h\u00e3y l\u1ef1a ch\u1ecdn m\u1ed9t n\u01a1i th\u1ef1c s\u1ef1 c\u00f3 uy t\u00edn \u0111\u1ec3 tr\u00e1nh mua nh\u1eb1m h\u00e0ng gi\u1ea3, h\u00e0ng k\u00e9m ch\u1ea5t l\u01b0\u1ee3ng.<\/span><\/p>\n<p><span style=\"color: #000000;\">V\u1edbi m\u1ed9t s\u1ea3n ph\u1ea9m h\u00e0ng gi\u1ea3, k\u00e9m ch\u1ea5t l\u01b0\u1ee3ng s\u1ebd c\u00f3 nguy c\u01a1 b\u1ecb ch\u00e1y n\u1ed5, ch\u1eadt \u0111i\u1ec7n r\u1ea5t l\u1edbn, kh\u00f4ng \u0111\u1ea3m b\u1ea3o \u0111\u01b0\u1ee3c kh\u1ea3 n\u0103ng truy\u1ec1n t\u1ea3i \u0111i\u1ec7n n\u0103ng \u0111\u1ebfn c\u00e1c thi\u1ebft b\u1ecb ti\u00eau th\u1ee5 \u0111i\u1ec7n to\u00e0n h\u1ec7 th\u1ed1ng c\u00e1c t\u00f2a nh\u00e0.<\/span><\/p>\n<p><span style=\"color: #000000;\"><strong><b>Nh\u00e0 Ph\u00e2n Ph\u1ed1i d\u00e2y \u0111i\u1ec7n cadivi cv50 gi\u00e1 t\u1ed1t nh\u1ea5t t\u1ea1i Tphcm ?<\/b><\/strong><\/span><\/p>\n<p><span style=\"color: #000000;\">Lama hi\u1ec7n t\u1ea1i l\u00e0 nh\u00e0 ph\u00e2n ph\u1ed1i ch\u00ednh th\u1ee9c c\u1ee7a d\u00e2y \u0111i\u1ec7n cadivi cv50, m\u1ee9c chi\u1ebft kh\u1ea5u cao l\u00ean \u0111\u1ebfn 39% \u2013 V\u1edbi kinh nghi\u1ec7m h\u01a1n 10 n\u0103m trong ngh\u1ec1 hi\u1ec7n t\u1ea1i \u0111ang nh\u1eadp tr\u1ef1c ti\u1ebfp s\u1ea3n ph\u1ea9m cadivi t\u1eeb nh\u00e0 m\u00e1y v\u00e0 x\u00ed nghi\u1ec7p s\u1ea3n xu\u1ea5t nh\u01b0 x\u00ed nghi\u1ec7p T\u00e2n \u00c1, X\u00ed nghi\u1ec7p Mi\u1ec1n \u0110\u00f4ng, cadivi \u0110\u1ed3ng Nai\u2026<\/span><\/p>\n<p><span style=\"color: #000000;\">Lama hi\u1ec7n t\u1ea1i c\u00f3 c\u1eeda h\u00e0ng t\u1ea1i 78 \u0110\u1ed7 Xu\u00e2n H\u1ee3p, Ph\u01b0\u1eddng Ph\u01b0\u1edbc Long B, Tp Th\u1ee7 \u0110\u1ee9c, Tphcm. Cho n\u00ean vi\u1ec7c di chuy\u1ec3n trong th\u00e0nh ph\u1ed1 c\u1ef1c k\u1ef3 ti\u1ec7n l\u1ee3i, V\u00ec th\u1ebf ch\u1ec9 c\u1ea7n kh\u00e1ch h\u00e0ng y\u00eau c\u1ea7u \u0111\u01a1n l\u1eadp t\u1ee9c LAMA s\u1ebd v\u1eadn chuy\u1ec3n \u0111\u01a1n h\u00e0ng \u0111\u1ebfn t\u1eadn n\u01a1i kh\u00e1ch h\u00e0ng y\u00eau c\u1ea7u.<\/span><\/p>\n<p><span style=\"color: #000000;\">N\u1ebfu b\u1ea1n l\u00e0 C\u00f4ng Ty X\u00e2y D\u1ef1ng, nh\u00e0 th\u1ea7u \u0111i\u1ec7n , \u0111i\u1ec7n l\u1ea1nh c\u1ea7n s\u1ed1 l\u01b0\u1ee3ng h\u00e0ng h\u00f3a l\u1edbn h\u00e3y li\u00ean h\u1ec7 ngay v\u1edbi LAMA \u0111\u1ec3 c\u00f3 m\u1ee9c chi\u1ebft kh\u1ea5u t\u1ed1t nh\u1ea5t nh\u00e9.<\/span><\/p>","protected":false},"excerpt":{"rendered":"<p>D\u00e2y \u0111i\u1ec7n cadivi CV50 D\u00e2y \u0111i\u1ec7n cadivi cv50 c\u00f3 c\u1ea5p \u0111i\u1ec7n \u00e1p l\u00e0 0.6-1kv l\u1eafp \u0111\u1eb7t c\u1ed1 \u0111\u1ecbnh l\u00e0 d\u00e2y<\/p>","protected":false},"featured_media":10949,"comment_status":"closed","ping_status":"closed","template":"","meta":[],"product_brand":[],"product_cat":[501,564,565],"product_tag":[638,639,640],"class_list":{"0":"post-11056","1":"product","2":"type-product","3":"status-publish","4":"has-post-thumbnail","6":"product_cat-thiet-bi-dien","7":"product_cat-day-va-cap-dien","8":"product_cat-day-dien-cadivi","9":"product_tag-day-dien-cadivi-cv-50","10":"product_tag-gia-day-dien-cadivi-cv50","11":"product_tag-nha-phan-phoi-day-dien-cadivi-cv50","13":"first","14":"instock","15":"sale","16":"shipping-taxable","17":"purchasable","18":"product-type-simple"},"_links":{"self":[{"href":"https:\/\/www.thietbidienlama.com\/en\/wp-json\/wp\/v2\/product\/11056","targetHints":{"allow":["GET"]}}],"collection":[{"href":"https:\/\/www.thietbidienlama.com\/en\/wp-json\/wp\/v2\/product"}],"about":[{"href":"https:\/\/www.thietbidienlama.com\/en\/wp-json\/wp\/v2\/types\/product"}],"replies":[{"embeddable":true,"href":"https:\/\/www.thietbidienlama.com\/en\/wp-json\/wp\/v2\/comments?post=11056"}],"version-history":[{"count":3,"href":"https:\/\/www.thietbidienlama.com\/en\/wp-json\/wp\/v2\/product\/11056\/revisions"}],"predecessor-version":[{"id":11059,"href":"https:\/\/www.thietbidienlama.com\/en\/wp-json\/wp\/v2\/product\/11056\/revisions\/11059"}],"wp:featuredmedia":[{"embeddable":true,"href":"https:\/\/www.thietbidienlama.com\/en\/wp-json\/wp\/v2\/media\/10949"}],"wp:attachment":[{"href":"https:\/\/www.thietbidienlama.com\/en\/wp-json\/wp\/v2\/media?parent=11056"}],"wp:term":[{"taxonomy":"product_brand","embeddable":true,"href":"https:\/\/www.thietbidienlama.com\/en\/wp-json\/wp\/v2\/product_brand?post=11056"},{"taxonomy":"product_cat","embeddable":true,"href":"https:\/\/www.thietbidienlama.com\/en\/wp-json\/wp\/v2\/product_cat?post=11056"},{"taxonomy":"product_tag","embeddable":true,"href":"https:\/\/www.thietbidienlama.com\/en\/wp-json\/wp\/v2\/product_tag?post=11056"}],"curies":[{"name":"wp","href":"https:\/\/api.w.org\/{rel}","templated":true}]}}