{"id":11052,"date":"2024-08-06T09:43:16","date_gmt":"2024-08-06T02:43:16","guid":{"rendered":"https:\/\/thietbidienlama.com\/?post_type=product&#038;p=11052"},"modified":"2026-01-12T14:17:46","modified_gmt":"2026-01-12T07:17:46","slug":"day-dien-cadivi-cv16","status":"publish","type":"product","link":"https:\/\/www.thietbidienlama.com\/en\/day-dien-cadivi-cv16\/","title":{"rendered":"D\u00e2y \u0110i\u1ec7n Cadivi CV16"},"content":{"rendered":"<p><span style=\"font-family: arial, helvetica, sans-serif; color: #000000;\"><strong><u><b>D\u00e2y \u0110i\u1ec7n Cadivi CV16:<\/b><\/u><\/strong><\/span><\/p>\n<p><span style=\"font-family: arial, helvetica, sans-serif; color: #000000;\">D\u00e2y \u0110i\u1ec7n Cadivi CV16 l\u00e0 m\u1ed9t lo\u1ea1i d\u00e2y c\u00e1p \u0111i\u1ec7n \u0111\u01a1n c\u1ee9ng \u0111\u01b0\u1ee3c s\u1ea3n xu\u1ea5t b\u1edfi th\u01b0\u01a1ng hi\u1ec7u Cadivi v\u1edbi l\u00f5i \u0111\u1ed3ng nguy\u00ean ch\u1ea5t, gi\u00fap t\u0103ng c\u01b0\u1eddng kh\u1ea3 n\u0103ng d\u1eabn \u0111i\u1ec7n, \u0111\u1ea3m b\u1ea3o s\u1ef1 \u1ed5n \u0111\u1ecbnh trong qu\u00e1 tr\u00ecnh s\u1eed d\u1ee5ng, l\u00f5i d\u00e2y \u0111\u01b0\u1ee3c b\u1ecdc l\u1edbp c\u00e1ch \u0111i\u1ec7n v\u1eadt li\u1ec7u PVC (Polyvinyl Chloride) gi\u00fap b\u1ea3o v\u1ec7 l\u00f5i d\u00e2y kh\u1ecfi t\u00e1c \u0111\u1ed9ng v\u00e0 nguy c\u01a1 g\u00e2y ch\u1eadp \u0111i\u1ec7n.<\/span><\/p>\n<p><span style=\"font-family: arial, helvetica, sans-serif; color: #000000;\">\u0110\u01b0\u1eddng k\u00ednh: D\u00e2y caidiv c\u00f3 \u0111\u01b0\u1eddng k\u00ednh l\u00f5i d\u00e2y 16mm, l\u00e0 \u0111\u01b0\u1eddng k\u00ednh ti\u00eau chu\u1ea9n cho d\u00e2y c\u00e1p \u0111i\u1ec7n \u0111\u01a1n, \u0111\u01b0\u1eddng k\u00ednh n\u00e0y ph\u00f9 h\u1ee3p v\u1edbi c\u00e1c y\u00eau c\u1ea7u \u0111i\u1ec7n \u00e1p, d\u00f2ng \u0111i\u1ec7n \u1ee9ng d\u1ee5ng h\u1ea1 th\u1ebf.<\/span><\/p>\n<p><span style=\"font-family: arial, helvetica, sans-serif; color: #000000;\">D\u00e2y C\u00e1p \u0111i\u1ec7n \u0111\u01a1n cadivi 16 \u0111\u01b0\u1ee3c thi\u1ebft k\u1ebf ch\u1ecbu \u0111\u01b0\u1ee3c \u0111i\u1ec7n \u00e1p h\u1ea1 th\u1ebf 0,6\/1kv, v\u00e0 d\u00f2ng \u0111i\u1ec7n t\u1ed1i \u0111a 16ampe.<\/span><\/p>\n<p><img fetchpriority=\"high\" decoding=\"async\" class=\"size-full wp-image-10949 aligncenter\" src=\"https:\/\/thietbidienlama.com\/wp-content\/uploads\/2024\/07\/day-cap-dien-don-cadivi-1.0.webp\" alt=\"\" width=\"225\" height=\"225\" srcset=\"https:\/\/www.thietbidienlama.com\/wp-content\/uploads\/2024\/07\/day-cap-dien-don-cadivi-1.0.webp 225w, https:\/\/www.thietbidienlama.com\/wp-content\/uploads\/2024\/07\/day-cap-dien-don-cadivi-1.0-150x150.webp 150w, https:\/\/www.thietbidienlama.com\/wp-content\/uploads\/2024\/07\/day-cap-dien-don-cadivi-1.0-12x12.webp 12w\" sizes=\"(max-width: 225px) 100vw, 225px\" \/><\/p>\n<p>&nbsp;<\/p>","protected":false},"excerpt":{"rendered":"<p>D\u00e2y \u0110i\u1ec7n Cadivi CV16: D\u00e2y \u0110i\u1ec7n Cadivi CV16 l\u00e0 m\u1ed9t lo\u1ea1i d\u00e2y c\u00e1p \u0111i\u1ec7n \u0111\u01a1n c\u1ee9ng \u0111\u01b0\u1ee3c s\u1ea3n xu\u1ea5t b\u1edfi<\/p>","protected":false},"featured_media":10949,"comment_status":"closed","ping_status":"closed","template":"","meta":[],"product_brand":[],"product_cat":[501,564,565],"product_tag":[634,635],"class_list":{"0":"post-11052","1":"product","2":"type-product","3":"status-publish","4":"has-post-thumbnail","6":"product_cat-thiet-bi-dien","7":"product_cat-day-va-cap-dien","8":"product_cat-day-dien-cadivi","9":"product_tag-day-dien-cadivi-cv16","10":"product_tag-gia-day-dien-cadivi-cv16","12":"first","13":"instock","14":"sale","15":"shipping-taxable","16":"purchasable","17":"product-type-simple"},"_links":{"self":[{"href":"https:\/\/www.thietbidienlama.com\/en\/wp-json\/wp\/v2\/product\/11052","targetHints":{"allow":["GET"]}}],"collection":[{"href":"https:\/\/www.thietbidienlama.com\/en\/wp-json\/wp\/v2\/product"}],"about":[{"href":"https:\/\/www.thietbidienlama.com\/en\/wp-json\/wp\/v2\/types\/product"}],"replies":[{"embeddable":true,"href":"https:\/\/www.thietbidienlama.com\/en\/wp-json\/wp\/v2\/comments?post=11052"}],"version-history":[{"count":3,"href":"https:\/\/www.thietbidienlama.com\/en\/wp-json\/wp\/v2\/product\/11052\/revisions"}],"predecessor-version":[{"id":11081,"href":"https:\/\/www.thietbidienlama.com\/en\/wp-json\/wp\/v2\/product\/11052\/revisions\/11081"}],"wp:featuredmedia":[{"embeddable":true,"href":"https:\/\/www.thietbidienlama.com\/en\/wp-json\/wp\/v2\/media\/10949"}],"wp:attachment":[{"href":"https:\/\/www.thietbidienlama.com\/en\/wp-json\/wp\/v2\/media?parent=11052"}],"wp:term":[{"taxonomy":"product_brand","embeddable":true,"href":"https:\/\/www.thietbidienlama.com\/en\/wp-json\/wp\/v2\/product_brand?post=11052"},{"taxonomy":"product_cat","embeddable":true,"href":"https:\/\/www.thietbidienlama.com\/en\/wp-json\/wp\/v2\/product_cat?post=11052"},{"taxonomy":"product_tag","embeddable":true,"href":"https:\/\/www.thietbidienlama.com\/en\/wp-json\/wp\/v2\/product_tag?post=11052"}],"curies":[{"name":"wp","href":"https:\/\/api.w.org\/{rel}","templated":true}]}}