{"id":11050,"date":"2024-08-06T09:10:12","date_gmt":"2024-08-06T02:10:12","guid":{"rendered":"https:\/\/thietbidienlama.com\/?post_type=product&#038;p=11050"},"modified":"2026-01-12T14:16:46","modified_gmt":"2026-01-12T07:16:46","slug":"day-dien-doi-cadivi-2x50","status":"publish","type":"product","link":"https:\/\/www.thietbidienlama.com\/en\/day-dien-doi-cadivi-2x50\/","title":{"rendered":"D\u00e2y \u0110i\u1ec7n \u0110\u00f4i Cadivi 2&#215;50"},"content":{"rendered":"<p><span style=\"color: #000000;\">D\u00e2y \u0111i\u1ec7n \u0111\u00f4i cadivi 2&#215;50<\/span><\/p>\n<p><img fetchpriority=\"high\" decoding=\"async\" class=\"size-full wp-image-10949 aligncenter\" src=\"https:\/\/thietbidienlama.com\/wp-content\/uploads\/2024\/07\/day-cap-dien-don-cadivi-1.0.webp\" alt=\"\" width=\"225\" height=\"225\" srcset=\"https:\/\/www.thietbidienlama.com\/wp-content\/uploads\/2024\/07\/day-cap-dien-don-cadivi-1.0.webp 225w, https:\/\/www.thietbidienlama.com\/wp-content\/uploads\/2024\/07\/day-cap-dien-don-cadivi-1.0-150x150.webp 150w, https:\/\/www.thietbidienlama.com\/wp-content\/uploads\/2024\/07\/day-cap-dien-don-cadivi-1.0-12x12.webp 12w\" sizes=\"(max-width: 225px) 100vw, 225px\" \/><\/p>\n<p><span style=\"color: #000000;\">L\u00e0 m\u1ed9t lo\u1ea1i d\u00e2y c\u00f3 2 l\u00f5i, m\u1ed7i l\u00f5i ti\u1ebft di\u1ec7n 50mm2. \u0110\u00e2y l\u00e0 th\u00f4ng s\u1ed1 ch\u1ec9 ti\u1ebft di\u1ec7n d\u1eabn \u0111i\u1ec7n c\u1ee7a m\u1ed7i l\u00f5i c\u00f3 th\u1ec3 l\u00e0 l\u00f5i d\u1eabn \u0111i\u1ec7n \u0111\u1ed3ng ho\u1eb7c nh\u00f4m, t\u00f9y v\u00e0o c\u00e1c lo\u1ea1i c\u00e1p c\u1ee5 th\u1ec3.<\/span><\/p>\n<p><span style=\"color: #000000;\">C\u00e1p \u0111i\u1ec7n Cadivi th\u01b0\u1eddng x\u1eed d\u1ee5ng \u0111\u1ec3 tuy\u1ec1n t\u1ea3i v\u00e0 ph\u00e2n ph\u1ed1i \u0111i\u1ec7n trong c\u00e1c h\u1ec7 th\u1ed1ng gia \u0111\u00ecnh, c\u00f4ng nghi\u1ec7p, x\u00e2y d\u1ef1ng, v\u00e0 c\u00e1c c\u00f4ng tr\u00ecnh kh\u00e1c.<\/span><\/p>\n<p><span style=\"color: #000000;\">D\u00e2y \u0111i\u1ec7n \u0111\u00f4i 2&#215;50 c\u00f3 ti\u1ebft di\u1ec7n l\u00f5i l\u00e0 50mm2 th\u01b0\u1eddng \u0111\u01b0\u1ee3c s\u1eed d\u1ee5ng trong c\u00e1c \u1ee9ng d\u1ee5ng truy\u1ec1n t\u1ea3i v\u00e0 ph\u00e2n ph\u1ed1i \u0111i\u1ec7n trong c\u00e1c h\u1ec7 th\u1ed1ng \u0111i\u1ec7n gia \u0111\u00ecnh, c\u00f4ng nghi\u1ec7p, x\u00e2y d\u1ef1ng v\u00e0 c\u00e1c c\u00f4ng tr\u00ecnh kh\u00e1c.<\/span><\/p>\n<p><span style=\"color: #000000;\">H\u1ec7 th\u1ed1ng \u0111i\u1ec7n nh\u00e0 \u1edf : S\u1eed d\u1ee5ng truy\u1ec1n t\u1ea3i \u0111i\u1ec7n trong h\u1ec7 th\u1ed1ng nh\u00e0 \u1edf, ph\u1ee5c v\u1ee5 c\u00e1c thi\u1ebft b\u1ecb \u0111i\u1ec7n nh\u01b0 \u0111\u00e8n, qu\u1ea1t, m\u00e1y l\u1ea1nh, tivi, t\u1ee7 l\u1ea1nh, c\u00e1c thi\u1ebft b\u1ecb kh\u00e1c.<\/span><\/p>\n<p><span style=\"color: #000000;\">C\u00f4ng nghi\u1ec7p : Lo\u1ea1i d\u00e2y cadivi 2&#215;50 c\u00f3 kh\u1ea3 n\u0103ng ch\u1ecbu t\u1ea3i cao, \u0111\u00e1p \u1ee9ng nhu c\u1ea7u truy\u1ec1n t\u1ea3i \u0111i\u1ec7n trong h\u1ec7 th\u1ed1ng c\u00f4ng nghi\u1ec7p, nh\u01b0 c\u00e1c nh\u00e0 m\u00e1y x\u00ed nghi\u1ec7p, nh\u00e0 x\u01b0\u1edfng s\u1ea3n xu\u1ea5t.<\/span><\/p>\n<p><span style=\"color: #000000;\">C\u00f4ng tr\u00ecnh x\u00e2y d\u1ef1ng : T\u00f2a nh\u00e0, chung c\u01b0 , trung t\u00e2m th\u01b0\u01a1ng mai, c\u00e1c c\u00f4ng tr\u00ecnh c\u1ed9ng \u0111\u1ed3ng, \u0111\u1ec3 c\u1ea5p \u0111i\u1ec7n chi\u1ebfu s\u00e1ng v\u00e0 thi\u1ebft b\u1ecb \u0111i\u1ec7n.<\/span><\/p>","protected":false},"excerpt":{"rendered":"<p>D\u00e2y \u0111i\u1ec7n \u0111\u00f4i cadivi 2&#215;50 L\u00e0 m\u1ed9t lo\u1ea1i d\u00e2y c\u00f3 2 l\u00f5i, m\u1ed7i l\u00f5i ti\u1ebft di\u1ec7n 50mm2. \u0110\u00e2y l\u00e0 th\u00f4ng<\/p>","protected":false},"featured_media":10949,"comment_status":"closed","ping_status":"closed","template":"","meta":[],"product_brand":[],"product_cat":[501,564],"product_tag":[584,633],"class_list":{"0":"post-11050","1":"product","2":"type-product","3":"status-publish","4":"has-post-thumbnail","6":"product_cat-thiet-bi-dien","7":"product_cat-day-va-cap-dien","8":"product_tag-day-dien-cadivi","9":"product_tag-day-dien-doi-cadivi-2x50","11":"first","12":"instock","13":"sale","14":"shipping-taxable","15":"purchasable","16":"product-type-simple"},"_links":{"self":[{"href":"https:\/\/www.thietbidienlama.com\/en\/wp-json\/wp\/v2\/product\/11050","targetHints":{"allow":["GET"]}}],"collection":[{"href":"https:\/\/www.thietbidienlama.com\/en\/wp-json\/wp\/v2\/product"}],"about":[{"href":"https:\/\/www.thietbidienlama.com\/en\/wp-json\/wp\/v2\/types\/product"}],"replies":[{"embeddable":true,"href":"https:\/\/www.thietbidienlama.com\/en\/wp-json\/wp\/v2\/comments?post=11050"}],"version-history":[{"count":1,"href":"https:\/\/www.thietbidienlama.com\/en\/wp-json\/wp\/v2\/product\/11050\/revisions"}],"predecessor-version":[{"id":11051,"href":"https:\/\/www.thietbidienlama.com\/en\/wp-json\/wp\/v2\/product\/11050\/revisions\/11051"}],"wp:featuredmedia":[{"embeddable":true,"href":"https:\/\/www.thietbidienlama.com\/en\/wp-json\/wp\/v2\/media\/10949"}],"wp:attachment":[{"href":"https:\/\/www.thietbidienlama.com\/en\/wp-json\/wp\/v2\/media?parent=11050"}],"wp:term":[{"taxonomy":"product_brand","embeddable":true,"href":"https:\/\/www.thietbidienlama.com\/en\/wp-json\/wp\/v2\/product_brand?post=11050"},{"taxonomy":"product_cat","embeddable":true,"href":"https:\/\/www.thietbidienlama.com\/en\/wp-json\/wp\/v2\/product_cat?post=11050"},{"taxonomy":"product_tag","embeddable":true,"href":"https:\/\/www.thietbidienlama.com\/en\/wp-json\/wp\/v2\/product_tag?post=11050"}],"curies":[{"name":"wp","href":"https:\/\/api.w.org\/{rel}","templated":true}]}}