{"id":11046,"date":"2024-08-05T16:09:40","date_gmt":"2024-08-05T09:09:40","guid":{"rendered":"https:\/\/thietbidienlama.com\/?post_type=product&#038;p=11046"},"modified":"2026-01-12T14:16:30","modified_gmt":"2026-01-12T07:16:30","slug":"day-dien-cadivi-2x30","status":"publish","type":"product","link":"https:\/\/www.thietbidienlama.com\/en\/day-dien-cadivi-2x30\/","title":{"rendered":"D\u00e2y \u0110i\u1ec7n Cadivi 2X30"},"content":{"rendered":"<h2><span style=\"color: #000000; font-size: 14pt;\"><strong><u><b><span style=\"color: #ff6600;\"><a style=\"color: #ff6600;\" href=\"https:\/\/thietbidienlama.com\/day-dien-cadivi-2x30\/\">D\u00e2y \u0110i\u1ec7n Cadivi 2&#215;30<\/a><\/span> gi\u00e1 bao nhi\u00eau ?<\/b><\/u><\/strong><\/span><\/h2>\n<p><span style=\"color: #000000;\">Hi\u1ec7n t\u1ea1i gi\u00e1 d\u00e2y \u0111i\u1ec7n cadivi s\u1ebd c\u00f3 s\u1ef1 bi\u1ebfn \u0111\u1ed9ng theo th\u1ecb tr\u01b0\u1eddng, v\u00e0 s\u1ebd c\u00f3 s\u1ef1 ch\u00eanh l\u1ec7ch gi\u1eefa c\u00e1c \u0111\u1ea1i l\u00fd v\u1edbi nhau b\u1edfi m\u1ee9c chi\u1ebft kh\u1ea5u, v\u00e0 c\u0169ng s\u1ebd c\u00f3 tr\u01b0\u1eddng h\u1ee3p gi\u00e1 b\u00e1n cao h\u01a1n gi\u00e1 ni\u00eam y\u1ebft.<\/span><\/p>\n<p><span style=\"color: #000000;\">Hi\u1ec7n t\u1ea1i Lama l\u00e0 nh\u00e0 ph\u00e2n ph\u1ed1i c\u1ea5p 1 c\u1ee7a d\u00e2y \u0111i\u1ec7n cadivi v\u00e0 Lama lu\u00f4n c\u00f3 m\u1ee9c gi\u00e1 chi\u1ebft kh\u1ea5u cao l\u00ean \u0111\u1ebfn 39%. Lama g\u1eedi t\u1edbi b\u1ea1n m\u1ee9c gi\u00e1 d\u00e2y \u0111i\u1ec7n Cadivi 2*30 : 823,900\/ cu\u1ed9n v\u1edbi chi\u1ec1u d\u00e0i 100m.<\/span><\/p>\n<h2><span style=\"color: #000000; font-size: 14pt;\"><strong><u><b>T\u1ea1i sao b\u1ea1n n\u00ean ch\u1ecdn mua <span style=\"color: #ff6600;\"><a style=\"color: #ff6600;\" href=\"https:\/\/thietbidienlama.com\/day-dien-cadivi-2x30\/\">d\u00e2y \u0111i\u1ec7n Cadivi 2&#215;30<\/a><\/span> t\u1ea1i LAMA :<\/b><\/u><\/strong><\/span><\/h2>\n<p><span style=\"color: #000000;\">N\u1ebfu b\u1ea1n l\u00e0 c\u00f4ng ty x\u00e2y d\u1ef1ng, nh\u00e0 th\u1ea7u \u0111i\u1ec7n, \u0111i\u1ec7n l\u1ea1nh c\u1ea7n mua s\u1ed1 l\u01b0\u1ee3ng d\u00e2y \u0111i\u1ec7n cadivi 2*30 ho\u1eb7c c\u00e1c lo\u1ea1i d\u00e2y \u0111i\u1ec7n cadivi h\u00e3y li\u00ean h\u1ec7 ngay v\u1edbi Lama, ch\u00fang t\u00f4i lu\u00f4n c\u1ed1 g\u1eafng mang l\u1ea1i cho kh\u00e1ch h\u00e0ng m\u1ee9c chi\u1ebft kh\u1ea5u t\u1ed1t nh\u1ea5t, h\u00e0ng ch\u00ednh h\u00e3ng c\u0169ng nh\u01b0 d\u1ecbch v\u1ee5 t\u1ed1t nh\u1ea5t \u0111\u1ec3 c\u00f3 \u0111\u01b0\u1ee3c ni\u1ec1m tin c\u1ee7a kh\u00e1ch h\u00e0ng.<\/span><\/p>\n<p><img fetchpriority=\"high\" decoding=\"async\" class=\"aligncenter wp-image-13149 size-medium\" src=\"http:\/\/thietbidienlama.com\/wp-content\/uploads\/2024\/08\/Day-Dien-Cadivi-2x30-1-300x300.jpg\" alt=\"D\u00e2y \u0110i\u1ec7n Cadivi 2x30\" width=\"300\" height=\"300\" srcset=\"https:\/\/www.thietbidienlama.com\/wp-content\/uploads\/2024\/08\/Day-Dien-Cadivi-2x30-1-300x300.jpg 300w, https:\/\/www.thietbidienlama.com\/wp-content\/uploads\/2024\/08\/Day-Dien-Cadivi-2x30-1-150x150.jpg 150w, https:\/\/www.thietbidienlama.com\/wp-content\/uploads\/2024\/08\/Day-Dien-Cadivi-2x30-1-12x12.jpg 12w, https:\/\/www.thietbidienlama.com\/wp-content\/uploads\/2024\/08\/Day-Dien-Cadivi-2x30-1.jpg 500w\" sizes=\"(max-width: 300px) 100vw, 300px\" \/><\/p>\n<p><span style=\"font-size: 12pt; color: #000000;\"><strong>LI\u00caN H\u1ec6 : Hotline: 0935 228 204 ( Ms Lam )<\/strong><\/span><\/p>\n<p><span style=\"font-size: 12pt; color: #000000;\"><strong>Facebook:\u00a0<span style=\"color: #ff6600;\"><a style=\"color: #ff6600;\" href=\"https:\/\/www.facebook.com\/thietbidienlama\" target=\"_blank\" rel=\"noopener\">THI\u1ebeT\u00a0B\u1eca \u0110I\u1ec6N LAMA<\/a><\/span><\/strong><\/span><\/p>\n<p><span style=\"font-size: 12pt; color: #000000;\"><strong>Tiktok:\u00a0<span style=\"color: #ff6600;\"><a style=\"color: #ff6600;\" href=\"https:\/\/www.tiktok.com\/@thietbidienlama\" target=\"_blank\" rel=\"noopener\">THI\u1ebeT\u00a0B\u1eca \u0110I\u1ec6N LAMA<\/a><\/span><\/strong><\/span><\/p>","protected":false},"excerpt":{"rendered":"<p>D\u00e2y \u0110i\u1ec7n Cadivi 2&#215;30 gi\u00e1 bao nhi\u00eau ? Hi\u1ec7n t\u1ea1i gi\u00e1 d\u00e2y \u0111i\u1ec7n cadivi s\u1ebd c\u00f3 s\u1ef1 bi\u1ebfn \u0111\u1ed9ng theo<\/p>","protected":false},"featured_media":13149,"comment_status":"closed","ping_status":"closed","template":"","meta":[],"product_brand":[],"product_cat":[565,564],"product_tag":[631,632],"class_list":{"0":"post-11046","1":"product","2":"type-product","3":"status-publish","4":"has-post-thumbnail","6":"product_cat-day-dien-cadivi","7":"product_cat-day-va-cap-dien","8":"product_tag-day-dien-cadivi-2x30","9":"product_tag-gia-day-dien-cadivi-2x30","11":"first","12":"instock","13":"sale","14":"shipping-taxable","15":"purchasable","16":"product-type-simple"},"_links":{"self":[{"href":"https:\/\/www.thietbidienlama.com\/en\/wp-json\/wp\/v2\/product\/11046","targetHints":{"allow":["GET"]}}],"collection":[{"href":"https:\/\/www.thietbidienlama.com\/en\/wp-json\/wp\/v2\/product"}],"about":[{"href":"https:\/\/www.thietbidienlama.com\/en\/wp-json\/wp\/v2\/types\/product"}],"replies":[{"embeddable":true,"href":"https:\/\/www.thietbidienlama.com\/en\/wp-json\/wp\/v2\/comments?post=11046"}],"version-history":[{"count":5,"href":"https:\/\/www.thietbidienlama.com\/en\/wp-json\/wp\/v2\/product\/11046\/revisions"}],"predecessor-version":[{"id":13151,"href":"https:\/\/www.thietbidienlama.com\/en\/wp-json\/wp\/v2\/product\/11046\/revisions\/13151"}],"wp:featuredmedia":[{"embeddable":true,"href":"https:\/\/www.thietbidienlama.com\/en\/wp-json\/wp\/v2\/media\/13149"}],"wp:attachment":[{"href":"https:\/\/www.thietbidienlama.com\/en\/wp-json\/wp\/v2\/media?parent=11046"}],"wp:term":[{"taxonomy":"product_brand","embeddable":true,"href":"https:\/\/www.thietbidienlama.com\/en\/wp-json\/wp\/v2\/product_brand?post=11046"},{"taxonomy":"product_cat","embeddable":true,"href":"https:\/\/www.thietbidienlama.com\/en\/wp-json\/wp\/v2\/product_cat?post=11046"},{"taxonomy":"product_tag","embeddable":true,"href":"https:\/\/www.thietbidienlama.com\/en\/wp-json\/wp\/v2\/product_tag?post=11046"}],"curies":[{"name":"wp","href":"https:\/\/api.w.org\/{rel}","templated":true}]}}