{"id":11043,"date":"2024-08-05T15:52:50","date_gmt":"2024-08-05T08:52:50","guid":{"rendered":"https:\/\/thietbidienlama.com\/?post_type=product&#038;p=11043"},"modified":"2026-01-12T14:16:14","modified_gmt":"2026-01-12T07:16:14","slug":"day-dien-doi-cadivi-2x32","status":"publish","type":"product","link":"https:\/\/www.thietbidienlama.com\/en\/day-dien-doi-cadivi-2x32\/","title":{"rendered":"D\u00e2y \u0110i\u1ec7n Cadivi 2&#215;32"},"content":{"rendered":"<h2><span style=\"color: #ff6600;\"><a style=\"color: #ff6600;\" href=\"https:\/\/thietbidienlama.com\/day-dien-doi-cadivi-2x32\/\"><span style=\"font-size: 14pt;\"><strong><u><b>D\u00e2y \u0111i\u1ec7n cadivi 2&#215;32 <\/b><\/u><\/strong><\/span><\/a><\/span><\/h2>\n<p><span style=\"color: #000000;\">D\u00e2y \u0111i\u1ec7n \u0111\u00f4i cadivi 2&#215;32 l\u00e0 m\u1ed9t trong s\u1ed1 d\u00e2y \u0111i\u1ec7n c\u00f3 \u01b0u \u0111i\u1ec3m v\u1ec1 gi\u00e1 th\u00e0nh, kh\u1ea3 n\u0103ng truy\u1ec1n d\u1eabn t\u1ed1t. Kh\u00f4ng x\u1ea3y ra hi\u1ec7n t\u01b0\u1ee3ng ch\u1eadp ch\u1eddn, t\u1eafc ng\u1ebdn. Ch\u1ed1ng ch\u1ecbu \u0111\u01b0\u1ee3c tr\u01b0\u1edbc nh\u1eefng t\u00e1c \u0111\u1ed9ng c\u1ee7a m\u00f4i tr\u01b0\u1eddng v\u00e0 ngo\u1ea1i l\u1ef1c.<\/span><\/p>\n<p><span style=\"color: #000000;\">B\u00ean c\u1ea1nh \u0111\u00f3 v\u1ecf ngo\u00e0i ch\u1ed1ng ch\u00e1y lan v\u00e0 ch\u00e1y ch\u1eadm t\u1ed1t, m\u1ee9c gi\u00e1 ph\u00f9 h\u1ee3p t\u00fai ti\u1ec1n c\u1ee7a kh\u00e1ch h\u00e0ng, v\u00e0 kh\u1ea3 n\u0103ng ch\u1ecbu nhi\u1ec7t l\u00ean \u0111\u1ebfn 70 \u0111\u1ed9.<\/span><\/p>\n<h2><span style=\"color: #000000; font-size: 14pt;\"><strong><u><b>Quy c\u00e1ch \u0111\u00f3ng g\u00f3i :<\/b><\/u><\/strong><\/span><\/h2>\n<p><span style=\"color: #000000;\">M\u1ed7i s\u1ea3n ph\u1ea9m d\u00e2y \u0111i\u1ec7n \u0111\u00f4i cadivi 2&#215;32 \u0111\u01b0\u1ee3c \u0111\u00f3ng g\u00f3i 100m\/ cu\u1ed9n.<\/span><\/p>\n<p><span style=\"color: #000000;\">D\u00e2y \u0111i\u1ec7n \u0111\u00f4i cadivi thu\u1ed9c d\u00f2ng d\u00e2y \u0111i\u1ec7n \u0111\u00f4i h\u1ea1 th\u1ebf, \u0111\u1eb7c \u0111i\u1ec3m c\u1ea5u t\u1ea1o t\u01b0\u01a1ng t\u1ef1 nh\u01b0 nhi\u1ec1u d\u00f2ng s\u1ea3n ph\u1ea9m kh\u00e1c v\u1edbi hai ph\u1ea7n l\u00f5i v\u00e0 v\u1ecf.<\/span><\/p>\n<p><span style=\"color: #000000;\">Ph\u1ea7n l\u00f5i b\u00ean trong g\u1ed3m hai s\u1ee3i \u0111\u1ed3ng tinh ch\u1ea5t, m\u1ed7i s\u1ee3i \u0111\u01b0\u1ee3c t\u1ea1o n\u00ean t\u1eeb 32 s\u1ee3i \u0111\u1ed3ng nh\u1ecf, ti\u1ebft di\u1ec7n 0,2\/s\u1ee3i. C\u00e1c s\u1ee3i \u0111\u1ed3ng nh\u1ecf xo\u1eafn ch\u1eb7t v\u1edbi nhau \u0111\u1ec3 t\u0103ng \u0111\u1ed9 d\u1ebbo dai cho l\u00f5i \u0111i\u1ec7n.<\/span><\/p>\n<h3><span style=\"color: #000000; font-size: 14pt;\"><strong><u><b>D<span style=\"color: #ff6600;\"><a style=\"color: #ff6600;\" href=\"https:\/\/thietbidienlama.com\/day-dien-doi-cadivi-2x32\/\">\u00e2y \u0110i\u1ec7n Cadivi 2&#215;32<\/a><\/span> gi\u00e1 bao nhi\u00eau ?<\/b><\/u><\/strong><\/span><\/h3>\n<p><span style=\"color: #000000;\">Hi\u1ec7n t\u1ea1i gi\u00e1 d\u00e2y \u0111i\u1ec7n cadivi s\u1ebd c\u00f3 s\u1ef1 bi\u1ebfn \u0111\u1ed9ng theo th\u1ecb tr\u01b0\u1eddng, v\u00e0 s\u1ebd c\u00f3 s\u1ef1 ch\u00eanh l\u1ec7ch gi\u1eefa c\u00e1c \u0111\u1ea1i l\u00fd v\u1edbi nhau b\u1edfi m\u1ee9c chi\u1ebft kh\u1ea5u, v\u00e0 c\u0169ng s\u1ebd c\u00f3 tr\u01b0\u1eddng h\u1ee3p gi\u00e1 b\u00e1n cao h\u01a1n gi\u00e1 ni\u00eam y\u1ebft.<\/span><\/p>\n<p><span style=\"color: #000000;\">Hi\u1ec7n t\u1ea1i Lama l\u00e0 nh\u00e0 ph\u00e2n ph\u1ed1i c\u1ea5p 1 c\u1ee7a d\u00e2y \u0111i\u1ec7n cadivi v\u00e0 Lama lu\u00f4n c\u00f3 m\u1ee9c gi\u00e1 chi\u1ebft kh\u1ea5u cao l\u00ean \u0111\u1ebfn 39%. Lama g\u1eedi t\u1edbi b\u1ea1n m\u1ee9c gi\u00e1 d\u00e2y \u0111i\u1ec7n Cadivi 2&#215;32 : 823,900\/ cu\u1ed9n v\u1edbi chi\u1ec1u d\u00e0i 100m.<\/span><\/p>\n<h3><span style=\"color: #000000; font-size: 14pt;\"><strong><u><b>T\u1ea1i sao b\u1ea1n n\u00ean ch\u1ecdn mua d\u00e2y \u0111i\u1ec7n Cadivi 2&#215;32 t\u1ea1i LAMA :<\/b><\/u><\/strong><\/span><\/h3>\n<p><span style=\"color: #000000;\">N\u1ebfu b\u1ea1n l\u00e0 c\u00f4ng ty x\u00e2y d\u1ef1ng, nh\u00e0 th\u1ea7u \u0111i\u1ec7n, \u0111i\u1ec7n l\u1ea1nh c\u1ea7n mua s\u1ed1 l\u01b0\u1ee3ng d\u00e2y \u0111i\u1ec7n cadivi 2*32 ho\u1eb7c c\u00e1c lo\u1ea1i d\u00e2y \u0111i\u1ec7n cadivi h\u00e3y li\u00ean h\u1ec7 ngay v\u1edbi Lama, ch\u00fang t\u00f4i lu\u00f4n c\u1ed1 g\u1eafng mang l\u1ea1i cho kh\u00e1ch h\u00e0ng m\u1ee9c chi\u1ebft kh\u1ea5u t\u1ed1t nh\u1ea5t, h\u00e0ng ch\u00ednh h\u00e3ng c\u0169ng nh\u01b0 d\u1ecbch v\u1ee5 t\u1ed1t nh\u1ea5t \u0111\u1ec3 c\u00f3 \u0111\u01b0\u1ee3c ni\u1ec1m tin c\u1ee7a kh\u00e1ch h\u00e0ng.<\/span><\/p>\n<p><img fetchpriority=\"high\" decoding=\"async\" class=\"alignnone size-medium wp-image-13152 aligncenter\" src=\"http:\/\/thietbidienlama.com\/wp-content\/uploads\/2024\/08\/Day-Dien-Cadivi-2x32-1-300x300.jpg\" alt=\"\" width=\"300\" height=\"300\" srcset=\"https:\/\/www.thietbidienlama.com\/wp-content\/uploads\/2024\/08\/Day-Dien-Cadivi-2x32-1-300x300.jpg 300w, https:\/\/www.thietbidienlama.com\/wp-content\/uploads\/2024\/08\/Day-Dien-Cadivi-2x32-1-150x150.jpg 150w, https:\/\/www.thietbidienlama.com\/wp-content\/uploads\/2024\/08\/Day-Dien-Cadivi-2x32-1-12x12.jpg 12w, https:\/\/www.thietbidienlama.com\/wp-content\/uploads\/2024\/08\/Day-Dien-Cadivi-2x32-1.jpg 500w\" sizes=\"(max-width: 300px) 100vw, 300px\" \/><\/p>\n<p><span style=\"font-size: 12pt; color: #000000;\"><strong>LI\u00caN H\u1ec6 : Hotline: 0935 228 204 ( Ms Lam )<\/strong><\/span><\/p>\n<p><span style=\"font-size: 12pt; color: #000000;\"><strong>Facebook:\u00a0<span style=\"color: #ff6600;\"><a style=\"color: #ff6600;\" href=\"https:\/\/www.facebook.com\/thietbidienlama\" target=\"_blank\" rel=\"noopener\">THI\u1ebeT\u00a0B\u1eca \u0110I\u1ec6N LAMA<\/a><\/span><\/strong><\/span><\/p>\n<p><span style=\"font-size: 12pt; color: #000000;\"><strong>Tiktok:\u00a0<span style=\"color: #ff6600;\"><a style=\"color: #ff6600;\" href=\"https:\/\/www.tiktok.com\/@thietbidienlama\" target=\"_blank\" rel=\"noopener\">THI\u1ebeT\u00a0B\u1eca \u0110I\u1ec6N LAMA<\/a><\/span><\/strong><\/span><\/p>","protected":false},"excerpt":{"rendered":"<p>D\u00e2y \u0111i\u1ec7n cadivi 2&#215;32 D\u00e2y \u0111i\u1ec7n \u0111\u00f4i cadivi 2&#215;32 l\u00e0 m\u1ed9t trong s\u1ed1 d\u00e2y \u0111i\u1ec7n c\u00f3 \u01b0u \u0111i\u1ec3m v\u1ec1 gi\u00e1<\/p>","protected":false},"featured_media":13152,"comment_status":"closed","ping_status":"closed","template":"","meta":[],"product_brand":[],"product_cat":[564,565],"product_tag":[629,630],"class_list":{"0":"post-11043","1":"product","2":"type-product","3":"status-publish","4":"has-post-thumbnail","6":"product_cat-day-va-cap-dien","7":"product_cat-day-dien-cadivi","8":"product_tag-day-dien-doi-cadivi-2x32","9":"product_tag-gia-day-dien-cadivi-2x32","11":"first","12":"instock","13":"sale","14":"shipping-taxable","15":"purchasable","16":"product-type-simple"},"_links":{"self":[{"href":"https:\/\/www.thietbidienlama.com\/en\/wp-json\/wp\/v2\/product\/11043","targetHints":{"allow":["GET"]}}],"collection":[{"href":"https:\/\/www.thietbidienlama.com\/en\/wp-json\/wp\/v2\/product"}],"about":[{"href":"https:\/\/www.thietbidienlama.com\/en\/wp-json\/wp\/v2\/types\/product"}],"replies":[{"embeddable":true,"href":"https:\/\/www.thietbidienlama.com\/en\/wp-json\/wp\/v2\/comments?post=11043"}],"version-history":[{"count":7,"href":"https:\/\/www.thietbidienlama.com\/en\/wp-json\/wp\/v2\/product\/11043\/revisions"}],"predecessor-version":[{"id":13156,"href":"https:\/\/www.thietbidienlama.com\/en\/wp-json\/wp\/v2\/product\/11043\/revisions\/13156"}],"wp:featuredmedia":[{"embeddable":true,"href":"https:\/\/www.thietbidienlama.com\/en\/wp-json\/wp\/v2\/media\/13152"}],"wp:attachment":[{"href":"https:\/\/www.thietbidienlama.com\/en\/wp-json\/wp\/v2\/media?parent=11043"}],"wp:term":[{"taxonomy":"product_brand","embeddable":true,"href":"https:\/\/www.thietbidienlama.com\/en\/wp-json\/wp\/v2\/product_brand?post=11043"},{"taxonomy":"product_cat","embeddable":true,"href":"https:\/\/www.thietbidienlama.com\/en\/wp-json\/wp\/v2\/product_cat?post=11043"},{"taxonomy":"product_tag","embeddable":true,"href":"https:\/\/www.thietbidienlama.com\/en\/wp-json\/wp\/v2\/product_tag?post=11043"}],"curies":[{"name":"wp","href":"https:\/\/api.w.org\/{rel}","templated":true}]}}