{"id":11040,"date":"2024-08-05T15:34:44","date_gmt":"2024-08-05T08:34:44","guid":{"rendered":"https:\/\/thietbidienlama.com\/?post_type=product&#038;p=11040"},"modified":"2026-01-12T14:15:46","modified_gmt":"2026-01-12T07:15:46","slug":"day-dien-doi-cadivi-2x24","status":"publish","type":"product","link":"https:\/\/www.thietbidienlama.com\/en\/day-dien-doi-cadivi-2x24\/","title":{"rendered":"D\u00e2y \u0110i\u1ec7n Cadivi 2&#215;24"},"content":{"rendered":"<h2><span style=\"color: #ff6600;\"><a style=\"color: #ff6600;\" href=\"https:\/\/thietbidienlama.com\/day-dien-doi-cadivi-2x24\/\"><span style=\"font-size: 14pt;\"><strong><u><b>D\u00e2y \u0111i\u1ec7n cadivi 2&#215;24 <\/b><\/u><\/strong><\/span><\/a><\/span><\/h2>\n<p><span style=\"font-size: 12pt; color: #000000;\">D\u00e2y \u0111i\u1ec7n \u0111\u00f4i cadivi 2&#215;24 l\u00e0 m\u1ed9t trong s\u1ed1 d\u00e2y \u0111i\u1ec7n c\u00f3 \u01b0u \u0111i\u1ec3m v\u1ec1 gi\u00e1 th\u00e0nh, kh\u1ea3 n\u0103ng truy\u1ec1n d\u1eabn t\u1ed1t. Kh\u00f4ng x\u1ea3y ra hi\u1ec7n t\u01b0\u1ee3ng ch\u1eadp ch\u1eddn, t\u1eafc ng\u1ebdn. Ch\u1ed1ng ch\u1ecbu \u0111\u01b0\u1ee3c tr\u01b0\u1edbc nh\u1eefng t\u00e1c \u0111\u1ed9ng c\u1ee7a m\u00f4i tr\u01b0\u1eddng v\u00e0 ngo\u1ea1i l\u1ef1c.<\/span><\/p>\n<p><span style=\"font-size: 12pt; color: #000000;\">B\u00ean c\u1ea1nh \u0111\u00f3 v\u1ecf ngo\u00e0i ch\u1ed1ng ch\u00e1y lan v\u00e0 ch\u00e1y ch\u1eadm t\u1ed1t, m\u1ee9c gi\u00e1 ph\u00f9 h\u1ee3p t\u00fai ti\u1ec1n c\u1ee7a kh\u00e1ch h\u00e0ng, v\u00e0 kh\u1ea3 n\u0103ng ch\u1ecbu nhi\u1ec7t l\u00ean \u0111\u1ebfn 70 \u0111\u1ed9.<\/span><\/p>\n<p><span style=\"font-size: 12pt; color: #000000;\"><strong><u><b>Quy c\u00e1ch \u0111\u00f3ng g\u00f3i :<\/b><\/u><\/strong><\/span><\/p>\n<p><span style=\"font-size: 12pt; color: #000000;\">M\u1ed7i s\u1ea3n ph\u1ea9m d\u00e2y \u0111i\u1ec7n cadivi 2&#215;24 \u0111\u01b0\u1ee3c \u0111\u00f3ng g\u00f3i 100m\/ cu\u1ed9n.<\/span><\/p>\n<p><span style=\"font-size: 12pt; color: #000000;\">D\u00e2y \u0111i\u1ec7n \u0111\u00f4i cadivi thu\u1ed9c d\u00f2ng d\u00e2y \u0111i\u1ec7n \u0111\u00f4i h\u1ea1 th\u1ebf, \u0111\u1eb7c \u0111i\u1ec3m c\u1ea5u t\u1ea1o t\u01b0\u01a1ng t\u1ef1 nh\u01b0 nhi\u1ec1u d\u00f2ng s\u1ea3n ph\u1ea9m kh\u00e1c v\u1edbi hai ph\u1ea7n l\u00f5i v\u00e0 v\u1ecf.<\/span><\/p>\n<p><span style=\"font-size: 12pt; color: #000000;\">Ph\u1ea7n v\u1ecf b\u00ean ngo\u00e0i \u0111\u01b0\u1ee3c l\u00e0m t\u1eeb nh\u1ef1a Pvc nh\u01b0 m\u1ed9t l\u1edbp b\u1ea3o v\u1ec7 c\u00f3 kh\u1ea3 n\u0103ng \u0111\u00e0n h\u1ed3i, d\u1ebbo dai, ch\u1eafc b\u1ec1n.<\/span><\/p>\n<p><span style=\"font-size: 12pt; color: #000000;\">Ph\u1ea7n l\u00f5i b\u00ean trong g\u1ed3m hai s\u1ee3i \u0111\u1ed3ng tinh ch\u1ea5t, m\u1ed7i s\u1ee3i \u0111\u01b0\u1ee3c t\u1ea1o n\u00ean t\u1eeb 24 s\u1ee3i \u0111\u1ed3ng nh\u1ecf, ti\u1ebft di\u1ec7n 0,2\/s\u1ee3i. C\u00e1c s\u1ee3i \u0111\u1ed3ng nh\u1ecf xo\u1eafn ch\u1eb7t v\u1edbi nhau \u0111\u1ec3 t\u0103ng \u0111\u1ed9 d\u1ebbo dai cho l\u00f5i \u0111i\u1ec7n.<\/span><\/p>\n<p><span style=\"color: #000000;\"><img fetchpriority=\"high\" decoding=\"async\" class=\"aligncenter wp-image-13158 size-medium\" src=\"http:\/\/thietbidienlama.com\/wp-content\/uploads\/2024\/08\/Day-Dien-Cadivi-2x24-1-300x300.jpg\" alt=\"D\u00e2y \u0110i\u1ec7n Cadivi 2x24\" width=\"300\" height=\"300\" srcset=\"https:\/\/www.thietbidienlama.com\/wp-content\/uploads\/2024\/08\/Day-Dien-Cadivi-2x24-1-300x300.jpg 300w, https:\/\/www.thietbidienlama.com\/wp-content\/uploads\/2024\/08\/Day-Dien-Cadivi-2x24-1-150x150.jpg 150w, https:\/\/www.thietbidienlama.com\/wp-content\/uploads\/2024\/08\/Day-Dien-Cadivi-2x24-1-12x12.jpg 12w, https:\/\/www.thietbidienlama.com\/wp-content\/uploads\/2024\/08\/Day-Dien-Cadivi-2x24-1.jpg 500w\" sizes=\"(max-width: 300px) 100vw, 300px\" \/><\/span><\/p>\n<p><span style=\"color: #000000;\"><strong><b>Mua <span style=\"color: #ff6600;\"><a style=\"color: #ff6600;\" href=\"https:\/\/thietbidienlama.com\/day-dien-doi-cadivi-2x24\/\">d\u00e2y \u0111i\u1ec7n cadivi 2&#215;24<\/a><\/span> \u1edf \u0111\u00e2u ?<\/b><\/strong><\/span><\/p>\n<p><span style=\"color: #000000;\">Kh\u00f4ng kh\u00f3 \u0111\u1ec3 b\u1ea1n c\u00f3 th\u1ec3 l\u1ef1a ch\u1ecdn \u0111\u01b0\u1ee3c \u0111\u01a1n v\u1ecb ph\u00e2n ph\u1ed1i d\u00e2y \u0111i\u1ec7n cadivi <strong><b>2*24<\/b><\/strong> , tuy nhi\u00ean h\u00e3y l\u1ef1a ch\u1ecdn m\u1ed9t n\u01a1i th\u1ef1c s\u1ef1 c\u00f3 uy t\u00edn \u0111\u1ec3 tr\u00e1nh mua nh\u1eb1m h\u00e0ng gi\u1ea3, h\u00e0ng k\u00e9m ch\u1ea5t l\u01b0\u1ee3ng.<\/span><\/p>\n<p><span style=\"color: #000000;\">V\u1edbi m\u1ed9t s\u1ea3n ph\u1ea9m h\u00e0ng gi\u1ea3, k\u00e9m ch\u1ea5t l\u01b0\u1ee3ng s\u1ebd c\u00f3 nguy c\u01a1 b\u1ecb ch\u00e1y n\u1ed5, ch\u1eadt \u0111i\u1ec7n r\u1ea5t l\u1edbn, kh\u00f4ng \u0111\u1ea3m b\u1ea3o \u0111\u01b0\u1ee3c kh\u1ea3 n\u0103ng truy\u1ec1n t\u1ea3i \u0111i\u1ec7n n\u0103ng \u0111\u1ebfn c\u00e1c thi\u1ebft b\u1ecb ti\u00eau th\u1ee5 \u0111i\u1ec7n to\u00e0n h\u1ec7 th\u1ed1ng c\u00e1c t\u00f2a nh\u00e0.<\/span><\/p>\n<p><span style=\"color: #000000;\"><strong><b>Nh\u00e0 Ph\u00e2n Ph\u1ed1i d\u00e2y \u0111i\u1ec7n cadivi 2*24 gi\u00e1 t\u1ed1t nh\u1ea5t t\u1ea1i tphcm ?<\/b><\/strong><\/span><\/p>\n<p><span style=\"color: #000000;\">Lama hi\u1ec7n t\u1ea1i l\u00e0 nh\u00e0 ph\u00e2n ph\u1ed1i ch\u00ednh th\u1ee9c c\u1ee7a d\u00e2y \u0111i\u1ec7n cadivi <strong><b>2*24<\/b><\/strong>, m\u1ee9c chi\u1ebft kh\u1ea5u cao l\u00ean \u0111\u1ebfn 39% \u2013 V\u1edbi kinh nghi\u1ec7m h\u01a1n 10 n\u0103m trong ngh\u1ec1 hi\u1ec7n t\u1ea1i \u0111ang nh\u1eadp tr\u1ef1c ti\u1ebfp s\u1ea3n ph\u1ea9m cadivi t\u1eeb nh\u00e0 m\u00e1y v\u00e0 x\u00ed nghi\u1ec7p s\u1ea3n xu\u1ea5t nh\u01b0 x\u00ed nghi\u1ec7p T\u00e2n \u00c1, X\u00ed nghi\u1ec7p Mi\u1ec1n \u0110\u00f4ng, cadivi \u0110\u1ed3ng Nai\u2026<\/span><\/p>\n<p><span style=\"color: #000000;\">Lama hi\u1ec7n t\u1ea1i c\u00f3 c\u1eeda h\u00e0ng t\u1ea1i 78 \u0110\u1ed7 Xu\u00e2n H\u1ee3p, Ph\u01b0\u1eddng Ph\u01b0\u1edbc Long B, Tp Th\u1ee7 \u0110\u1ee9c, Tphcm. Cho n\u00ean vi\u1ec7c di chuy\u1ec3n trong th\u00e0nh ph\u1ed1 c\u1ef1c k\u1ef3 ti\u1ec7n l\u1ee3i, V\u00ec th\u1ebf ch\u1ec9 c\u1ea7n kh\u00e1ch h\u00e0ng y\u00eau c\u1ea7u \u0111\u01a1n l\u1eadp t\u1ee9c LAMA s\u1ebd v\u1eadn chuy\u1ec3n \u0111\u01a1n h\u00e0ng \u0111\u1ebfn t\u1eadn n\u01a1i kh\u00e1ch h\u00e0ng y\u00eau c\u1ea7u.<\/span><\/p>\n<p><span style=\"color: #000000;\">N\u1ebfu b\u1ea1n l\u00e0 C\u00f4ng Ty X\u00e2y D\u1ef1ng, nh\u00e0 th\u1ea7u \u0111i\u1ec7n , \u0111i\u1ec7n l\u1ea1nh c\u1ea7n s\u1ed1 l\u01b0\u1ee3ng h\u00e0ng h\u00f3a l\u1edbn h\u00e3y li\u00ean h\u1ec7 ngay v\u1edbi LAMA \u0111\u1ec3 c\u00f3 m\u1ee9c chi\u1ebft kh\u1ea5u t\u1ed1t nh\u1ea5t nh\u00e9<\/span><\/p>\n<p><span style=\"font-size: 12pt; color: #000000;\"><strong>LI\u00caN H\u1ec6 : Hotline: 0935 228 204 ( Ms Lam )<\/strong><\/span><\/p>\n<p><span style=\"font-size: 12pt; color: #000000;\"><strong>Facebook:\u00a0<span style=\"color: #ff6600;\"><a style=\"color: #ff6600;\" href=\"https:\/\/www.facebook.com\/thietbidienlama\" target=\"_blank\" rel=\"noopener\">THI\u1ebeT\u00a0B\u1eca \u0110I\u1ec6N LAMA<\/a><\/span><\/strong><\/span><\/p>\n<p><span style=\"font-size: 12pt; color: #000000;\"><strong>Tiktok:\u00a0<span style=\"color: #ff6600;\"><a style=\"color: #ff6600;\" href=\"https:\/\/www.tiktok.com\/@thietbidienlama\" target=\"_blank\" rel=\"noopener\">THI\u1ebeT\u00a0B\u1eca \u0110I\u1ec6N LAMA<\/a><\/span><\/strong><\/span><\/p>","protected":false},"excerpt":{"rendered":"<p>D\u00e2y \u0111i\u1ec7n cadivi 2&#215;24 D\u00e2y \u0111i\u1ec7n \u0111\u00f4i cadivi 2&#215;24 l\u00e0 m\u1ed9t trong s\u1ed1 d\u00e2y \u0111i\u1ec7n c\u00f3 \u01b0u \u0111i\u1ec3m v\u1ec1 gi\u00e1<\/p>","protected":false},"featured_media":13158,"comment_status":"closed","ping_status":"closed","template":"","meta":[],"product_brand":[],"product_cat":[565,564],"product_tag":[628,627],"class_list":{"0":"post-11040","1":"product","2":"type-product","3":"status-publish","4":"has-post-thumbnail","6":"product_cat-day-dien-cadivi","7":"product_cat-day-va-cap-dien","8":"product_tag-day-dien-doi-cadivi-2x24","9":"product_tag-gia-day-dien-doi-cadivi-2x24","11":"first","12":"instock","13":"sale","14":"shipping-taxable","15":"purchasable","16":"product-type-simple"},"_links":{"self":[{"href":"https:\/\/www.thietbidienlama.com\/en\/wp-json\/wp\/v2\/product\/11040","targetHints":{"allow":["GET"]}}],"collection":[{"href":"https:\/\/www.thietbidienlama.com\/en\/wp-json\/wp\/v2\/product"}],"about":[{"href":"https:\/\/www.thietbidienlama.com\/en\/wp-json\/wp\/v2\/types\/product"}],"replies":[{"embeddable":true,"href":"https:\/\/www.thietbidienlama.com\/en\/wp-json\/wp\/v2\/comments?post=11040"}],"version-history":[{"count":4,"href":"https:\/\/www.thietbidienlama.com\/en\/wp-json\/wp\/v2\/product\/11040\/revisions"}],"predecessor-version":[{"id":13159,"href":"https:\/\/www.thietbidienlama.com\/en\/wp-json\/wp\/v2\/product\/11040\/revisions\/13159"}],"wp:featuredmedia":[{"embeddable":true,"href":"https:\/\/www.thietbidienlama.com\/en\/wp-json\/wp\/v2\/media\/13158"}],"wp:attachment":[{"href":"https:\/\/www.thietbidienlama.com\/en\/wp-json\/wp\/v2\/media?parent=11040"}],"wp:term":[{"taxonomy":"product_brand","embeddable":true,"href":"https:\/\/www.thietbidienlama.com\/en\/wp-json\/wp\/v2\/product_brand?post=11040"},{"taxonomy":"product_cat","embeddable":true,"href":"https:\/\/www.thietbidienlama.com\/en\/wp-json\/wp\/v2\/product_cat?post=11040"},{"taxonomy":"product_tag","embeddable":true,"href":"https:\/\/www.thietbidienlama.com\/en\/wp-json\/wp\/v2\/product_tag?post=11040"}],"curies":[{"name":"wp","href":"https:\/\/api.w.org\/{rel}","templated":true}]}}